{"id":202,"date":"2018-11-03T21:07:25","date_gmt":"2018-11-03T21:07:25","guid":{"rendered":"https:\/\/d46e648428.nxcli.io\/?page_id=202"},"modified":"2024-12-11T15:24:35","modified_gmt":"2024-12-11T21:24:35","slug":"history","status":"publish","type":"page","link":"https:\/\/highjumpchicago.org\/pl\/about\/history\/","title":{"rendered":"Historia"},"content":{"rendered":"<nav  aria-label=\"bu\u0142ka tarta\"><ol itemscope itemtype=\"https:\/\/schema.org\/BreadcrumbList\"><li itemprop=\"itemListElement\" itemscope itemtype=\"https:\/\/schema.org\/ListItem\"><a itemscope itemtype=\"https:\/\/schema.org\/WebPage\" itemprop=\"item\" itemid=\"https:\/\/highjumpchicago.org\" href=\"https:\/\/highjumpchicago.org\/pl\/\">Dom<\/a><meta itemprop=\"position\" content=\"1\"\/><\/li><li itemprop=\"itemListElement\" itemscope itemtype=\"https:\/\/schema.org\/ListItem\"><a itemscope itemtype=\"https:\/\/schema.org\/WebPage\" itemprop=\"item\" itemid=\"https:\/\/highjumpchicago.org\/about\/\" href=\"https:\/\/highjumpchicago.org\/pl\/about\/\">O nas<\/a><meta itemprop=\"position\" content=\"2\"\/><\/li><li aria-current=\"page\" itemprop=\"itemListElement\" itemscope itemtype=\"https:\/\/schema.org\/ListItem\">Historia<meta itemprop=\"position\" content=\"3\"\/><\/li><\/ol><\/nav>\n\t<p><strong>od 1989 r.<\/strong> High Jump kontynuuje swoj\u0105 misj\u0119, aby zlikwidowa\u0107 luk\u0119 w mo\u017cliwo\u015bciach edukacyjnych w Chicago i zapewni\u0107 d\u0142ugoterminowe sukcesy akademickie ambitnym gimnazjalistom.<\/p>\n<p>Sp\u00f3jrz na poni\u017csz\u0105 o\u015b czasu, aby zobaczy\u0107, jak to zrobi\u0107 <strong>High Jump od ponad 30 lat inspiruje kolejne pokolenie lider\u00f3w.<\/strong><\/p>\n<!-- If both -->\n\t<ul>\n\t\t\t\t<li>\n\t\t\t\t\t\t<!--date-->\n\t\t\t\t<!--Timeline-customcontent-->\n\t\t\t\t\t<p><img loading=\"lazy\" decoding=\"async\" src=\"https:\/\/highjumpchicago.org\/wp-content\/uploads\/2022\/08\/latin-logo-300x111.jpg\" alt=\"\" width=\"300\" height=\"111\" \/><\/p>\n\t\t\t\t<!--\/.Timeline-customcontent-->\n\t\t\t<!--\/.date-->\n\t\t\t<!--icon-->\n\t\t\t<!--\/.icon-->\n\t\t\t<!--Timline-Content-->\n\t\t\t\t\t<!--Timline-Title-->\n\t\t\t\t\t<h3>\n\t\t\t\t\t\t1989\t\t\t\t\t<\/h3>\n\t\t\t\t\t<!--\/.Timline-Title-->\n\t\t\t\t\t<!--Timline-description-->\n\t\t\t\t\t<p>Skok wzwy\u017c powsta\u0142 w Latin School of Chicago we wsp\u00f3\u0142pracy ze Szko\u0142\u0105 im. Francisa W. Parkera i przy wsparciu finansowym Fundacji Lloyda A. Fry&#039;ego. Do pierwszej grupy zapisanych zosta\u0142o 16 uczni\u00f3w.<\/p>\n\t\t\t\t\t<!--\/.Timline-description-->\n\t\t\t<!--\/.Timline-Content-->\n\t\t<\/li>\n\t\t\t\t<li>\n\t\t\t\t\t\t<!--date-->\n\t\t\t\t<!--Timeline-customcontent-->\n\t\t\t\t\t<p><img loading=\"lazy\" decoding=\"async\" src=\"https:\/\/highjumpchicago.org\/wp-content\/uploads\/2022\/08\/Highjump2010-788-300x200.jpg\" alt=\"\" width=\"300\" height=\"200\" \/><\/p>\n\t\t\t\t<!--\/.Timeline-customcontent-->\n\t\t\t<!--\/.date-->\n\t\t\t<!--icon-->\n\t\t\t<!--\/.icon-->\n\t\t\t<!--Timline-Content-->\n\t\t\t\t\t<!--Timline-Title-->\n\t\t\t\t\t<h3>\n\t\t\t\t\t\t1994\t\t\t\t\t<\/h3>\n\t\t\t\t\t<!--\/.Timline-Title-->\n\t\t\t\t\t<!--Timline-description-->\n\t\t\t\t\t<p>Wielko\u015b\u0107 kohorty High Jump wzrasta do 40 uczni\u00f3w.<\/p>\n\t\t\t\t\t<!--\/.Timline-description-->\n\t\t\t<!--\/.Timline-Content-->\n\t\t<\/li>\n\t\t\t\t<li>\n\t\t\t\t\t\t<!--date-->\n\t\t\t\t<!--Timeline-customcontent-->\n\t\t\t\t\t<p><img loading=\"lazy\" decoding=\"async\" src=\"https:\/\/highjumpchicago.org\/wp-content\/uploads\/2022\/08\/9-300x238.jpg\" alt=\"\" width=\"300\" height=\"238\" \/><\/p>\n\t\t\t\t<!--\/.Timeline-customcontent-->\n\t\t\t<!--\/.date-->\n\t\t\t<!--icon-->\n\t\t\t<!--\/.icon-->\n\t\t\t<!--Timline-Content-->\n\t\t\t\t\t<!--Timline-Title-->\n\t\t\t\t\t<h3>\n\t\t\t\t\t\t2000\t\t\t\t\t<\/h3>\n\t\t\t\t\t<!--\/.Timline-Title-->\n\t\t\t\t\t<!--Timline-description-->\n\t\t\t\t\t<p>Program nauczania skoku wzwy\u017c jest wzbogacony o dodatkowe kursy. Absolwenci skoku wzwy\u017c ucz\u0119szczaj\u0105 do ponad 40 r\u00f3\u017cnych publicznych, parafialnych, niezale\u017cnych szk\u00f3\u0142 dziennych i z internatem.<\/p>\n\t\t\t\t\t<!--\/.Timline-description-->\n\t\t\t<!--\/.Timline-Content-->\n\t\t<\/li>\n\t\t\t\t<li>\n\t\t\t\t\t\t<!--date-->\n\t\t\t\t<!--Timeline-customcontent-->\n\t\t\t\t\t<p><img loading=\"lazy\" decoding=\"async\" src=\"https:\/\/highjumpchicago.org\/wp-content\/uploads\/2022\/08\/Kennys-Kids-300x75.png\" alt=\"\" width=\"300\" height=\"75\" \/><\/p>\n\t\t\t\t<!--\/.Timeline-customcontent-->\n\t\t\t<!--\/.date-->\n\t\t\t<!--icon-->\n\t\t\t<!--\/.icon-->\n\t\t\t<!--Timline-Content-->\n\t\t\t\t\t<!--Timline-Title-->\n\t\t\t\t\t<h3>\n\t\t\t\t\t\t2002\t\t\t\t\t<\/h3>\n\t\t\t\t\t<!--\/.Timline-Title-->\n\t\t\t\t\t<!--Timline-description-->\n\t\t\t\t\t<p>High Jump otrzymuje grant w wysoko\u015bci $75 000 od Kenny&#039;s Kids, aby zwi\u0119kszy\u0107 wielko\u015b\u0107 kohorty do 65 uczni\u00f3w.<\/p>\n\t\t\t\t\t<!--\/.Timline-description-->\n\t\t\t<!--\/.Timline-Content-->\n\t\t<\/li>\n\t\t\t\t<li>\n\t\t\t\t\t\t<!--date-->\n\t\t\t\t<!--Timeline-customcontent-->\n\t\t\t\t\t<p><img loading=\"lazy\" decoding=\"async\" src=\"https:\/\/highjumpchicago.org\/wp-content\/uploads\/2020\/10\/Michelle-Obama-300x200.jpg\" alt=\"\" width=\"300\" height=\"200\" \/><\/p>\n\t\t\t\t<!--\/.Timeline-customcontent-->\n\t\t\t<!--\/.date-->\n\t\t\t<!--icon-->\n\t\t\t<!--\/.icon-->\n\t\t\t<!--Timline-Content-->\n\t\t\t\t\t<!--Timline-Title-->\n\t\t\t\t\t<h3>\n\t\t\t\t\t\t2006\t\t\t\t\t<\/h3>\n\t\t\t\t\t<!--\/.Timline-Title-->\n\t\t\t\t\t<!--Timline-description-->\n\t\t\t\t\t<p>Michelle Obama pe\u0142ni funkcj\u0119 honorowej przewodnicz\u0105cej lunchu \u201eMy\u015bl przyw\u00f3dztwa w skoku wzwy\u017c\u201d.<\/p>\n\t\t\t\t\t<!--\/.Timline-description-->\n\t\t\t<!--\/.Timline-Content-->\n\t\t<\/li>\n\t\t\t\t<li>\n\t\t\t\t\t\t<!--date-->\n\t\t\t\t<!--Timeline-customcontent-->\n\t\t\t\t\t<p><img loading=\"lazy\" decoding=\"async\" src=\"https:\/\/highjumpchicago.org\/wp-content\/uploads\/2022\/08\/logo-national-partnership-for-educational-access-600x300-1.png\" alt=\"\" width=\"600\" height=\"300\" \/><\/p>\n\t\t\t\t<!--\/.Timeline-customcontent-->\n\t\t\t<!--\/.date-->\n\t\t\t<!--icon-->\n\t\t\t<!--\/.icon-->\n\t\t\t<!--Timline-Content-->\n\t\t\t\t\t<!--Timline-Title-->\n\t\t\t\t\t<h3>\n\t\t\t\t\t\t2008\t\t\t\t\t<\/h3>\n\t\t\t\t\t<!--\/.Timline-Title-->\n\t\t\t\t\t<!--Timline-description-->\n\t\t\t\t\t<p>High Jump zostaje cz\u0142onkiem-za\u0142o\u017cycielem\u00a0<u><a href=\"https:\/\/educational-access.org\/\" target=\"_blank\" rel=\"noopener\">Krajowe partnerstwo na rzecz dost\u0119pu do edukacji (NPEA)<\/a><\/u><\/p>\n\t\t\t\t\t<!--\/.Timline-description-->\n\t\t\t<!--\/.Timline-Content-->\n\t\t<\/li>\n\t\t\t\t<li>\n\t\t\t\t\t\t<!--date-->\n\t\t\t\t<!--Timeline-customcontent-->\n\t\t\t\t\t<p><img loading=\"lazy\" decoding=\"async\" src=\"https:\/\/highjumpchicago.org\/wp-content\/uploads\/2022\/08\/Parker-Logo-1.png\" alt=\"\" width=\"790\" height=\"283\" \/><\/p>\n\t\t\t\t<!--\/.Timeline-customcontent-->\n\t\t\t<!--\/.date-->\n\t\t\t<!--icon-->\n\t\t\t<!--\/.icon-->\n\t\t\t<!--Timline-Content-->\n\t\t\t\t\t<!--Timline-Title-->\n\t\t\t\t\t<h3>\n\t\t\t\t\t\t2012\t\t\t\t\t<\/h3>\n\t\t\t\t\t<!--\/.Timline-Title-->\n\t\t\t\t\t<!--Timline-description-->\n\t\t\t\t\t<p>Otwarcie drugiego kampusu High Jump: The Francis W. Parker School<\/p>\n\t\t\t\t\t<!--\/.Timline-description-->\n\t\t\t<!--\/.Timline-Content-->\n\t\t<\/li>\n\t\t\t\t<li>\n\t\t\t\t\t\t<!--date-->\n\t\t\t\t<!--Timeline-customcontent-->\n\t\t\t\t\t<p><img loading=\"lazy\" decoding=\"async\" src=\"https:\/\/highjumpchicago.org\/wp-content\/uploads\/2018\/12\/IMG_3244-300x200.jpg\" alt=\"\" width=\"300\" height=\"200\" \/><\/p>\n\t\t\t\t<!--\/.Timeline-customcontent-->\n\t\t\t<!--\/.date-->\n\t\t\t<!--icon-->\n\t\t\t<!--\/.icon-->\n\t\t\t<!--Timline-Content-->\n\t\t\t\t\t<!--Timline-Title-->\n\t\t\t\t\t<h3>\n\t\t\t\t\t\t2013\t\t\t\t\t<\/h3>\n\t\t\t\t\t<!--\/.Timline-Title-->\n\t\t\t\t\t<!--Timline-description-->\n\t\t\t\t\t<p>High Jump zwi\u0119ksza sw\u00f3j zasi\u0119g, aby s\u0142u\u017cy\u0107 280 uczniom rocznie.<\/p>\n\t\t\t\t\t<!--\/.Timline-description-->\n\t\t\t<!--\/.Timline-Content-->\n\t\t<\/li>\n\t\t\t\t<li>\n\t\t\t\t\t\t<!--date-->\n\t\t\t\t<!--Timeline-customcontent-->\n\t\t\t\t\t<p><img loading=\"lazy\" decoding=\"async\" src=\"https:\/\/highjumpchicago.org\/wp-content\/uploads\/2018\/12\/Lab-School_Maroon-1.png\" alt=\"\" width=\"640\" height=\"116\" \/><\/p>\n\t\t\t\t<!--\/.Timeline-customcontent-->\n\t\t\t<!--\/.date-->\n\t\t\t<!--icon-->\n\t\t\t<!--\/.icon-->\n\t\t\t<!--Timline-Content-->\n\t\t\t\t\t<!--Timline-Title-->\n\t\t\t\t\t<h3>\n\t\t\t\t\t\t2014\t\t\t\t\t<\/h3>\n\t\t\t\t\t<!--\/.Timline-Title-->\n\t\t\t\t\t<!--Timline-description-->\n\t\t\t\t\t<p>Otwarcie trzeciego kampusu High Jump: University of Chicago Laboratory Schools.<\/p>\n\t\t\t\t\t<!--\/.Timline-description-->\n\t\t\t<!--\/.Timline-Content-->\n\t\t<\/li>\n\t\t\t\t<li>\n\t\t\t\t\t\t<!--date-->\n\t\t\t\t<!--Timeline-customcontent-->\n\t\t\t\t\t<p><img loading=\"lazy\" decoding=\"async\" src=\"https:\/\/highjumpchicago.org\/wp-content\/uploads\/2022\/09\/alumni-retreat-2-scaled-e1663199570395-300x215.jpg\" alt=\"\" width=\"300\" height=\"215\" \/><\/p>\n\t\t\t\t<!--\/.Timeline-customcontent-->\n\t\t\t<!--\/.date-->\n\t\t\t<!--icon-->\n\t\t\t<!--\/.icon-->\n\t\t\t<!--Timline-Content-->\n\t\t\t\t\t<!--Timline-Title-->\n\t\t\t\t\t<h3>\n\t\t\t\t\t\t2015\t\t\t\t\t<\/h3>\n\t\t\t\t\t<!--\/.Timline-Title-->\n\t\t\t\t\t<!--Timline-description-->\n\t\t\t\t\t<p>Skok wzwy\u017c uruchamia sw\u00f3j <u><a href=\"https:\/\/highjumpchicago.org\/pl\/program-overview\/alumni\/\">Absolwenci Uczeni<\/a><\/u> program wspieraj\u0105cy uczni\u00f3w szk\u00f3\u0142 ponadgimnazjalnych.<\/p>\n\t\t\t\t\t<!--\/.Timline-description-->\n\t\t\t<!--\/.Timline-Content-->\n\t\t<\/li>\n\t\t\t\t<li>\n\t\t\t\t\t\t<!--date-->\n\t\t\t\t<!--Timeline-customcontent-->\n\t\t\t\t\t<p><img loading=\"lazy\" decoding=\"async\" src=\"https:\/\/highjumpchicago.org\/wp-content\/uploads\/2020\/08\/051520_tw-update-group-0171104_HighJumpPromotional_115-300x150.jpg\" alt=\"\" width=\"300\" height=\"150\" \/><\/p>\n\t\t\t\t<!--\/.Timeline-customcontent-->\n\t\t\t<!--\/.date-->\n\t\t\t<!--icon-->\n\t\t\t<!--\/.icon-->\n\t\t\t<!--Timline-Content-->\n\t\t\t\t\t<!--Timline-Title-->\n\t\t\t\t\t<h3>\n\t\t\t\t\t\t2016\t\t\t\t\t<\/h3>\n\t\t\t\t\t<!--\/.Timline-Title-->\n\t\t\t\t\t<!--Timline-description-->\n\t\t\t\t\t<p>High Jump s\u0142u\u017cy rocznie 360 uczniom High Jump, opr\u00f3cz ponad 360 absolwent\u00f3w High Jump w szko\u0142ach \u015brednich w Chicago iw ca\u0142ym kraju.<\/p>\n\t\t\t\t\t<!--\/.Timline-description-->\n\t\t\t<!--\/.Timline-Content-->\n\t\t<\/li>\n\t\t\t\t<li>\n\t\t\t\t\t\t<!--date-->\n\t\t\t\t<!--Timeline-customcontent-->\n\t\t\t\t\t<p><img loading=\"lazy\" decoding=\"async\" src=\"https:\/\/highjumpchicago.org\/wp-content\/uploads\/2019\/05\/IMG_2263-300x225.jpg\" alt=\"\" width=\"300\" height=\"225\" \/><\/p>\n\t\t\t\t<!--\/.Timeline-customcontent-->\n\t\t\t<!--\/.date-->\n\t\t\t<!--icon-->\n\t\t\t<!--\/.icon-->\n\t\t\t<!--Timline-Content-->\n\t\t\t\t\t<!--Timline-Title-->\n\t\t\t\t\t<h3>\n\t\t\t\t\t\t2017\t\t\t\t\t<\/h3>\n\t\t\t\t\t<!--\/.Timline-Title-->\n\t\t\t\t\t<!--Timline-description-->\n\t\t\t\t\t<p>Do programu Skok wzwy\u017c wp\u0142ywa blisko 1000 zg\u0142osze\u0144 do sz\u00f3stych klas \u2013 to rekord organizacji i dwukrotnie wi\u0119cej zg\u0142osze\u0144 ni\u017c w poprzednich latach.<\/p>\n\t\t\t\t\t<!--\/.Timline-description-->\n\t\t\t<!--\/.Timline-Content-->\n\t\t<\/li>\n\t\t\t\t<li>\n\t\t\t\t\t\t<!--date-->\n\t\t\t\t<!--Timeline-customcontent-->\n\t\t\t\t\t<p><img loading=\"lazy\" decoding=\"async\" src=\"https:\/\/highjumpchicago.org\/wp-content\/uploads\/2021\/12\/HighJump_Summer2021-3340-300x200.jpg\" alt=\"\" width=\"300\" height=\"200\" \/><\/p>\n\t\t\t\t<!--\/.Timeline-customcontent-->\n\t\t\t<!--\/.date-->\n\t\t\t<!--icon-->\n\t\t\t<!--\/.icon-->\n\t\t\t<!--Timline-Content-->\n\t\t\t\t\t<!--Timline-Title-->\n\t\t\t\t\t<h3>\n\t\t\t\t\t\t2020\t\t\t\t\t<\/h3>\n\t\t\t\t\t<!--\/.Timline-Title-->\n\t\t\t\t\t<!--Timline-description-->\n\t\t\t\t\t<p>High Jump zwi\u0119ksza sw\u00f3j zasi\u0119g o 11%, aby s\u0142u\u017cy\u0107 400 naukowcom rocznie w ca\u0142ym Chicago.<\/p>\n\t\t\t\t\t<!--\/.Timline-description-->\n\t\t\t<!--\/.Timline-Content-->\n\t\t<\/li>\n\t\t\t\t<li>\n\t\t\t\t\t\t<!--date-->\n\t\t\t\t<!--Timeline-customcontent-->\n\t\t\t\t\t<p><img loading=\"lazy\" decoding=\"async\" src=\"https:\/\/highjumpchicago.org\/wp-content\/uploads\/2021\/12\/IMG_7823-300x225.jpg\" alt=\"\" width=\"300\" height=\"225\" \/><\/p>\n\t\t\t\t<!--\/.Timeline-customcontent-->\n\t\t\t<!--\/.date-->\n\t\t\t<!--icon-->\n\t\t\t<!--\/.icon-->\n\t\t\t<!--Timline-Content-->\n\t\t\t\t\t<!--Timline-Title-->\n\t\t\t\t\t<h3>\n\t\t\t\t\t\t2021\t\t\t\t\t<\/h3>\n\t\t\t\t\t<!--\/.Timline-Title-->\n\t\t\t\t\t<!--Timline-description-->\n\t\t\t\t\t<p>Skok wzwy\u017c rozszerza dost\u0119p do swojej oferty programowej uruchamiaj\u0105c tzw <u><a href=\"https:\/\/highjumpchicago.org\/pl\/program-overview\/community-scholars\/\">Program pilota\u017cowy Community Scholars<\/a><\/u>.<\/p>\n\t\t\t\t\t<!--\/.Timline-description-->\n\t\t\t<!--\/.Timline-Content-->\n\t\t<\/li>\n\t\t\t\t<li>\n\t\t\t\t\t\t<!--date-->\n\t\t\t\t<!--Timeline-customcontent-->\n\t\t\t\t\t<p><img loading=\"lazy\" decoding=\"async\" src=\"https:\/\/highjumpchicago.org\/wp-content\/uploads\/2022\/08\/IMG_0196-2-300x199.jpg\" alt=\"\" width=\"300\" height=\"199\" \/><\/p>\n\t\t\t\t<!--\/.Timeline-customcontent-->\n\t\t\t<!--\/.date-->\n\t\t\t<!--icon-->\n\t\t\t<!--\/.icon-->\n\t\t\t<!--Timline-Content-->\n\t\t\t\t\t<!--Timline-Title-->\n\t\t\t\t\t<h3>\n\t\t\t\t\t\t2022\t\t\t\t\t<\/h3>\n\t\t\t\t\t<!--\/.Timline-Title-->\n\t\t\t\t\t<!--Timline-description-->\n\t\t\t\t\t<p>High Jump wita swoj\u0105 najwi\u0119ksz\u0105 kohort\u0119 226 uczni\u00f3w si\u00f3dmej klasy.<\/p>\n\t\t\t\t\t<!--\/.Timline-description-->\n\t\t\t<!--\/.Timline-Content-->\n\t\t<\/li>\n\t\t\t\t<li>\n\t\t\t\t\t\t<!--date-->\n\t\t\t\t<!--Timeline-customcontent-->\n\t\t\t\t\t<p><img loading=\"lazy\" decoding=\"async\" src=\"https:\/\/highjumpchicago.org\/wp-content\/uploads\/2023\/07\/High-Jump-office-300x208.jpeg\" alt=\"\" width=\"300\" height=\"208\" \/><\/p>\n\t\t\t\t<!--\/.Timeline-customcontent-->\n\t\t\t<!--\/.date-->\n\t\t\t<!--icon-->\n\t\t\t<!--\/.icon-->\n\t\t\t<!--Timline-Content-->\n\t\t\t\t\t<!--Timline-Title-->\n\t\t\t\t\t<h3>\n\t\t\t\t\t\t2023\t\t\t\t\t<\/h3>\n\t\t\t\t\t<!--\/.Timline-Title-->\n\t\t\t\t\t<!--Timline-description-->\n\t\t\t\t\t<p>Dalszy rozw\u00f3j skoku wzwy\u017c prowadzi do <u><a href=\"https:\/\/highjumpchicago.org\/pl\/high-jumps-offices-on-the-move\/\">przenosz\u0105c swoje biura administracyjne<\/a><\/u> do nowej przestrzeni w dzielnicy Greektown w Chicago.<\/p>\n\t\t\t\t\t<!--\/.Timline-description-->\n\t\t\t<!--\/.Timline-Content-->\n\t\t<\/li>\n\t\t\t\t<li>\n\t\t\t\t\t\t<!--date-->\n\t\t\t\t<!--Timeline-customcontent-->\n\t\t\t\t\t<p><img loading=\"lazy\" decoding=\"async\" src=\"https:\/\/highjumpchicago.org\/wp-content\/uploads\/2024\/09\/IMG_20230629_104707098_HDR-300x225.jpg\" alt=\"\" width=\"300\" height=\"225\" \/><\/p>\n\t\t\t\t<!--\/.Timeline-customcontent-->\n\t\t\t<!--\/.date-->\n\t\t\t<!--icon-->\n\t\t\t<!--\/.icon-->\n\t\t\t<!--Timline-Content-->\n\t\t\t\t\t<!--Timline-Title-->\n\t\t\t\t\t<h3>\n\t\t\t\t\t\t2024\t\t\t\t\t<\/h3>\n\t\t\t\t\t<!--\/.Timline-Title-->\n\t\t\t\t\t<!--Timline-description-->\n\t\t\t\t\t<p><u><a href=\"https:\/\/highjumpchicago.org\/pl\/community-scholars-is-now-an-official-high-jump-program\/\">Program Community Scholars zosta\u0142 formalnie przyj\u0119ty<\/a><\/u> jako program oficjalny.<\/p>\n\t\t\t\t\t<!--\/.Timline-description-->\n\t\t\t<!--\/.Timline-Content-->\n\t\t<\/li>\n\t\t\t<\/ul>\n<h1>\n\t\tRoczny raport ze skoku wzwy\u017c\n\t<\/h1>\n\t<div class=\"_df_book df-lite\" id=\"df_60754\"  _slug=\"high-jump-annual-report-2021-2022-2\" data-title=\"high-jump-annual-report-2022-2023\" wpoptions=\"true\" thumbtype=\"\" ><\/div><script class=\"df-shortcode-script\" nowprocket type=\"application\/javascript\">window.option_df_60754 = {\"outline\":[],\"backgroundColor\":\"#2cafa4\",\"autoEnableOutline\":\"false\",\"autoEnableThumbnail\":\"false\",\"overwritePDFOutline\":\"false\",\"direction\":\"1\",\"pageSize\":\"0\",\"source\":\"https:\\\/\\\/highjumpchicago.org\\\/wp-content\\\/uploads\\\/2024\\\/11\\\/High-Jump-Annual-Report-2022-2023.pdf\",\"wpOptions\":\"true\"}; if(window.DFLIP && window.DFLIP.parseBooks){window.DFLIP.parseBooks();}<\/script>","protected":false},"excerpt":{"rendered":"<p>Strona g\u0142\u00f3wna O nas Historia Od 1989 roku High Jump kontynuuje swoj\u0105 misj\u0119, aby zlikwidowa\u0107 luk\u0119 w mo\u017cliwo\u015bciach edukacyjnych w Chicago i zapewni\u0107 d\u0142ugoterminowe sukcesy akademickie ambitnym gimnazjalistom. Sp\u00f3jrz na poni\u017csz\u0105 o\u015b czasu, aby zobaczy\u0107, jak skok wzwy\u017c od ponad 30 lat inspiruje kolejne pokolenie lider\u00f3w\u2026<\/p>","protected":false},"author":7,"featured_media":0,"parent":50,"menu_order":2,"comment_status":"closed","ping_status":"closed","template":"","meta":{"_seopress_robots_primary_cat":"","_seopress_titles_title":"","_seopress_titles_desc":"","_seopress_robots_index":"","inline_featured_image":false,"footnotes":""},"class_list":["post-202","page","type-page","status-publish","hentry"],"_links":{"self":[{"href":"https:\/\/highjumpchicago.org\/pl\/wp-json\/wp\/v2\/pages\/202","targetHints":{"allow":["GET"]}}],"collection":[{"href":"https:\/\/highjumpchicago.org\/pl\/wp-json\/wp\/v2\/pages"}],"about":[{"href":"https:\/\/highjumpchicago.org\/pl\/wp-json\/wp\/v2\/types\/page"}],"author":[{"embeddable":true,"href":"https:\/\/highjumpchicago.org\/pl\/wp-json\/wp\/v2\/users\/7"}],"replies":[{"embeddable":true,"href":"https:\/\/highjumpchicago.org\/pl\/wp-json\/wp\/v2\/comments?post=202"}],"version-history":[{"count":5,"href":"https:\/\/highjumpchicago.org\/pl\/wp-json\/wp\/v2\/pages\/202\/revisions"}],"predecessor-version":[{"id":69764,"href":"https:\/\/highjumpchicago.org\/pl\/wp-json\/wp\/v2\/pages\/202\/revisions\/69764"}],"up":[{"embeddable":true,"href":"https:\/\/highjumpchicago.org\/pl\/wp-json\/wp\/v2\/pages\/50"}],"wp:attachment":[{"href":"https:\/\/highjumpchicago.org\/pl\/wp-json\/wp\/v2\/media?parent=202"}],"curies":[{"name":"wp","href":"https:\/\/api.w.org\/{rel}","templated":true}]}}