{"id":2056,"date":"2020-04-02T14:45:06","date_gmt":"2020-04-02T14:45:06","guid":{"rendered":"https:\/\/d46e648428.nxcli.io\/?page_id=2056"},"modified":"2024-11-01T10:21:53","modified_gmt":"2024-11-01T15:21:53","slug":"donate","status":"publish","type":"page","link":"https:\/\/highjumpchicago.org\/pl\/donate\/","title":{"rendered":"Podarowa\u0107"},"content":{"rendered":"<link href=\"https:\/\/doublethedonation.com\/api\/css\/ddplugin.css\" rel=\"stylesheet\">\n<!-- (c) 2022 The SmartTHING Limited File smartdonorcoverolx-display provided under license to masaf@highjumpchicago.org Last updated 03\/07\/2022 05:36:03 pm --> \n<h3>\n\t\t<a href=\"https:\/\/highjumpchicago.org\/pl\/donate\/donation-faq\/\" title=\"Jeste\u015b ciekawy innych sposob\u00f3w dawania? Sprawd\u017a najcz\u0119\u015bciej zadawane pytania dotycz\u0105ce darowizn.\" target=\"_self\" rel=\"noopener\">\n\t\tJeste\u015b ciekawy innych sposob\u00f3w dawania? Sprawd\u017a najcz\u0119\u015bciej zadawane pytania dotycz\u0105ce darowizn.\n\t\t<\/a>\n\t<\/h3>\n<h2>\n\t\tTw\u00f3j wk\u0142ad w dzia\u0142anie\n\t<\/h2>\n\t<ul>\n\t\t<li>\t\t\t\t\n\t\t<h3>Wzbogacenie akademickie bez czesnego<\/h3><\/li><li>\t\t\t\t\n\t\t<h3>Przek\u0105ski i posi\u0142ki dla student\u00f3w<\/h3><\/li><li>\t\t\t\t\n\t\t<h3>Sta\u0142e laptopy dla student\u00f3w<\/h3><\/li>\t<\/ul>\n\t<ul>\n\t\t<li>\t\t\t\t\n\t\t<h3>Dedykowany wyk\u0142adowca i personel<\/h3><\/li><li>\t\t\t\t\n\t\t<h3>Praktyczne wsparcie ucznia <\/h3><\/li><li>\t\t\t\t\n\t\t<h3>Zapewnione wszystkie materia\u0142y do nauki<\/h3><\/li>\t<\/ul>","protected":false},"excerpt":{"rendered":"<p>Ciekawi\u0105 Ci\u0119 inne sposoby dawania? Sprawd\u017a nasze cz\u0119sto zadawane pytania dotycz\u0105ce darowizn. Tw\u00f3j wk\u0142ad w dzia\u0142anie Bezp\u0142atne wzbogacenie akademickie Przek\u0105ski i posi\u0142ki dla student\u00f3w Sta\u0142e laptopy dla student\u00f3w Dedykowani wyk\u0142adowcy i pracownicy Praktyczne wsparcie dla student\u00f3w Wszystkie zapewnione materia\u0142y do nauki<\/p>","protected":false},"author":7,"featured_media":4215,"parent":0,"menu_order":8,"comment_status":"closed","ping_status":"closed","template":"","meta":{"_seopress_robots_primary_cat":"","_seopress_titles_title":"","_seopress_titles_desc":"","_seopress_robots_index":"","inline_featured_image":false,"footnotes":""},"class_list":["post-2056","page","type-page","status-publish","has-post-thumbnail","hentry"],"_links":{"self":[{"href":"https:\/\/highjumpchicago.org\/pl\/wp-json\/wp\/v2\/pages\/2056","targetHints":{"allow":["GET"]}}],"collection":[{"href":"https:\/\/highjumpchicago.org\/pl\/wp-json\/wp\/v2\/pages"}],"about":[{"href":"https:\/\/highjumpchicago.org\/pl\/wp-json\/wp\/v2\/types\/page"}],"author":[{"embeddable":true,"href":"https:\/\/highjumpchicago.org\/pl\/wp-json\/wp\/v2\/users\/7"}],"replies":[{"embeddable":true,"href":"https:\/\/highjumpchicago.org\/pl\/wp-json\/wp\/v2\/comments?post=2056"}],"version-history":[{"count":5,"href":"https:\/\/highjumpchicago.org\/pl\/wp-json\/wp\/v2\/pages\/2056\/revisions"}],"predecessor-version":[{"id":21864,"href":"https:\/\/highjumpchicago.org\/pl\/wp-json\/wp\/v2\/pages\/2056\/revisions\/21864"}],"wp:featuredmedia":[{"embeddable":true,"href":"https:\/\/highjumpchicago.org\/pl\/wp-json\/wp\/v2\/media\/4215"}],"wp:attachment":[{"href":"https:\/\/highjumpchicago.org\/pl\/wp-json\/wp\/v2\/media?parent=2056"}],"curies":[{"name":"wp","href":"https:\/\/api.w.org\/{rel}","templated":true}]}}