{"id":2103,"date":"2022-11-10T08:53:26","date_gmt":"2022-11-10T14:53:26","guid":{"rendered":"https:\/\/d46e648428.nxcli.io\/?page_id=2103"},"modified":"2022-11-10T09:12:33","modified_gmt":"2022-11-10T15:12:33","slug":"inspire","status":"publish","type":"page","link":"https:\/\/highjumpchicago.org\/pl\/donate\/ways-to-donate\/inspire\/","title":{"rendered":"Inspiruj, co jest mo\u017cliwe"},"content":{"rendered":"<nav  aria-label=\"bu\u0142ka tarta\"><ol itemscope itemtype=\"https:\/\/schema.org\/BreadcrumbList\"><li itemprop=\"itemListElement\" itemscope itemtype=\"https:\/\/schema.org\/ListItem\"><a itemscope itemtype=\"http:\/\/schema.org\/WebPage\" itemprop=\"item\" itemid=\"https:\/\/highjumpchicago.org\" href=\"https:\/\/highjumpchicago.org\/pl\/\">Dom<\/a><meta itemprop=\"position\" content=\"1\" \/><\/li><li itemprop=\"itemListElement\" itemscope itemtype=\"https:\/\/schema.org\/ListItem\"><a itemscope itemtype=\"http:\/\/schema.org\/WebPage\" itemprop=\"item\" itemid=\"https:\/\/highjumpchicago.org\/donate\/\" href=\"https:\/\/highjumpchicago.org\/pl\/donate\/\">Podarowa\u0107<\/a><meta itemprop=\"position\" content=\"2\" \/><\/li><li itemprop=\"itemListElement\" itemscope itemtype=\"https:\/\/schema.org\/ListItem\"><a itemscope itemtype=\"http:\/\/schema.org\/WebPage\" itemprop=\"item\" itemid=\"https:\/\/highjumpchicago.org\/donate\/ways-to-donate\/\" href=\"https:\/\/highjumpchicago.org\/pl\/donate\/ways-to-donate\/\">Sposoby przekazywania darowizn<\/a><meta itemprop=\"position\" content=\"3\" \/><\/li><li aria-current=\"page\" itemprop=\"itemListElement\" itemscope itemtype=\"https:\/\/schema.org\/ListItem\">Inspiruj, co jest mo\u017cliwe<meta itemprop=\"position\" content=\"4\" \/><\/li><\/ol><\/nav>","protected":false},"excerpt":{"rendered":"<p>Strona g\u0142\u00f3wna Darowizny Sposoby przekazywania datk\u00f3w Inspiruj, co jest mo\u017cliwe<\/p>","protected":false},"author":7,"featured_media":0,"parent":1955,"menu_order":0,"comment_status":"closed","ping_status":"closed","template":"","meta":{"_seopress_robots_primary_cat":"","_seopress_titles_title":"","_seopress_titles_desc":"","_seopress_robots_index":"","inline_featured_image":false,"footnotes":""},"class_list":["post-2103","page","type-page","status-publish","hentry"],"_links":{"self":[{"href":"https:\/\/highjumpchicago.org\/pl\/wp-json\/wp\/v2\/pages\/2103","targetHints":{"allow":["GET"]}}],"collection":[{"href":"https:\/\/highjumpchicago.org\/pl\/wp-json\/wp\/v2\/pages"}],"about":[{"href":"https:\/\/highjumpchicago.org\/pl\/wp-json\/wp\/v2\/types\/page"}],"author":[{"embeddable":true,"href":"https:\/\/highjumpchicago.org\/pl\/wp-json\/wp\/v2\/users\/7"}],"replies":[{"embeddable":true,"href":"https:\/\/highjumpchicago.org\/pl\/wp-json\/wp\/v2\/comments?post=2103"}],"version-history":[{"count":5,"href":"https:\/\/highjumpchicago.org\/pl\/wp-json\/wp\/v2\/pages\/2103\/revisions"}],"predecessor-version":[{"id":6147,"href":"https:\/\/highjumpchicago.org\/pl\/wp-json\/wp\/v2\/pages\/2103\/revisions\/6147"}],"up":[{"embeddable":true,"href":"https:\/\/highjumpchicago.org\/pl\/wp-json\/wp\/v2\/pages\/1955"}],"wp:attachment":[{"href":"https:\/\/highjumpchicago.org\/pl\/wp-json\/wp\/v2\/media?parent=2103"}],"curies":[{"name":"wp","href":"https:\/\/api.w.org\/{rel}","templated":true}]}}