{"id":2836,"date":"2020-10-16T18:57:07","date_gmt":"2020-10-16T23:57:07","guid":{"rendered":"https:\/\/d46e648428.nxcli.io\/?page_id=2836"},"modified":"2025-11-19T11:16:25","modified_gmt":"2025-11-19T17:16:25","slug":"staff","status":"publish","type":"page","link":"https:\/\/highjumpchicago.org\/pl\/about\/staff\/","title":{"rendered":"Personel"},"content":{"rendered":"<nav  aria-label=\"bu\u0142ka tarta\"><ol itemscope itemtype=\"https:\/\/schema.org\/BreadcrumbList\"><li itemprop=\"itemListElement\" itemscope itemtype=\"https:\/\/schema.org\/ListItem\"><a itemscope itemtype=\"https:\/\/schema.org\/WebPage\" itemprop=\"item\" itemid=\"https:\/\/highjumpchicago.org\" href=\"https:\/\/highjumpchicago.org\/pl\/\">Dom<\/a><meta itemprop=\"position\" content=\"1\"\/><\/li><li itemprop=\"itemListElement\" itemscope itemtype=\"https:\/\/schema.org\/ListItem\"><a itemscope itemtype=\"https:\/\/schema.org\/WebPage\" itemprop=\"item\" itemid=\"https:\/\/highjumpchicago.org\/about\/\" href=\"https:\/\/highjumpchicago.org\/pl\/about\/\">O nas<\/a><meta itemprop=\"position\" content=\"2\"\/><\/li><li aria-current=\"page\" itemprop=\"itemListElement\" itemscope itemtype=\"https:\/\/schema.org\/ListItem\">Personel<meta itemprop=\"position\" content=\"3\"\/><\/li><\/ol><\/nav>\n\t<p>Personel Skoku wzwy\u017c jest <b>po\u015bwi\u0119cony rozwijaniu, finansowaniu i rozwijaniu naszych bezp\u0142atnych program\u00f3w wspieraj\u0105cych naszych naukowc\u00f3w<\/b> \u0142\u0105cz\u0105c ich z lud\u017ami i zasobami, kt\u00f3rych potrzebuj\u0105, aby budowa\u0107 pewno\u015b\u0107 siebie, podejmowa\u0107 ryzyko i realizowa\u0107 swoje marzenia.<\/p>\n\t\t\t\t<img decoding=\"async\" src=\"https:\/\/highjumpchicago.org\/wp-content\/uploads\/bb-plugin\/cache\/Nate-Pietrini-square.jpg\" alt=\"Nate Pietrini\" title=\"Nate&#039;a Pietriniego\" itemprop=\"image\"\/>\n\t\t\t\t \n\t\t<h3>Nate Pietrini, EdD (on\/jego)<\/h3>Dyrektor Generalny\t\t\t\t\t\t\t\n\t\t\t\t<a href=\"https:\/\/www.linkedin.com\/in\/nate-pietrini-ed-d-70652354\/\" target=\"_blank\" rel=\"noopener\">\t\t\t\t\n\t\t<\/a>\t\t\t\t \n\t\t\t<a href=\"mailto:npietrini@highjumpchicago.org\" target=\"_self\">\n\t\t\t\t\t\tWy\u015blij e-mail do Nate&#039;a\n\t\t\t\t\t<\/a>\n\t\t\t\t\t<a href=\"#\"  id=\"fl-accordion--label-0\" tabindex=\"0\" aria-controls=\"fl-accordion--panel-0\">Przeczytaj wi\u0119cej o Nate&#039;u<\/a>\n\t\t\t\t\t\t\t\t\t\t\t<a href=\"#\" id=\"fl-accordion--icon-0\" tabindex=\"-1\"><i title=\"Zwi\u0119ksza\u0107\">Zwi\u0119ksza\u0107<\/i><\/a>\n\t\t\t\t\t<p>Nate Pietrini, EdD, jest dyrektorem naczelnym High Jump, organizacji non-profit zajmuj\u0105cej si\u0119 wzbogacaniem wiedzy akademickiej i dost\u0119pem do szk\u00f3\u0142 \u015brednich w Chicago. Podczas kadencji Nate&#039;a High Jump zwi\u0119kszy\u0142 liczb\u0119 student\u00f3w, uruchomi\u0142 nowe programy we wsp\u00f3\u0142pracy z Northwestern University i zwi\u0119kszy\u0142 wska\u017aniki uko\u0144czenia studi\u00f3w wy\u017cszych przez absolwent\u00f3w.<\/p>\n<p>Przed do\u0142\u0105czeniem do zespo\u0142u High Jump Nate by\u0142 dyrektorem, zast\u0119pc\u0105 dyrektora i nauczycielem w szko\u0142ach publicznych w Chicago. Jest tw\u00f3rc\u0105 i wsp\u00f3\u0142gospodarzem podcastu The Ed Couple, mianowanym przez gubernatora Pritzkera cz\u0142onkiem Rady Doradczej ds. Us\u0142ug dla Dzieci i Rodziny stanu Illinois oraz cz\u0142onkiem Rady Nadzorczej w Brightpoint.<\/p>\n<p>Nate jest wyk\u0142adowc\u0105 programu Edukacji i Spo\u0142ecze\u0144stwa na Uniwersytecie w Chicago, ma do\u015bwiadczenie jako konsultant i tw\u00f3rca g\u0142\u00f3wnych program\u00f3w przyw\u00f3dztwa na Uniwersytecie Illinois w Chicago i zasiada w Radzie Doradczej projektu To and Through na Uniwersytecie Chicago.<\/p>\n<p>On i jego \u017cona mieszkaj\u0105 w dzielnicy Kenwood w Chicago z trzema synami.<\/p>\n\t\t\t\t<img decoding=\"async\" src=\"https:\/\/highjumpchicago.org\/wp-content\/uploads\/bb-plugin\/cache\/SR-Staff-square.jpg\" alt=\"SR-Staff\" title=\"SR-Pracownicy\" itemprop=\"image\"\/>\n\t\t\t\t \n\t\t<h3>Shaz Rasul (on\/jego)<\/h3>G\u0142\u00f3wny Oficer Programowy\t\t\t\t\t\t\t\n\t\t\t\t<a href=\"https:\/\/www.linkedin.com\/in\/shazrasul\/\" target=\"_blank\" rel=\"noopener\">\t\t\t\t\n\t\t<\/a>\t\t\t\t \n\t\t\t<a href=\"mailto:srasul@highjumpchicago.org\" target=\"_self\">\n\t\t\t\t\t\tWy\u015blij e-mail do Shaz\n\t\t\t\t\t<\/a>\n\t\t\t\t\t<a href=\"#\"  id=\"fl-accordion--label-0\" tabindex=\"0\" aria-controls=\"fl-accordion--panel-0\">Przeczytaj wi\u0119cej o Shaz<\/a>\n\t\t\t\t\t\t\t\t\t\t\t<a href=\"#\" id=\"fl-accordion--icon-0\" tabindex=\"-1\"><i title=\"Zwi\u0119ksza\u0107\">Zwi\u0119ksza\u0107<\/i><\/a>\n\t\t\t\t\t<p>Shaz Rasul jest dyrektorem ds. program\u00f3w w High Jump, gdzie odpowiada za strategi\u0119 i realizacj\u0119 letniej inicjatywy Scholars, program\u00f3w Community Scholars i Alumni Scholars, a tak\u017ce za dzia\u0142ania rekrutacyjne, kt\u00f3re priorytetowo traktuj\u0105 r\u00f3wny dost\u0119p.<\/p>\n<p>Wnosi ponad 20 lat do\u015bwiadczenia w edukacji i zaanga\u017cowaniu spo\u0142ecznym, w tym kluczowe funkcje kierownicze w Biurze Zaanga\u017cowania Obywatelskiego Uniwersytetu Chicagowskiego. Kierowa\u0142 tam Programem Szk\u00f3\u0142 S\u0105siedzkich, za\u0142o\u017cy\u0142 Akcelerator Program\u00f3w Spo\u0142eczno\u015bciowych i kierowa\u0142 inicjatywami z zakresu zaanga\u017cowania obywatelskiego student\u00f3w, budowania potencja\u0142u organizacji non-profit, r\u00f3wno\u015bci cyfrowej oraz partnerstw mi\u0119dzy przedszkolami a szko\u0142ami \u015brednimi (PK-12).<\/p>\n<p>Na wcze\u015bniejszym etapie swojej kariery Shaz by\u0142 wolontariuszem Korpusu Pokoju USA w Republice Po\u0142udniowej Afryki, co nadal utwierdza go w zaanga\u017cowaniu na rzecz r\u00f3wno\u015bci w edukacji. Stypendysta programu Leadership Greater Chicago w 2019 roku, zasiada r\u00f3wnie\u017c w zarz\u0105dach MetroSquash i EasterSeals, obs\u0142uguj\u0105cych aglomeracj\u0119 Chicago i aglomeracj\u0119 Rockford.<\/p>\n<p>Uzyska\u0142 tytu\u0142 licencjata socjologii i tytu\u0142 magistra informatyki na Uniwersytecie w Chicago.<\/p>\n\t\t\t\t<img decoding=\"async\" src=\"https:\/\/highjumpchicago.org\/wp-content\/uploads\/bb-plugin\/cache\/Molly-Gilbride-Headshot-square.jpg\" alt=\"Molly Gilbride Headshot\" title=\"Zdj\u0119cie Molly Gilbride\" itemprop=\"image\"\/>\n\t\t\t\t \n\t\t<h3>Molly Gilbride (ona\/jej)<\/h3>G\u0142\u00f3wny Oficer ds. Awansu\t\t\t\t\t\t\t\n\t\t\t\t<a href=\"https:\/\/www.linkedin.com\/in\/molly-k-gilbride-7615378\/\" target=\"_blank\" rel=\"noopener\">\t\t\t\t\n\t\t<\/a>\t\t\t\t \n\t\t\t<a href=\"mailto:mgilbride@highjumpchicago.org\" target=\"_self\">\n\t\t\t\t\t\tNapisz do Molly\n\t\t\t\t\t<\/a>\n\t\t\t\t\t<a href=\"#\"  id=\"fl-accordion--label-0\" tabindex=\"0\" aria-controls=\"fl-accordion--panel-0\">Przeczytaj wi\u0119cej o Molly<\/a>\n\t\t\t\t\t\t\t\t\t\t\t<a href=\"#\" id=\"fl-accordion--icon-0\" tabindex=\"-1\"><i title=\"Zwi\u0119ksza\u0107\">Zwi\u0119ksza\u0107<\/i><\/a>\n\t\t\t\t\t<p>Molly Gilbride, dyrektor ds. rozwoju w High Jump, do\u0142\u0105czy\u0142a do zespo\u0142u, aby kierowa\u0107 strategi\u0105 rozwoju, marketingu i komunikacji. Kieruje planowaniem i realizacj\u0105 kampanii fundraisingowych, wieloletnim planowaniem rozwoju oraz \u015bci\u015ble wsp\u00f3\u0142pracuje z kadr\u0105 kierownicz\u0105 wy\u017cszego szczebla i zarz\u0105dem, aby realizowa\u0107 misj\u0119 High Jump.<\/p>\n<p>Do\u015bwiadczona liderka w pozyskiwaniu funduszy i anga\u017cowaniu organizacji non-profit, Molly posiada ponad dwudziestoletnie do\u015bwiadczenie \u2013 ponad dziesi\u0119\u0107 lat po\u015bwi\u0119ci\u0142a na rozw\u00f3j r\u00f3l, w tym relacje z absolwentami, darowizny roczne, darowizny na cele charytatywne i darowizny planowane. Jej do\u015bwiadczenie obejmuje funkcje kierownicze w Ronald McDonald House Charities of Chicagoland, University of Chicago Booth School of Business oraz Ohio State University College of Medicine, gdzie budowa\u0142a relacje z darczy\u0144cami i pozyskiwa\u0142a darowizny transformacyjne dzi\u0119ki opartemu na wsp\u00f3\u0142pracy, danych i narracji podej\u015bciu.<\/p>\n<p>Jej pasja do s\u0142u\u017cby rozpocz\u0119\u0142a si\u0119, gdy by\u0142a cz\u0142onkini\u0105 AmeriCorps i pracowa\u0142a nad programami nauczania umiej\u0119tno\u015bci czytania i pisania, co ugruntowa\u0142o jej zaanga\u017cowanie w edukacj\u0119 i r\u00f3wno\u015b\u0107. Do\u015bwiadczenie Molly w \u0142\u0105czeniu hojno\u015bci z oddzia\u0142ywaniem na \u015brodowisko pozwala High Jump na poszerzanie dost\u0119pu i mo\u017cliwo\u015bci dla uczni\u00f3w przechodz\u0105cych przez kluczowe zmiany w edukacji.<\/p>\n                        <img loading=\"lazy\" decoding=\"async\" src=\"https:\/\/highjumpchicago.org\/wp-content\/uploads\/2023\/05\/Katie-Andorka.jpg\" alt=\"Please use the filename here\" itemprop=\"image\" height=\"2048\" width=\"1656\" title=\"Prosz\u0119 u\u017cy\u0107 nazwy pliku tutaj\"  \/>\n\t\t                    <h3>Katie Andorka (ona\/jej)<\/h3>\n                \t\t        \tDyrektor ds. program\u00f3w dla student\u00f3w, kierownik kampusu latynoskiego\n            <ul>\n\t\t\t\t\t\t\t\t\t\t<li>\n\t\t\t\t\t\t\t<a href=\"mailto:kandorka@highjumpchicago.org\" target=\"_blank\" aria-label=\"E-mail\">\n\t\t\t\t\t\t\t\t\t\t\t\t\t\t\t<\/a>\n\t\t\t\t\t\t<\/li>\n\t\t\t\t\t\t            <\/ul>\n                        <img loading=\"lazy\" decoding=\"async\" src=\"https:\/\/highjumpchicago.org\/wp-content\/uploads\/2023\/01\/Max-Asaf.jpg\" alt=\"Max Asaf\" itemprop=\"image\" height=\"2048\" width=\"1638\" title=\"Maks Asaf\"  \/>\n\t\t                    <h3>Max Asaf (on\/on)<\/h3>\n                \t\t        \t Dyrektor ds. rozwoju\n            <ul>\n\t\t\t\t\t\t\t\t\t\t<li>\n\t\t\t\t\t\t\t<a href=\"mailto:masaf@highjumpchicago.org\" target=\"_blank\" aria-label=\"E-mail\">\n\t\t\t\t\t\t\t\t\t\t\t\t\t\t\t<\/a>\n\t\t\t\t\t\t<\/li>\n\t\t\t\t\t\t            <\/ul>\n\t\t                    <h3>Allison Davis (ona\/jej)<\/h3>\n                \t\t        \tZast\u0119pca dyrektora ds. zaanga\u017cowania wyborc\u00f3w\n            <ul>\n\t\t\t\t\t\t\t\t\t\t<li>\n\t\t\t\t\t\t\t<a href=\"mailto:adavis@highjumpchicago.org\" target=\"_blank\" aria-label=\"E-mail\">\n\t\t\t\t\t\t\t\t\t\t\t\t\t\t\t<\/a>\n\t\t\t\t\t\t<\/li>\n\t\t\t\t\t\t            <\/ul>\n                        <img loading=\"lazy\" decoding=\"async\" src=\"https:\/\/highjumpchicago.org\/wp-content\/uploads\/2023\/01\/Sanober-Kanjee.jpg\" alt=\"Sanober Kanjee\" itemprop=\"image\" height=\"2048\" width=\"1656\" title=\"Sanober Kanjee\"  \/>\n\t\t                    <h3>Sanober Kanjee (ona\/jej)<\/h3>\n                \t\t        \tDyrektor program\u00f3w dla m\u0142odych absolwent\u00f3w\n            <ul>\n\t\t\t\t\t\t\t\t\t\t<li>\n\t\t\t\t\t\t\t<a href=\"mailto:skanjee@highjumpchicago.org\" target=\"_blank\" aria-label=\"E-mail\">\n\t\t\t\t\t\t\t\t\t\t\t\t\t\t\t<\/a>\n\t\t\t\t\t\t<\/li>\n\t\t\t\t\t\t            <\/ul>\n\t\t                    <h3>Gabi Kizer (ona\/jej)<\/h3>\n                \t\t        \tZast\u0119pca Dyrektora ds. Rozwoju, Operacji i Zaanga\u017cowania \n            <ul>\n\t\t\t\t\t\t\t\t\t\t<li>\n\t\t\t\t\t\t\t<a href=\"mailto:gkizer@highjumpchicago.org\" target=\"_blank\" aria-label=\"E-mail\">\n\t\t\t\t\t\t\t\t\t\t\t\t\t\t\t<\/a>\n\t\t\t\t\t\t<\/li>\n\t\t\t\t\t\t            <\/ul>\n                        <img loading=\"lazy\" decoding=\"async\" src=\"https:\/\/highjumpchicago.org\/wp-content\/uploads\/2023\/01\/Tammi-Longsjo.jpg\" alt=\"Tammi Longsjo\" itemprop=\"image\" height=\"2048\" width=\"1638\" title=\"Tammi Longsjo\"  \/>\n\t\t                    <h3>Tammi Longsjo (ona\/jej)<\/h3>\n                \t\t        \tAsystent Dyrektora ds. Komunikacji i Marketingu\n            <ul>\n\t\t\t\t\t\t\t\t\t\t<li>\n\t\t\t\t\t\t\t<a href=\"mailto:tlongsjo@highjumpchicago.org\" target=\"_blank\" aria-label=\"E-mail\">\n\t\t\t\t\t\t\t\t\t\t\t\t\t\t\t<\/a>\n\t\t\t\t\t\t<\/li>\n\t\t\t\t\t\t            <\/ul>\n\t\t                    <h3>Nashary Lopez (ona\/ona)<\/h3>\n                \t\t        \tAsystent wykonawczy\n            <ul>\n\t\t\t\t\t\t\t\t\t\t<li>\n\t\t\t\t\t\t\t<a href=\"mailto:nasharylopez@highjumpchicago.org\" target=\"_blank\" aria-label=\"E-mail\">\n\t\t\t\t\t\t\t\t\t\t\t\t\t\t\t<\/a>\n\t\t\t\t\t\t<\/li>\n\t\t\t\t\t\t            <\/ul>\n                        <img loading=\"lazy\" decoding=\"async\" src=\"https:\/\/highjumpchicago.org\/wp-content\/uploads\/2023\/01\/Yasi-Nassiri.jpg\" alt=\"Yasi Nassiri\" itemprop=\"image\" height=\"2048\" width=\"1638\" title=\"Yasi Nassiri\"  \/>\n\t\t                    <h3>Yasi Nassiri (ona\/jej)<\/h3>\n                \t\t        \t Mened\u017cer programu Community Scholas\n            <ul>\n\t\t\t\t\t\t\t\t\t\t<li>\n\t\t\t\t\t\t\t<a href=\"mailto:ynassiri@highjumpchicago.org\" target=\"_blank\" aria-label=\"E-mail\">\n\t\t\t\t\t\t\t\t\t\t\t\t\t\t\t<\/a>\n\t\t\t\t\t\t<\/li>\n\t\t\t\t\t\t            <\/ul>\n                        <img loading=\"lazy\" decoding=\"async\" src=\"https:\/\/highjumpchicago.org\/wp-content\/uploads\/2023\/01\/Alison-Hanold-Shah.jpg\" alt=\"Alison Hanold Shah\" itemprop=\"image\" height=\"2048\" width=\"1638\" title=\"Alison Hanold Shah\"  \/>\n\t\t                    <h3>Alison Hanold Shah (ona\/jej)<\/h3>\n                \t\t        \tPisarz Grantowy\n            <ul>\n\t\t\t\t\t\t\t\t\t\t<li>\n\t\t\t\t\t\t\t<a href=\"mailto:ahanold@highjumpchicago.org\" target=\"_blank\" aria-label=\"E-mail\">\n\t\t\t\t\t\t\t\t\t\t\t\t\t\t\t<\/a>\n\t\t\t\t\t\t<\/li>\n\t\t\t\t\t\t            <\/ul>\n                        <img loading=\"lazy\" decoding=\"async\" src=\"https:\/\/highjumpchicago.org\/wp-content\/uploads\/2023\/01\/Amy-Tsegai.jpg\" alt=\"Amy Tsegai\" itemprop=\"image\" height=\"2048\" width=\"1656\" title=\"Amy Tsegai\"  \/>\n\t\t                    <h3>Amy Tsegai (ona\/jej)<\/h3>\n                \t\t        \t Kierownik kampusu Parkera\n            <ul>\n\t\t\t\t\t\t\t\t\t\t<li>\n\t\t\t\t\t\t\t<a href=\"mailto:atsegai@highjumpchicago.org\" target=\"_blank\" aria-label=\"E-mail\">\n\t\t\t\t\t\t\t\t\t\t\t\t\t\t\t<\/a>\n\t\t\t\t\t\t<\/li>\n\t\t\t\t\t\t            <\/ul>\n                        <img loading=\"lazy\" decoding=\"async\" src=\"https:\/\/highjumpchicago.org\/wp-content\/uploads\/2023\/05\/Asia-Ana-Williams.jpg\" alt=\"Please use the filename here\" itemprop=\"image\" height=\"2048\" width=\"1656\" title=\"Prosz\u0119 u\u017cy\u0107 nazwy pliku tutaj\"  \/>\n\t\t                    <h3>Asia-Ana Williams (ona\/jej)<\/h3>\n                \t\t        \tKierownik kampusu laboratoryjnego\n            <ul>\n\t\t\t\t\t\t\t\t\t\t<li>\n\t\t\t\t\t\t\t<a href=\"mailto:aawilliams@highjumpchicago.org\" target=\"_blank\" aria-label=\"E-mail\">\n\t\t\t\t\t\t\t\t\t\t\t\t\t\t\t<\/a>\n\t\t\t\t\t\t<\/li>\n\t\t\t\t\t\t            <\/ul>","protected":false},"excerpt":{"rendered":"<p>Dowiedz si\u0119 wi\u0119cej o oddanym personelu High Jump, kt\u00f3ry wspiera i inspiruje uczni\u00f3w, aby mogli mie\u0107 g\u0142os w sprawie swojej edukacji i przysz\u0142o\u015bci.<\/p>","protected":false},"author":1,"featured_media":0,"parent":50,"menu_order":5,"comment_status":"closed","ping_status":"closed","template":"","meta":{"_seopress_robots_primary_cat":"","_seopress_titles_title":"","_seopress_titles_desc":"","_seopress_robots_index":"","inline_featured_image":false,"footnotes":""},"class_list":["post-2836","page","type-page","status-publish","hentry"],"_links":{"self":[{"href":"https:\/\/highjumpchicago.org\/pl\/wp-json\/wp\/v2\/pages\/2836","targetHints":{"allow":["GET"]}}],"collection":[{"href":"https:\/\/highjumpchicago.org\/pl\/wp-json\/wp\/v2\/pages"}],"about":[{"href":"https:\/\/highjumpchicago.org\/pl\/wp-json\/wp\/v2\/types\/page"}],"author":[{"embeddable":true,"href":"https:\/\/highjumpchicago.org\/pl\/wp-json\/wp\/v2\/users\/1"}],"replies":[{"embeddable":true,"href":"https:\/\/highjumpchicago.org\/pl\/wp-json\/wp\/v2\/comments?post=2836"}],"version-history":[{"count":5,"href":"https:\/\/highjumpchicago.org\/pl\/wp-json\/wp\/v2\/pages\/2836\/revisions"}],"predecessor-version":[{"id":134426,"href":"https:\/\/highjumpchicago.org\/pl\/wp-json\/wp\/v2\/pages\/2836\/revisions\/134426"}],"up":[{"embeddable":true,"href":"https:\/\/highjumpchicago.org\/pl\/wp-json\/wp\/v2\/pages\/50"}],"wp:attachment":[{"href":"https:\/\/highjumpchicago.org\/pl\/wp-json\/wp\/v2\/media?parent=2836"}],"curies":[{"name":"wp","href":"https:\/\/api.w.org\/{rel}","templated":true}]}}