{"id":30,"date":"2018-10-08T01:56:40","date_gmt":"2018-10-08T06:56:40","guid":{"rendered":"https:\/\/d46e648428.nxcli.io\/?page_id=30"},"modified":"2026-02-09T14:02:42","modified_gmt":"2026-02-09T20:02:42","slug":"board-of-directors","status":"publish","type":"page","link":"https:\/\/highjumpchicago.org\/pl\/about\/board-of-directors\/","title":{"rendered":"Zarz\u0105d"},"content":{"rendered":"<nav  aria-label=\"bu\u0142ka tarta\"><ol itemscope itemtype=\"https:\/\/schema.org\/BreadcrumbList\"><li itemprop=\"itemListElement\" itemscope itemtype=\"https:\/\/schema.org\/ListItem\"><a itemscope itemtype=\"https:\/\/schema.org\/WebPage\" itemprop=\"item\" itemid=\"https:\/\/highjumpchicago.org\" href=\"https:\/\/highjumpchicago.org\/pl\/\">Dom<\/a><meta itemprop=\"position\" content=\"1\"\/><\/li><li itemprop=\"itemListElement\" itemscope itemtype=\"https:\/\/schema.org\/ListItem\"><a itemscope itemtype=\"https:\/\/schema.org\/WebPage\" itemprop=\"item\" itemid=\"https:\/\/highjumpchicago.org\/about\/\" href=\"https:\/\/highjumpchicago.org\/pl\/about\/\">O nas<\/a><meta itemprop=\"position\" content=\"2\"\/><\/li><li aria-current=\"page\" itemprop=\"itemListElement\" itemscope itemtype=\"https:\/\/schema.org\/ListItem\">Zarz\u0105d<meta itemprop=\"position\" content=\"3\"\/><\/li><\/ol><\/nav>\n\t<p>Zarz\u0105d Skoku wzwy\u017c jest <strong>zr\u00f3\u017cnicowana grupa zajmuj\u0105ca si\u0119 zwi\u0119kszaniem dost\u0119pno\u015bci naszego programu wzbogacania akademickiego<\/strong> utalentowanym i zmotywowanym uczniom szk\u00f3\u0142 \u015brednich o ograniczonych dochodach rodziny.<\/p>\n\t<h2>\n\t\t\t\tKrzes\u0142o:\n\t\t\t<\/h2>\n\t<p><b>Lena Jesen<\/b><\/p>\n\t<h2>\n\t\t\t\tPrzewodnicz\u0105cy-elekt:\n\t\t\t<\/h2>\n\t<strong>MARIA FIELDA<\/strong><br \/>\nZa\u0142o\u017cyciel<br \/>\n<i>Konsulting Mary Fifield<\/i>\n\t<h2>\n\t\t\t\tWiceprezydent:\n\t\t\t<\/h2>\n\t<strong>NICK SHIELD<\/strong>, Kohorta 6<br \/>\nZast\u0119pca Szefa Sztabu \u2013 Komunikacja<br \/>\n<i>Biuro Prezydenta, Cook County<\/i>\n\t<h2>\n\t\t\t\tWsp\u00f3\u0142skarbnicy:\n\t\t\t<\/h2>\n\t<p><b>CINDY O&#039;CONNOR<\/b><\/p>\n<b>SOPHIA LADOUCEUR<\/b><br \/>\nWiceprezes ds. Finans\u00f3w Korporacyjnych<br \/>\n<em>Ventas, Inc.<\/em>\n\t<h2>\n\t\t\t\tSekretarz:\n\t\t\t<\/h2>\n\t<p><strong>Shelley Greenwood<\/strong><\/p>\n<h2>\n\t\t\tDyrektorzy\t<\/h2>\n\t<strong>JAN AKALAONU<\/strong>, Kohorta 4<br \/>\nWiceprezes ds. wdra\u017cania klient\u00f3w<br \/>\n<em>Toast<\/em>\n<strong>SONIA ANTOLEK<\/strong>, Kohorta 7<br \/>\nS\u0119dzia,\u00a0<em>Illinois Court of Claims<br \/>\n<\/em>radca prawny,\u00a0<em>Grupa 1937<\/em>\n<strong>OMID BA\u00d1UELOS<\/strong>, Kohorta 10<br \/>\nDoradca korporacyjny<br \/>\n<em>Amazon.com Inc.<\/em>\n<p><strong>KATIE FRYZJER<\/strong><\/p>\n<strong>JENNY BEKKERMAN<\/strong><br \/>\nAdwokat i strateg<br \/>\n<em>Pomy\u015bl o JBA<\/em>\n<p><strong>ERYKA CHANDRASEKHAR<\/strong><\/p>\n<p><strong>JYMME CHAOUKI<\/strong><\/p>\n<strong>PRAB CHAWLA<\/strong><br \/>\nDyrektor Zarz\u0105dzaj\u0105cy<br \/>\n<em>Linden Capital Partners<\/em>\n<strong>DAWID CHAZEN<\/strong><br \/>\nDyrektor Zarz\u0105dzaj\u0105cy<br \/>\n<em>Chazen Capital Partners<\/em>\n<p><strong>GINA CHEN, <\/strong>Kohorta 13<\/p>\n<strong>YENY CIBOROWSKI<\/strong><br \/>\nStarszy zast\u0119pca g\u0142\u00f3wnego radcy prawnego<br \/>\n<em>Enova International, Inc.<\/em>\n<p><strong>SARA KUB<\/strong><\/p>\n<p><strong>SARA COGSWELL<\/strong><\/p>\n\t<p><strong>WINCENTY KOZI<\/strong><\/p>\n<p><strong>KAREN DUNCAN<\/strong><\/p>\n<strong>MEGA FREY<br \/>\n<\/strong>Partner<br \/>\n<em>Winston i Strawn<\/em>\n<strong>TIM FRIEDMAN<\/strong><br \/>\nG\u0142\u00f3wny<br \/>\n<em>Herakles sp\u00f3\u0142ka z ograniczon\u0105 odpowiedzialno\u015bci\u0105<\/em>\n<p><strong>ARLA GOMBERG<\/strong><\/p>\n<p><strong>PAM GORDON<\/strong><\/p>\n<b>KRYSTYNA GREVISKES<\/b><br \/>\nPrzedstawiciel handlowy<br \/>\n<em>Google<\/em>\n<p><strong>MARIANA INGERSOLL<\/strong><\/p>\n<p><strong>KRISSANA JENNINGSA<\/strong><\/p>\n<strong>ERYK KR\u00d3L<\/strong><br \/>\nChirurg ortopeda dzieci\u0119cy<br \/>\n<em>Szpital Dzieci\u0119cy Ann i Roberta H. Lurie w Chicago<\/em>\n<p><strong>KERRIE MALONEY LAYTIN<\/strong><\/p>\n<strong>JAN G. LEVI<\/strong><br \/>\nPartner<br \/>\n<em>Sidley Austin LLC<\/em>\n<strong><b>NICHOLE LOPEZ-TACKETT<\/b><\/strong><br \/>\nPartner<br \/>\n<i>Liny i szaro\u015b\u0107<\/i>\n<strong><b>KIM LYNCH<br \/>\n<\/b><\/strong>Emerytowany radca prawny<br \/>\n<i>Partnerzy West Monroe<\/i>\n\t<strong><b>NIKOL MANN<\/b><\/strong><i><strong><b><br \/>\n<\/b><\/strong><\/i>\n<strong>TOMASZ MEYERS<br \/>\n<\/strong>starszy wiceprezes, starszy dyrektor ds. inwestycji i rozwoju strategii<br \/>\n<em>Franklina Templetona<\/em>\n<strong>DAR MILNER<br \/>\n<\/strong>Doradca edukacyjny\n<strong>FILIPA NOWELSA<\/strong>, Kohorta 5<strong><br \/>\n<\/strong>Dyrektor Strategii Korporacyjnej<br \/>\n<em>AES<\/em>\n<strong>HEIDI ORTOLAZA-ALVEAR<\/strong>, Kohorta 10<br \/>\nDyrektor generalny<br \/>\n<em>Zdrowie rodziny IWS<\/em>\n<strong>GEORGIA ANNA PELUCHIWSKI<\/strong><br \/>\nPartner<br \/>\n<em>Partnerzy przyw\u00f3dczy Greenwich<\/em>\n<strong>ABBY PHELPS<\/strong><br \/>\nW\u0142a\u015bciciel<br \/>\n<em>Klub Pilates<\/em>\n<strong>STEPHANIE ROSS<\/strong><br \/>\nAsystent profesora klinicznego<br \/>\n<em>Northwestern University, Feinberg School of Medicine<\/em>\n<strong>DIANE SALTOUN<\/strong><br \/>\nGeneralny Inspektor Wykonawczy<br \/>\n<i>Biuro Prokuratora Generalnego stanu Illinois<\/i>\n<strong>ERRETT VAN NICE<\/strong><br \/>\nDyrektor Zarz\u0105dzaj\u0105cy<br \/>\n<em>Zarz\u0105dzanie prywatnym maj\u0105tkiem UBS<\/em>\n<p><strong>RAMON VILLALPANDO<\/strong>, Kohorta 5<\/p>\n<h2>\n\t\t\tEmerytowani dyrektorzy\t<\/h2>\n\t<p><strong>Diana Aixala<\/strong><\/p>\n<p><strong>Richarda J. Almeidy<\/strong><\/p>\n<p><strong>Billa Barkera<\/strong><\/p>\n<p><strong>Karton Sally<\/strong><\/p>\n\t<p><strong>Paula H. Korona<\/strong><\/p>\n<p><strong>Charlesa S. Gofena<\/strong><\/p>\n<p><strong>Priscilla Kersten<\/strong><\/p>\n<p><strong>Langdona D. Neala<\/strong><\/p>\n<p><strong>Annmarie Neumeier<\/strong><\/p>\n\t<p><strong>Eleonora Nicholson<\/strong><\/p>\n<p><strong>Richarda Rothkopfa<\/strong><\/p>\n<p><strong>Todda A. Smitha<\/strong><\/p>\n<p><strong>Tina Wardrop<\/strong><\/p>","protected":false},"excerpt":{"rendered":"<p>Strona g\u0142\u00f3wna O nas Rada Dyrektor\u00f3w Rada Dyrektor\u00f3w High Jump to zr\u00f3\u017cnicowana grupa, kt\u00f3rej celem jest zwi\u0119kszenie dost\u0119pno\u015bci naszego programu wzbogacania wiedzy akademickiej dla utalentowanych i zmotywowanych uczni\u00f3w szk\u00f3\u0142 \u015brednich z ograniczonymi dochodami rodzinnymi. Przewodnicz\u0105ca: Lena Jessen Przewodnicz\u0105ca-elekt: MARY FIFIELD Za\u0142o\u017cycielka Mary Fifield Consulting Wiceprezes: NICK SHIELDS, Zast\u0119pca Kierownika ds.\u2026<\/p>","protected":false},"author":7,"featured_media":0,"parent":50,"menu_order":4,"comment_status":"closed","ping_status":"closed","template":"","meta":{"_seopress_robots_primary_cat":"","_seopress_titles_title":"","_seopress_titles_desc":"","_seopress_robots_index":"","inline_featured_image":false,"footnotes":""},"class_list":["post-30","page","type-page","status-publish","hentry"],"_links":{"self":[{"href":"https:\/\/highjumpchicago.org\/pl\/wp-json\/wp\/v2\/pages\/30","targetHints":{"allow":["GET"]}}],"collection":[{"href":"https:\/\/highjumpchicago.org\/pl\/wp-json\/wp\/v2\/pages"}],"about":[{"href":"https:\/\/highjumpchicago.org\/pl\/wp-json\/wp\/v2\/types\/page"}],"author":[{"embeddable":true,"href":"https:\/\/highjumpchicago.org\/pl\/wp-json\/wp\/v2\/users\/7"}],"replies":[{"embeddable":true,"href":"https:\/\/highjumpchicago.org\/pl\/wp-json\/wp\/v2\/comments?post=30"}],"version-history":[{"count":6,"href":"https:\/\/highjumpchicago.org\/pl\/wp-json\/wp\/v2\/pages\/30\/revisions"}],"predecessor-version":[{"id":165756,"href":"https:\/\/highjumpchicago.org\/pl\/wp-json\/wp\/v2\/pages\/30\/revisions\/165756"}],"up":[{"embeddable":true,"href":"https:\/\/highjumpchicago.org\/pl\/wp-json\/wp\/v2\/pages\/50"}],"wp:attachment":[{"href":"https:\/\/highjumpchicago.org\/pl\/wp-json\/wp\/v2\/media?parent=30"}],"curies":[{"name":"wp","href":"https:\/\/api.w.org\/{rel}","templated":true}]}}