{"id":32,"date":"2018-10-08T01:57:03","date_gmt":"2018-10-08T06:57:03","guid":{"rendered":"https:\/\/d46e648428.nxcli.io\/?page_id=32"},"modified":"2026-01-22T17:02:02","modified_gmt":"2026-01-22T23:02:02","slug":"careers","status":"publish","type":"page","link":"https:\/\/highjumpchicago.org\/pl\/about\/careers\/","title":{"rendered":"Kariera"},"content":{"rendered":"<nav  aria-label=\"bu\u0142ka tarta\"><ol itemscope itemtype=\"https:\/\/schema.org\/BreadcrumbList\"><li itemprop=\"itemListElement\" itemscope itemtype=\"https:\/\/schema.org\/ListItem\"><a itemscope itemtype=\"https:\/\/schema.org\/WebPage\" itemprop=\"item\" itemid=\"https:\/\/highjumpchicago.org\" href=\"https:\/\/highjumpchicago.org\/pl\/\">Dom<\/a><meta itemprop=\"position\" content=\"1\"\/><\/li><li itemprop=\"itemListElement\" itemscope itemtype=\"https:\/\/schema.org\/ListItem\"><a itemscope itemtype=\"https:\/\/schema.org\/WebPage\" itemprop=\"item\" itemid=\"https:\/\/highjumpchicago.org\/about\/\" href=\"https:\/\/highjumpchicago.org\/pl\/about\/\">O nas<\/a><meta itemprop=\"position\" content=\"2\"\/><\/li><li aria-current=\"page\" itemprop=\"itemListElement\" itemscope itemtype=\"https:\/\/schema.org\/ListItem\">Kariera<meta itemprop=\"position\" content=\"3\"\/><\/li><\/ol><\/nav>\n\t<h1>Wykorzystaj swoj\u0105 pasj\u0119 do edukacji.<\/h1>\n<h2>Dzi\u0119kujemy za odwiedzenie strony Kariera w High Jump. Szukamy os\u00f3b, kt\u00f3re z pasj\u0105 d\u0105\u017c\u0105 do poszerzania dost\u0119pu do edukacji i wywierania pozytywnego, trwa\u0142ego wp\u0142ywu na \u015bwiat intelektualny i spo\u0142eczno\u015bci, kt\u00f3rym s\u0142u\u017cymy.<\/h2>\n<h3>\n\t\t\tPos\u0142uchaj nauczyciela skoku wzwy\u017c\t<\/h3>\n\t<iframe allowfullscreen allow=\"autoplay\" data-src=\"https:\/\/www.youtube.com\/embed\/rQtIbIoz4MQ?feature=oembed&amp;start&amp;end&amp;wmode=opaque&amp;loop=0&amp;controls=1&amp;mute=0&amp;rel=0&amp;modestbranding=1\"><\/iframe>\t\t\n\t\t\t\t\tOdtw\u00f3rz wideo\n\t<p>Zapoznaj si\u0119 z dost\u0119pnymi stanowiskami i aplikuj na te, kt\u00f3re odpowiadaj\u0105 Twoim kwalifikacjom. E-mail <b><a href=\"mailto:careers@highjumpchicago.org\" target=\"_blank\" rel=\"noopener\"><u>careers@highjumpchicago.org<\/u><\/a><\/b> Je\u015bli masz jakie\u015b pytania. Je\u015bli nie znajdziesz tego, czego szukasz, koniecznie obserwuj nas na <strong><a href=\"https:\/\/www.linkedin.com\/company\/high-jump\">Linkedin<\/a><\/strong> by\u0107 pierwszym, kt\u00f3ry dowie si\u0119 o przysz\u0142ych mo\u017cliwo\u015bciach.<\/p>\n\t<h1>Zwi\u0119kszanie naszego wp\u0142ywu<\/h1>\n\t<h2>Jako jeden z niewielu program\u00f3w w Chicago, kt\u00f3re zapewniaj\u0105 wzbogacenie akademickie gimnazjalistom, popyt na skok wzwy\u017c jest najwy\u017cszy w historii.<\/h2>\n\t\t<!-- Comment to fix spacing issue\n\t-->\n\t\t<h1>0+<\/h1>Uprawnieni studenci ka\u017cdego roku\n\t<!-- Comment to fix spacing issue\n\t-->\t\n\t\t<!-- Comment to fix spacing issue\n\t-->\n\t\t<h1>0<\/h1>Z\u0142o\u017cone wnioski i wywiady ze studentami\n\t<!-- Comment to fix spacing issue\n\t-->\t\n\t\t<!-- Comment to fix spacing issue\n\t-->\n\t\t<h1>0<\/h1>Przyj\u0119ci nowi uczeni (kohorta 35)\n\t<!-- Comment to fix spacing issue\n\t-->\t\n\t\t<!-- Comment to fix spacing issue\n\t-->\n\t\t<h1>0+<\/h1>Ca\u0142kowita liczba zarejestrowanych naukowc\u00f3w\n\t<!-- Comment to fix spacing issue\n\t-->\t\n\t<h2>Z Twoj\u0105 pomoc\u0105 mo\u017cemy sprosta\u0107 zapotrzebowaniu i wyk\u0142adniczo zwi\u0119kszy\u0107 nasz wp\u0142yw.<\/h2>\n\t\t\t<a href =\"https:\/\/highjumpchicago.org\/pl\/donate\/ways-to-donate\/\" target=\"_self\"  aria-label=\"Zainwestuj w naukowc\u00f3w jutra \">\n\t\t\t\t\t\t\t\tZainwestuj w naukowc\u00f3w jutra\t\t\t\t\t\t\t\n\t\t\t\t\t\t<\/a>","protected":false},"excerpt":{"rendered":"<p>Strona g\u0142\u00f3wna O nas Kariera Wykorzystaj swoj\u0105 pasj\u0119 do edukacji. Dzi\u0119kujemy za odwiedzenie strony Kariera w High Jump. Szukamy os\u00f3b, kt\u00f3re z pasj\u0105 poszerzaj\u0105 dost\u0119p do edukacji i wywieraj\u0105 pozytywny, trwa\u0142y wp\u0142yw na bystre umys\u0142y i spo\u0142eczno\u015bci, kt\u00f3rym s\u0142u\u017cymy. Pos\u0142uchaj nauczyciela High Jump Odtw\u00f3rz wideo Prosz\u0119 oceni\u0107\u2026<\/p>","protected":false},"author":7,"featured_media":49178,"parent":50,"menu_order":5,"comment_status":"closed","ping_status":"closed","template":"","meta":{"_seopress_robots_primary_cat":"","_seopress_titles_title":"","_seopress_titles_desc":"","_seopress_robots_index":"","inline_featured_image":false,"footnotes":""},"class_list":["post-32","page","type-page","status-publish","has-post-thumbnail","hentry"],"_links":{"self":[{"href":"https:\/\/highjumpchicago.org\/pl\/wp-json\/wp\/v2\/pages\/32","targetHints":{"allow":["GET"]}}],"collection":[{"href":"https:\/\/highjumpchicago.org\/pl\/wp-json\/wp\/v2\/pages"}],"about":[{"href":"https:\/\/highjumpchicago.org\/pl\/wp-json\/wp\/v2\/types\/page"}],"author":[{"embeddable":true,"href":"https:\/\/highjumpchicago.org\/pl\/wp-json\/wp\/v2\/users\/7"}],"replies":[{"embeddable":true,"href":"https:\/\/highjumpchicago.org\/pl\/wp-json\/wp\/v2\/comments?post=32"}],"version-history":[{"count":10,"href":"https:\/\/highjumpchicago.org\/pl\/wp-json\/wp\/v2\/pages\/32\/revisions"}],"predecessor-version":[{"id":159639,"href":"https:\/\/highjumpchicago.org\/pl\/wp-json\/wp\/v2\/pages\/32\/revisions\/159639"}],"up":[{"embeddable":true,"href":"https:\/\/highjumpchicago.org\/pl\/wp-json\/wp\/v2\/pages\/50"}],"wp:featuredmedia":[{"embeddable":true,"href":"https:\/\/highjumpchicago.org\/pl\/wp-json\/wp\/v2\/media\/49178"}],"wp:attachment":[{"href":"https:\/\/highjumpchicago.org\/pl\/wp-json\/wp\/v2\/media?parent=32"}],"curies":[{"name":"wp","href":"https:\/\/api.w.org\/{rel}","templated":true}]}}