{"id":322,"date":"2018-11-05T01:16:36","date_gmt":"2018-11-05T01:16:36","guid":{"rendered":"https:\/\/d46e648428.nxcli.io\/?page_id=322"},"modified":"2022-01-25T16:27:18","modified_gmt":"2022-01-25T22:27:18","slug":"high-school-mock-interviews","status":"publish","type":"page","link":"https:\/\/highjumpchicago.org\/pl\/donate\/volunteer\/high-school-mock-interviews\/","title":{"rendered":"Pr\u00f3bne wywiady z liceum"},"content":{"rendered":"<nav  aria-label=\"bu\u0142ka tarta\"><ol itemscope itemtype=\"https:\/\/schema.org\/BreadcrumbList\"><li itemprop=\"itemListElement\" itemscope itemtype=\"https:\/\/schema.org\/ListItem\"><a itemscope itemtype=\"http:\/\/schema.org\/WebPage\" itemprop=\"item\" itemid=\"https:\/\/highjumpchicago.org\" href=\"https:\/\/highjumpchicago.org\/pl\/\">Dom<\/a><meta itemprop=\"position\" content=\"1\" \/><\/li><li itemprop=\"itemListElement\" itemscope itemtype=\"https:\/\/schema.org\/ListItem\"><a itemscope itemtype=\"http:\/\/schema.org\/WebPage\" itemprop=\"item\" itemid=\"https:\/\/highjumpchicago.org\/volunteer\/\" href=\"https:\/\/highjumpchicago.org\/pl\/volunteer\/\">Wolontariat z Nami<\/a><meta itemprop=\"position\" content=\"2\" \/><\/li><li aria-current=\"page\" itemprop=\"itemListElement\" itemscope itemtype=\"https:\/\/schema.org\/ListItem\">Pr\u00f3bne wywiady z liceum<meta itemprop=\"position\" content=\"3\" \/><\/li><\/ol><\/nav>\n\t\t\t\t<img loading=\"lazy\" decoding=\"async\" src=\"https:\/\/highjumpchicago.org\/wp-content\/uploads\/2018\/11\/volunteer-1-1.jpg\" alt=\"students at a high school mock interview | High Jump Chicago\" itemprop=\"image\" height=\"267\" width=\"400\" title=\"Wywiady z makiety liceum | Skok wzwy\u017c Chicago\" onerror=\"this.style.display='none'\"  \/>\n\t<b>Wiosenna data do ustalenia<\/b><br \/>\n<b>Zaanga\u017cowanie minimum 3 godziny<\/b>\n\t<p>To wydarzenie zapewnia uczniom indywidualn\u0105 praktyk\u0119, kt\u00f3ra pomo\u017ce im doskonali\u0107 umiej\u0119tno\u015bci prowadzenia rozm\u00f3w kwalifikacyjnych.<\/p>\n<p>Wolontariusze przeprowadz\u0105 od trzech do pi\u0119ciu 15-minutowych wywiad\u00f3w i przeka\u017c\u0105 konstruktywne informacje zwrotne, kt\u00f3rymi nauczyciele podziel\u0105 si\u0119 z uczniami, aby pom\u00f3c im przygotowa\u0107 si\u0119 do konkurencyjnego procesu rekrutacji do szk\u00f3\u0142 \u015brednich.<\/p>\n<p>Prosz\u0119 <a href=\"https:\/\/highjumpchicago.org\/pl\/contact\/\">Skontaktuj si\u0119 z nami<\/a> na konkretne daty i godziny wolontariuszy.<\/p>","protected":false},"excerpt":{"rendered":"<p>Strona g\u0142\u00f3wna Zosta\u0144 z nami w ramach wolontariatu Pr\u00f3bne rozmowy kwalifikacyjne w szkole \u015bredniej Data wiosenna do ustalenia Minimum 3 godziny zaanga\u017cowania To wydarzenie zapewnia uczniom indywidualn\u0105 praktyk\u0119, kt\u00f3ra pomaga im doskonali\u0107 umiej\u0119tno\u015bci prowadzenia rozm\u00f3w kwalifikacyjnych. Wolontariusze przeprowadz\u0105 od trzech do pi\u0119ciu 15-minutowych wywiad\u00f3w i przeka\u017c\u0105 konstruktywne uwagi, kt\u00f3rymi nauczyciele podziel\u0105 si\u0119 z uczniami, aby pom\u00f3c im przygotowa\u0107 si\u0119 do konkursu\u2026<\/p>","protected":false},"author":7,"featured_media":0,"parent":63,"menu_order":1,"comment_status":"closed","ping_status":"closed","template":"","meta":{"_seopress_robots_primary_cat":"","_seopress_titles_title":"","_seopress_titles_desc":"","_seopress_robots_index":"","inline_featured_image":false,"footnotes":""},"class_list":["post-322","page","type-page","status-publish","hentry"],"_links":{"self":[{"href":"https:\/\/highjumpchicago.org\/pl\/wp-json\/wp\/v2\/pages\/322","targetHints":{"allow":["GET"]}}],"collection":[{"href":"https:\/\/highjumpchicago.org\/pl\/wp-json\/wp\/v2\/pages"}],"about":[{"href":"https:\/\/highjumpchicago.org\/pl\/wp-json\/wp\/v2\/types\/page"}],"author":[{"embeddable":true,"href":"https:\/\/highjumpchicago.org\/pl\/wp-json\/wp\/v2\/users\/7"}],"replies":[{"embeddable":true,"href":"https:\/\/highjumpchicago.org\/pl\/wp-json\/wp\/v2\/comments?post=322"}],"version-history":[{"count":5,"href":"https:\/\/highjumpchicago.org\/pl\/wp-json\/wp\/v2\/pages\/322\/revisions"}],"predecessor-version":[{"id":4314,"href":"https:\/\/highjumpchicago.org\/pl\/wp-json\/wp\/v2\/pages\/322\/revisions\/4314"}],"up":[{"embeddable":true,"href":"https:\/\/highjumpchicago.org\/pl\/wp-json\/wp\/v2\/pages\/63"}],"wp:attachment":[{"href":"https:\/\/highjumpchicago.org\/pl\/wp-json\/wp\/v2\/media?parent=322"}],"curies":[{"name":"wp","href":"https:\/\/api.w.org\/{rel}","templated":true}]}}