{"id":327,"date":"2018-11-05T01:24:11","date_gmt":"2018-11-05T01:24:11","guid":{"rendered":"https:\/\/d46e648428.nxcli.io\/?page_id=327"},"modified":"2022-01-25T16:41:15","modified_gmt":"2022-01-25T22:41:15","slug":"career-day","status":"publish","type":"page","link":"https:\/\/highjumpchicago.org\/pl\/donate\/volunteer\/career-day\/","title":{"rendered":"Dzie\u0144 Kariery"},"content":{"rendered":"<nav aria-label=\"bu\u0142ka tarta\"><ol itemscope=\"\" itemtype=\"https:\/\/schema.org\/BreadcrumbList\"><li itemprop=\"itemListElement\" itemscope=\"\" itemtype=\"https:\/\/schema.org\/ListItem\"><a itemscope=\"\" itemtype=\"http:\/\/schema.org\/WebPage\" itemprop=\"item\" itemid=\"https:\/\/highjumpchicago.org\" href=\"https:\/\/highjumpchicago.org\/pl\/\">Dom<\/a><meta itemprop=\"position\" content=\"1\"><\/li><li itemprop=\"itemListElement\" itemscope=\"\" itemtype=\"https:\/\/schema.org\/ListItem\"><a itemscope=\"\" itemtype=\"http:\/\/schema.org\/WebPage\" itemprop=\"item\" itemid=\"https:\/\/highjumpchicago.org\/volunteer\/\" href=\"https:\/\/highjumpchicago.org\/pl\/volunteer\/\">Wolontariat z Nami<\/a><meta itemprop=\"position\" content=\"2\"><\/li><li aria-current=\"page\" itemprop=\"itemListElement\" itemscope=\"\" itemtype=\"https:\/\/schema.org\/ListItem\">Poka\u017c karier\u0119 i powiedz<meta itemprop=\"position\" content=\"3\"><\/li><\/ol><\/nav>\n\t\t\t\t<img loading=\"lazy\" decoding=\"async\" src=\"https:\/\/highjumpchicago.org\/wp-content\/uploads\/2018\/11\/volunteer-2-1.jpg\" alt=\"students at a career show and tell event | High Jump Chicago\" itemprop=\"image\" height=\"267\" width=\"400\" title=\"Poka\u017c i powiedz o karierze | Skok wzwy\u017c Chicago\" onerror=\"this.style.display='none'\">\n\tWiosna<br>\nZaanga\u017cowanie minimum 3 godziny\n\t<p>To wydarzenie ma na celu wspieranie uczni\u00f3w w wyra\u017caniu ich cel\u00f3w, czy chc\u0105 zosta\u0107 neurochirurgiem, in\u017cynierem chemikiem czy rzecznikiem praw obywatelskich.<\/p>\n<p>Poszukujemy ochotnik\u00f3w do wyg\u0142oszenia czterech 15-minutowych prezentacji dla ma\u0142ych grup student\u00f3w. Celem Dnia Kariery jest pokazanie uczniom r\u00f3\u017cnych karier, kt\u00f3re mog\u0105 realizowa\u0107, i zainspirowanie ich do osi\u0105gania doskona\u0142ych wynik\u00f3w w tych dziedzinach.<\/p>\n<p>Prosz\u0119 <a href=\"https:\/\/highjumpchicago.org\/pl\/contact\/\">Skontaktuj si\u0119 z nami<\/a> na konkretne daty i godziny wolontariuszy.<\/p>","protected":false},"excerpt":{"rendered":"<p>Strona g\u0142\u00f3wna Zosta\u0144 z nami wolontariatem Kariera Show &amp; Tell Spring Minimum 3 godziny zaanga\u017cowania To wydarzenie ma na celu wsparcie uczni\u00f3w w okre\u015bleniu ich cel\u00f3w, niezale\u017cnie od tego, czy chc\u0105 zosta\u0107 neurochirurgiem, in\u017cynierem chemikiem czy prawnikiem zajmuj\u0105cym si\u0119 prawami obywatelskimi. Poszukujemy wolontariuszy, kt\u00f3rzy poprowadz\u0105 cztery 15-minutowe prezentacje dla ma\u0142ych grup uczni\u00f3w. Celem Dnia Kariery jest\u2026<\/p>","protected":false},"author":7,"featured_media":0,"parent":63,"menu_order":2,"comment_status":"closed","ping_status":"closed","template":"","meta":{"_seopress_robots_primary_cat":"","_seopress_titles_title":"","_seopress_titles_desc":"","_seopress_robots_index":"","inline_featured_image":false,"footnotes":""},"class_list":["post-327","page","type-page","status-publish","hentry"],"_links":{"self":[{"href":"https:\/\/highjumpchicago.org\/pl\/wp-json\/wp\/v2\/pages\/327","targetHints":{"allow":["GET"]}}],"collection":[{"href":"https:\/\/highjumpchicago.org\/pl\/wp-json\/wp\/v2\/pages"}],"about":[{"href":"https:\/\/highjumpchicago.org\/pl\/wp-json\/wp\/v2\/types\/page"}],"author":[{"embeddable":true,"href":"https:\/\/highjumpchicago.org\/pl\/wp-json\/wp\/v2\/users\/7"}],"replies":[{"embeddable":true,"href":"https:\/\/highjumpchicago.org\/pl\/wp-json\/wp\/v2\/comments?post=327"}],"version-history":[{"count":5,"href":"https:\/\/highjumpchicago.org\/pl\/wp-json\/wp\/v2\/pages\/327\/revisions"}],"predecessor-version":[{"id":4317,"href":"https:\/\/highjumpchicago.org\/pl\/wp-json\/wp\/v2\/pages\/327\/revisions\/4317"}],"up":[{"embeddable":true,"href":"https:\/\/highjumpchicago.org\/pl\/wp-json\/wp\/v2\/pages\/63"}],"wp:attachment":[{"href":"https:\/\/highjumpchicago.org\/pl\/wp-json\/wp\/v2\/media?parent=327"}],"curies":[{"name":"wp","href":"https:\/\/api.w.org\/{rel}","templated":true}]}}