{"id":3441,"date":"2021-02-09T16:53:16","date_gmt":"2021-02-09T22:53:16","guid":{"rendered":"https:\/\/d46e648428.nxcli.io\/?page_id=3441"},"modified":"2023-10-06T11:15:39","modified_gmt":"2023-10-06T16:15:39","slug":"gift-of-high-jump","status":"publish","type":"page","link":"https:\/\/highjumpchicago.org\/pl\/donate\/ways-to-donate\/gift-of-high-jump\/","title":{"rendered":"Podaruj prezent w postaci skoku wzwy\u017c"},"content":{"rendered":"<img loading=\"lazy\" decoding=\"async\" src=\"https:\/\/highjumpchicago.org\/wp-content\/uploads\/2021\/02\/Gift-of-High-Jump-Banner.jpg\" alt=\"Gift-of-High-Jump-Banner\" itemprop=\"image\" height=\"600\" width=\"1950\" title=\"Sztandar-podarunek-skok wzwy\u017c\" onerror=\"this.style.display='none'\">\n\t<nav aria-label=\"bu\u0142ka tarta\"><ol itemscope=\"\" itemtype=\"https:\/\/schema.org\/BreadcrumbList\"><li itemprop=\"itemListElement\" itemscope=\"\" itemtype=\"https:\/\/schema.org\/ListItem\"><a itemscope=\"\" itemtype=\"http:\/\/schema.org\/WebPage\" itemprop=\"item\" itemid=\"https:\/\/highjumpchicago.org\" href=\"https:\/\/highjumpchicago.org\/pl\/\">Dom<\/a><meta itemprop=\"position\" content=\"1\"><\/li><li itemprop=\"itemListElement\" itemscope=\"\" itemtype=\"https:\/\/schema.org\/ListItem\"><a itemscope=\"\" itemtype=\"http:\/\/schema.org\/WebPage\" itemprop=\"item\" itemid=\"https:\/\/highjumpchicago.org\/donate\/\" href=\"https:\/\/highjumpchicago.org\/pl\/donate\/\">Podarowa\u0107<\/a><meta itemprop=\"position\" content=\"2\"><\/li><li itemprop=\"itemListElement\" itemscope=\"\" itemtype=\"https:\/\/schema.org\/ListItem\"><a itemscope=\"\" itemtype=\"http:\/\/schema.org\/WebPage\" itemprop=\"item\" itemid=\"https:\/\/highjumpchicago.org\/donate\/ways-to-donate\/\" href=\"https:\/\/highjumpchicago.org\/pl\/donate\/ways-to-donate\/\">Sposoby przekazywania darowizn<\/a><meta itemprop=\"position\" content=\"3\"><\/li><li aria-current=\"page\" itemprop=\"itemListElement\" itemscope=\"\" itemtype=\"https:\/\/schema.org\/ListItem\">Podaruj prezent w postaci skoku wzwy\u017c<meta itemprop=\"position\" content=\"4\"><\/li><\/ol><\/nav><h2>\n\t\tPodaruj prezent, kt\u00f3ry odwdzi\u0119cza si\u0119 i szanuj tych, kt\u00f3rzy s\u0105 dla Ciebie wyj\u0105tkowi!\n\t<\/h2>\n\t<p><strong>Kiedy przekazujesz prezent na cze\u015b\u0107 innej osoby, mo\u017cesz pobra\u0107 kart\u0119 do wydrukowania, aby spersonalizowa\u0107 j\u0105 i wys\u0142a\u0107 poczt\u0105 lub obraz, aby udost\u0119pni\u0107 go poczt\u0105 elektroniczn\u0105 lub SMS-em. To \u015bwietny spos\u00f3b, aby poinformowa\u0107 znajomych i rodzin\u0119 o wp\u0142ywie prezentu, kt\u00f3ry zrobi\u0142e\u015b w ich imieniu.<\/strong><\/p>\n<p><b>Twoje wsparcie b\u0119dzie mia\u0142o trwa\u0142y wp\u0142yw na \u017cycie ucznia<\/b> poprzez bezp\u0142atne wzbogacenie akademickie i wsparcie spo\u0142eczno-emocjonalne, na kt\u00f3rym mog\u0105 polega\u0107.<\/p>\n\t\t\t\t<img loading=\"lazy\" decoding=\"async\" src=\"https:\/\/highjumpchicago.org\/wp-content\/uploads\/2021\/02\/gift-of-high-jump-card-pic.png\" alt=\"gift-of-high-jump-card-pic\" itemprop=\"image\" height=\"300\" width=\"300\" title=\"prezent-karty-skoku wzwy\u017c-pic\" onerror=\"this.style.display='none'\">\n\t<p><em>Po przetworzeniu darowizny otrzymasz wiadomo\u015b\u0107 e-mail z potwierdzeniem zawieraj\u0105c\u0105 \u0142\u0105cze do karty i obrazu do pobrania, aby podzieli\u0107 si\u0119 prezentem, drukuj\u0105c go lub wysy\u0142aj\u0105c elektronicznie.&nbsp;<\/em><\/p>\n\n<h2>\n\t\tTw\u00f3j wk\u0142ad w dzia\u0142anie\n\t<\/h2>\n\t<ul>\n\t\t<li>\t\t\t\t\n\t\t<h3>Wzbogacenie akademickie bez czesnego<\/h3><\/li><li>\t\t\t\t\n\t\t<h3>Przek\u0105ski i posi\u0142ki dla student\u00f3w<\/h3><\/li><li>\t\t\t\t\n\t\t<h3>Sta\u0142e laptopy dla student\u00f3w<\/h3><\/li>\t<\/ul>\n\t<ul>\n\t\t<li>\t\t\t\t\n\t\t<h3>Dedykowany wyk\u0142adowca i personel<\/h3><\/li><li>\t\t\t\t\n\t\t<h3>Praktyczne wsparcie ucznia <\/h3><\/li><li>\t\t\t\t\n\t\t<h3>Zapewnione wszystkie materia\u0142y do nauki<\/h3><\/li>\t<\/ul>","protected":false},"excerpt":{"rendered":"<p>Strona g\u0142\u00f3wna Przeka\u017c darowizn\u0119 Podaruj skok wzwy\u017c Podaruj prezent, kt\u00f3ry odwdzi\u0119czy si\u0119 i uhonoruj tych, kt\u00f3rzy s\u0105 dla Ciebie wyj\u0105tkowi! Kiedy przekazujesz prezent na cze\u015b\u0107 innej osoby, mo\u017cesz pobra\u0107 kart\u0119 do wydrukowania, aby j\u0105 spersonalizowa\u0107 i wys\u0142a\u0107 poczt\u0105 lub obraz, aby udost\u0119pni\u0107 go poczt\u0105 elektroniczn\u0105 lub SMS-em. To jest\u2026<\/p>","protected":false},"author":7,"featured_media":3445,"parent":1955,"menu_order":0,"comment_status":"closed","ping_status":"closed","template":"","meta":{"_seopress_robots_primary_cat":"","_seopress_titles_title":"","_seopress_titles_desc":"","_seopress_robots_index":"","inline_featured_image":false,"footnotes":""},"class_list":["post-3441","page","type-page","status-publish","has-post-thumbnail","hentry"],"_links":{"self":[{"href":"https:\/\/highjumpchicago.org\/pl\/wp-json\/wp\/v2\/pages\/3441","targetHints":{"allow":["GET"]}}],"collection":[{"href":"https:\/\/highjumpchicago.org\/pl\/wp-json\/wp\/v2\/pages"}],"about":[{"href":"https:\/\/highjumpchicago.org\/pl\/wp-json\/wp\/v2\/types\/page"}],"author":[{"embeddable":true,"href":"https:\/\/highjumpchicago.org\/pl\/wp-json\/wp\/v2\/users\/7"}],"replies":[{"embeddable":true,"href":"https:\/\/highjumpchicago.org\/pl\/wp-json\/wp\/v2\/comments?post=3441"}],"version-history":[{"count":5,"href":"https:\/\/highjumpchicago.org\/pl\/wp-json\/wp\/v2\/pages\/3441\/revisions"}],"predecessor-version":[{"id":20808,"href":"https:\/\/highjumpchicago.org\/pl\/wp-json\/wp\/v2\/pages\/3441\/revisions\/20808"}],"up":[{"embeddable":true,"href":"https:\/\/highjumpchicago.org\/pl\/wp-json\/wp\/v2\/pages\/1955"}],"wp:featuredmedia":[{"embeddable":true,"href":"https:\/\/highjumpchicago.org\/pl\/wp-json\/wp\/v2\/media\/3445"}],"wp:attachment":[{"href":"https:\/\/highjumpchicago.org\/pl\/wp-json\/wp\/v2\/media?parent=3441"}],"curies":[{"name":"wp","href":"https:\/\/api.w.org\/{rel}","templated":true}]}}