{"id":3546,"date":"2021-02-18T17:06:00","date_gmt":"2021-02-18T23:06:00","guid":{"rendered":"https:\/\/d46e648428.nxcli.io\/?page_id=3546"},"modified":"2026-04-14T14:03:24","modified_gmt":"2026-04-14T19:03:24","slug":"associate-board","status":"publish","type":"page","link":"https:\/\/highjumpchicago.org\/pl\/about\/associate-board\/","title":{"rendered":"Rada Wsp\u00f3\u0142pracownik\u00f3w"},"content":{"rendered":"<h1>Nasza misja<\/h1>\n<h3>To bring together leaders who are passionate about positively contributing to High Jump&#8217;s mission to expand access to education in Chicago by committing to three core pillars:<\/h3>\n\t<ul>\n\t\t<li>\t\t\t\t\n\t\t<h3>Strategiczne wsparcie w pozyskiwaniu funduszy<\/h3><\/li><li>\t\t\t\t\n\t\t<h3>Zaanga\u017cowanie spo\u0142eczne i ambasadorstwo<\/h3><\/li><li>\t\t\t\t\n\t\t<h3>Rozw\u00f3j zawodowy i budowanie relacji<\/h3><\/li>\t<\/ul>\n\t<h1>Zobowi\u0105zanie<\/h1>\n\t\t\t\t\t\t<h3>Wymagania og\u00f3lne<\/h3>\n\t\t\t\t\t\t<ul><li>Zobowi\u0105zanie do zasiadania w zarz\u0105dzie przez 2 lata.<\/li><li>Zosta\u0144 wolontariuszem dwa razy w roku i we\u017a udzia\u0142 w 1 wydarzeniu charytatywnym.<\/li><li>Po\u015bwi\u0119caj 5\u201310 godzin miesi\u0119cznie na kwartalne spotkania i zasiadaj w co najmniej jednym komitecie.<\/li><\/ul>\n\t\t\t\t\t\t<!-- CTA -->\n\t\t\t\t\t\t<h3>Strategiczne wsparcie w pozyskiwaniu funduszy<\/h3>\n\t\t\t\t\t\t<ul><li>Support High Jump&#8217;s fundraising efforts throughout the year.\u00a0<\/li><li>Wsp\u00f3\u0142udzia\u0142 w strategicznym planowaniu i realizacji dw\u00f3ch dorocznych wydarze\u0144 fundraisingowych AB.<\/li><li>Przeka\u017c darowizn\u0119 w wysoko\u015bci co najmniej $250 i zbierz fundusze w wysoko\u015bci co najmniej $500 w roku podatkowym.<\/li><\/ul>\n\t\t\t\t\t\t<!-- CTA -->\n\t\t\t\t\t\t<h3>Zaanga\u017cowanie spo\u0142eczne i ambasadorstwo<\/h3>\n\t\t\t\t\t\t<ul>\n<li>Champion High Jump&#8217;s values by supporting key campaigns and initiatives.<\/li>\n<li>Zwi\u0119ksz \u015bwiadomo\u015b\u0107 i zainteresowanie High Jump w swoich sieciach osobistych i zawodowych.<\/li>\n<\/ul>\n\t\t\t\t\t\t<!-- CTA -->\n\t\t\t\t\t\t<h3>Rozw\u00f3j zawodowy i budowanie relacji<\/h3>\n\t\t\t\t\t\t<ul>\n<li>Skorzystaj z okazji do doskonalenia umiej\u0119tno\u015bci zawodowych, w tym z wydarze\u0144 networkingowych, mentoringu zarz\u0105du, pe\u0142nienia r\u00f3l kierowniczych i ekskluzywnych chwil wolontariatu.\n\t\t\t\t\t\t<!-- CTA -->\n\t<h1>Jak do\u0142\u0105czy\u0107<\/h1>\n<figure itemscope itemtype=\"https:\/\/schema.org\/ImageObject\">\n\t\t\t\t<img decoding=\"async\" src=\"https:\/\/highjumpchicago.org\/wp-content\/uploads\/2026\/04\/IMG_2889-e1775079511493.jpeg\" alt=\"Associate Board - Event\" height=\"672\" width=\"1754\" title=\"Zarz\u0105d Stowarzyszony - Wydarzenie\" onerror=\"this.style.display='none'\" loading=\"lazy\" \/>\n\t<\/figure>\n\t<h1>Czy jeste\u015b zainteresowany do\u0142\u0105czeniem do zarz\u0105du High Jump lub poznaniem szczeg\u00f3\u0142\u00f3w na jego temat?<\/h1>\n<p>Membership is open to individuals who demonstrate an interest in High Jump&#8217;s mission and will actively participate in Associate Board activities and adhere to the commitments. Applications to join the Associate Board are accepted twice per year, with application cycles in the Spring (March-May) and Fall (Sept-Nov).<\/p>\n<p>Osoby zainteresowane cz\u0142onkostwem (powy\u017cej 21 lat) powinny wype\u0142ni\u0107 i przes\u0142a\u0107 wniosek, a nast\u0119pnie wys\u0142a\u0107 wiadomo\u015b\u0107 e-mail do naszego zast\u0119pcy dyrektora ds. rozwoju, <strong><a href=\"mailto:gkizer@highjumpchicago.org?subject=Associate%20Board%20Statement%20of%20Interest\" rel=\"noopener\">Gabi Kizer<\/a><\/strong>, with a statement of interest. We&#8217;ll set up a brief introductory meeting to gauge if we&#8217;re the right fit for each other.<\/p>\n<p><strong>We&#8217;re looking forward to meeting you and making a positive impact, together!<\/strong><\/p>\n\t\t\t<a href=\"https:\/\/docs.google.com\/forms\/d\/e\/1FAIpQLSfuoTzjgsZIz02D8porUS1ciGjSB4DohYe3gyos82KO58JA3w\/viewform\"  target=\"_blank\" rel=\"noopener\">\n\t\t\t\t\t\t\tZG\u0141O\u015a SI\u0118 TUTAJ\n\t\t\t\t\t<\/a>\n\t<h1>Poznaj zarz\u0105d stowarzyszenia High Jump<\/h1>\n\t<h2>\n\t\t\t\tKrzes\u0142o\n\t\t\t<\/h2>\n\t<strong>Shawna Manninga<\/strong><br \/>\n<em>Toast<\/em>\n\t<h2>\n\t\t\t\tPrzewodnicz\u0105cy Podkomisji\n\t\t\t<\/h2>\n\t<b>Emanuele Macchi<br \/>\n<\/b><em>Systemy Pull<\/em>\n<b>Sara Kohler<br \/>\n<\/b><em>Blue Cross Blue Shield of Illinois<\/em>\n<b>Micha\u0142 Mont<br \/>\n<\/b><em>Zarz\u0105dzanie IT<\/em>\n\t<h2>\n\t\t\t\tCz\u0142onkowie\n\t\t\t<\/h2>\n\t<strong>Johna Banksa<\/strong><br \/>\n<em>Partnerzy kapita\u0142owi JEB<\/em>\n<strong>Tevin Bowens<\/strong><br \/>\n<em>Adelman &amp; Gettleman, Ltd.<\/em>\n<strong>Nabid Hernandez<\/strong><br \/>\nSkok wzwy\u017c<br \/>\n<em>BMO US<\/em>\n<strong>Andrzej Jessen<\/strong><em><br \/>\nWilliama Blaira<\/em>\n<strong>Alec Klimowicz<\/strong><br \/>\n<em>Willkie Farr i Gallagher<\/em>\n<strong>Dilara Mniejsza<\/strong><br \/>\nSkok wzwy\u017c<br \/>\n<em>projekt44<\/em>\n\n\t<strong>Angelina Ly<br \/>\n<\/strong>\u017buraw USA\n<strong>Geneza Martineza<\/strong><br \/>\nSkok wzwy\u017c<br \/>\n<em>KPMG USA<\/em>\n<strong>Richard Mbouombouo<\/strong><br \/>\nSkok wzwy\u017c<br \/>\n<em> PPM Ameryka<\/em>\n<strong>Brenda Olvera<\/strong><br \/>\n<em>Kancelaria Adwokacka <\/em><em>Rzecznik Praw Obywatelskich hrabstwa Cook<\/em>\n<strong>Arianna Perez<br \/>\n<\/strong>Skok wzwy\u017c<br \/>\n<em>CIBC<\/em>\n<strong>Anny Rahman<\/strong><br \/>\nSkok wzwy\u017c<br \/>\n<em>Rush Centrum Medyczne<\/em>\n\t<strong>Jasona Riddella<\/strong><br \/>\n<em>Boston Consulting Group<\/em>\n<strong>Jalen Ross<\/strong><br \/>\n<em>Partnerzy Ellery<br \/>\nKolektyw Cam<\/em>\n<strong>Karlie Stanton<\/strong><em><br \/>\nDoradztwo Deloitte<\/em>\n<strong>James Tallis<\/strong><em><br \/>\nChapman i Cutler LLP<\/em>\n<b>Mike Tremeski<br \/>\n<\/b><i>Katten Muchin Rosenman<\/i>\n<strong>Nate wygrywa<\/strong><br \/>\n<i>KPMG<\/i>\n\n\t<p><strong>Czy jeste\u015b zainteresowany do\u0142\u0105czeniem do zarz\u0105du High Jump lub poznaniem szczeg\u00f3\u0142\u00f3w na jego temat? <\/strong>Prosimy o kontakt z Gabi Kizer pod adresem <a href=\"mailto:gkizer@highjumpchicago.org?subject=Associate Board Inquiry\">gkizer@highjumpchicago.org<\/a><\/p>\n<\/li><\/ul>","protected":false},"excerpt":{"rendered":"<p>Our Mission To bring together leaders who are passionate about positively contributing to High Jump&#8217;s mission to expand access to education in Chicago by committing to three core pillars: Strategic Fundraising Support Community Engagement &amp; Ambassadorship Professional Development &amp; Relationship Building Commitment General Requirements Commit to serving on the board for 2 years. Volunteer twice&hellip;<\/p>","protected":false},"author":7,"featured_media":205496,"parent":50,"menu_order":0,"comment_status":"closed","ping_status":"closed","template":"","meta":{"_seopress_robots_primary_cat":"","_seopress_titles_title":"","_seopress_titles_desc":"","_seopress_robots_index":"","inline_featured_image":false,"footnotes":""},"class_list":["post-3546","page","type-page","status-publish","has-post-thumbnail","hentry"],"_links":{"self":[{"href":"https:\/\/highjumpchicago.org\/pl\/wp-json\/wp\/v2\/pages\/3546","targetHints":{"allow":["GET"]}}],"collection":[{"href":"https:\/\/highjumpchicago.org\/pl\/wp-json\/wp\/v2\/pages"}],"about":[{"href":"https:\/\/highjumpchicago.org\/pl\/wp-json\/wp\/v2\/types\/page"}],"author":[{"embeddable":true,"href":"https:\/\/highjumpchicago.org\/pl\/wp-json\/wp\/v2\/users\/7"}],"replies":[{"embeddable":true,"href":"https:\/\/highjumpchicago.org\/pl\/wp-json\/wp\/v2\/comments?post=3546"}],"version-history":[{"count":24,"href":"https:\/\/highjumpchicago.org\/pl\/wp-json\/wp\/v2\/pages\/3546\/revisions"}],"predecessor-version":[{"id":209710,"href":"https:\/\/highjumpchicago.org\/pl\/wp-json\/wp\/v2\/pages\/3546\/revisions\/209710"}],"up":[{"embeddable":true,"href":"https:\/\/highjumpchicago.org\/pl\/wp-json\/wp\/v2\/pages\/50"}],"wp:featuredmedia":[{"embeddable":true,"href":"https:\/\/highjumpchicago.org\/pl\/wp-json\/wp\/v2\/media\/205496"}],"wp:attachment":[{"href":"https:\/\/highjumpchicago.org\/pl\/wp-json\/wp\/v2\/media?parent=3546"}],"curies":[{"name":"wp","href":"https:\/\/api.w.org\/{rel}","templated":true}]}}