{"id":3775,"date":"2021-04-30T12:45:09","date_gmt":"2021-04-30T17:45:09","guid":{"rendered":"https:\/\/d46e648428.nxcli.io\/?page_id=3775"},"modified":"2025-10-14T16:51:39","modified_gmt":"2025-10-14T21:51:39","slug":"community-scholars","status":"publish","type":"page","link":"https:\/\/highjumpchicago.org\/pl\/our-programs\/community-scholars\/","title":{"rendered":"Naukowcy spo\u0142eczno\u015bci"},"content":{"rendered":"<nav  aria-label=\"bu\u0142ka tarta\"><ol itemscope itemtype=\"https:\/\/schema.org\/BreadcrumbList\"><li itemprop=\"itemListElement\" itemscope itemtype=\"https:\/\/schema.org\/ListItem\"><a itemscope itemtype=\"https:\/\/schema.org\/WebPage\" itemprop=\"item\" itemid=\"https:\/\/highjumpchicago.org\" href=\"https:\/\/highjumpchicago.org\/pl\/\">Dom<\/a><meta itemprop=\"position\" content=\"1\"\/><\/li><li itemprop=\"itemListElement\" itemscope itemtype=\"https:\/\/schema.org\/ListItem\"><a itemscope itemtype=\"https:\/\/schema.org\/WebPage\" itemprop=\"item\" itemid=\"https:\/\/highjumpchicago.org\/our-programs\/\" href=\"https:\/\/highjumpchicago.org\/pl\/our-programs\/\">Nasze programy<\/a><meta itemprop=\"position\" content=\"2\"\/><\/li><li aria-current=\"page\" itemprop=\"itemListElement\" itemscope itemtype=\"https:\/\/schema.org\/ListItem\">Naukowcy spo\u0142eczno\u015bci<meta itemprop=\"position\" content=\"3\"\/><\/li><\/ol><\/nav>\n<h1>\n\t\t\tStudent-First. Praktyczny. Bardziej dost\u0119pne.\t<\/h1>\n\t<h3>High Jump Community Scholars to bezp\u0142atny program oferuj\u0105cy jedyne w swoim rodzaju do\u015bwiadczenia, dost\u0119p do zasob\u00f3w i mo\u017cliwo\u015bci edukacyjne.<\/h3>\n<p>Uczniowie s\u0105 ciekawi intelektualnie i zmotywowani naukowo, i szukaj\u0105 do\u015bwiadczenia w szkole \u015bredniej, kt\u00f3re b\u0119dzie dla nich wyzwaniem spo\u0142ecznym i akademickim. Program ma na celu wprowadzenie programowania do okolicznych szk\u00f3\u0142 i dotarcie do wi\u0119kszej liczby uczni\u00f3w w ca\u0142ym Chicago.<\/p>\n\t\t\t\t\t\t<h3>Kto mo\u017ce si\u0119 zg\u0142osi\u0107?<\/h3>\n\t\t\t\t\t\t<ul><li><strong>Wszyscy uczniowie obecnie ucz\u0119szczaj\u0105cy do 6. klasy, kt\u00f3rzy s\u0105 zapisani na stronie Community Scholars<\/strong><\/li><li>Studenci <strong>ze \u015bredni\u0105 B lub wy\u017csz\u0105<\/strong><\/li><li>Tych <strong>kt\u00f3rzy s\u0105 ciekawi intelektualnie i zmotywowani naukowo<\/strong><\/li><li>Studenci poszukuj\u0105cy do\u015bwiadczenia w szkole \u015bredniej, kt\u00f3re b\u0119dzie dla nich wyzwaniem spo\u0142ecznym i akademickim<\/li><li>Studenci, kt\u00f3rzy spe\u0142niaj\u0105 wymagane progi dochodowe<\/li><\/ul>\n\t\t\t\t\t\t<!-- CTA -->\n\t\t\t\t\t\t<h3>Materia\u0142y i posi\u0142ki<\/h3>\n\t\t\t\t\t\t<p><strong>Wszystkie materia\u0142y dydaktyczne do programu zostan\u0105 zapewnione.<\/strong> Otrzymaj\u0105 r\u00f3wnie\u017c studenci <strong>bezp\u0142atne przek\u0105ski<\/strong> w ka\u017cdym dniu programowania, w kt\u00f3rym uczestnicz\u0105.<\/p>\n\t\t\t\t\t\t<!-- CTA -->\n\t\t\t\t\t\t<h3>Gdzie mog\u0119 ucz\u0119szcza\u0107 na skok wzwy\u017c?<\/h3>\n\t\t\t\t\t\t<p>Community Scholars jest obecnie hostowane pod adresem:<\/p>\n<ul>\n<li><strong>Szko\u0142a podstawowa George&#039;a B. Armstronga<\/strong>\u00a0<\/li>\n<li><strong>Szko\u0142a Podstawowa Sztuk Pi\u0119knych im. Philipa Rogersa<\/strong><\/li>\n<\/ul>\n<p><strong>Uczeni spo\u0142eczni uczestnicz\u0105 w programie w swojej szkole publicznej. <\/strong>Program rozpoczyna si\u0119 natychmiast po zwolnieniu i jest prowadzony przez nauczycieli ze swojej szko\u0142y. Program rozpoczyna si\u0119 natychmiast po zwolnieniu i jest prowadzony przez nauczycieli ze swojej szko\u0142y.<\/p>\n\t\t\t\t\t\t<!-- CTA -->\n\t\t\t\t\t\t<h3>Wsparcie wyboru szko\u0142y \u015bredniej<\/h3>\n\t\t\t\t\t\t<p>W \u00f3smej klasie, <strong>High Jump wspiera uczni\u00f3w i ich rodziny w zakresie rekrutacji do szk\u00f3\u0142 \u015brednich, pomocy finansowej i informacji o stypendiach<\/strong> musz\u0105 przygotowa\u0107 si\u0119 do liceum i dalszej nauki.<\/p>\n\t\t\t\t\t\t<!-- CTA -->\n\t\t\t\t\t\t<h1>W jaki spos\u00f3b mog\u0119 si\u0119 zg\u0142osi\u0107?<\/h1>\n\t\t\t\t\t\t<p>Uczestnictwo jest obecnie ograniczone, a uczniowie b\u0119d\u0105 nominowani przez swoj\u0105 szko\u0142\u0119 na podstawie zalece\u0144 nauczycieli, ocen, obecno\u015bci i wynik\u00f3w test\u00f3w.<\/p>\n\t\t\t\t\t\t<!-- CTA -->","protected":false},"excerpt":{"rendered":"<p>Strona g\u0142\u00f3wna Nasze programy Programy Community Scholars Priorytet dla uczni\u00f3w. Praktyczne dzia\u0142ania. Bardziej dost\u0119pne. High Jump Community Scholars to bezp\u0142atny program oferuj\u0105cy wyj\u0105tkowe do\u015bwiadczenia, dost\u0119p do zasob\u00f3w i mo\u017cliwo\u015bci edukacyjnych. Uczniowie s\u0105 ciekawi \u015bwiata i zmotywowani do nauki, a tak\u017ce poszukuj\u0105 do\u015bwiadcze\u0144 w szkole \u015bredniej, kt\u00f3re b\u0119d\u0105 dla nich wyzwaniem zar\u00f3wno pod wzgl\u0119dem spo\u0142ecznym, jak i akademickim. Program ma na celu przybli\u017cenie\u2026<\/p>","protected":false},"author":7,"featured_media":130274,"parent":52,"menu_order":0,"comment_status":"closed","ping_status":"closed","template":"","meta":{"_seopress_robots_primary_cat":"","_seopress_titles_title":"","_seopress_titles_desc":"","_seopress_robots_index":"","inline_featured_image":false,"footnotes":""},"class_list":["post-3775","page","type-page","status-publish","has-post-thumbnail","hentry"],"_links":{"self":[{"href":"https:\/\/highjumpchicago.org\/pl\/wp-json\/wp\/v2\/pages\/3775","targetHints":{"allow":["GET"]}}],"collection":[{"href":"https:\/\/highjumpchicago.org\/pl\/wp-json\/wp\/v2\/pages"}],"about":[{"href":"https:\/\/highjumpchicago.org\/pl\/wp-json\/wp\/v2\/types\/page"}],"author":[{"embeddable":true,"href":"https:\/\/highjumpchicago.org\/pl\/wp-json\/wp\/v2\/users\/7"}],"replies":[{"embeddable":true,"href":"https:\/\/highjumpchicago.org\/pl\/wp-json\/wp\/v2\/comments?post=3775"}],"version-history":[{"count":5,"href":"https:\/\/highjumpchicago.org\/pl\/wp-json\/wp\/v2\/pages\/3775\/revisions"}],"predecessor-version":[{"id":130276,"href":"https:\/\/highjumpchicago.org\/pl\/wp-json\/wp\/v2\/pages\/3775\/revisions\/130276"}],"up":[{"embeddable":true,"href":"https:\/\/highjumpchicago.org\/pl\/wp-json\/wp\/v2\/pages\/52"}],"wp:featuredmedia":[{"embeddable":true,"href":"https:\/\/highjumpchicago.org\/pl\/wp-json\/wp\/v2\/media\/130274"}],"wp:attachment":[{"href":"https:\/\/highjumpchicago.org\/pl\/wp-json\/wp\/v2\/media?parent=3775"}],"curies":[{"name":"wp","href":"https:\/\/api.w.org\/{rel}","templated":true}]}}