{"id":4338,"date":"2022-01-25T17:17:10","date_gmt":"2022-01-25T23:17:10","guid":{"rendered":"https:\/\/d46e648428.nxcli.io\/?page_id=4338"},"modified":"2026-01-26T14:45:56","modified_gmt":"2026-01-26T20:45:56","slug":"scholars","status":"publish","type":"page","link":"https:\/\/highjumpchicago.org\/pl\/our-programs\/scholars\/","title":{"rendered":"uczeni"},"content":{"rendered":"<nav  aria-label=\"bu\u0142ka tarta\"><ol itemscope itemtype=\"https:\/\/schema.org\/BreadcrumbList\"><li itemprop=\"itemListElement\" itemscope itemtype=\"https:\/\/schema.org\/ListItem\"><a itemscope itemtype=\"https:\/\/schema.org\/WebPage\" itemprop=\"item\" itemid=\"https:\/\/highjumpchicago.org\" href=\"https:\/\/highjumpchicago.org\/pl\/\">Dom<\/a><meta itemprop=\"position\" content=\"1\"\/><\/li><li itemprop=\"itemListElement\" itemscope itemtype=\"https:\/\/schema.org\/ListItem\"><a itemscope itemtype=\"https:\/\/schema.org\/WebPage\" itemprop=\"item\" itemid=\"https:\/\/highjumpchicago.org\/our-programs\/\" href=\"https:\/\/highjumpchicago.org\/pl\/our-programs\/\">Nasze programy<\/a><meta itemprop=\"position\" content=\"2\"\/><\/li><li aria-current=\"page\" itemprop=\"itemListElement\" itemscope itemtype=\"https:\/\/schema.org\/ListItem\">uczeni<meta itemprop=\"position\" content=\"3\"\/><\/li><\/ol><\/nav>\n<h1>\n\t\t\tStudent pierwszy. Praktyczny. Na terenie kampusu.\t<\/h1>\n\t<h3>High Jump Scholars to bezp\u0142atny program oferuj\u0105cy jedyne w swoim rodzaju do\u015bwiadczenia, dost\u0119p do zasob\u00f3w i mo\u017cliwo\u015bci edukacyjne.<\/h3>\n<p>Uczniowie s\u0105 ciekawi intelektualnie i zmotywowani naukowo, i szukaj\u0105 do\u015bwiadczenia w szkole \u015bredniej, kt\u00f3re b\u0119dzie dla nich wyzwaniem spo\u0142ecznym i akademickim. Program odbywa si\u0119 w trzech kampusach w Chicago z nauczycielami z ca\u0142ego miasta.<\/p>\n\t<h1>Co to jest skok wzwy\u017c?<\/h1>\n<h3>Ca\u0142oroczne bezp\u0142atne wzbogacenie akademickie<\/h3>\n\t\t\t\t\t\t<h3>Kiedy odbywa si\u0119 skok wzwy\u017c?<\/h3>\n\t\t\t\t\t\t<ul><li>Skok wzwy\u017c jest <strong>program wzbogacania akademickiego <\/strong>\u017ce uczestniczysz <strong>opr\u00f3cz swojej szko\u0142y<\/strong>.<\/li><li>Program spe\u0142nia <strong>5 tygodni latem<\/strong> oraz <strong>2-3 razy w miesi\u0105cu w soboty<\/strong> podczas roku szkolnego.<\/li><\/ul>\n\t\t\t\t\t\t<!-- CTA -->\n\t\t\t\t\t\t<h3>Gdzie mog\u0119 ucz\u0119szcza\u0107 na skok wzwy\u017c?<\/h3>\n\t\t\t\t\t\t<ul><li><strong>Szko\u0142a \u0142aci\u0144ska w Chicago: <\/strong>59 W. North Blvd<\/li><li><strong>Szko\u0142a im. Francisa W. Parkera: <\/strong>330 W. Webster<\/li><li><strong>Szko\u0142a laboratoryjna Uniwersytetu w Chicago: <\/strong>1362 E. 59th Street<\/li><\/ul>\n\t\t\t\t\t\t<!-- CTA -->\n\t\t<iframe loading=\"lazy\" width=\"560\" height=\"315\" src=\"https:\/\/www.youtube.com\/embed\/as9bU1DY0kU\" title=\"Odtwarzacz wideo YouTube\" frameborder=\"0\" allow=\"accelerometer; autoplay; clipboard-write; encrypted-media; gyroscope; picture-in-picture\" allowfullscreen><\/iframe>\t\n\t\t\t\t\t\t<h3>Kto mo\u017ce si\u0119 zg\u0142osi\u0107?<\/h3>\n\t\t\t\t\t\t<ul><li>Aktualny<strong> Uczniowie 6 klasy<\/strong><\/li><li>Studenci <strong>ze \u015bredni\u0105 B lub wy\u017csz\u0105<\/strong> (studenci z ocen\u0105 C nadal s\u0105 zach\u0119cani do sk\u0142adania poda\u0144)<\/li><li><strong>Studenci o ciekawej wiedzy i motywacji akademickiej<\/strong><\/li><li>Studenci poszukuj\u0105cy <strong>trudne do\u015bwiadczenie w szkole \u015bredniej<\/strong><\/li><li>Studenci z <strong>udowodniona potrzeba finansowa<\/strong><\/li><\/ul>\n\t\t\t\t\t\t<!-- CTA -->\n\t\t\t\t\t\t<h3>Do\u015bwiadczenie studenckie<\/h3>\n\t\t\t\t\t\t<ul><li><strong>Nawi\u0105zuj nowe znajomo\u015bci i zdobywaj warto\u015bciowe do\u015bwiadczenia,<\/strong> w tym wycieczki terenowe, tworzenie sieci szk\u00f3\u0142 \u015brednich i praktyczne zaj\u0119cia edukacyjne.<\/li><li><strong>Odkryj nowe zainteresowania<\/strong> z przedmiotami do wyboru, takimi jak sztuki wizualne, filmoznawstwo, historia muzyki i wiele wi\u0119cej!<\/li><\/ul>\n\t\t\t\t\t\t<!-- CTA -->\n\t\t\t\t\t\t<h3>Wsparcie wyboru szko\u0142y \u015bredniej<\/h3>\n\t\t\t\t\t\t<p>W \u00f3smej klasie, <strong>High Jump wspiera uczni\u00f3w i ich rodziny w zakresie rekrutacji do szk\u00f3\u0142 \u015brednich, pomocy finansowej i informacji o stypendiach<\/strong> musz\u0105 przygotowa\u0107 si\u0119 do liceum i dalszej nauki.<\/p>\n\t\t\t\t\t\t<!-- CTA -->\n\t\t\t\t\t\t<h3>Materia\u0142y i posi\u0142ki<\/h3>\n\t\t\t\t\t\t<p><strong>Wszystkie materia\u0142y edukacyjne dla programu zostan\u0105 udost\u0119pnione bezp\u0142atnie.<\/strong> Otrzymaj\u0105 r\u00f3wnie\u017c studenci <strong>darmowe \u015bniadanie i obiad<\/strong>\u00a0w ka\u017cdym dniu programowania, w kt\u00f3rym uczestnicz\u0105.<\/p>\n\t\t\t\t\t\t<!-- CTA -->\n\t\t\t\t\t\t<h1>W jaki spos\u00f3b mog\u0119 si\u0119 zg\u0142osi\u0107?<\/h1>\n\t\t\t\t\t\t<h2>Nab\u00f3r wniosk\u00f3w rozpocznie si\u0119 25 pa\u017adziernika 2025 r.<\/h2><ul><li><strong>Wnioski online nale\u017cy sk\u0142ada\u0107 do 20 stycznia 2026 r.<\/strong><\/li><li><strong>Wymagania aplikacji obejmuj\u0105:<\/strong><ul><li>1 esej osobisty<\/li><li>Karty ocen klas 5-6<\/li><li>3 Zalecenia dla nauczycieli\/szko\u0142y<\/li><li>Zeznania podatkowe dla rodzin za rok 2024<\/li><\/ul><\/li><li><strong>Kwalifikowani kandydaci zostan\u0105 zaproszeni na rozmow\u0119 kwalifikacyjn\u0105 w marcu 2026 r.<\/strong><\/li><li><strong>Wszelkie pytania lub w\u0105tpliwo\u015bci dotycz\u0105ce aplikacji prosimy kierowa\u0107 na adres <a href=\"mailto:apply@highjumpchicago.org\"><u>apply@highjumpchicago.org<\/u><\/a><\/strong><\/li><\/ul>\n\t\t\t\t\t\t<!-- CTA -->\n<h1>\n\t\t\tWybierz si\u0119 na wycieczk\u0119 klasow\u0105\t<\/h1>\n\t<h3>Obejrzyj te filmy, aby zobaczy\u0107, jak wygl\u0105daj\u0105 zaj\u0119cia ze skoku wzwy\u017c.<\/h3>\n\t\t<a href=\"https:\/\/highjumpchicago.org\/pl\/our-programs\/virtual-tour\/virtual-tour-chemistry-lab\/\" target=\"_self\">\n\t\t\t\t\t\t\t\t\t\t\t<img decoding=\"async\" src=\"https:\/\/highjumpchicago.org\/wp-content\/uploads\/2020\/05\/HighJump_080214_143-crop.jpg\" alt=\"HighJump_080214_143-crop\"\/>\n\t\t\t\t\t<p>Uczeni badaj\u0105 koncepcje zmian fizycznych i chemicznych, reakcje chemiczne, struktur\u0119 atomow\u0105 i nie tylko. Ucz\u0105 si\u0119 obserwowa\u0107 i rejestrowa\u0107 dane, analizowa\u0107 wyniki i skutecznie przekazywa\u0107 swoje odkrycia poprzez praktyczne laboratoria.<\/p>\t\t\t\t\t\n\t\t\t\t\t\t<h3>\n\t\t\t\t\t\tChemia\t\t<\/h3>\n\t\t<\/a>\n\t\t<a href=\"https:\/\/highjumpchicago.org\/pl\/our-programs\/virtual-tour\/virtual-tour-biology-dissections\/\" target=\"_self\">\n\t\t\t\t\t\t\t\t\t\t\t<img decoding=\"async\" src=\"https:\/\/highjumpchicago.org\/wp-content\/uploads\/2018\/11\/curriculum-1-e1566316882346.jpg\" alt=\"High Jump Chicago\"\/>\n\t\t\t\t\t<p>Uczeni uzyskuj\u0105 obszerny przegl\u0105d kom\u00f3rek, dziedziczno\u015bci i klasyfikacji, zanim przejd\u0105 do system\u00f3w ludzkiego cia\u0142a i zdrowia. \u0106wicz\u0105 projektowanie laboratori\u00f3w, przeprowadzaj\u0105 eksperymenty i przeprowadzaj\u0105 sekcje zwierz\u0105t.<\/p>\t\t\t\t\t\n\t\t\t\t\t\t<h3>\n\t\t\t\t\t\tBiologia\t\t<\/h3>\n\t\t<\/a>\n\t\t<a href=\"https:\/\/highjumpchicago.org\/pl\/our-programs\/virtual-tour\/virtual-tour-humanities\/\" target=\"_self\">\n\t\t\t\t\t\t\t\t\t\t\t<img decoding=\"async\" src=\"https:\/\/highjumpchicago.org\/wp-content\/uploads\/2019\/08\/HighJump-031117-8350-1024x683.jpg\" alt=\"Issues and Ideas\"\/>\n\t\t\t\t\t<p>Uczeni badaj\u0105 kwestie spo\u0142eczne, polityczne, ekonomiczne i \u015brodowiskowe, kt\u00f3re kszta\u0142tuj\u0105 ich \u015bwiat. Ucz\u0105 si\u0119 analizowa\u0107 i omawia\u0107 perspektywy, rozwija\u0107 krytyczne my\u015blenie i odpowiada\u0107 w osobistych narracjach i artyku\u0142ach ekspozycyjnych.<\/p>\t\t\t\t\t\n\t\t\t\t\t\t<h3>\n\t\t\t\t\t\tHumanistyka\t\t<\/h3>\n\t\t<\/a>\n<h1>\n\t\t\tBudowanie nowej generacji lider\u00f3w.\t<\/h1>\n\t<h2>W High Jump pomagamy uczniom rozwija\u0107 umiej\u0119tno\u015bci, kt\u00f3rych potrzebuj\u0105, aby odnosi\u0107 sukcesy, gdziekolwiek si\u0119 znajduj\u0105. Nasz program nauczania udost\u0119pnia uczniom literatur\u0119 kulturow\u0105, rygorystyczne instrukcje matematyczne i nauk\u0119 empiryczn\u0105, aby pom\u00f3c im przygotowa\u0107 si\u0119 do szko\u0142y \u015bredniej, college&#039;u i nie tylko.<\/h2>\n\t\t\t\t<img decoding=\"async\" src=\"https:\/\/highjumpchicago.org\/wp-content\/uploads\/2022\/02\/HighJump-100122-1150-1024x683.jpg\" alt=\"High Jump at Latin School on Saturday 1st, 2022. Photos by Jasmin Shah\" itemprop=\"image\" height=\"683\" width=\"1024\" title=\"Skok wzwy\u017c w Latin School, sobota, 1., 2022. Zdj\u0119cia: Jasmin Shah\" onerror=\"this.style.display='none'\" loading=\"lazy\" \/>\n\t<p><strong>Nasz stosunek liczby uczni\u00f3w do nauczycieli wynosz\u0105cy 16:1 pomaga uczniom rozwija\u0107 si\u0119.<\/strong> Niewielki rozmiar klasy oznacza wi\u0119cej czasu sam na sam z nauczycielami, aby zapewni\u0107 emocjonalnie wspieraj\u0105ce \u015brodowisko nauki, kt\u00f3re ma wi\u0119ksze znaczenie dla uczni\u00f3w.<\/p>\n<p><strong>Uczeni zdobywaj\u0105 nowych przyjaci\u00f3\u0142, zdobywaj\u0105 znacz\u0105ce do\u015bwiadczenia i buduj\u0105 pewno\u015b\u0107 siebie, aby pod\u0105\u017ca\u0107 za swoimi marzeniami.<\/strong> Chcesz aplikowa\u0107? Masz wi\u0119cej pyta\u0144 na temat tego, jak to dzia\u0142a? <a href=\"https:\/\/highjumpchicago.org\/pl\/our-programs\/program-faq\/\"><u>Sprawd\u017a cz\u0119sto zadawane pytania dotycz\u0105ce naszego programu.<\/u><\/a><\/p>","protected":false},"excerpt":{"rendered":"<p>Strona g\u0142\u00f3wna Nasze programy Naukowcy Najpierw studenci. Praktyczny. Na terenie kampusu. High Jump Scholars to bezp\u0142atny program oferuj\u0105cy jedyne w swoim rodzaju do\u015bwiadczenia, dost\u0119p do zasob\u00f3w i mo\u017cliwo\u015bci edukacyjne. Uczniowie s\u0105 ciekawi intelektualnie i zmotywowani naukowo i szukaj\u0105 do\u015bwiadczenia w szkole \u015bredniej, kt\u00f3re b\u0119dzie dla nich wyzwaniem spo\u0142ecznym i akademickim. Program odbywa si\u0119 w trzech kampusach w Chicago\u2026<\/p>","protected":false},"author":7,"featured_media":130270,"parent":52,"menu_order":0,"comment_status":"closed","ping_status":"closed","template":"","meta":{"_seopress_robots_primary_cat":"","_seopress_titles_title":"","_seopress_titles_desc":"","_seopress_robots_index":"","inline_featured_image":false,"footnotes":""},"class_list":["post-4338","page","type-page","status-publish","has-post-thumbnail","hentry"],"_links":{"self":[{"href":"https:\/\/highjumpchicago.org\/pl\/wp-json\/wp\/v2\/pages\/4338","targetHints":{"allow":["GET"]}}],"collection":[{"href":"https:\/\/highjumpchicago.org\/pl\/wp-json\/wp\/v2\/pages"}],"about":[{"href":"https:\/\/highjumpchicago.org\/pl\/wp-json\/wp\/v2\/types\/page"}],"author":[{"embeddable":true,"href":"https:\/\/highjumpchicago.org\/pl\/wp-json\/wp\/v2\/users\/7"}],"replies":[{"embeddable":true,"href":"https:\/\/highjumpchicago.org\/pl\/wp-json\/wp\/v2\/comments?post=4338"}],"version-history":[{"count":5,"href":"https:\/\/highjumpchicago.org\/pl\/wp-json\/wp\/v2\/pages\/4338\/revisions"}],"predecessor-version":[{"id":130231,"href":"https:\/\/highjumpchicago.org\/pl\/wp-json\/wp\/v2\/pages\/4338\/revisions\/130231"}],"up":[{"embeddable":true,"href":"https:\/\/highjumpchicago.org\/pl\/wp-json\/wp\/v2\/pages\/52"}],"wp:featuredmedia":[{"embeddable":true,"href":"https:\/\/highjumpchicago.org\/pl\/wp-json\/wp\/v2\/media\/130270"}],"wp:attachment":[{"href":"https:\/\/highjumpchicago.org\/pl\/wp-json\/wp\/v2\/media?parent=4338"}],"curies":[{"name":"wp","href":"https:\/\/api.w.org\/{rel}","templated":true}]}}