{"id":4346,"date":"2022-01-25T17:29:20","date_gmt":"2022-01-25T23:29:20","guid":{"rendered":"https:\/\/d46e648428.nxcli.io\/?page_id=4346"},"modified":"2025-10-14T17:05:33","modified_gmt":"2025-10-14T22:05:33","slug":"donation-faq","status":"publish","type":"page","link":"https:\/\/highjumpchicago.org\/pl\/donate\/donation-faq\/","title":{"rendered":"Cz\u0119sto zadawane pytania dotycz\u0105ce darowizn"},"content":{"rendered":"<nav  aria-label=\"bu\u0142ka tarta\"><ol itemscope itemtype=\"https:\/\/schema.org\/BreadcrumbList\"><li itemprop=\"itemListElement\" itemscope itemtype=\"https:\/\/schema.org\/ListItem\"><a itemscope itemtype=\"https:\/\/schema.org\/WebPage\" itemprop=\"item\" itemid=\"https:\/\/highjumpchicago.org\" href=\"https:\/\/highjumpchicago.org\/pl\/\">Dom<\/a><meta itemprop=\"position\" content=\"1\"\/><\/li><li itemprop=\"itemListElement\" itemscope itemtype=\"https:\/\/schema.org\/ListItem\"><a itemscope itemtype=\"https:\/\/schema.org\/WebPage\" itemprop=\"item\" itemid=\"https:\/\/highjumpchicago.org\/donate\/\" href=\"https:\/\/highjumpchicago.org\/pl\/donate\/\">Podarowa\u0107<\/a><meta itemprop=\"position\" content=\"2\"\/><\/li><li aria-current=\"page\" itemprop=\"itemListElement\" itemscope itemtype=\"https:\/\/schema.org\/ListItem\">Cz\u0119sto zadawane pytania dotycz\u0105ce darowizn<meta itemprop=\"position\" content=\"3\"\/><\/li><\/ol><\/nav>\n\t\t\t<a href=\"https:\/\/highjumpchicago.org\/wp-content\/uploads\/2025\/07\/High-Jump-Donation-Options-FY26.pdf\" target=\"_blank\" rel=\"noopener\">\n\t\t\t\t\t\t\tKliknij tutaj, aby pozna\u0107 sposoby przekazania darowizny na rzecz skoku wzwy\u017c\n\t\t\t\t\t<\/a>\n\t\t\t\tJak mog\u0119 przekaza\u0107 darowizn\u0119?\n\t\t\t\t<p>Przyjmujemy darowizny <a href=\"?campaign=524397\">w sieci<\/a>, czekiem, przelewem bankowym, przelewem papier\u00f3w warto\u015bciowych i innymi. Dowiedz si\u0119 wi\u0119cej o sposobach, w jakie mo\u017cesz przekaza\u0107 darowizn\u0119 <a href=\"https:\/\/highjumpchicago.org\/wp-content\/uploads\/2025\/04\/High-Jump-Donation-Options-FY25.pdf\">tutaj<\/a>.<\/p>\n\t\t\t\tCzy moje darowizny mo\u017cna odliczy\u0107 od podatku? \n\t\t\t\t<p>Tak. <strong>High Jump to organizacja charytatywna non-profit 501(c)(3) o numerze EIN 36-4470186.<\/strong> O ile nie zaznaczono inaczej, wszystkie przekazane prezenty mo\u017cna odliczy\u0107 od podatku w zakresie dozwolonym przez prawo.<\/p>\n\t\t\t\tJak mog\u0119 przekaza\u0107 darowizn\u0119 przelewem bankowym lub przelewem ACH?\n\t\t\t\t<p>Aby przekaza\u0107 darowizn\u0119 przelewem bankowym lub przelewem ACH, wy\u015blij wiadomo\u015b\u0107 e-mail\u00a0<a href=\"mailto:advancement@highjumpchicago.org?subject=ACH Transfer Inquiry\">advancement@highjumpchicago.org<\/a> dla naszych informacji o transferze.<\/p>\n\t\t\t\tJak mog\u0119 otrzyma\u0107 kopi\u0119 paragonu do cel\u00f3w podatkowych? \n\t\t\t\t<p>Za ka\u017cdym razem, gdy przekazujesz darowizn\u0119 na rzecz High Jump (z wyj\u0105tkiem funduszy polecanych przez darczy\u0144c\u00f3w), automatycznie wysy\u0142amy poczt\u0105 list z potwierdzeniem podatkowym. Tw\u00f3j list b\u0119dzie zawiera\u0142 kwot\u0119 twojego prezentu, dat\u0119 jego wykonania oraz kwot\u0119 podlegaj\u0105c\u0105 odliczeniu od podatku. Je\u015bli potrzebujesz kopii potwierdzenia rozliczenia podatkowego, skontaktuj si\u0119 z nami <a href=\"mailto:advancement@highjumpchicago.org?subject=Tax Letter Request\">advancement@highjumpchicago.org<\/a>.<\/p>\n\t\t\t\tCzy mog\u0119 przekaza\u0107 darowizn\u0119 za po\u015brednictwem Fundacji lub Funduszu Doradztwa Darczy\u0144c\u00f3w?\n\t\t\t\t<p>Tak. Skontaktuj si\u0119 ze swoim doradc\u0105 finansowym, aby dowiedzie\u0107 si\u0119, jak zarekomendowa\u0107 darowizn\u0119 na rzecz Skoku wzwy\u017c za po\u015brednictwem swojej fundacji lub funduszu wspieranego przez darczy\u0144c\u00f3w. Mo\u017cesz tak\u017ce wys\u0142a\u0107 e-mailem <a href=\"mailto:advancement@highjumpchicago.org?subject=Donor Advised Fund Inquiry\">advancement@highjumpchicago.org<\/a> z dodatkowymi pytaniami.\u00a0<\/p>\n\t\t\t\tCzy mog\u0119 podarowa\u0107 papiery warto\u015bciowe?\n\t\t\t\t<p>Tak. Prosimy o kontakt z brokerem <a href=\"mailto:advancement@highjumpchicago.org?subject=Securities Gift\">advancement@highjumpchicago.org<\/a> z Twoim imieniem i nazwiskiem, liczb\u0105 akcji i przewidywan\u0105 dat\u0105 przeniesienia.<\/p>\n\t\t\t\tChcia\u0142bym przekaza\u0107 darowizn\u0119 czekiem. Gdzie mam to wys\u0142a\u0107?\n\t\t\t\t<p>Prosimy o wystawianie czek\u00f3w p\u0142atnych na <strong>Wysoki skok<\/strong> i poczt\u0105 na adres:<\/p>\n<p>Wysoki skok<br \/>Uwaga: Molly Gilbride<br \/>820 W Jackson Blvd<br \/>Apartament 310<br \/>Chicago, IL 60607<\/p>\n\t\t\t\tJak mog\u0119 przekaza\u0107 prezent ku czci\/pami\u0119ci kogo\u015b?\n\t\t\t\t<p>Jako cz\u0119\u015b\u0107 <a href=\"?campaign=524397\">proces darowizny<\/a>, mo\u017cesz wybra\u0107 opcje dla prezentu ho\u0142downiczego. Je\u015bli zdecydujesz si\u0119 na prezent ho\u0142downiczy, powiadomimy osob\u0119 honorowan\u0105 w Twoim imieniu.<\/p>\n<p>Je\u015bli chcesz powiadomi\u0107 kogo\u015b za pomoc\u0105 e-kartki lub karty pdf do wydrukowania, zr\u00f3b prezent za pomoc\u0105 naszego <a href=\"https:\/\/highjumpchicago.org\/pl\/gift-of-high-jump\/\">Podaruj prezent w postaci skoku wzwy\u017c<\/a>. Po przetworzeniu darowizny e-mail z potwierdzeniem b\u0119dzie zawiera\u0142 \u0142\u0105cze do karty do pobrania oraz obraz umo\u017cliwiaj\u0105cy udost\u0119pnienie prezentu. W przypadku jakichkolwiek pyta\u0144 lub problem\u00f3w prosimy o kontakt pod adresem <a href=\"mailto:advancement@highjumpchicago.org?subject=Honor\/Memory Gift Inquiry\">advancement@highjumpchicago.org<\/a>.<\/p>\n\t\t\t\tJak zrobi\u0107 miesi\u0119czny prezent?\n\t\t\t\t<p>Przed wyborem poziomu darowizny mo\u017cesz skorzysta\u0107 z przycisk\u00f3w powy\u017cej, aby wybra\u0107 opcj\u0119 \u201ePowtarzaj\u0105ce si\u0119\u201d, <a href=\"?campaign=524397\">dokonaj darowizny<\/a> miesi\u0119czny.<\/p>\n\t\t\t\tCzy popierasz sk\u0142adki na dopasowanie pracodawcy?\n\t\t\t\t<p>Tak, High Jump wspiera i zach\u0119ca pracodawc\u00f3w do wp\u0142acania sk\u0142adek na mecze.<\/p>\n<p><a href=\"https:\/\/www.charitynavigator.org\/donor-basics\/giving-101\/employee-match-programs\/\">Kliknij tutaj<\/a> Odwied\u017a Charity Navigator, aby dowiedzie\u0107 si\u0119, czy Tw\u00f3j pracodawca dop\u0142aci do Twojej darowizny. Mo\u017cesz r\u00f3wnie\u017c skontaktowa\u0107 si\u0119 z dzia\u0142em kadr swojego pracodawcy, aby sprawdzi\u0107, czy dop\u0142aca do darowizn na cele charytatywne.<\/p>\n<p>Wielu pracodawc\u00f3w tak robi i jest to jeden z najprostszych sposob\u00f3w na podwojenie, a nawet potrojenie twojego prezentu.<\/p>\n\t\t\t\tJak mog\u0119 rozpocz\u0105\u0107 zbi\u00f3rk\u0119 pieni\u0119dzy na rzecz High Jump?\n\t\t\t\t<p><strong>Zmie\u0144 swoje uroczysto\u015bci w si\u0142\u0119 dobra dzi\u0119ki <a href=\"https:\/\/www.classy.org\/campaign\/celebrate-with-high-jump\/c530211\">Strona zbi\u00f3rki funduszy na uroczysto\u015bci<\/a><\/strong> dla High Jump. Zapro\u015b znajomych i rodzin\u0119 do wp\u0142aty darowizny na wyr\u00f3wnanie dost\u0119pu do edukacji na Twoje specjalne wydarzenie lub dzie\u0144!<\/p>\n\t\t\t\tGdzie trafia moja darowizna?\n\t\t\t\t<p>Twoja darowizna na rzecz High Jump wspiera nasze programy Scholars, Community Scholars i Alumni Scholars. Tw\u00f3j dar pomaga High Jump nadal zapewnia\u0107 akademickie wzbogacenie, zasoby, sieci i wsparcie dla ponad 1000 uczni\u00f3w w ramach naszych program\u00f3w!<\/p>\n\t\t\t\tJak mog\u0119 zosta\u0107 sponsorem lub osob\u0105 wspieraj\u0105c\u0105 firm\u0119?\n\t\t\t\t<p>Mo\u017cesz przeczyta\u0107 o naszym programie darowizn dla firm <a href=\"https:\/\/highjumpchicago.org\/pl\/donate\/sponsor-us\/\">tutaj<\/a> i skontaktuj si\u0119 z Molly Gilbride pod adresem <a href=\"mailto:mgilbride@highjumpchicago.org?subject=Corporate Sponsorship Inquiry\">mgilbride@highjumpchicago.org<\/a> uczy\u0107 si\u0119 wi\u0119cej.<\/p>\n\t\t\t\tCzy masz program wolontariatu?\n\t\t\t\t<p>Tak! <a href=\"https:\/\/highjumpchicago.org\/pl\/volunteer\/\">Dowiedz si\u0119 wi\u0119cej o wolontariacie razem z nami<\/a>\u00a0i mo\u017cesz skontaktowa\u0107 si\u0119 z Maxem Asafem pod adresem <a href=\"mailto:masaf@highjumpchicago.org\" target=\"_blank\" rel=\"noopener\">masaf@highjumpchicago.org<\/a> Zapisz si\u0119 na nasz newsletter e-mailowy dla wolontariuszy i b\u0105d\u017a pierwsz\u0105 osob\u0105, kt\u00f3ra zapisze si\u0119 na oferty pracy!<\/p>\n<h1>\n\t\t\tRoczny raport ze skoku wzwy\u017c\t<\/h1>\n\t<div class=\"_df_book df-lite\" id=\"df_60754\"  _slug=\"high-jump-annual-report-2021-2022-2\" data-title=\"high-jump-annual-report-2022-2023\" wpoptions=\"true\" thumbtype=\"\" ><\/div><script class=\"df-shortcode-script\" nowprocket type=\"application\/javascript\">window.option_df_60754 = {\"outline\":[],\"backgroundColor\":\"#2cafa4\",\"autoEnableOutline\":\"false\",\"autoEnableThumbnail\":\"false\",\"overwritePDFOutline\":\"false\",\"direction\":\"1\",\"pageSize\":\"0\",\"source\":\"https:\\\/\\\/highjumpchicago.org\\\/wp-content\\\/uploads\\\/2024\\\/11\\\/High-Jump-Annual-Report-2022-2023.pdf\",\"wpOptions\":\"true\"}; if(window.DFLIP && window.DFLIP.parseBooks){window.DFLIP.parseBooks();}<\/script>","protected":false},"excerpt":{"rendered":"<p>Strona g\u0142\u00f3wna Przeka\u017c darowizn\u0119 Cz\u0119sto zadawane pytania Kliknij tutaj, aby pozna\u0107 SPOSOBY PRZEKAZANIA DONAT\u00d3W na rzecz fundacji skoku wzwy\u017c Jak mog\u0119 przekaza\u0107 darowizn\u0119? Przyjmujemy datki online, czekiem, przelewem bankowym, transferem papier\u00f3w warto\u015bciowych i nie tylko. Wi\u0119cej informacji o tym, jak mo\u017cesz przekaza\u0107 darowizn\u0119, znajdziesz tutaj. Czy moje darowizny mo\u017cna odliczy\u0107 od podatku? Tak. High Jump to charytatywna organizacja non-profit o numerze EIN 36-4470186, posiadaj\u0105ca status 501(c)(3). Chyba \u017ce\u2026<\/p>","protected":false},"author":1,"featured_media":0,"parent":2056,"menu_order":0,"comment_status":"closed","ping_status":"closed","template":"","meta":{"_seopress_robots_primary_cat":"","_seopress_titles_title":"","_seopress_titles_desc":"","_seopress_robots_index":"","inline_featured_image":false,"footnotes":""},"class_list":["post-4346","page","type-page","status-publish","hentry"],"_links":{"self":[{"href":"https:\/\/highjumpchicago.org\/pl\/wp-json\/wp\/v2\/pages\/4346","targetHints":{"allow":["GET"]}}],"collection":[{"href":"https:\/\/highjumpchicago.org\/pl\/wp-json\/wp\/v2\/pages"}],"about":[{"href":"https:\/\/highjumpchicago.org\/pl\/wp-json\/wp\/v2\/types\/page"}],"author":[{"embeddable":true,"href":"https:\/\/highjumpchicago.org\/pl\/wp-json\/wp\/v2\/users\/1"}],"replies":[{"embeddable":true,"href":"https:\/\/highjumpchicago.org\/pl\/wp-json\/wp\/v2\/comments?post=4346"}],"version-history":[{"count":5,"href":"https:\/\/highjumpchicago.org\/pl\/wp-json\/wp\/v2\/pages\/4346\/revisions"}],"predecessor-version":[{"id":130281,"href":"https:\/\/highjumpchicago.org\/pl\/wp-json\/wp\/v2\/pages\/4346\/revisions\/130281"}],"up":[{"embeddable":true,"href":"https:\/\/highjumpchicago.org\/pl\/wp-json\/wp\/v2\/pages\/2056"}],"wp:attachment":[{"href":"https:\/\/highjumpchicago.org\/pl\/wp-json\/wp\/v2\/media?parent=4346"}],"curies":[{"name":"wp","href":"https:\/\/api.w.org\/{rel}","templated":true}]}}