{"id":47,"date":"2018-09-27T19:22:50","date_gmt":"2018-09-27T19:22:50","guid":{"rendered":"https:\/\/d46e648428.nxcli.io\/?page_id=3"},"modified":"2023-07-05T13:16:06","modified_gmt":"2023-07-05T18:16:06","slug":"privacy-policy","status":"publish","type":"page","link":"https:\/\/highjumpchicago.org\/pl\/privacy-policy\/","title":{"rendered":"Polityka prywatno\u015bci"},"content":{"rendered":"<h1>Informacja o ochronie prywatno\u015bci<\/h1>\n<p>Niniejsza informacja o ochronie prywatno\u015bci przedstawia zasady ochrony prywatno\u015bci obowi\u0105zuj\u0105ce na stronie www.highjumpchicago.org. Niniejsza informacja o ochronie prywatno\u015bci dotyczy wy\u0142\u0105cznie informacji gromadzonych przez t\u0119 witryn\u0119. Powiadomi Ci\u0119 o nast\u0119puj\u0105cych kwestiach:<\/p>\n<ul>\n<li>Jakie dane osobowe s\u0105 zbierane od Ciebie za po\u015brednictwem witryny internetowej, w jaki spos\u00f3b s\u0105 wykorzystywane i komu mog\u0105 by\u0107 udost\u0119pniane.<\/li>\n<li>Jakie masz mo\u017cliwo\u015bci wyboru w zakresie wykorzystania Twoich danych.<\/li>\n<li>Wdro\u017cone procedury bezpiecze\u0144stwa maj\u0105ce na celu ochron\u0119 przed niew\u0142a\u015bciwym wykorzystaniem Twoich informacji.<\/li>\n<li>W jaki spos\u00f3b mo\u017cna skorygowa\u0107 wszelkie nie\u015bcis\u0142o\u015bci w informacjach.<\/li>\n<\/ul>\n<p><strong>Gromadzenie, wykorzystywanie i udost\u0119pnianie informacji<\/strong><\/p>\n<p>Zbieranie informacji: Mamy dost\u0119p\/zbieramy wy\u0142\u0105cznie te informacje, kt\u00f3re dobrowolnie nam przekazujesz za po\u015brednictwem poczty elektronicznej lub innego bezpo\u015bredniego kontaktu. Nie b\u0119dziemy nikomu sprzedawa\u0107 ani wynajmowa\u0107 tych informacji. Wykorzystamy Twoje dane, aby odpowiedzie\u0107 Ci na temat powodu, dla kt\u00f3rego si\u0119 z nami skontaktowa\u0142e\u015b.<\/p>\n<p>Lista mailingowa: Rejestruj\u0105c si\u0119 na naszej stronie internetowej, aby otrzymywa\u0107 nasz e-biuletyn, wyra\u017casz zgod\u0119 na otrzymywanie e-maili marketingowych od: High Jump, 820 W Jackson Blvd, Suite 310, Chicago, IL, 60607, https:\/\/highjumpchicago.org . W ka\u017cdej chwili mo\u017cesz odwo\u0142a\u0107 swoj\u0105 zgod\u0119 na otrzymywanie wiadomo\u015bci e-mail, korzystaj\u0105c z \u0142\u0105cza SafeUnsubscribe\u00ae znajduj\u0105cego si\u0119 na dole ka\u017cdej wiadomo\u015bci e-mail. Poczt\u0119 elektroniczn\u0105 obs\u0142uguje firma Constant Contact.<\/p>\n<p>Zewn\u0119trzni dostawcy us\u0142ug: High Jump umo\u017cliwia wybranym zewn\u0119trznym us\u0142ugodawcom dost\u0119p do Twoich danych osobowych, je\u015bli naszym zdaniem us\u0142ugodawca jest w stanie lepiej wykonywa\u0107 okre\u015blon\u0105 funkcj\u0119, np. us\u0142ugi aplikacyjne i zbieranie datk\u00f3w. Niekt\u00f3rzy z tych us\u0142ugodawc\u00f3w potrzebuj\u0105 danych osobowych, aby \u015bwiadczy\u0107 us\u0142ug\u0119. W przypadku innych us\u0142ug dostawca mo\u017ce mie\u0107 techniczny dost\u0119p do Twoich danych, ale nie potrzebuje ich ani nie wykorzystuje w celu wykonania us\u0142ugi obj\u0119tej umow\u0105. Staramy si\u0119 wybiera\u0107 dostawc\u00f3w us\u0142ug, kt\u00f3rzy wyka\u017c\u0105 si\u0119 zaanga\u017cowaniem w ochron\u0119 powierzonych im danych osobowych oraz zachowuj\u0105 odpowiednie zabezpieczenia poufno\u015bci i bezpiecze\u0144stwa, zgodne z nasz\u0105 Polityk\u0105 Prywatno\u015bci. Tym stronom trzecim zabrania si\u0119 wykorzystywania lub ujawniania danych osobowych u\u017cytkownika w celach innych ni\u017c \u015bwiadczenie us\u0142ug w imieniu High Jump.<\/p>\n<p>Analityka: Korzystamy z narz\u0119dzi Google do analityki internetowej i podobnych narz\u0119dzi w celu oceny wydajno\u015bci naszej Witryny i gromadzenia informacji o korzystaniu z Witryny i odwiedzaj\u0105cych. Google o\u015bwiadcza, \u017ce przetwarza dane dotycz\u0105ce korzystania z Witryny oraz inne dane w celach zgodnych z prawem, nie ujawniaj\u0105c \u017cadnych danych osobowych umo\u017cliwiaj\u0105cych indywidualn\u0105 identyfikacj\u0119 u\u017cytkownika. Aby dowiedzie\u0107 si\u0119 wi\u0119cej o tym, jak Google zbiera i przetwarza dane z witryn internetowych do cel\u00f3w reklamowych i analizy danych, odwied\u017a stron\u0119 <a href=\"https:\/\/policies.google.com\/technologies\/partner-sites\" target=\"_blank\" rel=\"noopener noreferrer\">https:\/\/policies.google.com\/technologies\/partner-sites<\/a>.<\/p>\n<p><strong>Tw\u00f3j dost\u0119p do informacji i kontrola nad nimi<\/strong><\/p>\n<p>W dowolnym momencie mo\u017cesz zrezygnowa\u0107 z wszelkich przysz\u0142ych kontakt\u00f3w z nami. W ka\u017cdej chwili mo\u017cesz wykona\u0107 nast\u0119puj\u0105ce czynno\u015bci, kontaktuj\u0105c si\u0119 z nami za po\u015brednictwem adresu e-mail lub numeru telefonu podanego na naszej stronie internetowej:<\/p>\n<ul>\n<li>Sprawd\u017a, jakie dane o Tobie posiadamy, je\u015bli takie istniej\u0105.<\/li>\n<li>Zmie\u0144\/popraw wszelkie dane, kt\u00f3re o Tobie posiadamy.<\/li>\n<li>Popro\u015b nas o usuni\u0119cie wszelkich danych, kt\u00f3re posiadamy na Tw\u00f3j temat.<\/li>\n<li>Wyra\u017a swoje w\u0105tpliwo\u015bci dotycz\u0105ce wykorzystania przez nas Twoich danych.<\/li>\n<\/ul>\n<p><strong>Bezpiecze\u0144stwo<\/strong><\/p>\n<p>Podejmujemy \u015brodki ostro\u017cno\u015bci, aby chroni\u0107 Twoje dane. Kiedy przesy\u0142asz poufne informacje za po\u015brednictwem strony internetowej, s\u0105 one chronione zar\u00f3wno w trybie online, jak i offline.<\/p>\n<p>Gdziekolwiek zbieramy poufne informacje (takie jak dane karty kredytowej), informacje te s\u0105 szyfrowane i przesy\u0142ane do nas w bezpieczny spos\u00f3b. Mo\u017cesz to sprawdzi\u0107, szukaj\u0105c ikony k\u0142\u00f3dki w pasku adresu i szukaj\u0105c \u201ehttps\u201d na pocz\u0105tku adresu strony internetowej.<\/p>\n<p>Chocia\u017c u\u017cywamy szyfrowania w celu ochrony poufnych informacji przesy\u0142anych online, chronimy r\u00f3wnie\u017c Twoje dane offline. Tylko pracownicy, kt\u00f3rzy potrzebuj\u0105 informacji do wykonania okre\u015blonej pracy (na przyk\u0142ad przetwarzania darowizn lub obs\u0142ugi klienta), maj\u0105 dost\u0119p do danych osobowych. Komputery\/serwery, na kt\u00f3rych przechowujemy dane osobowe, s\u0105 przechowywane w bezpiecznym \u015brodowisku.<\/p>\n<p>Je\u015bli uwa\u017casz, \u017ce nie przestrzegamy niniejszej polityki prywatno\u015bci, powiniene\u015b natychmiast skontaktowa\u0107 si\u0119 z nami telefonicznie pod numerem 312-582-7700 lub poczt\u0105 elektroniczn\u0105 na adres <a href=\"mailto:ask@highjumpchicago.org\">ask@highjumpchicago.org<\/a><\/p>","protected":false},"excerpt":{"rendered":"<p>Informacja o ochronie prywatno\u015bci Niniejsza informacja o ochronie prywatno\u015bci opisuje praktyki dotycz\u0105ce prywatno\u015bci obowi\u0105zuj\u0105ce na stronie www.highjumpchicago.org. Niniejsza informacja o ochronie prywatno\u015bci dotyczy wy\u0142\u0105cznie informacji gromadzonych przez t\u0119 witryn\u0119. Powiadomi Ci\u0119 o nast\u0119puj\u0105cych kwestiach: Jakie dane osobowe s\u0105 zbierane od Ciebie za po\u015brednictwem witryny internetowej, w jaki spos\u00f3b s\u0105 one wykorzystywane i komu mog\u0105 by\u0107 udost\u0119pniane. Jakie mo\u017cliwo\u015bci s\u0105 dost\u0119pne\u2026<\/p>","protected":false},"author":7,"featured_media":0,"parent":0,"menu_order":200,"comment_status":"closed","ping_status":"closed","template":"","meta":{"_seopress_robots_primary_cat":"","_seopress_titles_title":"","_seopress_titles_desc":"","_seopress_robots_index":"","inline_featured_image":false,"footnotes":""},"class_list":["post-47","page","type-page","status-publish","hentry"],"_links":{"self":[{"href":"https:\/\/highjumpchicago.org\/pl\/wp-json\/wp\/v2\/pages\/47","targetHints":{"allow":["GET"]}}],"collection":[{"href":"https:\/\/highjumpchicago.org\/pl\/wp-json\/wp\/v2\/pages"}],"about":[{"href":"https:\/\/highjumpchicago.org\/pl\/wp-json\/wp\/v2\/types\/page"}],"author":[{"embeddable":true,"href":"https:\/\/highjumpchicago.org\/pl\/wp-json\/wp\/v2\/users\/7"}],"replies":[{"embeddable":true,"href":"https:\/\/highjumpchicago.org\/pl\/wp-json\/wp\/v2\/comments?post=47"}],"version-history":[{"count":5,"href":"https:\/\/highjumpchicago.org\/pl\/wp-json\/wp\/v2\/pages\/47\/revisions"}],"predecessor-version":[{"id":15796,"href":"https:\/\/highjumpchicago.org\/pl\/wp-json\/wp\/v2\/pages\/47\/revisions\/15796"}],"wp:attachment":[{"href":"https:\/\/highjumpchicago.org\/pl\/wp-json\/wp\/v2\/media?parent=47"}],"curies":[{"name":"wp","href":"https:\/\/api.w.org\/{rel}","templated":true}]}}