{"id":4826,"date":"2022-02-13T20:35:44","date_gmt":"2022-02-14T02:35:44","guid":{"rendered":"https:\/\/d46e648428.nxcli.io\/?page_id=4826"},"modified":"2022-11-03T19:13:57","modified_gmt":"2022-11-04T00:13:57","slug":"mision","status":"publish","type":"page","link":"https:\/\/highjumpchicago.org\/pl\/en-espanol\/mision\/","title":{"rendered":"Misja"},"content":{"rendered":"<nav  aria-label=\"bu\u0142ka tarta\"><ol itemscope itemtype=\"https:\/\/schema.org\/BreadcrumbList\"><li itemprop=\"itemListElement\" itemscope itemtype=\"https:\/\/schema.org\/ListItem\"><a itemscope itemtype=\"http:\/\/schema.org\/WebPage\" itemprop=\"item\" itemid=\"https:\/\/highjumpchicago.org\" href=\"https:\/\/highjumpchicago.org\/pl\/\">Dom<\/a><meta itemprop=\"position\" content=\"1\" \/><\/li><li itemprop=\"itemListElement\" itemscope itemtype=\"https:\/\/schema.org\/ListItem\"><a itemscope itemtype=\"http:\/\/schema.org\/WebPage\" itemprop=\"item\" itemid=\"https:\/\/highjumpchicago.org\/en-espanol\/\" href=\"https:\/\/highjumpchicago.org\/pl\/en-espanol\/\">En Espa\u00f1ol<\/a><meta itemprop=\"position\" content=\"2\" \/><\/li><li aria-current=\"page\" itemprop=\"itemListElement\" itemscope itemtype=\"https:\/\/schema.org\/ListItem\">Misja<meta itemprop=\"position\" content=\"3\" \/><\/li><\/ol><\/nav>\n<h2>\n\t\tW 1989 roku High Jump rozpocz\u0105\u0142 si\u0119 od jednej, pot\u0119\u017cnej misji:\n\t<\/h2>\n\t<h3>Zapewnienie r\u00f3wno\u015bci w edukacji dla uczni\u00f3w klas \u015brednich z Chicago, kt\u00f3rzy wykazali si\u0119 ambicjami i potencja\u0142em akademickim oraz kt\u00f3rzy maj\u0105 ograniczone \u015brodki finansowe.<\/h3>\n\t<p><strong>Dzi\u015b ta misja jest silniejsza ni\u017c kiedykolwiek.<\/strong> Skok wzwy\u017c umo\u017cliwia gimnazjalistom Chicago stanie si\u0119 wszechstronnymi liderami dzi\u0119ki naszym darmowym programom z jedynymi w swoim rodzaju do\u015bwiadczeniami, zasobami i wsparciem edukacyjnym dla ciekawskich i zmotywowanych uczni\u00f3w 7. i 8. klasy, kt\u00f3rzy chc\u0105 rzuci\u0107 sobie wyzwanie akademickie.<\/p>\n\t<ul>\n\t\t<li>\t\t\t\t\n\t\t<h3>ENRIQUECIMIENTO ACAD\u00c9MICO<\/h3><p>Clases avanzadas de matem\u00e1ticas, ciencias, literatura y humanidades<\/p>\n<\/li><li>\t\t\t\t\n\t\t<h3>APRENDIZAJE SPO\u0141ECZNO-EMOCJONALNE<\/h3><p>Entorno de apoyo emocional que ense\u00f1a habilidades no cognitivas necesarias para tener \u00e9xito<\/p>\n<\/li><li>\t\t\t\t\n\t\t<h3>SELECCI\u00d3N DE ESCUELA SECUNDARIA<\/h3><p>Apoyo para aplicaciones de escuela secundaria, ayuda financiera y becas.<\/p>\n<\/li>\t<\/ul>\n<h1>\n\t\tPos\u0142uchaj naszego dyrektora wykonawczego<br \/>\n\t<\/h1>\n\t<iframe loading=\"lazy\" width=\"560\" height=\"315\" src=\"https:\/\/www.youtube.com\/embed\/EMTXi6ujdcA?rel=0\" title=\"Odtwarzacz wideo YouTube\" frameborder=\"0\" allow=\"accelerometer; autoplay; clipboard-write; encrypted-media; gyroscope; picture-in-picture\" allowfullscreen><\/iframe>","protected":false},"excerpt":{"rendered":"<p>Home En Espa\u00f1ol Misi\u00f3n W 1989 roku High Jump rozpocz\u0105\u0142 dzia\u0142alno\u015b\u0107 z jedn\u0105, pot\u0119\u017cn\u0105 misj\u0105: zapewni\u0107 r\u00f3wne traktowanie w edukacji uczni\u00f3w szk\u00f3\u0142 \u015brednich z Chicago, kt\u00f3rzy wykazali si\u0119 ambicjami i potencja\u0142em akademickim oraz kt\u00f3rzy maj\u0105 ograniczone \u015brodki finansowe. Dzi\u015b ta misja jest silniejsza ni\u017c kiedykolwiek. Skok wzwy\u017c pomaga gimnazjalistom z Chicago sta\u0107 si\u0119 wszechstronnymi liderami\u2026<\/p>","protected":false},"author":7,"featured_media":4600,"parent":59,"menu_order":1,"comment_status":"closed","ping_status":"closed","template":"","meta":{"_seopress_robots_primary_cat":"","_seopress_titles_title":"","_seopress_titles_desc":"Equalizing access to education for Chicago middle school students who have exhibited academic ambition and potential and who are of limited economic means. ","_seopress_robots_index":"","inline_featured_image":false,"footnotes":""},"class_list":["post-4826","page","type-page","status-publish","has-post-thumbnail","hentry"],"_links":{"self":[{"href":"https:\/\/highjumpchicago.org\/pl\/wp-json\/wp\/v2\/pages\/4826","targetHints":{"allow":["GET"]}}],"collection":[{"href":"https:\/\/highjumpchicago.org\/pl\/wp-json\/wp\/v2\/pages"}],"about":[{"href":"https:\/\/highjumpchicago.org\/pl\/wp-json\/wp\/v2\/types\/page"}],"author":[{"embeddable":true,"href":"https:\/\/highjumpchicago.org\/pl\/wp-json\/wp\/v2\/users\/7"}],"replies":[{"embeddable":true,"href":"https:\/\/highjumpchicago.org\/pl\/wp-json\/wp\/v2\/comments?post=4826"}],"version-history":[{"count":5,"href":"https:\/\/highjumpchicago.org\/pl\/wp-json\/wp\/v2\/pages\/4826\/revisions"}],"predecessor-version":[{"id":5643,"href":"https:\/\/highjumpchicago.org\/pl\/wp-json\/wp\/v2\/pages\/4826\/revisions\/5643"}],"up":[{"embeddable":true,"href":"https:\/\/highjumpchicago.org\/pl\/wp-json\/wp\/v2\/pages\/59"}],"wp:featuredmedia":[{"embeddable":true,"href":"https:\/\/highjumpchicago.org\/pl\/wp-json\/wp\/v2\/media\/4600"}],"wp:attachment":[{"href":"https:\/\/highjumpchicago.org\/pl\/wp-json\/wp\/v2\/media?parent=4826"}],"curies":[{"name":"wp","href":"https:\/\/api.w.org\/{rel}","templated":true}]}}