{"id":49,"date":"2018-09-27T19:47:10","date_gmt":"2018-09-27T19:47:10","guid":{"rendered":"https:\/\/d46e648428.nxcli.io\/techedu-home-1\/"},"modified":"2026-02-14T13:48:06","modified_gmt":"2026-02-14T19:48:06","slug":"home","status":"publish","type":"page","link":"https:\/\/highjumpchicago.org\/pl\/","title":{"rendered":"Dom"},"content":{"rendered":"<h1>\n\t\t\tDlaczego skok wzwy\u017c?\t<\/h1>\n\t<h2>W 1989 roku High Jump rozpocz\u0105\u0142 swoj\u0105 dzia\u0142alno\u015b\u0107 z jedn\u0105, pot\u0119\u017cn\u0105 misj\u0105: zapewni\u0107 r\u00f3wny dost\u0119p do edukacji uczniom szk\u00f3\u0142 \u015brednich w Chicago, kt\u00f3rzy wykazali si\u0119 ambicjami i potencja\u0142em akademickim oraz kt\u00f3rzy maj\u0105 ograniczone \u015brodki finansowe.<\/h2>\n\t<p><strong>Dzi\u015b ta misja jest silniejsza ni\u017c kiedykolwiek.<\/strong> Skok wzwy\u017c umo\u017cliwia gimnazjalistom Chicago stanie si\u0119 wszechstronnymi liderami dzi\u0119ki naszym darmowym programom z jedynymi w swoim rodzaju do\u015bwiadczeniami, zasobami i wsparciem edukacyjnym dla ciekawskich i zmotywowanych uczni\u00f3w 7. i 8. klasy, kt\u00f3rzy chc\u0105 rzuci\u0107 sobie wyzwanie akademickie.<\/p>\n\t\t<h1>0%<\/h1>Uko\u0144czenie 4-letniego college&#039;u\n\t<h1>Kiedy m\u00f3wimy \u201einwestuj\u201d, naprawd\u0119 to mamy na my\u015bli.<\/h1>\n<h2>Co roku nasi stypendy\u015bci otrzymuj\u0105 300 godzin bezp\u0142atnych zaj\u0119\u0107 wzbogacaj\u0105cych wiedz\u0119 akademick\u0105, indywidualnego doradztwa i dedykowanego wsparcia.<\/h2>\n<h2>Najwa\u017cniejsza cz\u0119\u015b\u0107: dzia\u0142a.<\/h2>\n\t<h1>2 LATA<\/h1>\n\t<p>wzrostu akademickiego <em>na rok<\/em> skoku wzwy\u017c<\/p>\n\t\t\t\t\t<h1>0%<\/h1>\t\t\t\t\n\t\t\tabsolwent\u00f3w skoku wzwy\u017c studiuje obecnie w college&#039;u\t\n\t\t\t<a href =\"https:\/\/highjumpchicago.org\/pl\/about\/impact\/\" target=\"_self\"  aria-label=\"Przejrzyj nasz raport Impact, aby zobaczy\u0107, co osi\u0105gn\u0119li nasi naukowcy.\">\n\t\t\t\t\t\t\t\tZobacz nasz wp\u0142yw, aby zobaczy\u0107, co osi\u0105gn\u0119li nasi uczeni.\t\t\t\t\t\t\t\n\t\t\t\t\t\t<\/a>\n\t\t<h1>\n\t\t\tBudowanie nowej generacji lider\u00f3w.\t<\/h1>\n\t<h2>W High Jump pomagamy uczniom rozwija\u0107 umiej\u0119tno\u015bci, kt\u00f3rych potrzebuj\u0105, aby odnosi\u0107 sukcesy, gdziekolwiek si\u0119 znajduj\u0105. Nasz program nauczania udost\u0119pnia uczniom literatur\u0119 kulturow\u0105, rygorystyczne instrukcje matematyczne i nauk\u0119 empiryczn\u0105, aby pom\u00f3c im przygotowa\u0107 si\u0119 do szko\u0142y \u015bredniej, college&#039;u i nie tylko.<\/h2>\n<figure itemscope itemtype=\"https:\/\/schema.org\/ImageObject\">\n\t\t\t\t<img decoding=\"async\" src=\"https:\/\/highjumpchicago.org\/wp-content\/uploads\/2022\/02\/HighJump-100122-1150-1024x683.jpg\" alt=\"High Jump at Latin School on Saturday 1st, 2022. Photos by Jasmin Shah\" height=\"683\" width=\"1024\" title=\"Skok wzwy\u017c w Latin School, sobota, 1., 2022. Zdj\u0119cia: Jasmin Shah\" onerror=\"this.style.display='none'\" loading=\"lazy\" \/>\n\t<\/figure>\n\t<p><strong>Nasz stosunek liczby uczni\u00f3w do nauczycieli wynosz\u0105cy 16:1 pomaga uczniom rozwija\u0107 si\u0119.<\/strong> Niewielki rozmiar klasy oznacza wi\u0119cej czasu sam na sam z nauczycielami, aby zapewni\u0107 emocjonalnie wspieraj\u0105ce \u015brodowisko nauki, kt\u00f3re ma wi\u0119ksze znaczenie dla uczni\u00f3w.<\/p>\n<p><strong>Uczeni zdobywaj\u0105 nowych przyjaci\u00f3\u0142, zdobywaj\u0105 znacz\u0105ce do\u015bwiadczenia i buduj\u0105 pewno\u015b\u0107 siebie, aby pod\u0105\u017ca\u0107 za swoimi marzeniami.<\/strong> Chcesz aplikowa\u0107? Masz wi\u0119cej pyta\u0144 na temat tego, jak to dzia\u0142a? <a href=\"https:\/\/highjumpchicago.org\/pl\/our-programs\/program-faq\/\"><u>Sprawd\u017a cz\u0119sto zadawane pytania dotycz\u0105ce naszego programu.<\/u><\/a><\/p>\n<h1>\n\t\t\tWp\u0142yw trwa przez ca\u0142e \u017cycie: poznaj naszych absolwent\u00f3w\t<\/h1>\n\t<h2>Do\u015bwiadczenie w skoku wzwy\u017c trwa znacznie d\u0142u\u017cej ni\u017c tylko dwa lata programu. Nasi absolwenci podejmuj\u0105 ryzyko, realizuj\u0105 swoje marzenia i przyczyniaj\u0105 si\u0119 do ulepszania \u015bwiata \u2013 ale nie odbierajcie nam tego.<\/h2>\n<h2>Przeczytaj ich historie.<\/h2>\n\t<meta itemscope itemprop=\"mainEntityOfPage\" itemtype=\"https:\/\/schema.org\/WebPage\" itemid=\"https:\/\/highjumpchicago.org\/richards-story-of-high-jump-success\/\" content=\"Richard's Story of High Jump Success\" \/><meta itemprop=\"datePublished\" content=\"2024-06-25\" \/><meta itemprop=\"dateModified\" content=\"2025-10-14\" \/><meta itemprop=\"name\" content=\"High Jump\"\/><meta itemprop=\"url\" content=\"https:\/\/highjumpchicago.org\/author\/max\/\" \/><meta itemprop=\"name\" content=\"Max Asaf\" \/><meta itemprop=\"url\" content=\"https:\/\/highjumpchicago.org\/wp-content\/uploads\/2024\/06\/HighJump-Gala-050324-9475.jpg\" \/><meta itemprop=\"width\" content=\"2048\" \/><meta itemprop=\"height\" content=\"1365\" \/><meta itemprop=\"interactionType\" content=\"https:\/\/schema.org\/CommentAction\" \/><meta itemprop=\"userInteractionCount\" content=\"0\" \/>\n\t\t\t\t\t\t<a href='https:\/\/highjumpchicago.org\/pl\/richards-story-of-high-jump-success\/' title='Ryszard's story of high jump success'><img width=\"1024\" height=\"683\" src=\"https:\/\/highjumpchicago.org\/wp-content\/uploads\/2024\/06\/HighJump-Gala-050324-9475-1024x683.jpg\" alt=\"Richard speaks at a podium at the High Jump gala\" itemprop=\"image\" decoding=\"async\" loading=\"lazy\" srcset=\"https:\/\/highjumpchicago.org\/wp-content\/uploads\/2024\/06\/HighJump-Gala-050324-9475-1024x683.jpg 1024w, https:\/\/highjumpchicago.org\/wp-content\/uploads\/2024\/06\/HighJump-Gala-050324-9475-300x200.jpg 300w, https:\/\/highjumpchicago.org\/wp-content\/uploads\/2024\/06\/HighJump-Gala-050324-9475-768x512.jpg 768w, https:\/\/highjumpchicago.org\/wp-content\/uploads\/2024\/06\/HighJump-Gala-050324-9475-1536x1024.jpg 1536w, https:\/\/highjumpchicago.org\/wp-content\/uploads\/2024\/06\/HighJump-Gala-050324-9475-18x12.jpg 18w, https:\/\/highjumpchicago.org\/wp-content\/uploads\/2024\/06\/HighJump-Gala-050324-9475.jpg 2048w\" sizes=\"auto, (max-width: 1024px) 100vw, 1024px\" \/><\/a>\n\t\t\t\t\t<h3><a href='https:\/\/highjumpchicago.org\/pl\/richards-story-of-high-jump-success\/' title='Ryszard's story of high jump success'>Historia sukcesu Richarda w skoku wzwy\u017c<\/a><\/h3>\n\t\t\t\t\t\t<p>Kiedy spojrzymy na wp\u0142yw, jaki skok wzwy\u017c wywar\u0142 na przestrzeni ostatnich 35 lat,\u2026<\/p>\n\t\t\t\t\t\n\t\t\t\t\t\t<a href='https:\/\/highjumpchicago.org\/pl\/richards-story-of-high-jump-success\/' title='Czytaj wi\u0119cej &quot;'>Czytaj wi\u0119cej &quot;<\/a>\n\t\t\t\t\t\n\t<meta itemscope itemprop=\"mainEntityOfPage\" itemtype=\"https:\/\/schema.org\/WebPage\" itemid=\"https:\/\/highjumpchicago.org\/alumni-spotlight-jessica-cohort-25-is-racing-towards-her-future\/\" content=\"Alumni Spotlight: Jessica, Cohort 25, Is Racing Towards Her Future\" \/><meta itemprop=\"datePublished\" content=\"2024-05-29\" \/><meta itemprop=\"dateModified\" content=\"2024-05-29\" \/><meta itemprop=\"name\" content=\"High Jump\"\/><meta itemprop=\"url\" content=\"https:\/\/highjumpchicago.org\/author\/max\/\" \/><meta itemprop=\"name\" content=\"Max Asaf\" \/><meta itemprop=\"url\" content=\"https:\/\/highjumpchicago.org\/wp-content\/uploads\/2024\/05\/1700576011028-e1761344912770.jpeg\" \/><meta itemprop=\"width\" content=\"961\" \/><meta itemprop=\"height\" content=\"641\" \/><meta itemprop=\"interactionType\" content=\"https:\/\/schema.org\/CommentAction\" \/><meta itemprop=\"userInteractionCount\" content=\"0\" \/>\n\t\t\t\t\t\t<a href='https:\/\/highjumpchicago.org\/pl\/alumni-spotlight-jessica-cohort-25-is-racing-towards-her-future\/' title='W centrum uwagi absolwent\u00f3w: Jessica z kohorty 25 \u015bciga si\u0119 w stron\u0119 swojej przysz\u0142o\u015bci'><img width=\"961\" height=\"641\" src=\"https:\/\/highjumpchicago.org\/wp-content\/uploads\/2024\/05\/1700576011028-e1761344912770.jpeg\" alt=\"Jess stands in front of Lewis Hamilton&#039;s F1 Mercedes car\" itemprop=\"image\" decoding=\"async\" loading=\"lazy\" srcset=\"https:\/\/highjumpchicago.org\/wp-content\/uploads\/2024\/05\/1700576011028-e1761344912770.jpeg 961w, https:\/\/highjumpchicago.org\/wp-content\/uploads\/2024\/05\/1700576011028-e1761344912770-300x200.jpeg 300w, https:\/\/highjumpchicago.org\/wp-content\/uploads\/2024\/05\/1700576011028-e1761344912770-768x512.jpeg 768w, https:\/\/highjumpchicago.org\/wp-content\/uploads\/2024\/05\/1700576011028-e1761344912770-18x12.jpeg 18w\" sizes=\"auto, (max-width: 961px) 100vw, 961px\" \/><\/a>\n\t\t\t\t\t<h3><a href='https:\/\/highjumpchicago.org\/pl\/alumni-spotlight-jessica-cohort-25-is-racing-towards-her-future\/' title='W centrum uwagi absolwent\u00f3w: Jessica z kohorty 25 \u015bciga si\u0119 w stron\u0119 swojej przysz\u0142o\u015bci'>W centrum uwagi absolwent\u00f3w: Jessica z kohorty 25 \u015bciga si\u0119 w stron\u0119 swojej przysz\u0142o\u015bci<\/a><\/h3>\n\t\t\t\t\t\t<p>Jessica zawsze mia\u0142a w sobie wy\u015bcig. Jej mi\u0142o\u015b\u0107 do in\u017cynierii sport\u00f3w motorowych i wy\u015bcig\u00f3w samochodowych zaprowadzi\u0142a j\u0105 od\u2026<\/p>\n\t\t\t\t\t\n\t\t\t\t\t\t<a href='https:\/\/highjumpchicago.org\/pl\/alumni-spotlight-jessica-cohort-25-is-racing-towards-her-future\/' title='Czytaj wi\u0119cej &quot;'>Czytaj wi\u0119cej &quot;<\/a>\n\t\t\t\t\t\n\t<meta itemscope itemprop=\"mainEntityOfPage\" itemtype=\"https:\/\/schema.org\/WebPage\" itemid=\"https:\/\/highjumpchicago.org\/from-high-jump-to-hollywood-an-interview-with-aris-mendoza-cohort-10\/\" content=\"From High Jump to Hollywood: An Interview with Aris Mendoza, Cohort 10\" \/><meta itemprop=\"datePublished\" content=\"2024-04-10\" \/><meta itemprop=\"dateModified\" content=\"2024-06-17\" \/><meta itemprop=\"name\" content=\"High Jump\"\/><meta itemprop=\"url\" content=\"https:\/\/highjumpchicago.org\/author\/max\/\" \/><meta itemprop=\"name\" content=\"Max Asaf\" \/><meta itemprop=\"url\" content=\"https:\/\/highjumpchicago.org\/wp-content\/uploads\/2024\/04\/NKP00514-3b.jpg\" \/><meta itemprop=\"width\" content=\"2048\" \/><meta itemprop=\"height\" content=\"1591\" \/><meta itemprop=\"interactionType\" content=\"https:\/\/schema.org\/CommentAction\" \/><meta itemprop=\"userInteractionCount\" content=\"0\" \/>\n\t\t\t\t\t\t<a href='https:\/\/highjumpchicago.org\/pl\/from-high-jump-to-hollywood-an-interview-with-aris-mendoza-cohort-10\/' title='Od skoku wzwy\u017c do Hollywood: wywiad z Arisem Mendoz\u0105, kohorta 10'><img width=\"1024\" height=\"796\" src=\"https:\/\/highjumpchicago.org\/wp-content\/uploads\/2024\/04\/NKP00514-3b-1024x796.jpg\" alt=\"\" itemprop=\"image\" decoding=\"async\" loading=\"lazy\" srcset=\"https:\/\/highjumpchicago.org\/wp-content\/uploads\/2024\/04\/NKP00514-3b-1024x796.jpg 1024w, https:\/\/highjumpchicago.org\/wp-content\/uploads\/2024\/04\/NKP00514-3b-300x233.jpg 300w, https:\/\/highjumpchicago.org\/wp-content\/uploads\/2024\/04\/NKP00514-3b-768x597.jpg 768w, https:\/\/highjumpchicago.org\/wp-content\/uploads\/2024\/04\/NKP00514-3b-1536x1193.jpg 1536w, https:\/\/highjumpchicago.org\/wp-content\/uploads\/2024\/04\/NKP00514-3b-15x12.jpg 15w, https:\/\/highjumpchicago.org\/wp-content\/uploads\/2024\/04\/NKP00514-3b.jpg 2048w\" sizes=\"auto, (max-width: 1024px) 100vw, 1024px\" \/><\/a>\n\t\t\t\t\t<h3><a href='https:\/\/highjumpchicago.org\/pl\/from-high-jump-to-hollywood-an-interview-with-aris-mendoza-cohort-10\/' title='Od skoku wzwy\u017c do Hollywood: wywiad z Arisem Mendoz\u0105, kohorta 10'>Od skoku wzwy\u017c do Hollywood: wywiad z Arisem Mendoz\u0105, kohorta 10<\/a><\/h3>\n\t\t\t\t\t\t<p>Od samego pocz\u0105tku High Jump nie k\u0142ad\u0142 nacisku na wskazywanie uczniom konkretnej \u015bcie\u017cki prowadz\u0105cej do konkretnej definicji\u2026<\/p>\n\t\t\t\t\t\n\t\t\t\t\t\t<a href='https:\/\/highjumpchicago.org\/pl\/from-high-jump-to-hollywood-an-interview-with-aris-mendoza-cohort-10\/' title='Czytaj wi\u0119cej &quot;'>Czytaj wi\u0119cej &quot;<\/a>\n\t\t\t\t\t\n\t<meta itemscope itemprop=\"mainEntityOfPage\" itemtype=\"https:\/\/schema.org\/WebPage\" itemid=\"https:\/\/highjumpchicago.org\/alumni-spotlight-aji-cohort-20\/\" content=\"Alumni Spotlight: Aji, Cohort 20\" \/><meta itemprop=\"datePublished\" content=\"2023-11-16\" \/><meta itemprop=\"dateModified\" content=\"2024-01-20\" \/><meta itemprop=\"name\" content=\"High Jump\"\/><meta itemprop=\"url\" content=\"https:\/\/highjumpchicago.org\/author\/max\/\" \/><meta itemprop=\"name\" content=\"Max Asaf\" \/><meta itemprop=\"url\" content=\"https:\/\/highjumpchicago.org\/wp-content\/uploads\/2023\/11\/Screenshot-2023-11-13-at-9.55.56-AM.jpg\" \/><meta itemprop=\"width\" content=\"1916\" \/><meta itemprop=\"height\" content=\"953\" \/><meta itemprop=\"interactionType\" content=\"https:\/\/schema.org\/CommentAction\" \/><meta itemprop=\"userInteractionCount\" content=\"0\" \/>\n\t\t\t\t\t\t<a href='https:\/\/highjumpchicago.org\/pl\/alumni-spotlight-aji-cohort-20\/' title='W centrum uwagi absolwent\u00f3w: Aji, kohorta 20'><img width=\"1024\" height=\"509\" src=\"https:\/\/highjumpchicago.org\/wp-content\/uploads\/2023\/11\/Screenshot-2023-11-13-at-9.55.56-AM-1024x509.jpg\" alt=\"\" itemprop=\"image\" decoding=\"async\" loading=\"lazy\" srcset=\"https:\/\/highjumpchicago.org\/wp-content\/uploads\/2023\/11\/Screenshot-2023-11-13-at-9.55.56-AM-1024x509.jpg 1024w, https:\/\/highjumpchicago.org\/wp-content\/uploads\/2023\/11\/Screenshot-2023-11-13-at-9.55.56-AM-300x149.jpg 300w, https:\/\/highjumpchicago.org\/wp-content\/uploads\/2023\/11\/Screenshot-2023-11-13-at-9.55.56-AM-768x382.jpg 768w, https:\/\/highjumpchicago.org\/wp-content\/uploads\/2023\/11\/Screenshot-2023-11-13-at-9.55.56-AM-1536x764.jpg 1536w, https:\/\/highjumpchicago.org\/wp-content\/uploads\/2023\/11\/Screenshot-2023-11-13-at-9.55.56-AM-18x9.jpg 18w, https:\/\/highjumpchicago.org\/wp-content\/uploads\/2023\/11\/Screenshot-2023-11-13-at-9.55.56-AM.jpg 1916w\" sizes=\"auto, (max-width: 1024px) 100vw, 1024px\" \/><\/a>\n\t\t\t\t\t<h3><a href='https:\/\/highjumpchicago.org\/pl\/alumni-spotlight-aji-cohort-20\/' title='W centrum uwagi absolwent\u00f3w: Aji, kohorta 20'>W centrum uwagi absolwent\u00f3w: Aji, kohorta 20<\/a><\/h3>\n\t\t\t\t\t\t<p>Od dzieci\u0144stwa Aji mia\u0142 niezwykle aktywny umys\u0142 \u2013 zawsze szuka\u0142 sposob\u00f3w na rozwini\u0119cie swoich zainteresowa\u0144, poszerzenie\u2026<\/p>\n\t\t\t\t\t\n\t\t\t\t\t\t<a href='https:\/\/highjumpchicago.org\/pl\/alumni-spotlight-aji-cohort-20\/' title='Czytaj wi\u0119cej &quot;'>Czytaj wi\u0119cej &quot;<\/a>\n\t\t\t\t\t\n\t\t\t\t\t\t<a href=\"?campaign=524397\" target=\"_self\">\n\t\t\t\t\t\t\t\t<h3>Wesprzyj nas<\/h3>\n\t\t\t\t\t\t\t\t\t<p>Do\u0142\u0105cz do naszej spo\u0142eczno\u015bci zwolennik\u00f3w i inwestuj w swoj\u0105 spo\u0142eczno\u015b\u0107 na indywidualn\u0105 skal\u0119<\/p>\n\t\t\t\t\t\t\t\t\t\t<\/a>\n\t\t\t\t\t\t<a href=\"https:\/\/highjumpchicago.org\/pl\/volunteer\/\" target=\"_self\">\n\t\t\t\t\t\t\t\t<h3>Zosta\u0144 z nami wolontariuszem<\/h3>\n\t\t\t\t\t\t\t\t\t<p>Dowiedz si\u0119 o mo\u017cliwo\u015bciach wolontariatu przez ca\u0142y rok, w kt\u00f3rych \u0142\u0105czysz si\u0119 z naszymi studentami.<\/p>\n\t\t\t\t\t\t\t\t\t\t<\/a>\n\t\t\t\t\t\t<a href=\"https:\/\/highjumpchicago.org\/pl\/donate\/sponsor-us\/\" target=\"_self\">\n\t\t\t\t\t\t\t\t<h3> Zosta\u0144 sponsorem korporacyjnym<\/h3>\n\t\t\t\t\t\t\t\t\t<p>Twoje zaanga\u017cowanie pomo\u017ce nam rozszerzy\u0107 nasze zasoby na wi\u0119ksz\u0105 liczb\u0119 student\u00f3w w ca\u0142ym Chicago.<\/p>\n\t\t\t\t\t\t\t\t\t\t<\/a>\n<h3>\n\t\t\tPrzeczytaj wi\u0119cej o tym, co robili\u015bmy.\t<\/h3>\n<h3>\n\t\t\tNAJNOWSZE O NASZYCH UCZNIACH. PROSTO DO TWOJEJ SKRZYNKI odbiorczej.\t<\/h3>\n\t<p>Przeczytaj nasze najnowsze e-wiadomo\u015bci:\u00a0<a href=\"https:\/\/conta.cc\/480k9Or\" target=\"_blank\" rel=\"noopener noreferrer\">Otwierasz drzwi przysz\u0142ym liderom<\/a>\u00a0aby zobaczy\u0107, czego mo\u017cesz si\u0119 spodziewa\u0107.<\/p>\n\t<div data-form-id=\"3031\" id=\"ctct-form-wrapper-0\" class=\"ctct-form-wrapper\"><span class=\"ctct-form-description\" ><p class=\"ctct-form-text\" data-qe-id=\"form-description\">Zapisz si\u0119 do newslettera High Jump, aby otrzymywa\u0107 informacje o programie oraz naszych studentach i absolwentach.<\/p>\n<\/span><form class=\"ctct-form ctct-form-3031 comment-form  no-recaptcha ctct-default\" id=\"ctct-form-3232751921\" data-doajax=\"off\" style=\"\" action=\"\" method=\"post\" data-trp-original-action=\"\"><p class=\"ctct-form-field ctct-form-field-text ctct-form-field-required\"><span class=\"ctct-label-top\"><label for=\"first_name___7e7a6eef7e0a3734f39d6757b27d474b_0_786779183\">Imi\u0119 <span class=\"ctct-required-indicatior\" title=\"To pole jest wymagane\">*<\/span><\/label><\/span><input required aria-required=\"true\"  type=\"text\" id=\"first_name___7e7a6eef7e0a3734f39d6757b27d474b_0_786779183\" name=\"first_name___7e7a6eef7e0a3734f39d6757b27d474b\"  value=\"\" class=\"ctct-text ctct-label-top first_name___7e7a6eef7e0a3734f39d6757b27d474b\" maxlength=\"255\" placeholder=\"\"   \/><\/p><p class=\"ctct-form-field ctct-form-field-text ctct-form-field-required\"><span class=\"ctct-label-top\"><label for=\"last_name___86b6d953df0fd1bff8e02cde526c2b3c_0_1345234683\">Nazwisko <span class=\"ctct-required-indicatior\" title=\"To pole jest wymagane\">*<\/span><\/label><\/span><input required aria-required=\"true\"  type=\"text\" id=\"last_name___86b6d953df0fd1bff8e02cde526c2b3c_0_1345234683\" name=\"last_name___86b6d953df0fd1bff8e02cde526c2b3c\"  value=\"\" class=\"ctct-text ctct-label-top last_name___86b6d953df0fd1bff8e02cde526c2b3c\" maxlength=\"255\" placeholder=\"\"   \/><\/p><p class=\"ctct-form-field ctct-form-field-email ctct-form-field-required\"><span class=\"ctct-label-top\"><label for=\"email___3c59495a3edf2d27cd20fc1987544522_0_64304650\">email (wymagany) <span class=\"ctct-required-indicatior\" title=\"To pole jest wymagane\">*<\/span><\/label><\/span><input required aria-required=\"true\"  type=\"email\" id=\"email___3c59495a3edf2d27cd20fc1987544522_0_64304650\" name=\"email___3c59495a3edf2d27cd20fc1987544522\"  value=\"\" class=\"ctct-email ctct-label-top email___3c59495a3edf2d27cd20fc1987544522\"  placeholder=\"\"   \/><\/p><div class='ctct-list-selector' style='display:none;'><div class=\"ctct-form-field ctct-form-field-checkbox ctct-form-field-required\"><fieldset><legend class=\"ctct-label-top\">Wybierz listy, kt\u00f3re chcesz subskrybowa\u0107<\/legend><input type=\"checkbox\" name=\"lists___6c1e4c5317f823ed81b935f63ae5029a[]\" id=\"lists___6c1e4c5317f823ed81b935f63ae5029a_0_0\" value=\"f425d910-e2b1-11e8-b04a-d4ae52754dbc\" class=\"ctct-checkbox ctct-label-right\" checked \/><span class=\"ctct-label-right\"><label for=\"lists___6c1e4c5317f823ed81b935f63ae5029a_0_0\">**Wbudowany formularz zapisu na newsletter**<\/label><\/span><\/fieldset><\/div><\/div><p class=\"ctct-form-field ctct-form-field-checkbox\"><span class=\"ctct-input-container\"><input type=\"checkbox\"  name=\"ctct-opt-in\" class=\"ctct-checkbox ctct-opt-in\" value=\"1\" id=\"ctct-opt-in_0\" \/><label for=\"ctct-opt-in_0\"> Tak, chc\u0119 otrzymywa\u0107 wiadomo\u015bci e-mail od High Jump. (Mo\u017cesz zrezygnowa\u0107 z subskrypcji w dowolnym momencie).<\/label><\/span><\/p><p class=\"ctct-form-field ctct-form-field-submit\"><input aria-required=\"false\"  type=\"submit\" id=\"ctct-submitted_0_1637822041\" name=\"ctct-submitted\"  value=\"Zapisz si\u0119\" class=\"ctct-submit ctct-label-top ctct-submitted\"     \/><\/p><div class=\"ctct_usage\" style=\"border: 0 none; clip: rect( 0, 0, 0, 0 ); height: 1px; margin: -1px; overflow: hidden; padding: 0; position: absolute; width: 1px;\"><label for=\"ctct_usage_field\">Sta\u0142e u\u017cycie kontaktu. Prosz\u0119 pozostawi\u0107 to pole puste.<\/label><input type=\"text\" value=\"\" id=\"ctct_usage_field\" name=\"ctct_usage_field\" class=\"ctct_usage_field\" tabindex=\"-1\" \/><\/div><input type=\"hidden\" name=\"ctct-id\" value=\"3031\" \/><input type=\"hidden\" name=\"ctct-verify\" value=\"JSqMp7zszmNjFkXbUgXWhYNXB\" \/><input type=\"hidden\" name=\"ctct-instance\" value=\"0\" \/><input type=\"hidden\" name=\"ctct_time\" value=\"1776765709\" \/><input type=\"hidden\" name=\"ctct_must_opt_in\" value=\"yes\" \/><input type=\"hidden\" name=\"trp-form-language\" value=\"pl\"\/><\/form><div class=\"ctct-disclosure\"><hr><small>Przesy\u0142aj\u0105c ten formularz, wyra\u017casz zgod\u0119 na otrzymywanie marketingowych wiadomo\u015bci e-mail od: . W ka\u017cdej chwili mo\u017cesz odwo\u0142a\u0107 swoj\u0105 zgod\u0119 na otrzymywanie wiadomo\u015bci e-mail, korzystaj\u0105c z \u0142\u0105cza SafeUnsubscribe\u00ae znajduj\u0105cego si\u0119 na dole ka\u017cdej wiadomo\u015bci e-mail. <a href=\"https:\/\/www.constantcontact.com\/legal\/about-constant-contact\" target=\"_blank\" rel=\"noopener noreferrer\" aria-label=\"Obs\u0142ug\u0105 wiadomo\u015bci e-mail zajmuje si\u0119 Constant Contact, otwiera si\u0119 nowe okno\">Poczt\u0119 elektroniczn\u0105 obs\u0142uguje firma Constant Contact<\/a><\/small><\/div><script type=\"text\/javascript\">var ajaxurl = \"https:\/\/highjumpchicago.org\/wp-admin\/admin-ajax.php\";<\/script><\/div>","protected":false},"excerpt":{"rendered":"<p>Dlaczego skok wzwy\u017c? W 1989 roku High Jump rozpocz\u0105\u0142 dzia\u0142alno\u015b\u0107 z jedn\u0105 pot\u0119\u017cn\u0105 misj\u0105: zapewni\u0107 r\u00f3wno\u015b\u0107 w edukacji uczniom klas \u015brednich z Chicago, kt\u00f3rzy wykazali si\u0119 ambicjami i potencja\u0142em akademickim oraz kt\u00f3rzy maj\u0105 ograniczone \u015brodki finansowe. Dzi\u015b ta misja jest silniejsza ni\u017c kiedykolwiek. Skok wzwy\u017c pozwala gimnazjalistom z Chicago sta\u0107 si\u0119 wszechstronnymi liderami poprzez\u2026<\/p>","protected":false},"author":7,"featured_media":0,"parent":0,"menu_order":1,"comment_status":"closed","ping_status":"closed","template":"","meta":{"_seopress_robots_primary_cat":"","_seopress_titles_title":"","_seopress_titles_desc":"","_seopress_robots_index":"","inline_featured_image":false,"footnotes":""},"class_list":["post-49","page","type-page","status-publish","hentry"],"_links":{"self":[{"href":"https:\/\/highjumpchicago.org\/pl\/wp-json\/wp\/v2\/pages\/49","targetHints":{"allow":["GET"]}}],"collection":[{"href":"https:\/\/highjumpchicago.org\/pl\/wp-json\/wp\/v2\/pages"}],"about":[{"href":"https:\/\/highjumpchicago.org\/pl\/wp-json\/wp\/v2\/types\/page"}],"author":[{"embeddable":true,"href":"https:\/\/highjumpchicago.org\/pl\/wp-json\/wp\/v2\/users\/7"}],"replies":[{"embeddable":true,"href":"https:\/\/highjumpchicago.org\/pl\/wp-json\/wp\/v2\/comments?post=49"}],"version-history":[{"count":10,"href":"https:\/\/highjumpchicago.org\/pl\/wp-json\/wp\/v2\/pages\/49\/revisions"}],"predecessor-version":[{"id":168329,"href":"https:\/\/highjumpchicago.org\/pl\/wp-json\/wp\/v2\/pages\/49\/revisions\/168329"}],"wp:attachment":[{"href":"https:\/\/highjumpchicago.org\/pl\/wp-json\/wp\/v2\/media?parent=49"}],"curies":[{"name":"wp","href":"https:\/\/api.w.org\/{rel}","templated":true}]}}