{"id":4947,"date":"2022-08-02T15:38:09","date_gmt":"2022-08-02T20:38:09","guid":{"rendered":"https:\/\/d46e648428.nxcli.io\/?page_id=4947"},"modified":"2022-11-03T17:53:47","modified_gmt":"2022-11-03T22:53:47","slug":"descripcion-general","status":"publish","type":"page","link":"https:\/\/highjumpchicago.org\/pl\/en-espanol\/descripcion-general\/","title":{"rendered":"Opis og\u00f3lny"},"content":{"rendered":"<nav  aria-label=\"bu\u0142ka tarta\"><ol itemscope itemtype=\"https:\/\/schema.org\/BreadcrumbList\"><li itemprop=\"itemListElement\" itemscope itemtype=\"https:\/\/schema.org\/ListItem\"><a itemscope itemtype=\"http:\/\/schema.org\/WebPage\" itemprop=\"item\" itemid=\"https:\/\/highjumpchicago.org\" href=\"https:\/\/highjumpchicago.org\/pl\/\">Dom<\/a><meta itemprop=\"position\" content=\"1\" \/><\/li><li itemprop=\"itemListElement\" itemscope itemtype=\"https:\/\/schema.org\/ListItem\"><a itemscope itemtype=\"http:\/\/schema.org\/WebPage\" itemprop=\"item\" itemid=\"https:\/\/highjumpchicago.org\/en-espanol\/\" href=\"https:\/\/highjumpchicago.org\/pl\/en-espanol\/\">En Espa\u00f1ol<\/a><meta itemprop=\"position\" content=\"2\" \/><\/li><li aria-current=\"page\" itemprop=\"itemListElement\" itemscope itemtype=\"https:\/\/schema.org\/ListItem\">Opis og\u00f3lny<meta itemprop=\"position\" content=\"3\" \/><\/li><\/ol><\/nav>\n<h1>\n\t\tWzbogacenie akademickie. Wsparcie spo\u0142eczno-emocjonalne. Kszta\u0142cenie ustawiczne.<br \/>\n\t<\/h1>\n\t<h3>Skok wzwy\u017c umo\u017cliwia gimnazjalistom Chicago stanie si\u0119 wszechstronnymi liderami dzi\u0119ki naszym darmowym programom z jedynymi w swoim rodzaju do\u015bwiadczeniami, zasobami i wsparciem edukacyjnym dla ciekawskich i zmotywowanych uczni\u00f3w 7. i 8. klasy, kt\u00f3rzy chc\u0105 rzuci\u0107 sobie wyzwanie akademickie.<\/h3>\n\t<p><strong>Co czyni studenta uczonym?<\/strong> Mi\u0142o\u015b\u0107 do nauki i ch\u0119\u0107 poszukiwania do\u015bwiadcze\u0144, aby rzuci\u0107 sobie wyzwanie spo\u0142ecznie i naukowo. Nasi studenci s\u0105 ciekawi intelektualnie i zmotywowani naukowo; wielu jest pierwszymi osobami w swoich rodzinach, kt\u00f3re ucz\u0119szczaj\u0105 do college&#039;u.<\/p>\n<p><strong>Stypendy\u015bci skoku wzwy\u017c ko\u0144cz\u0105 nasz program i s\u0105 gotowi na to, co b\u0119dzie dalej.<\/strong> Nasi absolwenci to osoby ucz\u0105ce si\u0119 przez ca\u0142e \u017cycie, poszukuj\u0105ce zasob\u00f3w i mo\u017cliwo\u015bci poprawy swojego \u017cycia. Wspieraj\u0105 siebie i swoje wielkie idee oraz pozostaj\u0105 w kontakcie ze swoimi r\u00f3wie\u015bnikami w skoku wzwy\u017c, gdy rozwijaj\u0105 si\u0119 i podnosz\u0105 na duchu swoje spo\u0142eczno\u015bci.<\/p>\n<p><strong>Wspieramy naszych uczonych wzbogaceniem akademickim, ale to o wiele wi\u0119cej.<\/strong> High Jump jest po\u015bwi\u0119cony byciu tam dla naszych uczonych. Zapewniamy programy i wsparcie w szkole \u015bredniej i jeste\u015bmy dla nich sta\u0142ym \u017ar\u00f3d\u0142em informacji na studiach.<\/p>\n\t<ul>\n\t\t<li>\t\t\t\t\n\t\t<h3>GIMNAZJUM<\/h3><p>Zobowi\u0105\u017c si\u0119 do dw\u00f3ch lat bezp\u0142atnego wzbogacenia akademickiego w ramach naszego programu Scholars lub Community Scholars.<\/p><\/li><li>\t\t\t\t\n\t\t<h3>LICEUM<\/h3><p>Ci\u0105g\u0142e wzbogacenie akademickie, doradztwo i gotowo\u015b\u0107 do college&#039;u oraz umiej\u0119tno\u015b\u0107 czytania i pisania w zakresie pomocy finansowej w celu dostania si\u0119 na studia i przez nie.<\/p><\/li><li>\t\t\t\t\n\t\t<h3>SZKO\u0141A WY\u017bSZA<\/h3><p>Pozosta\u0144 w kontakcie i poczuj wsparcie przez ca\u0142y okres studi\u00f3w dzi\u0119ki naszym programom wsparcia dla absolwent\u00f3w.<\/p><\/li>\t<\/ul>\n\t\t\t\t<img loading=\"lazy\" decoding=\"async\" src=\"https:\/\/highjumpchicago.org\/wp-content\/uploads\/2022\/01\/Sustaining-Leaders-e1643325677181.jpg\" alt=\"Student in class\" itemprop=\"image\" height=\"256\" width=\"512\" title=\"Skok wzwy\u017c | student\" onerror=\"this.style.display='none'\"  \/>\n<h2>\n\t\tZosta\u0144 uczonym skoku wzwy\u017c\n\t<\/h2>\n\t\t\t<a href=\"https:\/\/highjumpchicago.org\/pl\/en-espanol\/preguntas-mas-frecuentes\/\" target=\"_self\" role=\"button\" rel=\"noopener\">\n\t\t\t\t\t\t\tDowiedz si\u0119 wi\u0119cej i APLIKUJ\n\t\t\t\t\t<\/a>","protected":false},"excerpt":{"rendered":"<p>Strona g\u0142\u00f3wna En Espa\u00f1ol Opis Og\u00f3lne wzbogacanie akademickie. Wsparcie spo\u0142eczno-emocjonalne. Kszta\u0142cenie ustawiczne. High Jump umo\u017cliwia gimnazjalistom z Chicago stanie si\u0119 wszechstronnymi liderami dzi\u0119ki naszym bezp\u0142atnym programom oferuj\u0105cym jedyne w swoim rodzaju do\u015bwiadczenia, zasoby i wsparcie edukacyjne dla ciekawskich i zmotywowanych uczni\u00f3w klas 7. i 8., kt\u00f3rzy chc\u0105 rzuci\u0107 sobie wyzwanie w nauce. Co czyni studenta uczonym? Mi\u0142o\u015b\u0107\u2026<\/p>","protected":false},"author":7,"featured_media":5231,"parent":59,"menu_order":3,"comment_status":"closed","ping_status":"closed","template":"","meta":{"_seopress_robots_primary_cat":"","_seopress_titles_title":"","_seopress_titles_desc":"","_seopress_robots_index":"","inline_featured_image":false,"footnotes":""},"class_list":["post-4947","page","type-page","status-publish","has-post-thumbnail","hentry"],"_links":{"self":[{"href":"https:\/\/highjumpchicago.org\/pl\/wp-json\/wp\/v2\/pages\/4947","targetHints":{"allow":["GET"]}}],"collection":[{"href":"https:\/\/highjumpchicago.org\/pl\/wp-json\/wp\/v2\/pages"}],"about":[{"href":"https:\/\/highjumpchicago.org\/pl\/wp-json\/wp\/v2\/types\/page"}],"author":[{"embeddable":true,"href":"https:\/\/highjumpchicago.org\/pl\/wp-json\/wp\/v2\/users\/7"}],"replies":[{"embeddable":true,"href":"https:\/\/highjumpchicago.org\/pl\/wp-json\/wp\/v2\/comments?post=4947"}],"version-history":[{"count":5,"href":"https:\/\/highjumpchicago.org\/pl\/wp-json\/wp\/v2\/pages\/4947\/revisions"}],"predecessor-version":[{"id":5624,"href":"https:\/\/highjumpchicago.org\/pl\/wp-json\/wp\/v2\/pages\/4947\/revisions\/5624"}],"up":[{"embeddable":true,"href":"https:\/\/highjumpchicago.org\/pl\/wp-json\/wp\/v2\/pages\/59"}],"wp:featuredmedia":[{"embeddable":true,"href":"https:\/\/highjumpchicago.org\/pl\/wp-json\/wp\/v2\/media\/5231"}],"wp:attachment":[{"href":"https:\/\/highjumpchicago.org\/pl\/wp-json\/wp\/v2\/media?parent=4947"}],"curies":[{"name":"wp","href":"https:\/\/api.w.org\/{rel}","templated":true}]}}