{"id":512,"date":"2018-11-08T18:56:31","date_gmt":"2018-11-08T18:56:31","guid":{"rendered":"https:\/\/d46e648428.nxcli.io\/?page_id=512"},"modified":"2025-07-09T16:38:12","modified_gmt":"2025-07-09T21:38:12","slug":"alumni","status":"publish","type":"page","link":"https:\/\/highjumpchicago.org\/pl\/our-programs\/alumni\/","title":{"rendered":"Absolwenci Uczeni"},"content":{"rendered":"<nav  aria-label=\"bu\u0142ka tarta\"><ol itemscope itemtype=\"https:\/\/schema.org\/BreadcrumbList\"><li itemprop=\"itemListElement\" itemscope itemtype=\"https:\/\/schema.org\/ListItem\"><a itemscope itemtype=\"https:\/\/schema.org\/WebPage\" itemprop=\"item\" itemid=\"https:\/\/highjumpchicago.org\" href=\"https:\/\/highjumpchicago.org\/pl\/\">Dom<\/a><meta itemprop=\"position\" content=\"1\"\/><\/li><li itemprop=\"itemListElement\" itemscope itemtype=\"https:\/\/schema.org\/ListItem\"><a itemscope itemtype=\"https:\/\/schema.org\/WebPage\" itemprop=\"item\" itemid=\"https:\/\/highjumpchicago.org\/our-programs\/\" href=\"https:\/\/highjumpchicago.org\/pl\/our-programs\/\">Nasze programy<\/a><meta itemprop=\"position\" content=\"2\"\/><\/li><li aria-current=\"page\" itemprop=\"itemListElement\" itemscope itemtype=\"https:\/\/schema.org\/ListItem\">Absolwenci Uczeni<meta itemprop=\"position\" content=\"3\"\/><\/li><\/ol><\/nav>\n<h1>\n\t\t\tRaz uczony, zawsze uczony.\t<\/h1>\n\t\t\t\t\t<h1>0+ <\/h1>\t\t\t\t\n\t\t\tAbsolwenci i liczenie\t\n\t<h3>Ka\u017cdy ucze\u0144 \u00f3smej klasy Skoku wzwy\u017c pracuje indywidualnie z nauczycielami i personelem, aby wybra\u0107 odpowiedni\u0105 szko\u0142\u0119 \u015bredni\u0105, kt\u00f3ra b\u0119dzie wspiera\u0107 jego potrzeby i cele. Wsp\u00f3\u0142pracujemy r\u00f3wnie\u017c z uczniami i ich rodzinami w procesie rekrutacji do szk\u00f3\u0142 \u015brednich, w tym w zakresie pomocy finansowej i opcji stypendialnych.<\/h3>\n\t<p><strong>Nasi absolwenci szk\u00f3\u0142 \u015brednich i student\u00f3w maj\u0105 wiele mo\u017cliwo\u015bci pozostania zaanga\u017cowanym i po\u0142\u0105czonym ze spo\u0142eczno\u015bci\u0105 High Jump:<\/strong><\/p>\n<ul>\n<li aria-level=\"1\">Powracamy jako asystenci dydaktyczni w naszym programie Scholars<\/li>\n<li aria-level=\"1\">Letnie programy wzbogacaj\u0105ce, kt\u00f3re wspieraj\u0105 przej\u015bcie ze szko\u0142y podstawowej do \u015bredniej<\/li>\n<li aria-level=\"1\">Warsztaty wspieraj\u0105ce proces aplikacji na studia i przygotowanie do egzaminu SAT<\/li>\n<li aria-level=\"1\">Nawi\u0105zywanie kontakt\u00f3w, po\u015brednictwo pracy i nie tylko w celu rozwoju kariery i wzrostu<\/li>\n<\/ul>\n<p><b>Naszym absolwentom szk\u00f3\u0142 \u015brednich i student\u00f3w stwarzamy mo\u017cliwo\u015bci pozostania zaanga\u017cowanym i po\u0142\u0105czonym ze spo\u0142eczno\u015bci\u0105 High Jump.<\/b> Powr\u00f3t do programu w charakterze p\u0142atnego asystenta nauczyciela pomaga wspiera\u0107 nowe grupy stypendyst\u00f3w zajmuj\u0105cych si\u0119 skokiem wzwy\u017c, zdobywaj\u0105c jednocze\u015bnie bezcenne do\u015bwiadczenie zawodowe w \u015bwiecie rzeczywistym.<\/p>\n<b>Czy jeste\u015b absolwentem, kt\u00f3ry chce si\u0119 zaanga\u017cowa\u0107 lub nawi\u0105za\u0107 kontakt z innymi absolwentami?<\/b><br \/>\nSkontaktuj si\u0119 z nami na <a href=\"mailto:ask@highjumpchicago.org\">ask@highjumpchicago.org<\/a>\u00a0po wi\u0119cej informacji.\n<b>Czy jeste\u015b absolwentem zainteresowanym do\u0142\u0105czeniem do naszego Zarz\u0105du?<\/b><br \/>\nSkontaktuj si\u0119 z Molly Gilbride pod adresem <a href=\"mailto:mgilbride@highjumpchicago.org\">mgilbride@highjumpchicago.org<\/a> po wi\u0119cej informacji.\n<h1>\n\t\t\tWp\u0142yw trwa przez ca\u0142e \u017cycie: poznaj naszych absolwent\u00f3w\t<\/h1>\n\t<h2>Do\u015bwiadczenie w skoku wzwy\u017c trwa znacznie d\u0142u\u017cej ni\u017c tylko dwa lata programu. Nasi absolwenci podejmuj\u0105 ryzyko, realizuj\u0105 swoje marzenia i przyczyniaj\u0105 si\u0119 do ulepszania \u015bwiata \u2013 ale nie odbierajcie nam tego.<\/h2>\n<h2>Przeczytaj ich historie.<\/h2>\n\t<meta itemscope itemprop=\"mainEntityOfPage\" itemtype=\"https:\/\/schema.org\/WebPage\" itemid=\"https:\/\/highjumpchicago.org\/richards-story-of-high-jump-success\/\" content=\"Richard's Story of High Jump Success\" \/><meta itemprop=\"datePublished\" content=\"2024-06-25\" \/><meta itemprop=\"dateModified\" content=\"2024-09-19\" \/><meta itemprop=\"name\" content=\"High Jump\"\/><meta itemprop=\"url\" content=\"https:\/\/highjumpchicago.org\/author\/max\/\" \/><meta itemprop=\"name\" content=\"Max Asaf\" \/><meta itemprop=\"url\" content=\"https:\/\/highjumpchicago.org\/wp-content\/uploads\/2024\/06\/HighJump-Gala-050324-9475.jpg\" \/><meta itemprop=\"width\" content=\"2048\" \/><meta itemprop=\"height\" content=\"1365\" \/><meta itemprop=\"interactionType\" content=\"https:\/\/schema.org\/CommentAction\" \/><meta itemprop=\"userInteractionCount\" content=\"0\" \/>\n\t\t\t\t\t\t<a href='https:\/\/highjumpchicago.org\/pl\/richards-story-of-high-jump-success\/' title='Ryszard's story of high jump success'><img width=\"1024\" height=\"683\" src=\"https:\/\/highjumpchicago.org\/wp-content\/uploads\/2024\/06\/HighJump-Gala-050324-9475-1024x683.jpg\" alt=\"Richard speaks at a podium at the High Jump gala\" itemprop=\"image\" decoding=\"async\" loading=\"lazy\" srcset=\"https:\/\/highjumpchicago.org\/wp-content\/uploads\/2024\/06\/HighJump-Gala-050324-9475-1024x683.jpg 1024w, https:\/\/highjumpchicago.org\/wp-content\/uploads\/2024\/06\/HighJump-Gala-050324-9475-300x200.jpg 300w, https:\/\/highjumpchicago.org\/wp-content\/uploads\/2024\/06\/HighJump-Gala-050324-9475-768x512.jpg 768w, https:\/\/highjumpchicago.org\/wp-content\/uploads\/2024\/06\/HighJump-Gala-050324-9475-1536x1024.jpg 1536w, https:\/\/highjumpchicago.org\/wp-content\/uploads\/2024\/06\/HighJump-Gala-050324-9475-18x12.jpg 18w, https:\/\/highjumpchicago.org\/wp-content\/uploads\/2024\/06\/HighJump-Gala-050324-9475.jpg 2048w\" sizes=\"auto, (max-width: 1024px) 100vw, 1024px\" \/><\/a>\n\t\t\t\t\t<h3><a href='https:\/\/highjumpchicago.org\/pl\/richards-story-of-high-jump-success\/' title='Ryszard's story of high jump success'>Historia sukcesu Richarda w skoku wzwy\u017c<\/a><\/h3>\n\t\t\t\t\t\t<p>Kiedy spojrzymy na wp\u0142yw, jaki skok wzwy\u017c wywar\u0142 na przestrzeni ostatnich 35 lat,\u2026<\/p>\n\t\t\t\t\t\n\t\t\t\t\t\t<a href='https:\/\/highjumpchicago.org\/pl\/richards-story-of-high-jump-success\/' title='Czytaj wi\u0119cej &quot;'>Czytaj wi\u0119cej &quot;<\/a>\n\t\t\t\t\t\n\t<meta itemscope itemprop=\"mainEntityOfPage\" itemtype=\"https:\/\/schema.org\/WebPage\" itemid=\"https:\/\/highjumpchicago.org\/alumni-spotlight-jessica-cohort-25-is-racing-towards-her-future\/\" content=\"Alumni Spotlight: Jessica, Cohort 25, Is Racing Towards Her Future\" \/><meta itemprop=\"datePublished\" content=\"2024-05-29\" \/><meta itemprop=\"dateModified\" content=\"2024-05-29\" \/><meta itemprop=\"name\" content=\"High Jump\"\/><meta itemprop=\"url\" content=\"https:\/\/highjumpchicago.org\/author\/max\/\" \/><meta itemprop=\"name\" content=\"Max Asaf\" \/><meta itemprop=\"url\" content=\"https:\/\/highjumpchicago.org\/wp-content\/uploads\/2024\/05\/1700576011028.jpeg\" \/><meta itemprop=\"width\" content=\"961\" \/><meta itemprop=\"height\" content=\"710\" \/><meta itemprop=\"interactionType\" content=\"https:\/\/schema.org\/CommentAction\" \/><meta itemprop=\"userInteractionCount\" content=\"0\" \/>\n\t\t\t\t\t\t<a href='https:\/\/highjumpchicago.org\/pl\/alumni-spotlight-jessica-cohort-25-is-racing-towards-her-future\/' title='W centrum uwagi absolwent\u00f3w: Jessica z kohorty 25 \u015bciga si\u0119 w stron\u0119 swojej przysz\u0142o\u015bci'><img width=\"961\" height=\"710\" src=\"https:\/\/highjumpchicago.org\/wp-content\/uploads\/2024\/05\/1700576011028.jpeg\" alt=\"Jess stands in front of Lewis Hamilton&#039;s F1 Mercedes car\" itemprop=\"image\" decoding=\"async\" loading=\"lazy\" srcset=\"https:\/\/highjumpchicago.org\/wp-content\/uploads\/2024\/05\/1700576011028.jpeg 961w, https:\/\/highjumpchicago.org\/wp-content\/uploads\/2024\/05\/1700576011028-300x222.jpeg 300w, https:\/\/highjumpchicago.org\/wp-content\/uploads\/2024\/05\/1700576011028-768x567.jpeg 768w, https:\/\/highjumpchicago.org\/wp-content\/uploads\/2024\/05\/1700576011028-16x12.jpeg 16w\" sizes=\"auto, (max-width: 961px) 100vw, 961px\" \/><\/a>\n\t\t\t\t\t<h3><a href='https:\/\/highjumpchicago.org\/pl\/alumni-spotlight-jessica-cohort-25-is-racing-towards-her-future\/' title='W centrum uwagi absolwent\u00f3w: Jessica z kohorty 25 \u015bciga si\u0119 w stron\u0119 swojej przysz\u0142o\u015bci'>W centrum uwagi absolwent\u00f3w: Jessica z kohorty 25 \u015bciga si\u0119 w stron\u0119 swojej przysz\u0142o\u015bci<\/a><\/h3>\n\t\t\t\t\t\t<p>Jessica zawsze mia\u0142a w sobie wy\u015bcig. Jej mi\u0142o\u015b\u0107 do in\u017cynierii sport\u00f3w motorowych i wy\u015bcig\u00f3w samochodowych zaprowadzi\u0142a j\u0105 od\u2026<\/p>\n\t\t\t\t\t\n\t\t\t\t\t\t<a href='https:\/\/highjumpchicago.org\/pl\/alumni-spotlight-jessica-cohort-25-is-racing-towards-her-future\/' title='Czytaj wi\u0119cej &quot;'>Czytaj wi\u0119cej &quot;<\/a>\n\t\t\t\t\t\n\t<meta itemscope itemprop=\"mainEntityOfPage\" itemtype=\"https:\/\/schema.org\/WebPage\" itemid=\"https:\/\/highjumpchicago.org\/from-high-jump-to-hollywood-an-interview-with-aris-mendoza-cohort-10\/\" content=\"From High Jump to Hollywood: An Interview with Aris Mendoza, Cohort 10\" \/><meta itemprop=\"datePublished\" content=\"2024-04-10\" \/><meta itemprop=\"dateModified\" content=\"2024-06-17\" \/><meta itemprop=\"name\" content=\"High Jump\"\/><meta itemprop=\"url\" content=\"https:\/\/highjumpchicago.org\/author\/max\/\" \/><meta itemprop=\"name\" content=\"Max Asaf\" \/><meta itemprop=\"url\" content=\"https:\/\/highjumpchicago.org\/wp-content\/uploads\/2024\/04\/NKP00514-3b.jpg\" \/><meta itemprop=\"width\" content=\"2048\" \/><meta itemprop=\"height\" content=\"1591\" \/><meta itemprop=\"interactionType\" content=\"https:\/\/schema.org\/CommentAction\" \/><meta itemprop=\"userInteractionCount\" content=\"0\" \/>\n\t\t\t\t\t\t<a href='https:\/\/highjumpchicago.org\/pl\/from-high-jump-to-hollywood-an-interview-with-aris-mendoza-cohort-10\/' title='Od skoku wzwy\u017c do Hollywood: wywiad z Arisem Mendoz\u0105, kohorta 10'><img width=\"1024\" height=\"796\" src=\"https:\/\/highjumpchicago.org\/wp-content\/uploads\/2024\/04\/NKP00514-3b-1024x796.jpg\" alt=\"\" itemprop=\"image\" decoding=\"async\" loading=\"lazy\" srcset=\"https:\/\/highjumpchicago.org\/wp-content\/uploads\/2024\/04\/NKP00514-3b-1024x796.jpg 1024w, https:\/\/highjumpchicago.org\/wp-content\/uploads\/2024\/04\/NKP00514-3b-300x233.jpg 300w, https:\/\/highjumpchicago.org\/wp-content\/uploads\/2024\/04\/NKP00514-3b-768x597.jpg 768w, https:\/\/highjumpchicago.org\/wp-content\/uploads\/2024\/04\/NKP00514-3b-1536x1193.jpg 1536w, https:\/\/highjumpchicago.org\/wp-content\/uploads\/2024\/04\/NKP00514-3b-15x12.jpg 15w, https:\/\/highjumpchicago.org\/wp-content\/uploads\/2024\/04\/NKP00514-3b.jpg 2048w\" sizes=\"auto, (max-width: 1024px) 100vw, 1024px\" \/><\/a>\n\t\t\t\t\t<h3><a href='https:\/\/highjumpchicago.org\/pl\/from-high-jump-to-hollywood-an-interview-with-aris-mendoza-cohort-10\/' title='Od skoku wzwy\u017c do Hollywood: wywiad z Arisem Mendoz\u0105, kohorta 10'>Od skoku wzwy\u017c do Hollywood: wywiad z Arisem Mendoz\u0105, kohorta 10<\/a><\/h3>\n\t\t\t\t\t\t<p>Od samego pocz\u0105tku High Jump nie k\u0142ad\u0142 nacisku na wskazywanie uczniom konkretnej \u015bcie\u017cki prowadz\u0105cej do konkretnej definicji\u2026<\/p>\n\t\t\t\t\t\n\t\t\t\t\t\t<a href='https:\/\/highjumpchicago.org\/pl\/from-high-jump-to-hollywood-an-interview-with-aris-mendoza-cohort-10\/' title='Czytaj wi\u0119cej &quot;'>Czytaj wi\u0119cej &quot;<\/a>\n\t\t\t\t\t\n\t<meta itemscope itemprop=\"mainEntityOfPage\" itemtype=\"https:\/\/schema.org\/WebPage\" itemid=\"https:\/\/highjumpchicago.org\/alumni-spotlight-aji-cohort-20\/\" content=\"Alumni Spotlight: Aji, Cohort 20\" \/><meta itemprop=\"datePublished\" content=\"2023-11-16\" \/><meta itemprop=\"dateModified\" content=\"2024-01-20\" \/><meta itemprop=\"name\" content=\"High Jump\"\/><meta itemprop=\"url\" content=\"https:\/\/highjumpchicago.org\/author\/max\/\" \/><meta itemprop=\"name\" content=\"Max Asaf\" \/><meta itemprop=\"url\" content=\"https:\/\/highjumpchicago.org\/wp-content\/uploads\/2023\/11\/Screenshot-2023-11-13-at-9.55.56-AM.jpg\" \/><meta itemprop=\"width\" content=\"1916\" \/><meta itemprop=\"height\" content=\"953\" \/><meta itemprop=\"interactionType\" content=\"https:\/\/schema.org\/CommentAction\" \/><meta itemprop=\"userInteractionCount\" content=\"0\" \/>\n\t\t\t\t\t\t<a href='https:\/\/highjumpchicago.org\/pl\/alumni-spotlight-aji-cohort-20\/' title='W centrum uwagi absolwent\u00f3w: Aji, kohorta 20'><img width=\"1024\" height=\"509\" src=\"https:\/\/highjumpchicago.org\/wp-content\/uploads\/2023\/11\/Screenshot-2023-11-13-at-9.55.56-AM-1024x509.jpg\" alt=\"\" itemprop=\"image\" decoding=\"async\" loading=\"lazy\" srcset=\"https:\/\/highjumpchicago.org\/wp-content\/uploads\/2023\/11\/Screenshot-2023-11-13-at-9.55.56-AM-1024x509.jpg 1024w, https:\/\/highjumpchicago.org\/wp-content\/uploads\/2023\/11\/Screenshot-2023-11-13-at-9.55.56-AM-300x149.jpg 300w, https:\/\/highjumpchicago.org\/wp-content\/uploads\/2023\/11\/Screenshot-2023-11-13-at-9.55.56-AM-768x382.jpg 768w, https:\/\/highjumpchicago.org\/wp-content\/uploads\/2023\/11\/Screenshot-2023-11-13-at-9.55.56-AM-1536x764.jpg 1536w, https:\/\/highjumpchicago.org\/wp-content\/uploads\/2023\/11\/Screenshot-2023-11-13-at-9.55.56-AM-18x9.jpg 18w, https:\/\/highjumpchicago.org\/wp-content\/uploads\/2023\/11\/Screenshot-2023-11-13-at-9.55.56-AM.jpg 1916w\" sizes=\"auto, (max-width: 1024px) 100vw, 1024px\" \/><\/a>\n\t\t\t\t\t<h3><a href='https:\/\/highjumpchicago.org\/pl\/alumni-spotlight-aji-cohort-20\/' title='W centrum uwagi absolwent\u00f3w: Aji, kohorta 20'>W centrum uwagi absolwent\u00f3w: Aji, kohorta 20<\/a><\/h3>\n\t\t\t\t\t\t<p>Od dzieci\u0144stwa Aji mia\u0142 niezwykle aktywny umys\u0142 \u2013 zawsze szuka\u0142 sposob\u00f3w na rozwini\u0119cie swoich zainteresowa\u0144, poszerzenie\u2026<\/p>\n\t\t\t\t\t\n\t\t\t\t\t\t<a href='https:\/\/highjumpchicago.org\/pl\/alumni-spotlight-aji-cohort-20\/' title='Czytaj wi\u0119cej &quot;'>Czytaj wi\u0119cej &quot;<\/a>","protected":false},"excerpt":{"rendered":"<p>Przeczytaj o niekt\u00f3rych z wielu historii sukcesu Skoku wzwy\u017c.<\/p>","protected":false},"author":7,"featured_media":5515,"parent":52,"menu_order":5,"comment_status":"closed","ping_status":"closed","template":"","meta":{"_seopress_robots_primary_cat":"","_seopress_titles_title":"","_seopress_titles_desc":"","_seopress_robots_index":"","inline_featured_image":false,"footnotes":""},"class_list":["post-512","page","type-page","status-publish","has-post-thumbnail","hentry"],"_links":{"self":[{"href":"https:\/\/highjumpchicago.org\/pl\/wp-json\/wp\/v2\/pages\/512","targetHints":{"allow":["GET"]}}],"collection":[{"href":"https:\/\/highjumpchicago.org\/pl\/wp-json\/wp\/v2\/pages"}],"about":[{"href":"https:\/\/highjumpchicago.org\/pl\/wp-json\/wp\/v2\/types\/page"}],"author":[{"embeddable":true,"href":"https:\/\/highjumpchicago.org\/pl\/wp-json\/wp\/v2\/users\/7"}],"replies":[{"embeddable":true,"href":"https:\/\/highjumpchicago.org\/pl\/wp-json\/wp\/v2\/comments?post=512"}],"version-history":[{"count":5,"href":"https:\/\/highjumpchicago.org\/pl\/wp-json\/wp\/v2\/pages\/512\/revisions"}],"predecessor-version":[{"id":106205,"href":"https:\/\/highjumpchicago.org\/pl\/wp-json\/wp\/v2\/pages\/512\/revisions\/106205"}],"up":[{"embeddable":true,"href":"https:\/\/highjumpchicago.org\/pl\/wp-json\/wp\/v2\/pages\/52"}],"wp:featuredmedia":[{"embeddable":true,"href":"https:\/\/highjumpchicago.org\/pl\/wp-json\/wp\/v2\/media\/5515"}],"wp:attachment":[{"href":"https:\/\/highjumpchicago.org\/pl\/wp-json\/wp\/v2\/media?parent=512"}],"curies":[{"name":"wp","href":"https:\/\/api.w.org\/{rel}","templated":true}]}}