{"id":52,"date":"2018-10-08T01:57:50","date_gmt":"2018-10-08T01:57:50","guid":{"rendered":"https:\/\/d46e648428.nxcli.io\/?page_id=37"},"modified":"2026-04-01T15:28:55","modified_gmt":"2026-04-01T20:28:55","slug":"our-programs","status":"publish","type":"page","link":"https:\/\/highjumpchicago.org\/pl\/our-programs\/","title":{"rendered":"Nasze programy"},"content":{"rendered":"<nav  aria-label=\"bu\u0142ka tarta\"><ol itemscope itemtype=\"https:\/\/schema.org\/BreadcrumbList\"><li itemprop=\"itemListElement\" itemscope itemtype=\"https:\/\/schema.org\/ListItem\"><a itemscope itemtype=\"https:\/\/schema.org\/WebPage\" itemprop=\"item\" itemid=\"https:\/\/highjumpchicago.org\" href=\"https:\/\/highjumpchicago.org\/pl\/\">Dom<\/a><meta itemprop=\"position\" content=\"1\"\/><\/li><li aria-current=\"page\" itemprop=\"itemListElement\" itemscope itemtype=\"https:\/\/schema.org\/ListItem\">Nasze programy<meta itemprop=\"position\" content=\"2\"\/><\/li><\/ol><\/nav>\n<h1>\n\t\t\tWzbogacanie wiedzy akademickiej. Wsparcie spo\u0142eczno-emocjonalne. Przej\u015bcie do szko\u0142y \u015bredniej.\t<\/h1>\n\t<h3>Skok wzwy\u017c umo\u017cliwia gimnazjalistom Chicago stanie si\u0119 wszechstronnymi liderami dzi\u0119ki naszym darmowym programom z jedynymi w swoim rodzaju do\u015bwiadczeniami, zasobami i wsparciem edukacyjnym dla ciekawskich i zmotywowanych uczni\u00f3w 7. i 8. klasy, kt\u00f3rzy chc\u0105 rzuci\u0107 sobie wyzwanie akademickie.<\/h3>\n\t<p><strong>Co czyni studenta uczonym?<\/strong> Mi\u0142o\u015b\u0107 do nauki i ch\u0119\u0107 poszukiwania do\u015bwiadcze\u0144, aby rzuci\u0107 sobie wyzwanie spo\u0142ecznie i naukowo. Nasi studenci s\u0105 ciekawi intelektualnie i zmotywowani naukowo; wielu jest pierwszymi osobami w swoich rodzinach, kt\u00f3re ucz\u0119szczaj\u0105 do college&#039;u.<\/p>\n<p><strong>Stypendy\u015bci skoku wzwy\u017c ko\u0144cz\u0105 nasz program i s\u0105 gotowi na to, co b\u0119dzie dalej.<\/strong> Nasi absolwenci to osoby ucz\u0105ce si\u0119 przez ca\u0142e \u017cycie, poszukuj\u0105ce zasob\u00f3w i mo\u017cliwo\u015bci poprawy swojego \u017cycia. Wspieraj\u0105 siebie i swoje wielkie idee oraz pozostaj\u0105 w kontakcie ze swoimi r\u00f3wie\u015bnikami w skoku wzwy\u017c, gdy rozwijaj\u0105 si\u0119 i podnosz\u0105 na duchu swoje spo\u0142eczno\u015bci.<\/p>\n<p><strong>Wspieramy naszych uczonych wzbogaceniem akademickim, ale to o wiele wi\u0119cej.<\/strong> High Jump jest po\u015bwi\u0119cony byciu tam dla naszych uczonych. Zapewniamy programy i wsparcie w szkole \u015bredniej i jeste\u015bmy dla nich sta\u0142ym \u017ar\u00f3d\u0142em informacji na studiach.<\/p>\n\t<ul>\n\t\t<li>\t\t\t\t\n\t\t<h3>GIMNAZJUM<\/h3><p>Zobowi\u0105za\u0107 si\u0119 do <strong>dwa lata<\/strong> z <strong>bez czesnego<\/strong> wzbogacenie akademickie poprzez nasz program Scholars lub Community Scholars.<\/p><\/li><li>\t\t\t\t\n\t\t<h3>LICEUM<\/h3><p>Ci\u0105g\u0142e wzbogacenie akademickie, doradztwo i gotowo\u015b\u0107 do nauki w college&#039;u oraz umiej\u0119tno\u015b\u0107 korzystania z pomocy finansowej <strong>wsparcie<\/strong> Do <strong>dosta\u0107 si\u0119 na studia i je uko\u0144czy\u0107<\/strong>.<\/p><\/li><li>\t\t\t\t\n\t\t<h3>SZKO\u0141A WY\u017bSZA<\/h3><p><strong>Pozostawanie w kontakcie<\/strong> i poczuj wsparcie <strong>przez ca\u0142e studia<\/strong> z naszymi programami wsparcia absolwent\u00f3w.<\/p><\/li>\t<\/ul>\n<h1>\n\t\t\tZosta\u0144 uczonym skoku wzwy\u017c\t<\/h1>\n\t<h3>High Jump Scholars to holistyczny program nauczania, kt\u00f3rego celem jest pomoc uczniom w rozwijaniu umiej\u0119tno\u015bci potrzebnych do rozwoju w ka\u017cdym miejscu.<\/h3>\n\t<p>Program sk\u0142ada si\u0119 z sze\u015bciu tygodni codziennych zaj\u0119\u0107 w lecie i \u015brednio dw\u00f3ch sob\u00f3t ka\u017cdego miesi\u0105ca w ci\u0105gu roku szkolnego. Nasz program nauczania udost\u0119pnia uczniom literatur\u0119 kulturow\u0105, tematy, rygorystyczne instrukcje matematyczne i nauk\u0119 empiryczn\u0105.<\/p>\n<p>Studenci do\u0142\u0105cz\u0105 do nas na miejscu w jednym z naszych trzech kampus\u00f3w w Chicago: Latin School of Chicago, Francis W. Parker School i University of Chicago Laboratory School.<\/p>\n\t\t\t<a href=\"https:\/\/highjumpchicago.org\/pl\/program-overview\/scholars\/\"  target=\"_self\">\n\t\t\t\t\t\t\tDowiedz si\u0119 wi\u0119cej i APLIKUJ\n\t\t\t\t\t<\/a>\n<figure itemscope itemtype=\"https:\/\/schema.org\/ImageObject\">\n\t\t\t\t<img decoding=\"async\" src=\"https:\/\/highjumpchicago.org\/wp-content\/uploads\/2022\/01\/Sustaining-Leaders-e1643325677181.jpg\" alt=\"Student in class\" height=\"256\" width=\"512\" title=\"Skok wzwy\u017c | student\" onerror=\"this.style.display='none'\" loading=\"lazy\" \/>\n\t<\/figure>\n<h1>\n\t\t\tTw\u00f3rcy zmian jutra.\t<\/h1>\n\t<h3>Nasi Uczeni odkrywaj\u0105 nowe pasje, buduj\u0105 pewno\u015b\u0107 siebie i pod\u0105\u017caj\u0105 za marzeniami.<\/h3>\n<h2>\n\t\t\tDowiedz si\u0119 wi\u0119cej o programie pilota\u017cowym Community Scholars\t<\/h2>\n\t<p>Community Scholars to projekt partnerski ze Szko\u0142\u0105 Edukacji i Polityki Spo\u0142ecznej Uniwersytetu Northwestern przy wsparciu szk\u00f3\u0142 publicznych w Chicago i dystryktu 65 Evanston\/Skokie. Program ma na celu udost\u0119pnienie program\u00f3w lokalnym szko\u0142om i dotarcie do wi\u0119kszej liczby uczni\u00f3w w ca\u0142ym Chicago.<\/p>\n\t\t\t<a href=\"https:\/\/highjumpchicago.org\/pl\/program-overview\/community-scholars\/\"  target=\"_self\">\n\t\t\t\t\t\t\tUcz si\u0119 wi\u0119cej\n\t\t\t\t\t<\/a>\n<figure data-animation-delay=\"1\" data-animation-duration=\"1\" itemscope itemtype=\"https:\/\/schema.org\/ImageObject\">\n\t\t\t\t<img decoding=\"async\" src=\"https:\/\/highjumpchicago.org\/wp-content\/uploads\/2022\/02\/IMG_7924-scaled.jpg\" alt=\"IMG_7924\" height=\"1536\" width=\"2048\" title=\"IMG_7924\" onerror=\"this.style.display='none'\" loading=\"lazy\" \/>\n\t<\/figure>","protected":false},"excerpt":{"rendered":"<p>Strona g\u0142\u00f3wna Nasze programy Wzbogacanie akademickie. Wsparcie spo\u0142eczno-emocjonalne. Przej\u015bcie do szko\u0142y \u015bredniej. High Jump pomaga uczniom szk\u00f3\u0142 \u015brednich w Chicago sta\u0107 si\u0119 wszechstronnymi liderami dzi\u0119ki naszym bezp\u0142atnym programom, oferuj\u0105cym wyj\u0105tkowe do\u015bwiadczenia, zasoby i wsparcie edukacyjne dla ciekawych \u015bwiata i zmotywowanych uczni\u00f3w klas 7 i 8, kt\u00f3rzy chc\u0105 stawia\u0107 sobie wyzwania akademickie. Co sprawia, \u017ce ucze\u0144 jest uczniem? Mi\u0142o\u015b\u0107 do nauki\u2026<\/p>","protected":false},"author":7,"featured_media":130277,"parent":0,"menu_order":3,"comment_status":"closed","ping_status":"closed","template":"","meta":{"_seopress_robots_primary_cat":"","_seopress_titles_title":"","_seopress_titles_desc":"","_seopress_robots_index":"","inline_featured_image":false,"footnotes":""},"class_list":["post-52","page","type-page","status-publish","has-post-thumbnail","hentry"],"_links":{"self":[{"href":"https:\/\/highjumpchicago.org\/pl\/wp-json\/wp\/v2\/pages\/52","targetHints":{"allow":["GET"]}}],"collection":[{"href":"https:\/\/highjumpchicago.org\/pl\/wp-json\/wp\/v2\/pages"}],"about":[{"href":"https:\/\/highjumpchicago.org\/pl\/wp-json\/wp\/v2\/types\/page"}],"author":[{"embeddable":true,"href":"https:\/\/highjumpchicago.org\/pl\/wp-json\/wp\/v2\/users\/7"}],"replies":[{"embeddable":true,"href":"https:\/\/highjumpchicago.org\/pl\/wp-json\/wp\/v2\/comments?post=52"}],"version-history":[{"count":7,"href":"https:\/\/highjumpchicago.org\/pl\/wp-json\/wp\/v2\/pages\/52\/revisions"}],"predecessor-version":[{"id":159392,"href":"https:\/\/highjumpchicago.org\/pl\/wp-json\/wp\/v2\/pages\/52\/revisions\/159392"}],"wp:featuredmedia":[{"embeddable":true,"href":"https:\/\/highjumpchicago.org\/pl\/wp-json\/wp\/v2\/media\/130277"}],"wp:attachment":[{"href":"https:\/\/highjumpchicago.org\/pl\/wp-json\/wp\/v2\/media?parent=52"}],"curies":[{"name":"wp","href":"https:\/\/api.w.org\/{rel}","templated":true}]}}