{"id":53,"date":"2018-10-08T01:58:01","date_gmt":"2018-10-08T06:58:01","guid":{"rendered":"https:\/\/d46e648428.nxcli.io\/?page_id=39"},"modified":"2024-06-21T15:00:47","modified_gmt":"2024-06-21T20:00:47","slug":"partners","status":"publish","type":"page","link":"https:\/\/highjumpchicago.org\/pl\/about\/partners\/","title":{"rendered":"Wzmacniacz"},"content":{"rendered":"<nav  aria-label=\"bu\u0142ka tarta\"><ol itemscope itemtype=\"https:\/\/schema.org\/BreadcrumbList\"><li itemprop=\"itemListElement\" itemscope itemtype=\"https:\/\/schema.org\/ListItem\"><a itemscope itemtype=\"http:\/\/schema.org\/WebPage\" itemprop=\"item\" itemid=\"https:\/\/highjumpchicago.org\" href=\"https:\/\/highjumpchicago.org\/pl\/\">Dom<\/a><meta itemprop=\"position\" content=\"1\"\/><\/li><li itemprop=\"itemListElement\" itemscope itemtype=\"https:\/\/schema.org\/ListItem\"><a itemscope itemtype=\"http:\/\/schema.org\/WebPage\" itemprop=\"item\" itemid=\"https:\/\/highjumpchicago.org\/about\/\" href=\"https:\/\/highjumpchicago.org\/pl\/about\/\">O nas<\/a><meta itemprop=\"position\" content=\"2\"\/><\/li><li aria-current=\"page\" itemprop=\"itemListElement\" itemscope itemtype=\"https:\/\/schema.org\/ListItem\">Wzmacniacz<meta itemprop=\"position\" content=\"3\"\/><\/li><\/ol><\/nav>\n<h2>PARTNERZY KAMPUSU<\/h2>\n<p>Skok wzwy\u017c odbywa si\u0119 na kampusach im <strong>Szko\u0142a \u0142aci\u0144ska w Chicago<\/strong>, <strong>Szko\u0142a Francisa W. Parkera<\/strong> i <strong>Szko\u0142y laboratoryjne Uniwersytetu w Chicago<\/strong>. W Szkole \u0141aci\u0144skiej w Chicago mie\u015bci si\u0119 tak\u017ce siedziba Skoku wzwy\u017c.<\/p>\n<p>Hojne wsparcie rzeczowe ze strony partner\u00f3w szk\u00f3\u0142 ma fundamentalne znaczenie dla modelu i sukcesu Skoku wzwy\u017c. Nasi partnerzy wsp\u00f3\u0142pracuj\u0105 z nami, aby tydzie\u0144 po tygodniu stwarza\u0107 realne mo\u017cliwo\u015bci dla setek m\u0142odych ludzi z Chicago.<\/p>\n        \t<a href=\"https:\/\/www.fwparker.org\/\" target=\"_self\" rel=\"noopener\">            \n\t\t\t\t\t\t<img decoding=\"async\" src=\"https:\/\/highjumpchicago.org\/wp-content\/uploads\/2018\/11\/parker-logo.jpg\" alt=\"Parker\" data-no-lazy=\"1\" \/>\t\t\t\t\t\n            <\/a>\t\t\n        \t<a href=\"https:\/\/www.latinschool.org\/\" target=\"_self\" rel=\"noopener\">            \n\t\t\t\t\t\t<img decoding=\"async\" src=\"https:\/\/highjumpchicago.org\/wp-content\/uploads\/2018\/11\/latin-logo.jpg\" alt=\"Latin School of Chicago\" data-no-lazy=\"1\" \/>\t\t\t\t\t\n            <\/a>\t\t\n        \t<a href=\"https:\/\/www.ucls.uchicago.edu\/\" target=\"_self\" rel=\"noopener\">            \n\t\t\t\t\t\t<img decoding=\"async\" src=\"https:\/\/highjumpchicago.org\/wp-content\/uploads\/2018\/11\/uofc-logo.jpg\" alt=\"The University of Chicago Laboratory Schools\" data-no-lazy=\"1\" \/>\t\t\t\t\t\n            <\/a>\t\t\n<h2>PARTNERZY SPO\u0141ECZNO\u015aCI<\/h2>\n<p>Aby zapewni\u0107 naszym uczniom \u0142\u0105czno\u015b\u0107 z najlepszymi zasobami, High Jump wsp\u00f3\u0142pracuje z liderami edukacji w ca\u0142ym Chicago. Jeste\u015bmy dumni z silnych relacji z tymi szko\u0142ami i organizacjami spo\u0142ecznymi, dzi\u0119ki kt\u00f3rym nasza praca jest mo\u017cliwa.<\/p>\n        \t<a href=\"https:\/\/careerspring.org\/students\/\" target=\"_self\" rel=\"noopener\">            \n\t\t\t\t\t\t<img decoding=\"async\" src=\"https:\/\/highjumpchicago.org\/wp-content\/uploads\/2022\/02\/logo-small-4-2.jpg\" alt=\"https:\/\/highjumpchicago.org\/wp-content\/uploads\/2022\/02\/logo-small-4-2.jpg\" data-no-lazy=\"1\" \/>\t\t\t\t\t\n            <\/a>\t\t\n        \t<a href=\"https:\/\/www.cps.edu\/\" target=\"_self\" rel=\"noopener\">            \n\t\t\t\t\t\t<img decoding=\"async\" src=\"https:\/\/highjumpchicago.org\/wp-content\/uploads\/2018\/11\/cps-logo.jpg\" alt=\"Chicago Public Schools\" data-no-lazy=\"1\" \/>\t\t\t\t\t\n            <\/a>\t\t\n        \t<a href=\"https:\/\/www.dmsf.org\/\" target=\"_self\" rel=\"noopener\">            \n\t\t\t\t\t\t<img decoding=\"async\" src=\"https:\/\/highjumpchicago.org\/wp-content\/uploads\/2020\/10\/dmsf-300x60.png\" alt=\"https:\/\/highjumpchicago.org\/wp-content\/uploads\/2020\/10\/dmsf-300x60.png\" data-no-lazy=\"1\" \/>\t\t\t\t\t\n            <\/a>\t\t\n        \t<a href=\"https:\/\/www.facinghistory.org\/\" target=\"_self\" rel=\"noopener\">            \n\t\t\t\t\t\t<img decoding=\"async\" src=\"https:\/\/highjumpchicago.org\/wp-content\/uploads\/2024\/06\/FH_logo_RGB_teal-black.png\" alt=\"Facing History &#038; Ourselves logo\" data-no-lazy=\"1\" \/>\t\t\t\t\t\n            <\/a>","protected":false},"excerpt":{"rendered":"<p>Strona g\u0142\u00f3wna O nas Partnerzy CAMPUS PARTNERS Skok wzwy\u017c odbywa si\u0119 na terenie kampus\u00f3w Szko\u0142y \u0141aci\u0144skiej w Chicago, Szko\u0142y Francisa W. Parkera i Szk\u00f3\u0142 Laboratoryjnych Uniwersytetu w Chicago. W Szkole \u0141aci\u0144skiej w Chicago mie\u015bci si\u0119 tak\u017ce siedziba Skoku wzwy\u017c. Hojne wsparcie rzeczowe tych partner\u00f3w szkolnych ma fundamentalne znaczenie dla modelu skoku wzwy\u017c i\u2026<\/p>","protected":false},"author":7,"featured_media":0,"parent":50,"menu_order":2,"comment_status":"closed","ping_status":"closed","template":"","meta":{"_seopress_robots_primary_cat":"","_seopress_titles_title":"","_seopress_titles_desc":"","_seopress_robots_index":"","inline_featured_image":false,"footnotes":""},"class_list":["post-53","page","type-page","status-publish","hentry"],"_links":{"self":[{"href":"https:\/\/highjumpchicago.org\/pl\/wp-json\/wp\/v2\/pages\/53","targetHints":{"allow":["GET"]}}],"collection":[{"href":"https:\/\/highjumpchicago.org\/pl\/wp-json\/wp\/v2\/pages"}],"about":[{"href":"https:\/\/highjumpchicago.org\/pl\/wp-json\/wp\/v2\/types\/page"}],"author":[{"embeddable":true,"href":"https:\/\/highjumpchicago.org\/pl\/wp-json\/wp\/v2\/users\/7"}],"replies":[{"embeddable":true,"href":"https:\/\/highjumpchicago.org\/pl\/wp-json\/wp\/v2\/comments?post=53"}],"version-history":[{"count":5,"href":"https:\/\/highjumpchicago.org\/pl\/wp-json\/wp\/v2\/pages\/53\/revisions"}],"predecessor-version":[{"id":41128,"href":"https:\/\/highjumpchicago.org\/pl\/wp-json\/wp\/v2\/pages\/53\/revisions\/41128"}],"up":[{"embeddable":true,"href":"https:\/\/highjumpchicago.org\/pl\/wp-json\/wp\/v2\/pages\/50"}],"wp:attachment":[{"href":"https:\/\/highjumpchicago.org\/pl\/wp-json\/wp\/v2\/media?parent=53"}],"curies":[{"name":"wp","href":"https:\/\/api.w.org\/{rel}","templated":true}]}}