{"id":5334,"date":"2022-10-31T15:40:24","date_gmt":"2022-10-31T20:40:24","guid":{"rendered":"https:\/\/d46e648428.nxcli.io\/?page_id=5334"},"modified":"2025-07-03T11:27:15","modified_gmt":"2025-07-03T16:27:15","slug":"celebration-of-high-jump","status":"publish","type":"page","link":"https:\/\/highjumpchicago.org\/pl\/donate\/ways-to-donate\/celebration-of-high-jump\/","title":{"rendered":"\u015awi\u0119to Skoku wzwy\u017c"},"content":{"rendered":"<nav  aria-label=\"bu\u0142ka tarta\"><ol itemscope itemtype=\"https:\/\/schema.org\/BreadcrumbList\"><li itemprop=\"itemListElement\" itemscope itemtype=\"https:\/\/schema.org\/ListItem\"><a itemscope itemtype=\"https:\/\/schema.org\/WebPage\" itemprop=\"item\" itemid=\"https:\/\/highjumpchicago.org\" href=\"https:\/\/highjumpchicago.org\/pl\/\">Dom<\/a><meta itemprop=\"position\" content=\"1\"\/><\/li><li itemprop=\"itemListElement\" itemscope itemtype=\"https:\/\/schema.org\/ListItem\"><a itemscope itemtype=\"https:\/\/schema.org\/WebPage\" itemprop=\"item\" itemid=\"https:\/\/highjumpchicago.org\/donate\/\" href=\"https:\/\/highjumpchicago.org\/pl\/donate\/\">Podarowa\u0107<\/a><meta itemprop=\"position\" content=\"2\"\/><\/li><li itemprop=\"itemListElement\" itemscope itemtype=\"https:\/\/schema.org\/ListItem\"><a itemscope itemtype=\"https:\/\/schema.org\/WebPage\" itemprop=\"item\" itemid=\"https:\/\/highjumpchicago.org\/donate\/ways-to-donate\/\" href=\"https:\/\/highjumpchicago.org\/pl\/donate\/ways-to-donate\/\">Sposoby przekazywania darowizn<\/a><meta itemprop=\"position\" content=\"3\"\/><\/li><li aria-current=\"page\" itemprop=\"itemListElement\" itemscope itemtype=\"https:\/\/schema.org\/ListItem\">\u015awi\u0119to Skoku wzwy\u017c<meta itemprop=\"position\" content=\"4\"\/><\/li><\/ol><\/nav>\n\t\t<iframe loading=\"lazy\" width=\"560\" height=\"315\" src=\"https:\/\/www.youtube.com\/embed\/aehKgXG0sl4\" title=\"Odtwarzacz wideo YouTube\" frameborder=\"0\" allow=\"accelerometer; autoplay; clipboard-write; encrypted-media; gyroscope; picture-in-picture\" allowfullscreen><\/iframe>\t\n\t<h3>Obejrzyj ca\u0142y film, w kt\u00f3rym wyst\u0119puj\u0105:<\/h3>\n<ul>\n<li>Uczniowie i absolwenci skoku wzwy\u017c<\/li>\n<li>A Spring of Opportunity g\u0142\u00f3wny m\u00f3wca i absolwenci, Heidi Ortolaza-Alvear<\/li>\n<li>Nasza doroczna nagroda Absolwenta Roku<\/li>\n<li>Wszystko to i wi\u0119cej poprowadzi dyrektor generalny Nate Pietrini<\/li>\n<\/ul>\n\t<h3>Lub wybierz jeden z poni\u017cszych segment\u00f3w.<\/h3>\n\t<p><strong>Uko\u0144czenie college&#039;u i rozw\u00f3j<\/strong><\/p>\n\t\t<iframe loading=\"lazy\" width=\"560\" height=\"315\" src=\"https:\/\/www.youtube.com\/embed\/EMTXi6ujdcA\" title=\"Odtwarzacz wideo YouTube\" frameborder=\"0\" allow=\"accelerometer; autoplay; clipboard-write; encrypted-media; gyroscope; picture-in-picture\" allowfullscreen><\/iframe>\t\n\t<p><strong>Historia Heidi<\/strong><\/p>\n\t\t<iframe loading=\"lazy\" width=\"560\" height=\"315\" src=\"https:\/\/www.youtube.com\/embed\/tKw16PLviYU\" title=\"Odtwarzacz wideo YouTube\" frameborder=\"0\" allow=\"accelerometer; autoplay; clipboard-write; encrypted-media; gyroscope; picture-in-picture\" allowfullscreen><\/iframe>\t\n\t<p><strong>Wp\u0142yw skoku wzwy\u017c<\/strong><\/p>\n\t\t<iframe loading=\"lazy\" width=\"560\" height=\"315\" src=\"https:\/\/www.youtube.com\/embed\/9kANPPvewOg\" title=\"Odtwarzacz wideo YouTube\" frameborder=\"0\" allow=\"accelerometer; autoplay; clipboard-write; encrypted-media; gyroscope; picture-in-picture\" allowfullscreen><\/iframe>","protected":false},"excerpt":{"rendered":"<p>Strona g\u0142\u00f3wna Przeka\u017c darowizn\u0119 Sposoby przekazywania darowizn Obchody skoku wzwy\u017c Obejrzyj ca\u0142y film z udzia\u0142em: student\u00f3w i absolwent\u00f3w szko\u0142y skoku wzwy\u017c G\u0142\u00f3wna prelegentka i absolwentka szko\u0142y Spring of Opportunity, Heidi Ortolaza-Alvear Nasza coroczna nagroda dla absolwenta roku Wszystko to i wiele wi\u0119cej prowadzi dyrektor generalny Nate Pietrini Mo\u017cesz te\u017c wybra\u0107 jeden z poni\u017cszych segment\u00f3w. Uczelnia\u2026<\/p>","protected":false},"author":7,"featured_media":0,"parent":1955,"menu_order":0,"comment_status":"closed","ping_status":"closed","template":"","meta":{"_seopress_robots_primary_cat":"","_seopress_titles_title":"","_seopress_titles_desc":"","_seopress_robots_index":"","inline_featured_image":false,"footnotes":""},"class_list":["post-5334","page","type-page","status-publish","hentry"],"_links":{"self":[{"href":"https:\/\/highjumpchicago.org\/pl\/wp-json\/wp\/v2\/pages\/5334","targetHints":{"allow":["GET"]}}],"collection":[{"href":"https:\/\/highjumpchicago.org\/pl\/wp-json\/wp\/v2\/pages"}],"about":[{"href":"https:\/\/highjumpchicago.org\/pl\/wp-json\/wp\/v2\/types\/page"}],"author":[{"embeddable":true,"href":"https:\/\/highjumpchicago.org\/pl\/wp-json\/wp\/v2\/users\/7"}],"replies":[{"embeddable":true,"href":"https:\/\/highjumpchicago.org\/pl\/wp-json\/wp\/v2\/comments?post=5334"}],"version-history":[{"count":4,"href":"https:\/\/highjumpchicago.org\/pl\/wp-json\/wp\/v2\/pages\/5334\/revisions"}],"predecessor-version":[{"id":105146,"href":"https:\/\/highjumpchicago.org\/pl\/wp-json\/wp\/v2\/pages\/5334\/revisions\/105146"}],"up":[{"embeddable":true,"href":"https:\/\/highjumpchicago.org\/pl\/wp-json\/wp\/v2\/pages\/1955"}],"wp:attachment":[{"href":"https:\/\/highjumpchicago.org\/pl\/wp-json\/wp\/v2\/media?parent=5334"}],"curies":[{"name":"wp","href":"https:\/\/api.w.org\/{rel}","templated":true}]}}