{"id":54,"date":"2018-10-08T01:58:13","date_gmt":"2018-10-08T01:58:13","guid":{"rendered":"https:\/\/d46e648428.nxcli.io\/?page_id=41"},"modified":"2024-11-08T13:25:35","modified_gmt":"2024-11-08T19:25:35","slug":"program-faq","status":"publish","type":"page","link":"https:\/\/highjumpchicago.org\/pl\/our-programs\/program-faq\/","title":{"rendered":"Cz\u0119sto zadawane pytania dotycz\u0105ce programu"},"content":{"rendered":"<nav  aria-label=\"bu\u0142ka tarta\"><ol itemscope itemtype=\"https:\/\/schema.org\/BreadcrumbList\"><li itemprop=\"itemListElement\" itemscope itemtype=\"https:\/\/schema.org\/ListItem\"><a itemscope itemtype=\"https:\/\/schema.org\/WebPage\" itemprop=\"item\" itemid=\"https:\/\/highjumpchicago.org\" href=\"https:\/\/highjumpchicago.org\/pl\/\">Dom<\/a><meta itemprop=\"position\" content=\"1\"\/><\/li><li itemprop=\"itemListElement\" itemscope itemtype=\"https:\/\/schema.org\/ListItem\"><a itemscope itemtype=\"https:\/\/schema.org\/WebPage\" itemprop=\"item\" itemid=\"https:\/\/highjumpchicago.org\/our-programs\/\" href=\"https:\/\/highjumpchicago.org\/pl\/our-programs\/\">Nasze programy<\/a><meta itemprop=\"position\" content=\"2\"\/><\/li><li aria-current=\"page\" itemprop=\"itemListElement\" itemscope itemtype=\"https:\/\/schema.org\/ListItem\">Cz\u0119sto zadawane pytania dotycz\u0105ce programu<meta itemprop=\"position\" content=\"3\"\/><\/li><\/ol><\/nav>\n\t\t\t\tCo to jest skok wzwy\u017c?\n\t\t\t\t<p>High Jump oferuje dwa bezp\u0142atne programy z jedynymi w swoim rodzaju do\u015bwiadczeniami, dost\u0119pem do zasob\u00f3w i mo\u017cliwo\u015bciami edukacyjnymi dla uczni\u00f3w klas 7 i 8, kt\u00f3rzy spe\u0142niaj\u0105 wymagane progi dochod\u00f3w.<\/p>\n<p>Nasze programy s\u0105 przeznaczone dla uczni\u00f3w ciekawych intelektualnie i zmotywowanych do nauki, poszukuj\u0105cych do\u015bwiadczenia w szkole \u015bredniej, kt\u00f3re b\u0119dzie dla nich wyzwaniem spo\u0142ecznym i akademickim.<br \/>High Jump to organizacja non-profit 501c(3).<\/p>\n\t\t\t\tCo czyni studenta uczonym?\u00a0\u00a0\n\t\t\t\t<p><strong>Mi\u0142o\u015b\u0107 do nauki i ch\u0119\u0107 poszukiwania do\u015bwiadcze\u0144, aby rzuci\u0107 sobie wyzwanie spo\u0142ecznie i naukowo.\u00a0<\/strong>Nasi studenci s\u0105 ciekawi intelektualnie i zmotywowani naukowo; wielu jest pierwszymi osobami w swoich rodzinach, kt\u00f3re ucz\u0119szczaj\u0105 do college&#039;u.<\/p>\n\t\t\t\tKto mo\u017ce si\u0119 zg\u0142osi\u0107?\n\t\t\t\t<ul>\n<li>Wszyscy uczniowie obecnie w 6 klasie<\/li>\n<li>Studenci ze \u015bredni\u0105 ocen B lub wy\u017csz\u0105 (studenci ze \u015bredni\u0105 ocen C s\u0105 nadal brani pod uwag\u0119 i zach\u0119cani do sk\u0142adania poda\u0144)<\/li>\n<li>Ci, kt\u00f3rzy s\u0105 ciekawi intelektualnie i zmotywowani naukowo<\/li>\n<li>Studenci poszukuj\u0105cy do\u015bwiadczenia w szkole \u015bredniej, kt\u00f3re b\u0119dzie dla nich wyzwaniem spo\u0142ecznym i akademickim<\/li>\n<li>Studenci, kt\u00f3rzy wykazuj\u0105 potrzeb\u0119 finansow\u0105<\/li>\n<\/ul>\n<p>Skok wzwy\u017c przyjmuje uczni\u00f3w jako sz\u00f3stoklasist\u00f3w i rozpoczynaj\u0105 program latem przed 7 klas\u0105.\u00a0<strong>Skok wzwy\u017c nie przyjmuje zg\u0142osze\u0144 od uczni\u00f3w klas 7 i 8.<\/strong><\/p>\n\t\t\t\tCo uwa\u017ca si\u0119 za \u201eograniczone \u015brodki ekonomiczne\u201d?\u00a0\u00a0\n\t\t\t\t<p>Zazwyczaj bierzemy pod uwag\u0119 rodziny, kt\u00f3re zarabiaj\u0105 $71,000 lub mniej. Je\u015bli zarabiasz wi\u0119cej, nasz zesp\u00f3\u0142 odsy\u0142a do Illinois<br \/>Kryteria kwalifikowalno\u015bci Rady Edukacji do bezp\u0142atnych i ta\u0144szych obiad\u00f3w w celu lepszego zrozumienia kwalifikowalno\u015bci do programu.<\/p>\n\t\t\t\tw jaki spos\u00f3b mog\u0119 si\u0119 zg\u0142osi\u0107?\n\t\t\t\t<ul>\n<li>Nab\u00f3r wniosk\u00f3w rozpocznie si\u0119 2 listopada 2024 r.<\/li>\n<li>Z\u0142\u00f3\u017c wniosek do 21 stycznia 2025 r.<\/li>\n<li>Wymagania aplikacji obejmuj\u0105:\n<ul>\n<li>1 Esej osobisty<\/li>\n<li>Karty ocen z 5. i 6. klasy<\/li>\n<li>3 Zalecenia dla nauczycieli\/szko\u0142y<\/li>\n<li>Deklaracje podatkowe za rok 2023<\/li>\n<\/ul>\n<\/li>\n<\/ul>\n<p>Po rozpatrzeniu wniosku zakwalifikowani kandydaci zostan\u0105 zaproszeni na rozmow\u0119 kwalifikacyjn\u0105 w marcu. Kandydaci s\u0105<br \/>powiadomiony o przyj\u0119ciu na prze\u0142omie kwietnia i maja.<\/p>\n\t\t\t\tKiedy up\u0142ywa termin sk\u0142adania wniosk\u00f3w?\u00a0\u00a0\n\t\t\t\t<p>Termin sk\u0142adania wniosk\u00f3w up\u0142ywa we wtorek, 21 stycznia 2025 r. Wniosek jest dost\u0119pny wy\u0142\u0105cznie online. Odwied\u017a nasz\u0105 stron\u0119 <a href=\"https:\/\/highjumpchicago.org\/pl\/our-programs\/scholars\/apply\/\">strona aplikacji<\/a>\u00a0w celu uzyskania aktualizacji i uzyskania dost\u0119pu do aplikacji.<\/p>\n\t\t\t\tCzy High Jump to us\u0142uga korepetycyjna?\n\t\t\t\t<p>High Jump NIE jest us\u0142ug\u0105 korepetycji. Oferujemy wzbogacenie akademickie, kt\u00f3re polega na zapoznaniu uczni\u00f3w z<br \/>nowe pomys\u0142y, umiej\u0119tno\u015bci lub przedmioty, kt\u00f3re mog\u0105 pom\u00f3c im si\u0119 rozwija\u0107. Pomy\u015bl o tym jako o dodatkowych zabawnych i wymagaj\u0105cych zaj\u0119ciach, kt\u00f3re<br \/>uczy\u0144 nauk\u0119 ekscytuj\u0105c\u0105!<\/p>\n\t\t\t\tCo robi\u0105 uczniowie w skoku wzwy\u017c?\n\t\t\t\t<p>Studenci zyskuj\u0105 kontakt z zaawansowanymi koncepcjami matematyki i nauk \u015bcis\u0142ych, w tym pre-algebry, algebry, chemii i fizyki. Uczestnicz\u0105 w \u0107wiczeniach spo\u0142eczno-emocjonalnych, takich jak kr\u0119gi rozm\u00f3w skupione na uczniach. Ponadto uczeni anga\u017cuj\u0105 si\u0119 w o\u017cywion\u0105 dyskusj\u0119 i odpowiadaj\u0105 na pi\u015bmie na istotne kulturowo artyku\u0142y, teksty i tematy.<\/p>\n\t\t\t\tCzy rodzina musi co\u015b p\u0142aci\u0107?\u00a0\u00a0\n\t\t\t\t<p><strong>Nie ma \u017cadnych koszt\u00f3w.<\/strong>\u00a0Wszystkie materia\u0142y dydaktyczne do programu zostan\u0105 zapewnione. Zaj\u0119cia w zakresie skoku wzwy\u017c oferowane naukowcom s\u0105 ca\u0142kowicie bezp\u0142atne. Obejmuje to codzienne \u015bniadanie i lunch, wszystkie materia\u0142y do nauki w ramach programu, wycieczki terenowe, zaj\u0119cia i wydarzenia.<\/p>\n\t\t\t\tJakie jest zobowi\u0105zanie i kiedy uczniowie ucz\u0119szczaj\u0105 na zaj\u0119cia w skoku wzwy\u017c? Skok wzwy\u017c to program dwuletni. Zadania osobiste i rodzinne powinny by\u0107 zaplanowane wok\u00f3\u0142 sesji lekcyjnych.<br \/>\nStudenci ucz\u0119szczaj\u0105 na zaj\u0119cia i inne zaj\u0119cia programowe:\n<ul>\n<li>2-3 razy w miesi\u0105cu w soboty w ci\u0105gu roku szkolnego<\/li>\n<li>Pe\u0142ne dni w lecie, od po\u0142owy czerwca do lipca<\/li>\n<\/ul>\n<p>Oczekuje si\u0119, \u017ce uczniowie b\u0119d\u0105 ucz\u0119szcza\u0107 i przychodzi\u0107 przygotowani na ka\u017cde zaj\u0119cia, wype\u0142nia\u0107 wszystkie zadania domowe i aktywnie uczestniczy\u0107 w dyskusjach klasowych i projektach grupowych.<\/p>\n\t\t\t\tGdzie jest skok wzwy\u017c?\n\t\t\t\t<p>Programowanie High Jump Scholars ma trzy lokalizacje w Chicago:<\/p>\n<ul>\n<li>Szko\u0142a \u0141aci\u0144ska w Chicago (59 W. North Blvd)<\/li>\n<li>Szko\u0142a Francisa W. Parkera (330 W. Webster)<\/li>\n<li>Szko\u0142a laboratoryjna Uniwersytetu w Chicago (1362 E. 59th Street)<\/li>\n<\/ul>\n\t\t\t\tCzy zapewniony jest transport?\u00a0\u00a0\n\t\t\t\t<p>Nie, transport nie jest zapewniony. Rodzice\/opiekunowie s\u0105 odpowiedzialni za zapewnienie transportu dziecka na ka\u017cd\u0105 sesj\u0119 skoku wzwy\u017c. High Jump mo\u017ce w przysz\u0142o\u015bci oferowa\u0107 opcj\u0119 transportu innej firmy. Mimo to prosimy, aby rodzice\/opiekunowie zobowi\u0105zali si\u0119 do tego, aby ich uczniowie przyst\u0119powali do programowania i wracali z niego.<\/p>\n\t\t\t\tCzy High Jump zapewnia stypendia dla uczni\u00f3w szk\u00f3\u0142 \u015brednich?\n\t\t\t\t<p>Nie oferujemy \u017cadnych stypendi\u00f3w, jednak wielu naszych uczni\u00f3w bior\u0105cych udzia\u0142 w programie High Jump otrzymuje niesamowite nagrody<br \/>pakiety pomocy finansowej i\/lub stypendia, takie jak Daniel Murphy Scholarship Fund, HFS i inne!<\/p>","protected":false},"excerpt":{"rendered":"<p>Strona g\u0142\u00f3wna Nasze programy Program FAQ Co to jest skok wzwy\u017c? High Jump oferuje dwa bezp\u0142atne programy oferuj\u0105ce jedyne w swoim rodzaju do\u015bwiadczenia, dost\u0119p do zasob\u00f3w i mo\u017cliwo\u015bci edukacyjne dla uczni\u00f3w klas 7 i 8, kt\u00f3rzy spe\u0142niaj\u0105 wymagane progi dochodowe. Nasze programy s\u0105 przeznaczone dla uczni\u00f3w ciekawych \u015bwiata i zmotywowanych do nauki, poszukuj\u0105cych do\u015bwiadczenia w szkole \u015bredniej, kt\u00f3re b\u0119dzie dla nich wyzwaniem\u2026<\/p>","protected":false},"author":7,"featured_media":0,"parent":52,"menu_order":3,"comment_status":"closed","ping_status":"closed","template":"","meta":{"_seopress_robots_primary_cat":"","_seopress_titles_title":"","_seopress_titles_desc":"","_seopress_robots_index":"","inline_featured_image":false,"footnotes":""},"class_list":["post-54","page","type-page","status-publish","hentry"],"_links":{"self":[{"href":"https:\/\/highjumpchicago.org\/pl\/wp-json\/wp\/v2\/pages\/54","targetHints":{"allow":["GET"]}}],"collection":[{"href":"https:\/\/highjumpchicago.org\/pl\/wp-json\/wp\/v2\/pages"}],"about":[{"href":"https:\/\/highjumpchicago.org\/pl\/wp-json\/wp\/v2\/types\/page"}],"author":[{"embeddable":true,"href":"https:\/\/highjumpchicago.org\/pl\/wp-json\/wp\/v2\/users\/7"}],"replies":[{"embeddable":true,"href":"https:\/\/highjumpchicago.org\/pl\/wp-json\/wp\/v2\/comments?post=54"}],"version-history":[{"count":5,"href":"https:\/\/highjumpchicago.org\/pl\/wp-json\/wp\/v2\/pages\/54\/revisions"}],"predecessor-version":[{"id":58874,"href":"https:\/\/highjumpchicago.org\/pl\/wp-json\/wp\/v2\/pages\/54\/revisions\/58874"}],"up":[{"embeddable":true,"href":"https:\/\/highjumpchicago.org\/pl\/wp-json\/wp\/v2\/pages\/52"}],"wp:attachment":[{"href":"https:\/\/highjumpchicago.org\/pl\/wp-json\/wp\/v2\/media?parent=54"}],"curies":[{"name":"wp","href":"https:\/\/api.w.org\/{rel}","templated":true}]}}