{"id":58,"date":"2018-10-08T01:59:14","date_gmt":"2018-10-08T06:59:14","guid":{"rendered":"https:\/\/d46e648428.nxcli.io\/?page_id=49"},"modified":"2026-02-14T13:46:31","modified_gmt":"2026-02-14T19:46:31","slug":"apply","status":"publish","type":"page","link":"https:\/\/highjumpchicago.org\/pl\/our-programs\/scholars\/apply\/","title":{"rendered":"Aplikacja, kroki i harmonogram"},"content":{"rendered":"<nav  aria-label=\"bu\u0142ka tarta\"><ol itemscope itemtype=\"https:\/\/schema.org\/BreadcrumbList\"><li itemprop=\"itemListElement\" itemscope itemtype=\"https:\/\/schema.org\/ListItem\"><a itemscope itemtype=\"https:\/\/schema.org\/WebPage\" itemprop=\"item\" itemid=\"https:\/\/highjumpchicago.org\" href=\"https:\/\/highjumpchicago.org\/pl\/\">Dom<\/a><meta itemprop=\"position\" content=\"1\"\/><\/li><li itemprop=\"itemListElement\" itemscope itemtype=\"https:\/\/schema.org\/ListItem\"><a itemscope itemtype=\"https:\/\/schema.org\/WebPage\" itemprop=\"item\" itemid=\"https:\/\/highjumpchicago.org\/our-programs\/\" href=\"https:\/\/highjumpchicago.org\/pl\/our-programs\/\">Nasze programy<\/a><meta itemprop=\"position\" content=\"2\"\/><\/li><li itemprop=\"itemListElement\" itemscope itemtype=\"https:\/\/schema.org\/ListItem\"><a itemscope itemtype=\"https:\/\/schema.org\/WebPage\" itemprop=\"item\" itemid=\"https:\/\/highjumpchicago.org\/our-programs\/scholars\/\" href=\"https:\/\/highjumpchicago.org\/pl\/our-programs\/scholars\/\">uczeni<\/a><meta itemprop=\"position\" content=\"3\"\/><\/li><li aria-current=\"page\" itemprop=\"itemListElement\" itemscope itemtype=\"https:\/\/schema.org\/ListItem\">Aplikacja, kroki i harmonogram<meta itemprop=\"position\" content=\"4\"\/><\/li><\/ol><\/nav>\n\t<h1>Nab\u00f3r uczni\u00f3w klas sz\u00f3stych na rok szkolny 2025-2026 jest ju\u017c zamkni\u0119ty. W razie pyta\u0144 prosimy o kontakt mailowy pod adresem <a href=\"mailto:apply@highjumpchicago.org\" target=\"_blank\" rel=\"noopener\"><u>apply@highjumpchicago.org<\/u><\/a> W celu uzyskania dalszej pomocy.<\/h1>\n\t<h3>Dzi\u0119ki High Jump uczniowie szk\u00f3\u0142 \u015brednich w Chicago rozwijaj\u0105 ciekawo\u015b\u0107 \u015bwiata, pewno\u015b\u0107 siebie i umiej\u0119tno\u015bci akademickie w wspieraj\u0105cej si\u0119 spo\u0142eczno\u015bci uczni\u00f3w.<\/h3>\n\t<p>Program trwa 2 lata i obejmuje sze\u015b\u0107 tygodni codziennych zaj\u0119\u0107 letnich oraz dwie sesje sobotnie w miesi\u0105cu w ci\u0105gu roku szkolnego. Uczniowie ucz\u0105 si\u0119 poprzez anga\u017cuj\u0105ce zaj\u0119cia akademickie, lektury o charakterze kulturowym i zaj\u0119cia praktyczne w jednym z trzech naszych partnerskich kampus\u00f3w: <strong>Szko\u0142a \u0142aci\u0144ska w Chicago<\/strong>, <strong>Szko\u0142a Francisa W. Parkera<\/strong>, i <strong>Szko\u0142y laboratoryjne Uniwersytetu w Chicago<\/strong>.<\/p>\n\t\t\t<a href=\"https:\/\/highjumpchicago.org\/pl\/our-programs\/scholars\/\"  target=\"_self\">\n\t\t\t\t\t\t\tDowiedz si\u0119 wi\u0119cej o stypendystach High Jump\n\t\t\t\t\t<\/a>\n\t<p>Dla student\u00f3w ucz\u0119szczaj\u0105cych <strong>Szko\u0142a podstawowa George&#039;a B. Armstronga<\/strong> Lub <strong>Szko\u0142a Podstawowa Sztuk Pi\u0119knych im. Philipa Rogersa<\/strong>, mo\u017ce Ci\u0119 zainteresowa\u0107 nasz program Community Scholars.<\/p>\n\t\t\t<a href=\"https:\/\/highjumpchicago.org\/pl\/our-programs\/community-scholars\/\"  target=\"_self\">\n\t\t\t\t\t\t\tDowiedz si\u0119 wi\u0119cej o stypendiach Community Scholars\n\t\t\t\t\t<\/a>\n\t<p><i>U\u017cyj tego <strong>Lista kontrolna aplikacji High Jump<\/strong> aby \u015bledzi\u0107 post\u0119py w rozpatrywaniu wniosku. <\/i><\/p>\n<figure itemscope itemtype=\"https:\/\/schema.org\/ImageObject\">\n\t\t\t\t<a href=\"https:\/\/highjumpchicago.org\/wp-content\/uploads\/2025\/10\/2025-26-Application-Checklist-Student-Friendly.pdf\"  target=\"_blank\" rel=\"noopener\"  itemprop=\"url\">\n\t\t\t\t<img decoding=\"async\" src=\"https:\/\/highjumpchicago.org\/wp-content\/uploads\/2024\/10\/Application-Checklist-Student-Friendly-232x300.jpg\" alt=\"Application Checklist (Student Friendly)\" height=\"300\" width=\"232\" title=\"Lista kontrolna aplikacji (przyjazna studentom)\" onerror=\"this.style.display='none'\" loading=\"lazy\" \/>\n\t\t\t\t<\/a>\n\t<\/figure>\n\t<a href=\"https:\/\/highjumpchicago.org\/wp-content\/uploads\/2025\/10\/2025-26-Application-Checklist-Student-Friendly.pdf\" target=\"_self\" role=\"button\" download=\"2025-26-Application-Checklist-Student-Friendly.pdf\" aria-label=\"POBIERZ MOJ\u0104 LIST\u0118 KONTROLN\u0104\">\n\t\t\t\t\t\tPOBIERZ MOJ\u0104 LIST\u0118 KONTROLN\u0104\n\t\t\t<\/a>\n<h1>\n\t\t\tPrzewodnik po aplikacjach do skoku wzwy\u017c\t<\/h1>\n\t<h3>Dowiedz si\u0119 wi\u0119cej o procesie rekrutacji, poznaj najwa\u017cniejsze terminy i uzyskaj dost\u0119p do zasob\u00f3w, kt\u00f3re pomog\u0105 Ci z\u0142o\u017cy\u0107 wniosek. High Jump to miejsce, w kt\u00f3rym zmotywowani studenci rozpoczynaj\u0105 swoj\u0105 drog\u0119 ku rozwojowi akademickiemu i przyw\u00f3dztwu. <\/h3>\n\t\t\t\t\t\t\t\t\t\t\t\t\t\t\t\t\t\t\t<p>25 pa\u017adziernika 2025 r. \u2013 20 stycznia 2026 r.<\/p>\n\t\t\t\t\t\t\t\t\t\t\t\t\t\t\t\t\t\t\t\t\t\t\t<h4>Aplikacja otwarta<\/h4> \t\t\t\t\t\t\t\t\t\t\t\n\t\t\t\t\t\t\t\t\t\t\t\t\t\t\t\t\t\t\t\t\t\t\t\t\t\t\t\t\t\t\t\t\t\t\t\t\t\t\t\t\t\t\t\t\t\t\t\t\t\t\t\t\t\t\t\t<ul><li>Studenci obecnie w <b>6 klasa<\/b> mo\u017cna z\u0142o\u017cy\u0107 wniosek.<\/li><li>Zbierz wszystkie materia\u0142y:<ul><li><b>Napisz swoje eseje!<\/b> Wybierz jeden z komunikat\u00f3w wy\u015bwietlanych w aplikacji.<ul><li><strong>Monit #1:<\/strong> Kto, prawdziwy czy fikcyjny, zainspirowa\u0142 Ci\u0119 w tym roku? Podaj 2-3 powody, dla kt\u00f3rych Ci\u0119 zainspirowa\u0142 i jak pom\u00f3g\u0142 Ci inaczej spojrze\u0107 na nauk\u0119 i niepoddawanie si\u0119.<\/li><li><strong>Monit #2:<\/strong> High Jump to program dla uczni\u00f3w, kt\u00f3rzy nie poddaj\u0105 si\u0119, gdy jest trudno, uwielbiaj\u0105 uczy\u0107 si\u0119 czego\u015b nowego i wierz\u0105, \u017ce dzi\u0119ki wysi\u0142kowi mog\u0105 si\u0119 rozwija\u0107. Jakie cechy charakteru \u015bwiadcz\u0105 o tym, \u017ce jeste\u015b gotowy na takie wyzwanie? Podaj przyk\u0142ady, jak przejawia\u0142e\u015b te cechy w swoim \u017cyciu.<\/li><li><strong>Monit #3:<\/strong> Gdyby\u015b m\u00f3g\u0142 podzieli\u0107 si\u0119 jedn\u0105 lekcj\u0105, kt\u00f3rej nauczy\u0142e\u015b si\u0119 od siebie z m\u0142odo\u015bci, co by to by\u0142o? Podaj 2-3 przyk\u0142ady sytuacji, w kt\u00f3rych ta lekcja wp\u0142yn\u0119\u0142a na Tw\u00f3j spos\u00f3b uczenia si\u0119, stawiania czo\u0142a wyzwaniom lub podejmowania decyzji, i wyja\u015bnij, jak mo\u017ce Ci pom\u00f3c w przysz\u0142o\u015bci.<\/li><\/ul><\/li><li><b>Odbierz swoje \u015bwiadectwa:<\/b> Zbierz swoje \u015bwiadectwo z 6 klasy za pierwszy kwarta\u0142 i pe\u0142ne \u015bwiadectwo z 5 klasy.<\/li><li><b>Zalecenia dla nauczycieli:<\/b> Poinformuj swoich nauczycieli o konieczno\u015bci wype\u0142nienia formularzy rekomendacyjnych.<\/li><li><b>Formularze podatkowe dla rodziny:<\/b> Przygotuj najnowsze formularze podatkowe swojej rodziny w celu weryfikacji kwalifikowalno\u015bci.<\/li><\/ul><\/li><li>Potrzebujesz wi\u0119cej informacji? Sprawd\u017a nasze <b><a href=\"https:\/\/drive.google.com\/drive\/folders\/1-PfdGW1JueWDdA_my7zfYpvyXUwjFEIi?usp=sharing\"><u>Zestaw informacyjny dotycz\u0105cy skoku wzwy\u017c znajdziesz tutaj<\/u><\/a> aby znale\u017a\u0107 przydatne zasoby!<\/b><\/li><\/ul> \t\t\t\t\t\t\t\t\t\t\t\t\t\t\t\t\t\t\t\t\t\t\t\t\t\t\t\t\t\n\t\t\t\t\t\t\t\t\t\t\t\t\t\t\t\t\t\t\t<p>Stycze\u0144 \u2013 Marzec<\/p>\n\t\t\t\t\t\t\t\t\t\t\t\t\t\t\t\t\t\t\t\t\t\t\t<h4>Przegl\u0105d aplikacji<\/h4> \t\t\t\t\t\t\t\t\t\t\t\n\t\t\t\t\t\t\t\t\t\t\t\t\t\t\t\t\t\t\t\t\t\t\t\t\t\t\t\t\t\t\t\t\t\t\t\t\t\t\t\t\t\t\t\t\t\t\t\t\t\t\t\t\t\t\t\t<ul>\n<li>Nasz zesp\u00f3\u0142 dok\u0142adnie weryfikuje wszystkie zg\u0142oszenia.<\/li>\n<\/ul>\n\t\t\t\t\t\t\t\t\t\t\t\t\t\t\t\t\t\t\t<p>Pocz\u0105tek marca<\/p>\n\t\t\t\t\t\t\t\t\t\t\t\t\t\t\t\t\t\t\t\t\t\t\t<h4>Zaproszenia na wywiady<\/h4> \t\t\t\t\t\t\t\t\t\t\t\n\t\t\t\t\t\t\t\t\t\t\t\t\t\t\t\t\t\t\t\t\t\t\t\t\t\t\t\t\t\t\t\t\t\t\t\t\t\t\t\t\t\t\t\t\t\t\t\t\t\t\t\t\t\t\t\t<ul>\n<li>Uprawnieni studenci s\u0105 zaproszeni do kolejnej rundy: <b>wywiad<\/b>.<\/li>\n<\/ul>\n\t\t\t\t\t\t\t\t\t\t\t\t\t\t\t\t\t\t\t<p>Marsz<\/p>\n\t\t\t\t\t\t\t\t\t\t\t\t\t\t\t\t\t\t\t\t\t\t\t<h4>Wywiady<\/h4> \t\t\t\t\t\t\t\t\t\t\t\n\t\t\t\t\t\t\t\t\t\t\t\t\t\t\t\t\t\t\t\t\t\t\t\t\t\t\t\t\t\t\t\t\t\t\t\t\t\t\t\t\t\t\t\t\t\t\t\t\t\t\t\t\t\t\t\t<ul>\n<li>Uczniowie bior\u0105 udzia\u0142 w wywiadach.<\/li>\n<\/ul>\n\t\t\t\t\t\t\t\t\t\t\t\t\t\t\t\t\t\t\t<p>Kwiecie\u0144<\/p>\n\t\t\t\t\t\t\t\t\t\t\t\t\t\t\t\t\t\t\t\t\t\t\t<h4>Og\u0142oszenia o decyzjach<\/h4> \t\t\t\t\t\t\t\t\t\t\t\n\t\t\t\t\t\t\t\t\t\t\t\t\t\t\t\t\t\t\t\t\t\t\t\t\t\t\t\t\t\t\t\t\t\t\t\t\t\t\t\t\t\t\t\t\t\t\t\t\t\t\t\t\t\t\t\t<li>Ostateczne decyzje wysy\u0142amy do student\u00f3w.<\/li>\n\t\t\t\t\t\t\t\t\t\t\t\t\t\t\t\t\t\t\t<p>Czerwiec<\/p>\n\t\t\t\t\t\t\t\t\t\t\t\t\t\t\t\t\t\t\t\t\t\t\t<h4>Rozpocz\u0119cie programu<\/h4> \t\t\t\t\t\t\t\t\t\t\t\n\t\t\t\t\t\t\t\t\t\t\t\t\t\t\t\t\t\t\t\t\t\t\t\t\t\t\t\t\t\t\t\t\t\t\t\t\t\t\t\t\t\t\t\t\t\t\t\t\t\t\t\t\t\t\t\t<ul><li>Przyj\u0119ci studenci rozpoczn\u0105 nauk\u0119 <strong>Program skoku wzwy\u017c<\/strong> lato przed ich <strong>Rok 7!<\/strong><\/li><\/ul>","protected":false},"excerpt":{"rendered":"<p>Strona g\u0142\u00f3wna Nasze programy Stypendy\u015bci Aplikacja, etapy i harmonogram Nab\u00f3r wniosk\u00f3w na rok szkolny 2025-2026 dla uczni\u00f3w sz\u00f3stej klasy jest ju\u017c zamkni\u0119ty. W razie pyta\u0144 prosimy o kontakt mailowy pod adresem apply@highjumpchicago.org w celu uzyskania dalszej pomocy. High Jump pomaga uczniom szk\u00f3\u0142 \u015brednich w Chicago rozwija\u0107 ciekawo\u015b\u0107, pewno\u015b\u0107 siebie i umiej\u0119tno\u015bci akademickie w wspieraj\u0105cej spo\u0142eczno\u015bci uczni\u00f3w. Program trwa 2 lata\u2026<\/p>","protected":false},"author":7,"featured_media":130269,"parent":4338,"menu_order":2,"comment_status":"closed","ping_status":"closed","template":"","meta":{"_seopress_robots_primary_cat":"","_seopress_titles_title":"","_seopress_titles_desc":"","_seopress_robots_index":"","inline_featured_image":false,"footnotes":""},"class_list":["post-58","page","type-page","status-publish","has-post-thumbnail","hentry"],"_links":{"self":[{"href":"https:\/\/highjumpchicago.org\/pl\/wp-json\/wp\/v2\/pages\/58","targetHints":{"allow":["GET"]}}],"collection":[{"href":"https:\/\/highjumpchicago.org\/pl\/wp-json\/wp\/v2\/pages"}],"about":[{"href":"https:\/\/highjumpchicago.org\/pl\/wp-json\/wp\/v2\/types\/page"}],"author":[{"embeddable":true,"href":"https:\/\/highjumpchicago.org\/pl\/wp-json\/wp\/v2\/users\/7"}],"replies":[{"embeddable":true,"href":"https:\/\/highjumpchicago.org\/pl\/wp-json\/wp\/v2\/comments?post=58"}],"version-history":[{"count":10,"href":"https:\/\/highjumpchicago.org\/pl\/wp-json\/wp\/v2\/pages\/58\/revisions"}],"predecessor-version":[{"id":168327,"href":"https:\/\/highjumpchicago.org\/pl\/wp-json\/wp\/v2\/pages\/58\/revisions\/168327"}],"up":[{"embeddable":true,"href":"https:\/\/highjumpchicago.org\/pl\/wp-json\/wp\/v2\/pages\/4338"}],"wp:featuredmedia":[{"embeddable":true,"href":"https:\/\/highjumpchicago.org\/pl\/wp-json\/wp\/v2\/media\/130269"}],"wp:attachment":[{"href":"https:\/\/highjumpchicago.org\/pl\/wp-json\/wp\/v2\/media?parent=58"}],"curies":[{"name":"wp","href":"https:\/\/api.w.org\/{rel}","templated":true}]}}