{"id":5906,"date":"2022-11-07T10:07:19","date_gmt":"2022-11-07T16:07:19","guid":{"rendered":"https:\/\/d46e648428.nxcli.io\/?page_id=5906"},"modified":"2025-10-20T10:28:18","modified_gmt":"2025-10-20T15:28:18","slug":"employee-matching-gifts","status":"publish","type":"page","link":"https:\/\/highjumpchicago.org\/pl\/donate\/ways-to-donate\/employee-matching-gifts\/","title":{"rendered":"Prezenty pasuj\u0105ce do pracownik\u00f3w"},"content":{"rendered":"<nav  aria-label=\"bu\u0142ka tarta\"><ol itemscope itemtype=\"https:\/\/schema.org\/BreadcrumbList\"><li itemprop=\"itemListElement\" itemscope itemtype=\"https:\/\/schema.org\/ListItem\"><a itemscope itemtype=\"https:\/\/schema.org\/WebPage\" itemprop=\"item\" itemid=\"https:\/\/highjumpchicago.org\" href=\"https:\/\/highjumpchicago.org\/pl\/\">Dom<\/a><meta itemprop=\"position\" content=\"1\"\/><\/li><li itemprop=\"itemListElement\" itemscope itemtype=\"https:\/\/schema.org\/ListItem\"><a itemscope itemtype=\"https:\/\/schema.org\/WebPage\" itemprop=\"item\" itemid=\"https:\/\/highjumpchicago.org\/donate\/\" href=\"https:\/\/highjumpchicago.org\/pl\/donate\/\">Podarowa\u0107<\/a><meta itemprop=\"position\" content=\"2\"\/><\/li><li itemprop=\"itemListElement\" itemscope itemtype=\"https:\/\/schema.org\/ListItem\"><a itemscope itemtype=\"https:\/\/schema.org\/WebPage\" itemprop=\"item\" itemid=\"https:\/\/highjumpchicago.org\/donate\/ways-to-donate\/\" href=\"https:\/\/highjumpchicago.org\/pl\/donate\/ways-to-donate\/\">Sposoby przekazywania darowizn<\/a><meta itemprop=\"position\" content=\"3\"\/><\/li><li aria-current=\"page\" itemprop=\"itemListElement\" itemscope itemtype=\"https:\/\/schema.org\/ListItem\">Prezenty pasuj\u0105ce do pracownik\u00f3w<meta itemprop=\"position\" content=\"4\"\/><\/li><\/ol><\/nav>\n\t<h2>Czy wiesz, \u017ce tysi\u0105ce firm dor\u00f3wnuje darowiznom przekazywanym przez ich pracownik\u00f3w organizacjom takim jak High Jump?<\/h2>\n<p><strong>Twoja firma mo\u017ce by\u0107 jedn\u0105 z tych, kt\u00f3re mog\u0105 pom\u00f3c zwielokrotni\u0107 wp\u0142yw Twojego wsparcia i inwestycji<\/strong> w edukacj\u0119 przysz\u0142ych przyw\u00f3dc\u00f3w Chicago!<\/p>\n<p><strong>Aby sprawdzi\u0107, czy Twoja firma dor\u00f3wna Twojej darowi\u017anie, skorzystaj z poni\u017cszego przycisku<\/strong> oraz aby uzyska\u0107 dost\u0119p do formularzy, wytycznych i instrukcji potrzebnych do przes\u0142ania pasuj\u0105cego prezentu.<\/p>\n\t\t\t<a href=\"https:\/\/www.charitynavigator.org\/donor-basics\/giving-101\/employee-match-programs\/#:~:text=See%20if%20your%20employer%20will%20match%20your%20donation!\" target=\"_blank\" rel=\"noopener\">\n\t\t\t\t\t\t\tCzy m\u00f3j pracodawca DODATEK DO MOJEJ DAROWIZNY? Kliknij tutaj, aby dowiedzie\u0107 si\u0119 wi\u0119cej na Charity Navigator.\n\t\t\t\t\t<\/a>\n\t<p><strong>Informacje o skoku wzwy\u017c<\/strong><\/p>\n<p>Przesy\u0142aj\u0105c pasuj\u0105cy prezent za po\u015brednictwem swojej firmy, mo\u017cesz potrzebowa\u0107 nast\u0119puj\u0105cych informacji:<\/p>\n<strong>Nasz NIP:<\/strong><br \/>\n36-4470186\n<strong>Nasz adres pocztowy:<\/strong><br \/>\nWysoki skok<br \/>\n820 W Jackson Blvd.<br \/>\nApartament 310<br \/>\nChicago, IL 60607\n<strong>Nasze dane kontaktowe:<\/strong><br \/>\nTelefon: (312) 582-7712<br \/>\nE-mail: zaawansowany@highjumpchicago.org","protected":false},"excerpt":{"rendered":"<p>Strona g\u0142\u00f3wna Darowizny Sposoby przekazywania darowizn Darowizny dla pracownik\u00f3w Czy wiesz, \u017ce tysi\u0105ce firm dok\u0142adaj\u0105 si\u0119 do darowizn przekazanych przez swoich pracownik\u00f3w organizacjom takim jak High Jump? Twoja firma mo\u017ce by\u0107 jedn\u0105 z tych, kt\u00f3re mog\u0105 zwielokrotni\u0107 wp\u0142yw Twojego wsparcia i inwestycji w edukacj\u0119 przysz\u0142ych lider\u00f3w Chicago! Kliknij przycisk\u2026<\/p>","protected":false},"author":7,"featured_media":0,"parent":1955,"menu_order":0,"comment_status":"closed","ping_status":"closed","template":"","meta":{"_seopress_robots_primary_cat":"","_seopress_titles_title":"","_seopress_titles_desc":"","_seopress_robots_index":"","inline_featured_image":false,"footnotes":""},"class_list":["post-5906","page","type-page","status-publish","hentry"],"_links":{"self":[{"href":"https:\/\/highjumpchicago.org\/pl\/wp-json\/wp\/v2\/pages\/5906","targetHints":{"allow":["GET"]}}],"collection":[{"href":"https:\/\/highjumpchicago.org\/pl\/wp-json\/wp\/v2\/pages"}],"about":[{"href":"https:\/\/highjumpchicago.org\/pl\/wp-json\/wp\/v2\/types\/page"}],"author":[{"embeddable":true,"href":"https:\/\/highjumpchicago.org\/pl\/wp-json\/wp\/v2\/users\/7"}],"replies":[{"embeddable":true,"href":"https:\/\/highjumpchicago.org\/pl\/wp-json\/wp\/v2\/comments?post=5906"}],"version-history":[{"count":5,"href":"https:\/\/highjumpchicago.org\/pl\/wp-json\/wp\/v2\/pages\/5906\/revisions"}],"predecessor-version":[{"id":130674,"href":"https:\/\/highjumpchicago.org\/pl\/wp-json\/wp\/v2\/pages\/5906\/revisions\/130674"}],"up":[{"embeddable":true,"href":"https:\/\/highjumpchicago.org\/pl\/wp-json\/wp\/v2\/pages\/1955"}],"wp:attachment":[{"href":"https:\/\/highjumpchicago.org\/pl\/wp-json\/wp\/v2\/media?parent=5906"}],"curies":[{"name":"wp","href":"https:\/\/api.w.org\/{rel}","templated":true}]}}