{"id":6175,"date":"2022-11-10T14:19:34","date_gmt":"2022-11-10T20:19:34","guid":{"rendered":"https:\/\/d46e648428.nxcli.io\/?page_id=6175"},"modified":"2024-04-05T09:17:23","modified_gmt":"2024-04-05T14:17:23","slug":"endowment-donation","status":"publish","type":"page","link":"https:\/\/highjumpchicago.org\/pl\/donate\/ways-to-donate\/endowment-donation\/","title":{"rendered":"Darowizna wieczysta"},"content":{"rendered":"<h2>\n\t\tTw\u00f3j wk\u0142ad w dzia\u0142anie\n\t<\/h2>\n\t<ul>\n\t\t<li>\t\t\t\t\n\t\t<h3>Wzbogacenie akademickie bez czesnego<\/h3><\/li><li>\t\t\t\t\n\t\t<h3>Przek\u0105ski i posi\u0142ki dla student\u00f3w<\/h3><\/li><li>\t\t\t\t\n\t\t<h3>Sta\u0142e laptopy dla student\u00f3w<\/h3><\/li>\t<\/ul>\n\t<ul>\n\t\t<li>\t\t\t\t\n\t\t<h3>Dedykowany wyk\u0142adowca i personel<\/h3><\/li><li>\t\t\t\t\n\t\t<h3>Praktyczne wsparcie ucznia <\/h3><\/li><li>\t\t\t\t\n\t\t<h3>Zapewnione wszystkie materia\u0142y do nauki<\/h3><\/li>\t<\/ul>","protected":false},"excerpt":{"rendered":"<p>Tw\u00f3j wk\u0142ad w dzia\u0142anie Bezp\u0142atne wzbogacanie wiedzy akademickiej Przek\u0105ski i posi\u0142ki dla uczni\u00f3w Sta\u0142e laptopy dla uczni\u00f3w Dedykowana kadra i pracownicy Praktyczne wsparcie dla uczni\u00f3w Wszystkie materia\u0142y dydaktyczne zapewnione<\/p>","protected":false},"author":7,"featured_media":5523,"parent":1955,"menu_order":8,"comment_status":"closed","ping_status":"closed","template":"","meta":{"_seopress_robots_primary_cat":"","_seopress_titles_title":"","_seopress_titles_desc":"","_seopress_robots_index":"","inline_featured_image":false,"footnotes":""},"class_list":["post-6175","page","type-page","status-publish","has-post-thumbnail","hentry"],"_links":{"self":[{"href":"https:\/\/highjumpchicago.org\/pl\/wp-json\/wp\/v2\/pages\/6175","targetHints":{"allow":["GET"]}}],"collection":[{"href":"https:\/\/highjumpchicago.org\/pl\/wp-json\/wp\/v2\/pages"}],"about":[{"href":"https:\/\/highjumpchicago.org\/pl\/wp-json\/wp\/v2\/types\/page"}],"author":[{"embeddable":true,"href":"https:\/\/highjumpchicago.org\/pl\/wp-json\/wp\/v2\/users\/7"}],"replies":[{"embeddable":true,"href":"https:\/\/highjumpchicago.org\/pl\/wp-json\/wp\/v2\/comments?post=6175"}],"version-history":[{"count":5,"href":"https:\/\/highjumpchicago.org\/pl\/wp-json\/wp\/v2\/pages\/6175\/revisions"}],"predecessor-version":[{"id":29843,"href":"https:\/\/highjumpchicago.org\/pl\/wp-json\/wp\/v2\/pages\/6175\/revisions\/29843"}],"up":[{"embeddable":true,"href":"https:\/\/highjumpchicago.org\/pl\/wp-json\/wp\/v2\/pages\/1955"}],"wp:featuredmedia":[{"embeddable":true,"href":"https:\/\/highjumpchicago.org\/pl\/wp-json\/wp\/v2\/media\/5523"}],"wp:attachment":[{"href":"https:\/\/highjumpchicago.org\/pl\/wp-json\/wp\/v2\/media?parent=6175"}],"curies":[{"name":"wp","href":"https:\/\/api.w.org\/{rel}","templated":true}]}}