{"id":63,"date":"2018-10-08T02:01:14","date_gmt":"2018-10-08T07:01:14","guid":{"rendered":"https:\/\/d46e648428.nxcli.io\/?page_id=63"},"modified":"2026-01-27T16:06:56","modified_gmt":"2026-01-27T22:06:56","slug":"volunteer","status":"publish","type":"page","link":"https:\/\/highjumpchicago.org\/pl\/donate\/volunteer\/","title":{"rendered":"Wolontariat z Nami"},"content":{"rendered":"<nav  aria-label=\"bu\u0142ka tarta\"><ol itemscope itemtype=\"https:\/\/schema.org\/BreadcrumbList\"><li itemprop=\"itemListElement\" itemscope itemtype=\"https:\/\/schema.org\/ListItem\"><a itemscope itemtype=\"https:\/\/schema.org\/WebPage\" itemprop=\"item\" itemid=\"https:\/\/highjumpchicago.org\" href=\"https:\/\/highjumpchicago.org\/pl\/\">Dom<\/a><meta itemprop=\"position\" content=\"1\"\/><\/li><li itemprop=\"itemListElement\" itemscope itemtype=\"https:\/\/schema.org\/ListItem\"><a itemscope itemtype=\"https:\/\/schema.org\/WebPage\" itemprop=\"item\" itemid=\"https:\/\/highjumpchicago.org\/donate\/\" href=\"https:\/\/highjumpchicago.org\/pl\/donate\/\">Podarowa\u0107<\/a><meta itemprop=\"position\" content=\"2\"\/><\/li><li aria-current=\"page\" itemprop=\"itemListElement\" itemscope itemtype=\"https:\/\/schema.org\/ListItem\">Wolontariat z Nami<meta itemprop=\"position\" content=\"3\"\/><\/li><\/ol><\/nav>\n\t<p><b>Nasi uczeni nie mog\u0105 si\u0119 doczeka\u0107 spotkania z Tob\u0105.<\/b> Uczeni ze skoku wzwy\u017c s\u0105 ciekawi intelektualnie i zmotywowani do nauki, i szukaj\u0105 do\u015bwiadczenia w szkole \u015bredniej, kt\u00f3re b\u0119dzie dla nich wyzwaniem spo\u0142ecznym i akademickim. Ka\u017cdego roku mamy trzy g\u0142\u00f3wne mo\u017cliwo\u015bci wolontariatu, dzi\u0119ki kt\u00f3rym \u0142\u0105czysz si\u0119 i pomagasz naszym uczniom w kluczowych momentach ich do\u015bwiadcze\u0144 w skoku wzwy\u017c:<\/p>\n<figure data-animation-delay=\"1\" data-animation-duration=\"1\" itemscope itemtype=\"https:\/\/schema.org\/ImageObject\">\n\t\t\t\t<img decoding=\"async\" src=\"https:\/\/highjumpchicago.org\/wp-content\/uploads\/2024\/10\/IMG_7852.jpg\" alt=\"A large cafeteria full of adult volunteers interviewing students at many tables\" height=\"1536\" width=\"2048\" title=\"OBRAZ_7852\" onerror=\"this.style.display='none'\" loading=\"lazy\" \/>\n\t<\/figure>\n<h2>\n\t\t\tRozmowy kwalifikacyjne\t<\/h2>\n\t<p>Ka\u017cdego roku przyjmujemy now\u0105 grup\u0119 student\u00f3w, a nasze coroczne rozmowy rekrutacyjne s\u0105 wyj\u0105tkow\u0105 okazj\u0105 do wzi\u0119cia w nich udzia\u0142u.<\/p>\n\t\t\t\tWI\u0118CEJ INFORMACJI\n\t\t\t\t\t<ul>\n<li><b>Ka\u017cdego roku wiosn\u0105<\/b><\/li>\n<li><strong>Zaanga\u017cowanie czasowe:<\/strong> 2 godziny na sesj\u0119<\/li>\n<li><strong>Rola:<\/strong> Przeprowad\u017a od dw\u00f3ch do trzech 20-minutowych rozm\u00f3w kwalifikacyjnych z potencjalnymi stypendystami skoku wzwy\u017c jako ostatni etap procesu aplikacyjnego. Przeka\u017cesz opini\u0119 na temat ka\u017cdego kandydata, co pomo\u017ce naszemu zespo\u0142owi rekrutacyjnemu okre\u015bli\u0107, kto zostanie przyj\u0119ty do nast\u0119pnej grupy stypendyst\u00f3w skoku wzwy\u017c.<\/li>\n<\/ul>\n<p><strong>Zainteresowany wolontariatem?<\/strong><br \/>Napisz do Gabi na adres <a href=\"mailto:gkizer@highjumpchicago.org\">gkizer@highjumpchicago.org<\/a><\/p>\n<figure data-animation-delay=\"1\" data-animation-duration=\"1\" itemscope itemtype=\"https:\/\/schema.org\/ImageObject\">\n\t\t\t\t<img decoding=\"async\" src=\"https:\/\/highjumpchicago.org\/wp-content\/uploads\/2022\/11\/IMG_1287-1024x768.jpg\" alt=\"IMG_1287\" height=\"768\" width=\"1024\" title=\"IMG_1287\" onerror=\"this.style.display='none'\" loading=\"lazy\" \/>\n\t<\/figure>\n<h2>\n\t\t\tPozorowane wywiady\t<\/h2>\n\t<p>Spotkaj si\u0119 i przeprowad\u017a wywiady z uczniami \u00f3smej klasy, aby pom\u00f3c im przygotowa\u0107 si\u0119 do nadchodz\u0105cych rozm\u00f3w rekrutacyjnych do szk\u00f3\u0142 \u015brednich.<\/p>\n\t\t\t\tWI\u0118CEJ INFORMACJI\n\t\t\t\t\t<ul>\n<li><b>Ka\u017cdego roku jesieni\u0105<\/b><\/li>\n<li><strong>Zaanga\u017cowanie czasowe:<\/strong> 2,5 godziny<\/li>\n<li><strong>Rola:<\/strong> Przeprowad\u017a trzy 30-minutowe wywiady z uczniami \u00f3smej klasy w High Jump. B\u0119dziesz przekazywa\u0107 konstruktywne informacje zwrotne na temat wywiad\u00f3w, kt\u00f3rymi nauczyciele podziel\u0105 si\u0119 ze studentami.<\/li>\n<\/ul>\n<p><strong>Jeste\u015b zainteresowany wolontariatem przy symulowanych rozmowach kwalifikacyjnych w przysz\u0142ym roku?<\/strong> Skontaktuj si\u0119 z Gabi pod adresem <a href=\"mailto:gkizer@highjumpchicago.org\">gkizer@highjumpchicago.org<\/a><\/p>\n\t<p><b>Chcesz zosta\u0107 wolontariuszem w High Jump?<\/b> Skontaktuj si\u0119 z nami na <a href=\"mailto:advancement@highjumpchicago.org\">advancement@highjumpchicago.org<\/a>\u00a0uczy\u0107 si\u0119 wi\u0119cej.<\/p>","protected":false},"excerpt":{"rendered":"<p>Strona g\u0142\u00f3wna Przeka\u017c darowizn\u0119 Zosta\u0144 z nami na wolontariacie Nasi uczeni nie mog\u0105 si\u0119 doczeka\u0107, aby Ci\u0119 pozna\u0107. Stypendy\u015bci skoku wzwy\u017c s\u0105 intelektualnie ciekawi i zmotywowani do nauki, dlatego szukaj\u0105 do\u015bwiadczenia w szkole \u015bredniej, kt\u00f3re b\u0119dzie dla nich wyzwaniem spo\u0142ecznym i akademickim. Ka\u017cdego roku oferujemy trzy g\u0142\u00f3wne mo\u017cliwo\u015bci wolontariatu, dzi\u0119ki kt\u00f3rym mo\u017cesz nawi\u0105za\u0107 kontakt z naszymi uczniami i pom\u00f3c im w kluczowych momentach\u2026<\/p>","protected":false},"author":7,"featured_media":0,"parent":2056,"menu_order":2,"comment_status":"closed","ping_status":"closed","template":"","meta":{"_seopress_robots_primary_cat":"","_seopress_titles_title":"","_seopress_titles_desc":"","_seopress_robots_index":"","inline_featured_image":false,"footnotes":""},"class_list":["post-63","page","type-page","status-publish","hentry"],"_links":{"self":[{"href":"https:\/\/highjumpchicago.org\/pl\/wp-json\/wp\/v2\/pages\/63","targetHints":{"allow":["GET"]}}],"collection":[{"href":"https:\/\/highjumpchicago.org\/pl\/wp-json\/wp\/v2\/pages"}],"about":[{"href":"https:\/\/highjumpchicago.org\/pl\/wp-json\/wp\/v2\/types\/page"}],"author":[{"embeddable":true,"href":"https:\/\/highjumpchicago.org\/pl\/wp-json\/wp\/v2\/users\/7"}],"replies":[{"embeddable":true,"href":"https:\/\/highjumpchicago.org\/pl\/wp-json\/wp\/v2\/comments?post=63"}],"version-history":[{"count":7,"href":"https:\/\/highjumpchicago.org\/pl\/wp-json\/wp\/v2\/pages\/63\/revisions"}],"predecessor-version":[{"id":160991,"href":"https:\/\/highjumpchicago.org\/pl\/wp-json\/wp\/v2\/pages\/63\/revisions\/160991"}],"up":[{"embeddable":true,"href":"https:\/\/highjumpchicago.org\/pl\/wp-json\/wp\/v2\/pages\/2056"}],"wp:attachment":[{"href":"https:\/\/highjumpchicago.org\/pl\/wp-json\/wp\/v2\/media?parent=63"}],"curies":[{"name":"wp","href":"https:\/\/api.w.org\/{rel}","templated":true}]}}