{"id":65,"date":"2018-10-08T02:01:34","date_gmt":"2018-10-08T07:01:34","guid":{"rendered":"https:\/\/d46e648428.nxcli.io\/?page_id=65"},"modified":"2026-02-12T16:51:19","modified_gmt":"2026-02-12T22:51:19","slug":"sponsor-us","status":"publish","type":"page","link":"https:\/\/highjumpchicago.org\/pl\/donate\/sponsor-us\/","title":{"rendered":"Sponsoruj nas"},"content":{"rendered":"<nav  aria-label=\"bu\u0142ka tarta\"><ol itemscope itemtype=\"https:\/\/schema.org\/BreadcrumbList\"><li itemprop=\"itemListElement\" itemscope itemtype=\"https:\/\/schema.org\/ListItem\"><a itemscope itemtype=\"https:\/\/schema.org\/WebPage\" itemprop=\"item\" itemid=\"https:\/\/highjumpchicago.org\" href=\"https:\/\/highjumpchicago.org\/pl\/\">Dom<\/a><meta itemprop=\"position\" content=\"1\"\/><\/li><li itemprop=\"itemListElement\" itemscope itemtype=\"https:\/\/schema.org\/ListItem\"><a itemscope itemtype=\"https:\/\/schema.org\/WebPage\" itemprop=\"item\" itemid=\"https:\/\/highjumpchicago.org\/donate\/\" href=\"https:\/\/highjumpchicago.org\/pl\/donate\/\">Podarowa\u0107<\/a><meta itemprop=\"position\" content=\"2\"\/><\/li><li aria-current=\"page\" itemprop=\"itemListElement\" itemscope itemtype=\"https:\/\/schema.org\/ListItem\">Sponsoruj nas<meta itemprop=\"position\" content=\"3\"\/><\/li><\/ol><\/nav>\n\t<p><strong>Wszystko zaczyna si\u0119 od Ciebie.<\/strong> Hojno\u015b\u0107 pojedynczych os\u00f3b, edukator\u00f3w, wolontariuszy i sponsor\u00f3w korporacyjnych, takich jak Ty, pomaga nam inwestowa\u0107 w nowe pokolenie lider\u00f3w od ponad trzydziestu lat.<\/p>\n<p><strong>Prace trwaj\u0105.<\/strong> Naszym celem jest rozszerzenie naszych zasob\u00f3w na wi\u0119ksz\u0105 liczb\u0119 student\u00f3w w ca\u0142ym Chicago. Tw\u00f3j wk\u0142ad pomaga nam to robi\u0107 i nie tylko. Do\u0142\u0105cz do nas w naszej misji zapewniania bezp\u0142atnego wzbogacenia akademickiego i zasob\u00f3w, kt\u00f3re umo\u017cliwi\u0105 uczniom si\u0119ganie wy\u017cej i p\u00f3j\u015bcie dalej, ni\u017c kiedykolwiek my\u015bleli, \u017ce to mo\u017cliwe.<\/p>\n\t<h3>Sponsoruj wydarzenia i us\u0142ugi dla naukowc\u00f3w<\/h3>\n\t<p><strong>Twoje wsparcie pomaga nam mie\u0107 wi\u0119kszy wp\u0142yw.<\/strong> Dzi\u0119ki pokryciu koszt\u00f3w wydarze\u0144 i us\u0142ug w ramach naszego Programu Stypendialnego, zapewniasz, \u017ce High Jump b\u0119dzie m\u00f3g\u0142 nadal wywiera\u0107 niesamowity, d\u0142ugotrwa\u0142y wp\u0142yw na kolejne pokolenia stypendyst\u00f3w.<\/p>\n\t\t\t<a href=\"https:\/\/highjumpchicago.org\/wp-content\/uploads\/2026\/01\/Corporate-Sponsorship-Opportunities-FY26.pdf\" target=\"_blank\" rel=\"noopener\">\n\t\t\t\t\t\t\tDOWIEDZ SI\u0118 WI\u0118CEJ O MO\u017bLIWO\u015aCIACH SPONSOROWANIA\n\t\t\t\t\t<\/a>\n\t\t\t\t<img decoding=\"async\" src=\"https:\/\/highjumpchicago.org\/wp-content\/uploads\/2025\/06\/IMG_0918.jpeg\" alt=\"IMG_0918\" itemprop=\"image\" height=\"1365\" width=\"2048\" title=\"OBRAZ_0918\" onerror=\"this.style.display='none'\" loading=\"lazy\" \/>\n\t<p><strong>Masz pytania lub chcesz dowiedzie\u0107 si\u0119 wi\u0119cej o zostaniu sponsorem korporacyjnym?<\/strong> Prosimy o kontakt z Molly Gilbride pod adresem <a href=\"mailto:vherrera@highjumpchicago.org\">mgilbride@highjumpchicago.org<\/a>.<\/p>\n\t\t\t\t<img decoding=\"async\" src=\"https:\/\/highjumpchicago.org\/wp-content\/uploads\/2022\/01\/LRP_9744.jpg\" alt=\"LRP_9744\" itemprop=\"image\" height=\"1365\" width=\"2048\" title=\"LRP_9744\" onerror=\"this.style.display='none'\" loading=\"lazy\" \/>\n\t<h3>\n\t\t\t\tSponsoruj nasz program Wiosna mo\u017cliwo\u015bci\n\t\t\t<\/h3>\n\t<p><b>Wnie\u015b wi\u0119kszy wk\u0142ad, wywrzyj wi\u0119kszy wp\u0142yw.<\/b> Nasz benefis odbywa si\u0119 co roku w maju, ale rozmow\u0119 mo\u017cna rozpocz\u0105\u0107 przez ca\u0142y rok. Mamy r\u00f3\u017cne poziomy sponsorowania, zaczynaj\u0105c od $2500.<\/p>\n\t\t\t<a href=\"https:\/\/www.classy.org\/event\/2026-high-jump-spring-of-opportunity-benefit\/e704247\" target=\"_blank\" rel=\"noopener\">\n\t\t\t\t\t\t\tZosta\u0144 sponsorem\n\t\t\t\t\t<\/a>\n<h1>\n\t\t\tDzi\u0119kujemy naszym sponsorom korporacyjnym\t<\/h1>\n\t<p><b>Dzi\u0119kujemy za inwestowanie w przysz\u0142ych przyw\u00f3dc\u00f3w Chicago.<\/b> Dzi\u0119ki Wam High Jump s\u0142u\u017cy\u0142 wi\u0119kszej liczbie uczni\u00f3w ni\u017c kiedykolwiek wcze\u015bniej, wspieraj\u0105c m\u0142odzie\u017c gimnazjaln\u0105 w Chicago jedynymi w swoim rodzaju do\u015bwiadczeniami oraz dost\u0119pem do zasob\u00f3w i wsparcia edukacyjnego. Nie mogliby\u015bmy wykona\u0107 tej pracy bez Was i nie mo\u017cemy si\u0119 doczeka\u0107, aby zobaczy\u0107, jak nasza kolejna grupa naukowc\u00f3w stawia sobie wyzwania akademickie.<\/p>\n        \t<a href=\"https:\/\/www.bamfunds.com\/\" target=\"_blank\" rel=\"nofollow noopener\">            \n\t\t\t\t\t\t<img decoding=\"async\" src=\"https:\/\/highjumpchicago.org\/wp-content\/uploads\/2018\/11\/balyasny-RGB-300x96.jpg\" alt=\"Balyasny Asset Management L.P.\" data-no-lazy=\"1\" \/>\t\t\t\t\t\n                            <p>Balyasny Asset Management LP<\/p>\n            <\/a>\t\t\n        \t<a href=\"https:\/\/www.comed.com\/Pages\/default.aspx\" target=\"_blank\" rel=\"nofollow noopener\">            \n\t\t\t\t\t\t<img decoding=\"async\" src=\"https:\/\/highjumpchicago.org\/wp-content\/uploads\/2018\/11\/ComEd_PoweringLogo_NEW.jpg\" alt=\"ComEd\" data-no-lazy=\"1\" \/>\t\t\t\t\t\n                            <p>ComEd<\/p>\n            <\/a>\t\t\n        \t<a href=\"https:\/\/www.countryfinancial.com\/\" target=\"_blank\" rel=\"nofollow noopener\">            \n\t\t\t\t\t\t<img decoding=\"async\" src=\"https:\/\/highjumpchicago.org\/wp-content\/uploads\/2018\/11\/country-financial-logo-300x117.jpg\" alt=\"Country Financial\" data-no-lazy=\"1\" \/>\t\t\t\t\t\n                            <p>Finanse kraju<\/p>\n            <\/a>\t\t\n        \t<a href=\"https:\/\/www.fwparker.org\/\" target=\"_blank\" rel=\"nofollow noopener\">            \n\t\t\t\t\t\t<img decoding=\"async\" src=\"https:\/\/highjumpchicago.org\/wp-content\/uploads\/2018\/11\/parker-logo.jpg\" alt=\"F. W. Parker\" data-no-lazy=\"1\" \/>\t\t\t\t\t\n                            <p>FW Parkera<\/p>\n            <\/a>\t\t\n        \t<a href=\"http:\/\/www.grosvenor.com\/home\/\" target=\"_blank\" rel=\"nofollow noopener\">            \n\t\t\t\t\t\t<img decoding=\"async\" src=\"https:\/\/highjumpchicago.org\/wp-content\/uploads\/2018\/11\/grosvenor-RGB-300x65.jpg\" alt=\"GCM Grosvenor\" data-no-lazy=\"1\" \/>\t\t\t\t\t\n                            <p>GCM Grosvenor<\/p>\n            <\/a>\t\t\n        \t<a href=\"https:\/\/jenner.com\/\" target=\"_blank\" rel=\"nofollow noopener\">            \n\t\t\t\t\t\t<img decoding=\"async\" src=\"https:\/\/highjumpchicago.org\/wp-content\/uploads\/2018\/11\/JB-logo-masterBlack-LLP-2-300x16.jpg\" alt=\"Jenner &#038; Block LLP\" data-no-lazy=\"1\" \/>\t\t\t\t\t\n                            <p>Jenner &amp; Block sp\u00f3\u0142ka z ograniczon\u0105 odpowiedzialno\u015bci\u0105<\/p>\n            <\/a>\t\t\n        \t<a href=\"https:\/\/www.us.jll.com\/en\" target=\"_blank\" rel=\"nofollow noopener\">            \n\t\t\t\t\t\t<img decoding=\"async\" src=\"https:\/\/highjumpchicago.org\/wp-content\/uploads\/2018\/11\/JLL-Logo-Positive-_30mm-CMYK-300x132.jpg\" alt=\"JLL\" data-no-lazy=\"1\" \/>\t\t\t\t\t\n                            <p>JLL<\/p>\n            <\/a>\t\t\n        \t<a href=\"https:\/\/www.lw.com\/\" target=\"_blank\" rel=\"nofollow noopener\">            \n\t\t\t\t\t\t<img decoding=\"async\" src=\"https:\/\/highjumpchicago.org\/wp-content\/uploads\/2019\/01\/Latham-Logo-Red-300x30.jpg\" alt=\"Latham &#038; Watkins LLP\" data-no-lazy=\"1\" \/>\t\t\t\t\t\n                            <p>Firma Latham &amp; Watkins LLC<\/p>\n            <\/a>\t\t\n        \t<a href=\"https:\/\/www.latinschool.org\/\" target=\"_blank\" rel=\"nofollow noopener\">            \n\t\t\t\t\t\t<img decoding=\"async\" src=\"https:\/\/highjumpchicago.org\/wp-content\/uploads\/2018\/11\/latin-logo.jpg\" alt=\"Latin School of Chicago\" data-no-lazy=\"1\" \/>\t\t\t\t\t\n                            <p>Szko\u0142a \u0142aci\u0144ska w Chicago<\/p>\n            <\/a>\t\t\n        \t<a href=\"https:\/\/www.sidley.com\/en\/us\/\" target=\"_blank\" rel=\"nofollow noopener\">            \n\t\t\t\t\t\t<img decoding=\"async\" src=\"https:\/\/highjumpchicago.org\/wp-content\/uploads\/2018\/11\/Sidley_Foundation_Logo-300x44.jpg\" alt=\"The Sidley Austin Foundation\" data-no-lazy=\"1\" \/>\t\t\t\t\t\n                            <p>Fundacja Sidleya Austina<\/p>\n            <\/a>\t\t\n        \t<a href=\"https:\/\/www.ucls.uchicago.edu\/\" target=\"_blank\" rel=\"nofollow noopener\">            \n\t\t\t\t\t\t<img decoding=\"async\" src=\"https:\/\/highjumpchicago.org\/wp-content\/uploads\/2018\/12\/Lab-School_Maroon-1-300x54.png\" alt=\"The University of Chicago Laboratory Schools\" data-no-lazy=\"1\" \/>\t\t\t\t\t\n                            <p>Szko\u0142y laboratoryjne Uniwersytetu w Chicago<\/p>\n            <\/a>\t\t\n        \t<a href=\"https:\/\/www.ventasreit.com\/\" target=\"_blank\" rel=\"nofollow noopener\">            \n\t\t\t\t\t\t<img decoding=\"async\" src=\"https:\/\/highjumpchicago.org\/wp-content\/uploads\/2018\/11\/ventas-RGB-300x76.jpg\" alt=\"Ventas\" data-no-lazy=\"1\" \/>\t\t\t\t\t\n                            <p>Ventas<\/p>\n            <\/a>\t\t\n        \t<a href=\"https:\/\/vivacitytech.com\/blogs\/news\" target=\"_blank\" rel=\"nofollow noopener\">            \n\t\t\t\t\t\t<img decoding=\"async\" src=\"https:\/\/highjumpchicago.org\/wp-content\/uploads\/2023\/03\/Copy-of-logo_horizontal_PURPLE.png\" alt=\"Vivacity Logo\" data-no-lazy=\"1\" \/>\t\t\t\t\t\n                            <p>Logo \u017cywotno\u015bci<\/p>\n            <\/a>\t\t\n        \t<a href=\"https:\/\/www.westmonroepartners.com\/\" target=\"_blank\" rel=\"nofollow noopener\">            \n\t\t\t\t\t\t<img decoding=\"async\" src=\"https:\/\/highjumpchicago.org\/wp-content\/uploads\/2018\/11\/WestMonroe-blueyellow-300x52.jpg\" alt=\"West Monroe\" data-no-lazy=\"1\" \/>\t\t\t\t\t\n                            <p>West Monroe<\/p>\n            <\/a>\t\t\n        \t<a href=\"https:\/\/www.williamblair.com\/\" target=\"_blank\" rel=\"nofollow noopener\">            \n\t\t\t\t\t\t<img decoding=\"async\" src=\"https:\/\/highjumpchicago.org\/wp-content\/uploads\/2018\/11\/william-blair-RGB.jpg\" alt=\"William Blair\" data-no-lazy=\"1\" \/>\t\t\t\t\t\n                            <p>Williama Blaira<\/p>\n            <\/a>\t\t\n\t<p><strong>ze szczeg\u00f3lnym podzi\u0119kowaniem dla<\/strong><\/p>\nAviva Investors Americas LLC<br \/>\nBerger Schatz<br \/>\nDLA Piper<br \/>\nErnst&amp;Young<br \/>\nFarmy Ferro<br \/>\nGolin<br \/>\nGoulston &amp; Storrs<br \/>\nArchitekci Morgante-Wilson<br \/>\nSalesforce.org<br \/>\nWeiss &amp; Sp\u00f3\u0142ka z ograniczon\u0105 odpowiedzialno\u015bci\u0105","protected":false},"excerpt":{"rendered":"<p>Strona g\u0142\u00f3wna Darowizna Sponsoruj nas Wszystko zaczyna si\u0119 od Ciebie. Hojno\u015b\u0107 indywidualnych os\u00f3b, nauczycieli, wolontariuszy i sponsor\u00f3w korporacyjnych, takich jak Ty, pomog\u0142a nam inwestowa\u0107 w kolejne pokolenie lider\u00f3w przez ponad trzydzie\u015bci lat. Prace trwaj\u0105. Naszym celem jest rozszerzenie naszych zasob\u00f3w na wi\u0119ksz\u0105 liczb\u0119 student\u00f3w w ca\u0142ym Chicago. Tw\u00f3j wk\u0142ad pomaga\u2026<\/p>","protected":false},"author":7,"featured_media":0,"parent":2056,"menu_order":3,"comment_status":"closed","ping_status":"closed","template":"","meta":{"_seopress_robots_primary_cat":"","_seopress_titles_title":"","_seopress_titles_desc":"","_seopress_robots_index":"","inline_featured_image":false,"footnotes":""},"class_list":["post-65","page","type-page","status-publish","hentry"],"_links":{"self":[{"href":"https:\/\/highjumpchicago.org\/pl\/wp-json\/wp\/v2\/pages\/65","targetHints":{"allow":["GET"]}}],"collection":[{"href":"https:\/\/highjumpchicago.org\/pl\/wp-json\/wp\/v2\/pages"}],"about":[{"href":"https:\/\/highjumpchicago.org\/pl\/wp-json\/wp\/v2\/types\/page"}],"author":[{"embeddable":true,"href":"https:\/\/highjumpchicago.org\/pl\/wp-json\/wp\/v2\/users\/7"}],"replies":[{"embeddable":true,"href":"https:\/\/highjumpchicago.org\/pl\/wp-json\/wp\/v2\/comments?post=65"}],"version-history":[{"count":6,"href":"https:\/\/highjumpchicago.org\/pl\/wp-json\/wp\/v2\/pages\/65\/revisions"}],"predecessor-version":[{"id":154950,"href":"https:\/\/highjumpchicago.org\/pl\/wp-json\/wp\/v2\/pages\/65\/revisions\/154950"}],"up":[{"embeddable":true,"href":"https:\/\/highjumpchicago.org\/pl\/wp-json\/wp\/v2\/pages\/2056"}],"wp:attachment":[{"href":"https:\/\/highjumpchicago.org\/pl\/wp-json\/wp\/v2\/media?parent=65"}],"curies":[{"name":"wp","href":"https:\/\/api.w.org\/{rel}","templated":true}]}}