{"id":67,"date":"2018-10-08T02:01:49","date_gmt":"2018-10-08T02:01:49","guid":{"rendered":"https:\/\/d46e648428.nxcli.io\/?page_id=67"},"modified":"2023-10-19T12:05:26","modified_gmt":"2023-10-19T17:05:26","slug":"benefit","status":"publish","type":"page","link":"https:\/\/highjumpchicago.org\/pl\/donate\/benefit\/","title":{"rendered":"Wiosna mo\u017cliwo\u015bci"},"content":{"rendered":"<nav  aria-label=\"bu\u0142ka tarta\"><ol itemscope itemtype=\"https:\/\/schema.org\/BreadcrumbList\"><li itemprop=\"itemListElement\" itemscope itemtype=\"https:\/\/schema.org\/ListItem\"><a itemscope itemtype=\"http:\/\/schema.org\/WebPage\" itemprop=\"item\" itemid=\"https:\/\/highjumpchicago.org\" href=\"https:\/\/highjumpchicago.org\/pl\/\">Dom<\/a><meta itemprop=\"position\" content=\"1\"\/><\/li><li itemprop=\"itemListElement\" itemscope itemtype=\"https:\/\/schema.org\/ListItem\"><a itemscope itemtype=\"http:\/\/schema.org\/WebPage\" itemprop=\"item\" itemid=\"https:\/\/highjumpchicago.org\/donate\/\" href=\"https:\/\/highjumpchicago.org\/pl\/donate\/\">Podarowa\u0107<\/a><meta itemprop=\"position\" content=\"2\"\/><\/li><li aria-current=\"page\" itemprop=\"itemListElement\" itemscope itemtype=\"https:\/\/schema.org\/ListItem\">Wiosna mo\u017cliwo\u015bci<meta itemprop=\"position\" content=\"3\"\/><\/li><\/ol><\/nav>\n\t<h1>Zapisz dat\u0119 i do\u0142\u0105cz do nas!<\/h1>\n\t<h2>Wiosna mo\u017cliwo\u015bci<br \/>\nPi\u0105tek, 3 maja 2024 r<\/h2>\n<h3>Hotel Four Seasons w Chicago<\/h3>\n\t<p><strong>Do\u0142\u0105cz do nas i skorzystaj z Wiosny Mo\u017cliwo\u015bci,<\/strong> wydarzenie po\u015bwi\u0119cone \u015bwi\u0119towaniu kolejnego pokolenia lider\u00f3w Chicago i wspieraniu ich w ich podr\u00f3\u017cach akademickich.<\/p>\n<p><strong>Mamy nadziej\u0119, \u017ce mo\u017cesz pom\u00f3c<\/strong> <strong>\u015bwi\u0119towa\u0107<\/strong> ten zmieniaj\u0105cy \u017cycie program i pos\u0142uchaj inspiruj\u0105cych historii naukowc\u00f3w i absolwent\u00f3w programu.<\/p>\n\t<h3>Wsp\u00f3\u0142przewodnicz\u0105cy Benefitu 2024: Jenny Bekkerman, Jymme Chaouki, Meg Frey, Catherine Rosenberg i Daisie Siska<\/h3>\n\t\t\t\t<img loading=\"lazy\" decoding=\"async\" src=\"https:\/\/highjumpchicago.org\/wp-content\/uploads\/2023\/10\/HighJump-Gala-050523-8596.jpg\" alt=\"2023 Benefit Co-ChairsL to R: Lena Jessen, Kimberly Picciola, Krissan Jennings, Erica Chandrasekhar, Meg Frey, and J.R. Berger\" itemprop=\"image\" height=\"800\" width=\"1200\" title=\"Wsp\u00f3\u0142przewodnicz\u0105cy programu \u201eWiosna mo\u017cliwo\u015bci\u201d.\" onerror=\"this.style.display='none'\"  \/>\n\t\tWsp\u00f3\u0142przewodnicz\u0105cy Benefit 2023 od lewej do prawej: Lena Jessen, Kimberly Picciola, Krissan Jennings, Erica Chandrasekhar, Meg Frey i JR Berger\n\t\t\t<a href=\"https:\/\/highjumpchicago.org\/wp-content\/uploads\/2023\/10\/A-Spring-of-Opportunity-Annual-Benefit-Event.pdf\" target=\"_self\" rel=\"noopener\">\n\t\t\t\t\t\tSprawd\u017a nasze NOWE poziomy sponsoringu w tym roku!\n\t\t\t\t\t<\/a>\n\t<p><strong>Masz pytania lub chcesz dowiedzie\u0107 si\u0119 wi\u0119cej o dost\u0119pnych mo\u017cliwo\u015bciach sponsorowania \u015bwiadcze\u0144 w tym roku?<\/strong> Prosimy o kontakt z Alison Hanold Shah, zast\u0119pc\u0105 dyrektora organizacji Giving, pod numerem (312) 582-7700 lub <a href=\"mailto:ahanold@highjumpchicago.org\"><u>ahanold@highjumpchicago.org<\/u><\/a>.<\/p>\n<h2>\n\t\tSpecjalne podzi\u0119kowania dla naszych sponsor\u00f3w \u015bwiadcze\u0144 2023\n\t<\/h2>\n<p><strong>Prezentacja sponsor\u00f3w<\/strong><\/p>\n<p>Arli i Joela Gomberg\u00f3w<\/p>\n<p>Fundacja Rodziny Michaela i Pameli Gordon\u00f3w<\/p>\n<p>Lena i Andrew Jessenowie<\/p>\n<p>Johna i Jill Levi<\/p>\n<p>Nicole i Brada Manna<\/p>\n<p>Diane Saltoun i Bruce&#039;a Brauna<\/p>\n<p><img loading=\"lazy\" decoding=\"async\" id=\"img_60465073861044\" src=\"https:\/\/assets.classy.org\/25207127\/8a11f5da-c98f-11ed-b719-0a58a9feac02.png\" width=\"198\" height=\"200\" data-airgap-id=\"51\" \/><\/p>\n<p><img loading=\"lazy\" decoding=\"async\" id=\"img_62144659902009\" src=\"https:\/\/assets.classy.org\/25207127\/94a71c28-c98f-11ed-8939-0a58a9feac02.png\" width=\"201\" height=\"74\" data-airgap-id=\"52\" \/><\/p>\n<p><img loading=\"lazy\" decoding=\"async\" id=\"img_48778209831849\" src=\"https:\/\/assets.classy.org\/25207127\/59734344-df96-11ed-bb7c-0a8ce0170929.png\" width=\"204\" height=\"49\" data-airgap-id=\"53\" \/><\/p>\n<p><img loading=\"lazy\" decoding=\"async\" id=\"img_50473582037100\" src=\"https:\/\/assets.classy.org\/25207127\/9b89906a-e3a3-11ed-a1db-0a58a9feac02.png\" width=\"200\" height=\"36\" data-airgap-id=\"54\" \/><\/p>\n<p>&nbsp;<\/p>\n<p><strong>Dost\u0119p do sponsor\u00f3w<\/strong><\/p>\n<p>JR i Katie Berger<\/p>\n<p>Paula i Tim Friedman<\/p>\n<p>Anna Meytina-Lurye i Alexander Lurye<\/p>\n<p>Cindy i Mike\u2019a O\u2019Connor\u00f3w<\/p>\n<p>Georgy Ann i Bill Peluchiwski<\/p>\n<p><img loading=\"lazy\" decoding=\"async\" id=\"img_58755449708865\" src=\"https:\/\/assets.classy.org\/25207127\/44e5de84-c1c1-11ed-b2f8-0e2be2e3693d.png\" width=\"196\" height=\"34\" data-airgap-id=\"55\" \/><\/p>\n<p>&nbsp;<\/p>\n<p><strong>Sponsorzy stypendi\u00f3w<\/strong><\/p>\n<p>Anonimowy<\/p>\n<p>Katherine Buck i Kevin Preloger<\/p>\n<p>Davida Chazena<\/p>\n<p>Sarah i Johna Cobb\u00f3w<\/p>\n<p>Wincenty Kozzi<\/p>\n<p>Mary i Christopher Fifield<\/p>\n<p>Meg i Karla Frey\u00f3w<\/p>\n<p>Wilkingsona i Nathalie Germain<\/p>\n<p>Cynthia Heusing i David Kistenbroker<\/p>\n<p>Krissana i Johna Jenningsa<\/p>\n<p>Eryka i Adrienne King\u00f3w<\/p>\n<p>Karen i Liama Krehbiela<\/p>\n<p>Cathy i Mike\u2019a Lee<\/p>\n<p>Deneese Walia Levin i Matthew Levin<\/p>\n<p>Kima Lyncha<\/p>\n<p>Matthew D. Oznacza<\/p>\n<p>Thomasa Meyersa i Suzanne Lynch<\/p>\n<p>Liz i Deana Mihas\u00f3w<\/p>\n<p>Abby i Masona Phelps\u00f3w<\/p>\n<p>Kima i Manny\u2019ego Piccioli<\/p>\n<p>Laurie i Scotta Rose<\/p>\n<p><img loading=\"lazy\" decoding=\"async\" id=\"img_178394331238664\" src=\"https:\/\/assets.classy.org\/25207127\/396ee99e-e84d-11ed-8cbf-0e1c36e8742d.png\" width=\"199\" height=\"71\" data-airgap-id=\"56\" \/><\/p>\n<p><img loading=\"lazy\" decoding=\"async\" id=\"img_57226293240724\" src=\"https:\/\/assets.classy.org\/25207127\/cf0d3272-e9c3-11ed-8df4-0e6d54e3559f.png\" width=\"198\" height=\"62\" data-airgap-id=\"57\" \/><\/p>\n<p><img loading=\"lazy\" decoding=\"async\" id=\"img_47043459880004\" src=\"https:\/\/assets.classy.org\/25207127\/97955262-ce74-11ed-8b79-0a58a9feac02.png\" width=\"199\" height=\"108\" data-airgap-id=\"58\" \/><\/p>\n<p>\u00a0<img loading=\"lazy\" decoding=\"async\" id=\"img_46961268321212\" src=\"https:\/\/assets.classy.org\/25207127\/0d2c23fc-b3c2-11ed-80c6-0a58a9feac03.png\" width=\"201\" height=\"171\" data-airgap-id=\"59\" \/><\/p>\n<p><img loading=\"lazy\" decoding=\"async\" id=\"img_48595204430703\" src=\"https:\/\/assets.classy.org\/25207127\/7fdbacea-a631-11ed-b767-0e49d21fe4e1.png\" width=\"198\" height=\"72\" data-airgap-id=\"60\" \/><\/p>\n<p><img loading=\"lazy\" decoding=\"async\" id=\"img_48793695447541\" src=\"https:\/\/assets.classy.org\/25207127\/a25cf07a-e471-11ed-8f57-0a58a9feac02.png\" width=\"197\" height=\"43\" data-airgap-id=\"61\" \/><\/p>\n<p><img loading=\"lazy\" decoding=\"async\" id=\"img_61895609671058\" src=\"https:\/\/assets.classy.org\/25207127\/8c173cde-8c57-11ed-b45d-0edeccf13cd3.png\" width=\"196\" height=\"34\" data-airgap-id=\"62\" \/><\/p>\n<p><img loading=\"lazy\" decoding=\"async\" id=\"img_46919802113772\" src=\"https:\/\/assets.classy.org\/25207127\/fa92fcaa-a649-11ed-af70-0a58a9feac02.png\" width=\"198\" height=\"105\" data-airgap-id=\"63\" \/><\/p>\n<p>&nbsp;<\/p>\n<p><strong>Sponsorzy mo\u017cliwo\u015bci<\/strong><\/p>\n<p>Katie i Chrisa Barbera<\/p>\n<p>Fundacja Rodziny Johna i Jacobyn Bucksbaum\u00f3w<\/p>\n<p>Jymme i Steve Chaouki<\/p>\n<p>Joan Craig i Petera Ruggiero<\/p>\n<p>Charliego i Mary Gofen\u00f3w<\/p>\n<p>Mariana i Paul Ingersoll<\/p>\n<p>Dary i Rossa Milner\u00f3w<\/p>\n<p>Cheryl i Thomasa Rudbeck\u00f3w<\/p>\n<p><img loading=\"lazy\" decoding=\"async\" id=\"img_47088735652952\" src=\"https:\/\/assets.classy.org\/25207127\/71e1b740-dd29-11ed-b5f4-0a58a9feac02.png\" width=\"208\" height=\"56\" data-airgap-id=\"64\" \/><\/p>\n<p><img loading=\"lazy\" decoding=\"async\" id=\"img_46975608002736\" src=\"https:\/\/assets.classy.org\/25207127\/734f7ee8-b86a-11ed-aef6-0a58a9feac02.png\" width=\"198\" height=\"181\" data-airgap-id=\"65\" \/><\/p>\n<p><img loading=\"lazy\" decoding=\"async\" id=\"img_176711337517470\" src=\"https:\/\/assets.classy.org\/25207127\/98985faa-e84c-11ed-8ef3-0a58a9feac02.png\" width=\"247\" height=\"37\" data-airgap-id=\"66\" \/><\/p>\n<p>&nbsp;<\/p>\n<p><strong>Sponsorzy wzbogacania<\/strong><\/p>\n<p>Farah i Praveen Adhi<\/p>\n<p>Fundacja Rodziny Ark\u00f3w<\/p>\n<p>Diana Aixal\u00e1 i Gavin Campbell<\/p>\n<p>Ranjini i Jose Ballena<\/p>\n<p>Leslie i Billa Barker\u00f3w<\/p>\n<p>Jenny i Jerry Bekkermanowie<\/p>\n<p>Soni\u0119 Chae i Boba Aglera<\/p>\n<p>Michelle i Toma Cusick\u00f3w\u00a0<\/p>\n<p>Wende Fox Lawson i James Lawson<\/p>\n<p>Meggan Friedman i Sama Valenzisiego<\/p>\n<p>Suzanne Gignilliat i Tom Hinkes<\/p>\n<p>Leviego i Wallisa Larsona<\/p>\n<p>Sonya Malunda i Charles Lampley<\/p>\n<p>Zanna i Aram Nikitas<\/p>\n<p>Heidi Ortolaza-Alvear i Andres Alvear<\/p>\n<p>Trish\u0119 Rooney<\/p>\n<p>Doktor Stephanie Ross<\/p>\n<p>Lynn Sasamoto i Todd Kurisu<\/p>\n<p>Daisie i Michael Siska<\/p>\n<p>Julia i Errett Van Nice<\/p>\n<p>Ger i Margo Wolf O&#039;Donnell<\/p>","protected":false},"excerpt":{"rendered":"<p>Strona g\u0142\u00f3wna Przeka\u017c darowizn\u0119 Wiosna mo\u017cliwo\u015bci Zapisz dat\u0119 i do\u0142\u0105cz do nas! Wiosna mo\u017cliwo\u015bci Pi\u0105tek, 3 maja 2024 r. Four Seasons Hotel Chicago Do\u0142\u0105cz do nas podczas Wiosny mo\u017cliwo\u015bci, wydarzenia po\u015bwi\u0119conego \u015bwi\u0119towaniu kolejnego pokolenia lider\u00f3w Chicago i wspieraniu ich w ich podr\u00f3\u017cach akademickich. Mamy nadziej\u0119, \u017ce pomo\u017cecie uczci\u0107 to\u2026<\/p>","protected":false},"author":7,"featured_media":3477,"parent":2056,"menu_order":4,"comment_status":"closed","ping_status":"closed","template":"","meta":{"_seopress_robots_primary_cat":"","_seopress_titles_title":"","_seopress_titles_desc":"","_seopress_robots_index":"","inline_featured_image":false,"footnotes":""},"class_list":["post-67","page","type-page","status-publish","has-post-thumbnail","hentry"],"_links":{"self":[{"href":"https:\/\/highjumpchicago.org\/pl\/wp-json\/wp\/v2\/pages\/67","targetHints":{"allow":["GET"]}}],"collection":[{"href":"https:\/\/highjumpchicago.org\/pl\/wp-json\/wp\/v2\/pages"}],"about":[{"href":"https:\/\/highjumpchicago.org\/pl\/wp-json\/wp\/v2\/types\/page"}],"author":[{"embeddable":true,"href":"https:\/\/highjumpchicago.org\/pl\/wp-json\/wp\/v2\/users\/7"}],"replies":[{"embeddable":true,"href":"https:\/\/highjumpchicago.org\/pl\/wp-json\/wp\/v2\/comments?post=67"}],"version-history":[{"count":5,"href":"https:\/\/highjumpchicago.org\/pl\/wp-json\/wp\/v2\/pages\/67\/revisions"}],"predecessor-version":[{"id":21442,"href":"https:\/\/highjumpchicago.org\/pl\/wp-json\/wp\/v2\/pages\/67\/revisions\/21442"}],"up":[{"embeddable":true,"href":"https:\/\/highjumpchicago.org\/pl\/wp-json\/wp\/v2\/pages\/2056"}],"wp:featuredmedia":[{"embeddable":true,"href":"https:\/\/highjumpchicago.org\/pl\/wp-json\/wp\/v2\/media\/3477"}],"wp:attachment":[{"href":"https:\/\/highjumpchicago.org\/pl\/wp-json\/wp\/v2\/media?parent=67"}],"curies":[{"name":"wp","href":"https:\/\/api.w.org\/{rel}","templated":true}]}}