{"id":9720,"date":"2023-02-03T15:50:13","date_gmt":"2023-02-03T21:50:13","guid":{"rendered":"https:\/\/d46e648428.nxcli.io\/?page_id=9720"},"modified":"2023-02-03T15:51:43","modified_gmt":"2023-02-03T21:51:43","slug":"mobile-messaging-terms-and-conditions","status":"publish","type":"page","link":"https:\/\/highjumpchicago.org\/pl\/mobile-messaging-terms-and-conditions\/","title":{"rendered":"Warunki korzystania z wiadomo\u015bci mobilnych"},"content":{"rendered":"<h1><strong>Warunki korzystania z wiadomo\u015bci mobilnych<\/strong><\/h1>\n<h4>Ostatnia aktualizacja: 3 lutego 2023 r<\/h4>\n<p>Firma High Jump Chicago obs\u0142uguje program do przesy\u0142ania wiadomo\u015bci mobilnych (\u201eProgram\u201d) podlegaj\u0105cy niniejszym Warunkom korzystania z wiadomo\u015bci mobilnych (\u201eWarunki korzystania z wiadomo\u015bci mobilnych\u201d). Program oraz gromadzenie i wykorzystywanie przez nas Twoich danych osobowych r\u00f3wnie\u017c podlegaj\u0105 naszym <a href=\"https:\/\/highjumpchicago.org\/pl\/privacy-policy\/\">Polityka prywatno\u015bci<\/a>. Rejestruj\u0105c si\u0119, rejestruj\u0105c lub w inny spos\u00f3b zgadzaj\u0105c si\u0119 na udzia\u0142 w Programie, akceptujesz i wyra\u017casz zgod\u0119 na niniejsze Warunki korzystania z us\u0142ugi Mobile Messaging oraz nasze <a href=\"https:\/\/highjumpchicago.org\/pl\/privacy-policy\/\">Polityka prywatno\u015bci<\/a>.<\/p>\n<ol>\n<li><strong>Opis programu:<\/strong> Za po\u015brednictwem Programu mo\u017cemy wysy\u0142a\u0107 promocyjne i transakcyjne wiadomo\u015bci mobilne w r\u00f3\u017cnych formatach. Wiadomo\u015bci promocyjne reklamuj\u0105 i promuj\u0105 nasze produkty i us\u0142ugi i mog\u0105 zawiera\u0107 przypomnienia o aplikacjach, aktualizacje programu High Jump oraz wszelkie informacje zwi\u0105zane z programem High Jump. Wiadomo\u015bci transakcyjne zwi\u0105zane z istniej\u0105c\u0105 lub trwaj\u0105c\u0105 transakcj\u0105 i mog\u0105 obejmowa\u0107 aktualizacje statusu aplikacji, przypomnienia o rozmowie kwalifikacyjnej, przypomnienia o terminach oraz wszelkie informacje zwi\u0105zane z programem High Jump. Wiadomo\u015bci mobilne mog\u0105 by\u0107 wysy\u0142ane przy u\u017cyciu zautomatyzowanej technologii, w tym automatycznego wybierania numer\u00f3w, zautomatyzowanego systemu lub automatycznego systemu wybierania numer\u00f3w telefonicznych. Cz\u0119stotliwo\u015b\u0107 wiadomo\u015bci b\u0119dzie r\u00f3\u017cna, ale nie przekroczy 3 wiadomo\u015bci miesi\u0119cznie. Zgadzasz si\u0119, \u017ce my, nasze podmioty stowarzyszone i zewn\u0119trzni us\u0142ugodawcy mog\u0105 wysy\u0142a\u0107 Ci wiadomo\u015bci dotycz\u0105ce powy\u017cszych temat\u00f3w lub dowolnego tematu oraz \u017ce takie wiadomo\u015bci i\/lub po\u0142\u0105czenia mog\u0105 by\u0107 nawi\u0105zywane lub nawi\u0105zywane przy u\u017cyciu r\u00f3\u017cnych numer\u00f3w telefon\u00f3w lub kr\u00f3tkich kod\u00f3w. Nie pobieramy op\u0142at za wiadomo\u015bci mobilne wysy\u0142ane za po\u015brednictwem Programu, ale u\u017cytkownik ponosi odpowiedzialno\u015b\u0107 za wszelkie op\u0142aty za wiadomo\u015bci i dane narzucone przez operatora sieci kom\u00f3rkowej, poniewa\u017c w przypadku alert\u00f3w SMS i MMS mog\u0105 obowi\u0105zywa\u0107 standardowe op\u0142aty za transmisj\u0119 danych i wiadomo\u015bci.<\/li>\n<li><strong>Zgoda u\u017cytkownika:<\/strong> Podaj\u0105c nam sw\u00f3j numer telefonu kom\u00f3rkowego, dobrowolnie wyra\u017casz zgod\u0119 na uczestnictwo w Programie i wyra\u017casz zgod\u0119 na otrzymywanie od nas cyklicznych wiadomo\u015bci mobilnych na numer telefonu kom\u00f3rkowego powi\u0105zany z Twoj\u0105 zgod\u0105, nawet je\u015bli taki numer jest zarejestrowany w jakimkolwiek stanie lub na szczeblu federalnym Lista \u201eNie dzwoni\u0107\u201d. Wyra\u017casz zgod\u0119 na to, \u017ce ka\u017cdy numer telefonu kom\u00f3rkowego, kt\u00f3ry nam przekazujesz, jest wa\u017cnym numerem telefonu kom\u00f3rkowego, kt\u00f3rego jeste\u015b w\u0142a\u015bcicielem lub autoryzowanym u\u017cytkownikiem. Je\u015bli zmienisz sw\u00f3j numer telefonu kom\u00f3rkowego lub nie jeste\u015b ju\u017c w\u0142a\u015bcicielem lub autoryzowanym u\u017cytkownikiem numeru telefonu kom\u00f3rkowego, zgadzasz si\u0119 na niezw\u0142oczne powiadomienie nas pod adresem <a href=\"mailto:apply@highjumpchicago.org\">apply@highjumpchicago.org<\/a>. Tw\u00f3j udzia\u0142 w Programie nie jest wymagany do dokonania u nas jakichkolwiek zakup\u00f3w, a Tw\u00f3j udzia\u0142 w Programie jest ca\u0142kowicie dobrowolny.<\/li>\n<li><strong>Rezygnacja u\u017cytkownika i wsparcie:<\/strong> W ka\u017cdej chwili mo\u017cesz zrezygnowa\u0107 z Programu. Je\u015bli chcesz zrezygnowa\u0107 z Programu i przesta\u0107 otrzymywa\u0107 od nas wiadomo\u015bci mobilne lub nie zgadzasz si\u0119 ju\u017c z niniejszymi Warunkami dotycz\u0105cymi wiadomo\u015bci mobilnych, odpowiedz <strong>ZATRZYMAJ, WYJD\u0179, ANULUJ, REZYGNUJ,<\/strong> i\/lub <strong>ZREZYGNOWA\u0106 Z SUBSKRYBCJI<\/strong> na dowoln\u0105 wiadomo\u015b\u0107 mobiln\u0105 od nas. Mo\u017cesz nadal otrzymywa\u0107 wiadomo\u015bci tekstowe przez kr\u00f3tki czas, podczas gdy my przetwarzamy Twoj\u0105 pro\u015bb\u0119, i mo\u017cesz otrzyma\u0107 jednorazow\u0105 wiadomo\u015b\u0107 potwierdzaj\u0105c\u0105 rezygnacj\u0119. Rozumiesz i zgadzasz si\u0119, \u017ce powy\u017csze jest jedyn\u0105 rozs\u0105dn\u0105 metod\u0105 rezygnacji. Aby uzyska\u0107 wsparcie, odpowiedz <strong>POMOC<\/strong> na dowoln\u0105 wiadomo\u015b\u0107 mobiln\u0105 od nas. Nasza mobilna platforma do przesy\u0142ania wiadomo\u015bci mo\u017ce nie rozpoznawa\u0107 \u017c\u0105da\u0144 modyfikuj\u0105cych powy\u017csze polecenia, a u\u017cytkownik zgadza si\u0119, \u017ce ani my, ani nasi us\u0142ugodawcy nie ponosimy odpowiedzialno\u015bci za nieuhonorowanie \u017c\u0105da\u0144, kt\u00f3re nie s\u0105 zgodne z wymogami niniejszych Warunk\u00f3w dotycz\u0105cych wiadomo\u015bci mobilnych. Mo\u017cemy r\u00f3wnie\u017c zmieni\u0107 numer telefonu lub kr\u00f3tki kod, kt\u00f3rego u\u017cywamy do obs\u0142ugi Programu, i powiadomimy Ci\u0119 o ka\u017cdej takiej zmianie. Przyjmujesz do wiadomo\u015bci, \u017ce wszelkie \u017c\u0105dania wys\u0142ane na numer telefonu lub kr\u00f3tki kod, kt\u00f3ry zosta\u0142 zmieniony, mog\u0105 nie zosta\u0107 przez nas odebrane i nie ponosimy odpowiedzialno\u015bci za nieuhonorowanie \u017c\u0105dania wys\u0142anego na numer telefonu lub kr\u00f3tki kod, kt\u00f3ry zosta\u0142 zmieniony.<\/li>\n<li><strong>Wy\u0142\u0105czenie gwarancji i odpowiedzialno\u015bci:<\/strong> Program jest oferowany w stanie takim, w jakim jest, i mo\u017ce nie by\u0107 dost\u0119pny we wszystkich obszarach, w ka\u017cdym czasie lub u wszystkich operator\u00f3w telefonii kom\u00f3rkowej. Zgadzasz si\u0119, \u017ce ani my, ani nasi us\u0142ugodawcy nie b\u0119dziemy ponosi\u0107 odpowiedzialno\u015bci za nieudane, op\u00f3\u017anione lub b\u0142\u0119dne dostarczenie jakiejkolwiek wiadomo\u015bci mobilnej lub informacji przes\u0142anych za po\u015brednictwem Programu.<\/li>\n<li><strong>modyfikacje:<\/strong> Mo\u017cemy modyfikowa\u0107 lub anulowa\u0107 Program lub dowolne jego funkcje w dowolnym momencie, za powiadomieniem lub bez. W zakresie dozwolonym przez obowi\u0105zuj\u0105ce prawo mo\u017cemy r\u00f3wnie\u017c w dowolnym momencie zmodyfikowa\u0107 niniejsze Warunki korzystania z wiadomo\u015bci mobilnych. Wszelkie takie modyfikacje wejd\u0105 w \u017cycie po opublikowaniu ich na naszej stronie internetowej. U\u017cytkownik wyra\u017ca zgod\u0119 na okresowe przegl\u0105danie niniejszych Warunk\u00f3w dotycz\u0105cych wiadomo\u015bci mobilnych, aby upewni\u0107 si\u0119, \u017ce jest \u015bwiadomy wszelkich modyfikacji. Dalsze uczestnictwo w Programie b\u0119dzie oznacza\u0142o akceptacj\u0119 tych zmian.<\/li>\n<\/ol>","protected":false},"excerpt":{"rendered":"<p>Warunki korzystania z wiadomo\u015bci mobilnych Ostatnia aktualizacja: 3 lutego 2023 r. Firma High Jump Chicago obs\u0142uguje program do przesy\u0142ania wiadomo\u015bci mobilnych (\u201eProgram\u201d) podlegaj\u0105cy niniejszym Warunkom korzystania z wiadomo\u015bci mobilnych (\u201eWarunki korzystania z wiadomo\u015bci mobilnych\u201d). Program oraz gromadzenie i wykorzystywanie przez nas Twoich danych osobowych podlega r\u00f3wnie\u017c naszej Polityce prywatno\u015bci. Rejestruj\u0105c si\u0119, rejestruj\u0105c lub\u2026<\/p>","protected":false},"author":7,"featured_media":0,"parent":0,"menu_order":0,"comment_status":"closed","ping_status":"closed","template":"","meta":{"_seopress_robots_primary_cat":"","_seopress_titles_title":"","_seopress_titles_desc":"","_seopress_robots_index":"","inline_featured_image":false,"footnotes":""},"class_list":["post-9720","page","type-page","status-publish","hentry"],"_links":{"self":[{"href":"https:\/\/highjumpchicago.org\/pl\/wp-json\/wp\/v2\/pages\/9720","targetHints":{"allow":["GET"]}}],"collection":[{"href":"https:\/\/highjumpchicago.org\/pl\/wp-json\/wp\/v2\/pages"}],"about":[{"href":"https:\/\/highjumpchicago.org\/pl\/wp-json\/wp\/v2\/types\/page"}],"author":[{"embeddable":true,"href":"https:\/\/highjumpchicago.org\/pl\/wp-json\/wp\/v2\/users\/7"}],"replies":[{"embeddable":true,"href":"https:\/\/highjumpchicago.org\/pl\/wp-json\/wp\/v2\/comments?post=9720"}],"version-history":[{"count":3,"href":"https:\/\/highjumpchicago.org\/pl\/wp-json\/wp\/v2\/pages\/9720\/revisions"}],"predecessor-version":[{"id":9725,"href":"https:\/\/highjumpchicago.org\/pl\/wp-json\/wp\/v2\/pages\/9720\/revisions\/9725"}],"wp:attachment":[{"href":"https:\/\/highjumpchicago.org\/pl\/wp-json\/wp\/v2\/media?parent=9720"}],"curies":[{"name":"wp","href":"https:\/\/api.w.org\/{rel}","templated":true}]}}