{"id":130,"date":"2018-10-18T03:26:52","date_gmt":"2018-10-18T03:26:52","guid":{"rendered":"https:\/\/d46e648428.nxcli.io\/about-layers\/"},"modified":"2024-12-11T15:25:45","modified_gmt":"2024-12-11T21:25:45","slug":"mission","status":"publish","type":"page","link":"https:\/\/highjumpchicago.org\/vi\/about\/mission\/","title":{"rendered":"S\u1ee9 m\u1ec7nh"},"content":{"rendered":"<nav  aria-label=\"v\u1ee5n b\u00e1nh m\u00ec\"><ol itemscope itemtype=\"https:\/\/schema.org\/BreadcrumbList\"><li itemprop=\"itemListElement\" itemscope itemtype=\"https:\/\/schema.org\/ListItem\"><a itemscope itemtype=\"https:\/\/schema.org\/WebPage\" itemprop=\"item\" itemid=\"https:\/\/highjumpchicago.org\" href=\"https:\/\/highjumpchicago.org\/vi\/\">Nh\u00e0<\/a><meta itemprop=\"position\" content=\"1\"\/><\/li><li itemprop=\"itemListElement\" itemscope itemtype=\"https:\/\/schema.org\/ListItem\"><a itemscope itemtype=\"https:\/\/schema.org\/WebPage\" itemprop=\"item\" itemid=\"https:\/\/highjumpchicago.org\/about\/\" href=\"https:\/\/highjumpchicago.org\/vi\/about\/\">V\u1ec1 ch\u00fang t\u00f4i<\/a><meta itemprop=\"position\" content=\"2\"\/><\/li><li aria-current=\"page\" itemprop=\"itemListElement\" itemscope itemtype=\"https:\/\/schema.org\/ListItem\">S\u1ee9 m\u1ec7nh<meta itemprop=\"position\" content=\"3\"\/><\/li><\/ol><\/nav>\n<h1>\n\t\tN\u0103m 1989, Nh\u1ea3y cao b\u1eaft \u0111\u1ea7u v\u1edbi m\u1ed9t s\u1ee9 m\u1ec7nh v\u0129 \u0111\u1ea1i duy nh\u1ea5t:\n\t<\/h1>\n\t<h2>Mang l\u1ea1i s\u1ef1 c\u00f4ng b\u1eb1ng trong gi\u00e1o d\u1ee5c cho h\u1ecdc sinh trung h\u1ecdc c\u01a1 s\u1edf \u1edf Chicago, nh\u1eefng ng\u01b0\u1eddi \u0111\u00e3 th\u1ec3 hi\u1ec7n tham v\u1ecdng v\u00e0 ti\u1ec1m n\u0103ng h\u1ecdc t\u1eadp v\u00e0 nh\u1eefng ng\u01b0\u1eddi c\u00f3 ph\u01b0\u01a1ng ti\u1ec7n kinh t\u1ebf h\u1ea1n ch\u1ebf.<\/h2>\n\t<p>H\u00f4m nay,<strong> s\u1ee9 m\u1ec7nh \u0111\u00f3 m\u1ea1nh m\u1ebd h\u01a1n bao gi\u1edd h\u1ebft.<\/strong> High Jump gi\u00fap h\u1ecdc sinh trung h\u1ecdc c\u01a1 s\u1edf c\u1ee7a Chicago tr\u1edf th\u00e0nh nh\u1eefng nh\u00e0 l\u00e3nh \u0111\u1ea1o to\u00e0n di\u1ec7n th\u00f4ng qua ch\u00fang t\u00f4i <strong>ch\u01b0\u01a1ng tr\u00ecnh mi\u1ec5n h\u1ecdc ph\u00ed<\/strong> v\u1edbi kinh nghi\u1ec7m, t\u00e0i nguy\u00ean v\u00e0 h\u1ed7 tr\u1ee3 gi\u00e1o d\u1ee5c c\u00f3 m\u1ed9t kh\u00f4ng hai <strong>cho t\u00f2 m\u00f2 v\u00e0 \u0111\u1ed9ng l\u1ef1c<\/strong> <strong>h\u1ecdc sinh l\u1edbp 7 v\u00e0 l\u1edbp 8<\/strong> nh\u1eefng ng\u01b0\u1eddi mu\u1ed1n th\u1eed th\u00e1ch b\u1ea3n th\u00e2n trong h\u1ecdc t\u1eadp.<\/p>\n\t<ul>\n\t\t<li>\t\t\t\t\n\t\t<h3>H\u1eccC T\u1eacP N\u00c2NG CAO<\/h3><p><strong>Tr\u00ecnh \u0111\u1ed9 cao<\/strong> to\u00e1n h\u1ecdc, khoa h\u1ecdc, v\u0103n h\u1ecdc v\u00e0 nh\u00e2n v\u0103n <strong>c\u00e1c l\u1edbp h\u1ecdc<\/strong><\/p><\/li><li>\t\t\t\t\n\t\t<h3>H\u1eccC C\u1ea2M X\u00c3 H\u1ed8I-X\u00c3 H\u1ed8I<\/h3><p><strong>M\u00f4i tr\u01b0\u1eddng h\u1ed7 tr\u1ee3 v\u1ec1 m\u1eb7t c\u1ea3m x\u00fac<\/strong> d\u1ea1y c\u00e1c k\u1ef9 n\u0103ng phi nh\u1eadn th\u1ee9c c\u1ea7n thi\u1ebft \u0111\u1ec3 th\u00e0nh c\u00f4ng<\/p><\/li><li>\t\t\t\t\n\t\t<h3>CH\u1eccN TR\u01af\u1edcNG TRUNG H\u1eccC<\/h3><p><strong>H\u1ed7 tr\u1ee3 cho tr\u01b0\u1eddng trung h\u1ecdc<\/strong> bao g\u1ed3m c\u00e1c \u1ee9ng d\u1ee5ng, h\u1ed7 tr\u1ee3 t\u00e0i ch\u00ednh v\u00e0 h\u1ecdc b\u1ed5ng<\/p><\/li>\t<\/ul>\n\t<ul>\n\t\t<li>\t\t\t\t\n\t\t<h3>TRUNG H\u1eccC PH\u1ed4 TH\u00d4NG<\/h3><p>Cam k\u00eat <strong>hai n\u0103m<\/strong> c\u1ee7a <strong>h\u1ecdc ph\u00ed<\/strong> trau d\u1ed3i ki\u1ebfn th\u1ee9c h\u1ecdc thu\u1eadt th\u00f4ng qua ch\u01b0\u01a1ng tr\u00ecnh Scholars ho\u1eb7c Community Scholars c\u1ee7a ch\u00fang t\u00f4i.<\/p><\/li><li>\t\t\t\t\n\t\t<h3>TRUNG H\u1eccC PH\u1ed4 TH\u00d4NG<\/h3><p>Ti\u1ebfp t\u1ee5c trau d\u1ed3i h\u1ecdc thu\u1eadt, t\u01b0 v\u1ea5n v\u00e0 s\u1eb5n s\u00e0ng cho \u0111\u1ea1i h\u1ecdc, v\u00e0 hi\u1ec3u bi\u1ebft v\u1ec1 h\u1ed7 tr\u1ee3 t\u00e0i ch\u00ednh <strong>\u1ee7ng h\u1ed9<\/strong> v\u00ec <strong>\u0111\u1ebfn v\u00e0 th\u00f4ng qua \u0111\u1ea1i h\u1ecdc<\/strong>.<\/p><\/li><li>\t\t\t\t\n\t\t<h3>TR\u01af\u1edcNG CAO \u0110\u1eb2NG<\/h3><p><strong>Gi\u1eef li\u00ean l\u1ea1c<\/strong> v\u00e0 c\u1ea3m th\u1ea5y \u0111\u01b0\u1ee3c h\u1ed7 tr\u1ee3 <strong>t\u1ea5t c\u1ea3 c\u00e1c con \u0111\u01b0\u1eddng th\u00f4ng qua \u0111\u1ea1i h\u1ecdc<\/strong> v\u1edbi c\u00e1c ch\u01b0\u01a1ng tr\u00ecnh h\u1ed7 tr\u1ee3 c\u1ef1u sinh vi\u00ean c\u1ee7a ch\u00fang t\u00f4i.<\/p><\/li>\t<\/ul>\n\t\t\t\t<img loading=\"lazy\" decoding=\"async\" src=\"https:\/\/highjumpchicago.org\/wp-content\/uploads\/2021\/06\/HighJump_Graduation_2021-4703.jpg\" alt=\"student at moving up ceremony | High Jump Chicago\" itemprop=\"image\" height=\"1331\" width=\"2000\" title=\"Nh\u1ea3y cao_T\u1ed1t nghi\u1ec7p_2021-4703\" onerror=\"this.style.display='none'\"  \/>\n<h2>\n\t\tH\u1ed7 tr\u1ee3 h\u1ecdc gi\u1ea3 t\u1eeb n\u0103m 1989\n\t<\/h2>\n\t<p>K\u1ec3 t\u1eeb n\u0103m 1989, High Jump \u0111\u00e3 ti\u1ebfp t\u1ee5c th\u00fac \u0111\u1ea9y s\u1ee9 m\u1ec7nh thu h\u1eb9p kho\u1ea3ng c\u00e1ch c\u01a1 h\u1ed9i gi\u00e1o d\u1ee5c \u1edf Chicago v\u00e0 \u0111\u1ea3m b\u1ea3o th\u00e0nh c\u00f4ng h\u1ecdc t\u1eadp l\u00e2u d\u00e0i cho nh\u1eefng h\u1ecdc sinh trung h\u1ecdc \u0111\u1ea7y tham v\u1ecdng. H\u00e3y xem d\u00f2ng th\u1eddi gian c\u1ee7a ch\u00fang t\u00f4i \u0111\u1ec3 bi\u1ebft Nh\u1ea3y cao \u0111\u00e3 truy\u1ec1n c\u1ea3m h\u1ee9ng nh\u01b0 th\u1ebf n\u00e0o cho th\u1ebf h\u1ec7 l\u00e3nh \u0111\u1ea1o ti\u1ebfp theo trong h\u01a1n 30 n\u0103m.<\/p>\n\t\t\t<a href=\"https:\/\/highjumpchicago.org\/vi\/history\/\" target=\"_self\">\n\t\t\t\t\t\t\tXem D\u00f2ng th\u1eddi gian c\u1ee7a ch\u00fang t\u00f4i\n\t\t\t\t\t<\/a>\n\t<h1>Tuy\u00ean b\u1ed1 s\u1ee9 m\u1ec7nh nh\u1ea3y cao<\/h1>\n\t<h2>High Jump c\u00e2n b\u1eb1ng kh\u1ea3 n\u0103ng ti\u1ebfp c\u1eadn gi\u00e1o d\u1ee5c cho h\u1ecdc sinh trung h\u1ecdc c\u01a1 s\u1edf \u1edf Chicago, nh\u1eefng ng\u01b0\u1eddi th\u1ec3 hi\u1ec7n tham v\u1ecdng v\u00e0 ti\u1ec1m n\u0103ng h\u1ecdc t\u1eadp v\u00e0 nh\u1eefng ng\u01b0\u1eddi c\u00f3 \u0111i\u1ec1u ki\u1ec7n kinh t\u1ebf h\u1ea1n ch\u1ebf.<\/h2>\n\t<p>Ch\u00fang t\u00f4i cung c\u1ea5p c\u00e1c ho\u1ea1t \u0111\u1ed9ng n\u00e2ng cao ki\u1ebfn th\u1ee9c, t\u01b0 v\u1ea5n v\u00e0 h\u1ed7 tr\u1ee3 cho sinh vi\u00ean c\u00f3 ho\u00e0n c\u1ea3nh kh\u00e1c nhau, v\u1edbi m\u1ee5c ti\u00eau g\u1eedi nh\u1eefng ng\u01b0\u1eddi tham gia c\u1ee7a ch\u00fang t\u00f4i \u0111\u1ebfn c\u00e1c tr\u01b0\u1eddng d\u1ef1 b\u1ecb \u0111\u1ea1i h\u1ecdc \u01b0u vi\u1ec7t, \u0111\u1ea3m b\u1ea3o h\u1ecd th\u00e0nh c\u00f4ng khi \u1edf \u0111\u00f3 v\u00e0 n\u00e2ng cao kh\u1ea3 n\u0103ng \u0111\u01b0\u1ee3c nh\u1eadn v\u00e0o c\u00e1c tr\u01b0\u1eddng \u0111\u1ea1i h\u1ecdc v\u00e0 cao \u0111\u1eb3ng b\u1ed1n n\u0103m \u0111\u01b0\u1ee3c \u0111\u00e1nh gi\u00e1 cao. c\u00e1c tr\u01b0\u1eddng \u0111\u1ea1i h\u1ecdc.<\/p>\n<h2>\n\t\tNghe t\u1eeb Gi\u00e1m \u0111\u1ed1c \u0111i\u1ec1u h\u00e0nh c\u1ee7a ch\u00fang t\u00f4i\n\t<\/h2>\n\t<meta itemprop=\"name\" content=\"College Completion &amp; Program Growth - Celebration of High Jump\" \/><meta itemprop=\"uploadDate\" content=\"2022-05-09T00:00:00+00:00\" \/><meta itemprop=\"thumbnailUrl\" content=\"https:\/\/highjumpchicago.org\/wp-content\/uploads\/2022\/02\/Nate-screenshot.jpg\" \/><meta itemprop=\"description\" content=\"Hear from Nate Pietrini about the importance of college completion, the impact of our program on student outcomes, and what&#039;s in store for the future of High Jump.\" \/><meta itemprop=\"contentUrl\" content=\"https:\/\/youtu.be\/EMTXi6ujdcA\" \/><meta itemprop=\"embedUrl\" content=\"https:\/\/highjumpchicago.org\/about\/impact\/\" \/><iframe loading=\"lazy\" width=\"560\" height=\"315\" src=\"https:\/\/www.youtube.com\/embed\/EMTXi6ujdcA?rel=0\" title=\"tr\u00ecnh ph\u00e1t video YouTube\" frameborder=\"0\" allow=\"accelerometer; autoplay; clipboard-write; encrypted-media; gyroscope; picture-in-picture\" allowfullscreen><\/iframe>\n<h1>\n\t\tB\u00e1o c\u00e1o th\u01b0\u1eddng ni\u00ean v\u1ec1 Nh\u1ea3y cao\n\t<\/h1>\n\t<div class=\"_df_book df-lite\" id=\"df_60754\"  _slug=\"high-jump-annual-report-2021-2022-2\" data-title=\"high-jump-annual-report-2022-2023\" wpoptions=\"true\" thumbtype=\"\" ><\/div><script class=\"df-shortcode-script\" nowprocket type=\"application\/javascript\">window.option_df_60754 = {\"outline\":[],\"backgroundColor\":\"#2cafa4\",\"autoEnableOutline\":\"false\",\"autoEnableThumbnail\":\"false\",\"overwritePDFOutline\":\"false\",\"direction\":\"1\",\"pageSize\":\"0\",\"source\":\"https:\\\/\\\/highjumpchicago.org\\\/wp-content\\\/uploads\\\/2024\\\/11\\\/High-Jump-Annual-Report-2022-2023.pdf\",\"wpOptions\":\"true\"}; if(window.DFLIP && window.DFLIP.parseBooks){window.DFLIP.parseBooks();}<\/script>","protected":false},"excerpt":{"rendered":"<p>Trang ch\u1ee7 Gi\u1edbi thi\u1ec7u S\u1ee9 m\u1ec7nh N\u0103m 1989, High Jump b\u1eaft \u0111\u1ea7u v\u1edbi m\u1ed9t s\u1ee9 m\u1ec7nh to l\u1edbn duy nh\u1ea5t: Mang l\u1ea1i s\u1ef1 c\u00f4ng b\u1eb1ng trong gi\u00e1o d\u1ee5c cho h\u1ecdc sinh trung h\u1ecdc Chicago, nh\u1eefng h\u1ecdc sinh c\u00f3 tham v\u1ecdng v\u00e0 ti\u1ec1m n\u0103ng h\u1ecdc t\u1eadp c\u0169ng nh\u01b0 nh\u1eefng h\u1ecdc sinh c\u00f3 \u0111i\u1ec1u ki\u1ec7n kinh t\u1ebf h\u1ea1n ch\u1ebf. Ng\u00e0y nay, s\u1ee9 m\u1ec7nh \u0111\u00f3 m\u1ea1nh m\u1ebd h\u01a1n bao gi\u1edd h\u1ebft. Nh\u1ea3y cao gi\u00fap h\u1ecdc sinh trung h\u1ecdc \u1edf Chicago tr\u1edf th\u00e0nh nh\u1eefng nh\u00e0 l\u00e3nh \u0111\u1ea1o to\u00e0n di\u1ec7n\u2026<\/p>","protected":false},"author":7,"featured_media":5526,"parent":50,"menu_order":1,"comment_status":"closed","ping_status":"closed","template":"","meta":{"_seopress_robots_primary_cat":"","_seopress_titles_title":"","_seopress_titles_desc":"Equalizing access to education for Chicago middle school students who have exhibited academic ambition and potential and who are of limited economic means. ","_seopress_robots_index":"","inline_featured_image":false,"footnotes":""},"class_list":["post-130","page","type-page","status-publish","has-post-thumbnail","hentry"],"_links":{"self":[{"href":"https:\/\/highjumpchicago.org\/vi\/wp-json\/wp\/v2\/pages\/130","targetHints":{"allow":["GET"]}}],"collection":[{"href":"https:\/\/highjumpchicago.org\/vi\/wp-json\/wp\/v2\/pages"}],"about":[{"href":"https:\/\/highjumpchicago.org\/vi\/wp-json\/wp\/v2\/types\/page"}],"author":[{"embeddable":true,"href":"https:\/\/highjumpchicago.org\/vi\/wp-json\/wp\/v2\/users\/7"}],"replies":[{"embeddable":true,"href":"https:\/\/highjumpchicago.org\/vi\/wp-json\/wp\/v2\/comments?post=130"}],"version-history":[{"count":5,"href":"https:\/\/highjumpchicago.org\/vi\/wp-json\/wp\/v2\/pages\/130\/revisions"}],"predecessor-version":[{"id":69766,"href":"https:\/\/highjumpchicago.org\/vi\/wp-json\/wp\/v2\/pages\/130\/revisions\/69766"}],"up":[{"embeddable":true,"href":"https:\/\/highjumpchicago.org\/vi\/wp-json\/wp\/v2\/pages\/50"}],"wp:featuredmedia":[{"embeddable":true,"href":"https:\/\/highjumpchicago.org\/vi\/wp-json\/wp\/v2\/media\/5526"}],"wp:attachment":[{"href":"https:\/\/highjumpchicago.org\/vi\/wp-json\/wp\/v2\/media?parent=130"}],"curies":[{"name":"wp","href":"https:\/\/api.w.org\/{rel}","templated":true}]}}