{"id":131268,"date":"2025-11-03T16:29:22","date_gmt":"2025-11-03T22:29:22","guid":{"rendered":"https:\/\/highjumpchicago.org\/?page_id=131268"},"modified":"2025-11-17T17:57:02","modified_gmt":"2025-11-17T23:57:02","slug":"impact","status":"publish","type":"page","link":"https:\/\/highjumpchicago.org\/vi\/about\/impact\/","title":{"rendered":"Va ch\u1ea1m"},"content":{"rendered":"<!-- Comment to fix spacing issue\n\t-->\n\t\t<h1>0<\/h1>H\u1ecdc gi\u1ea3\/N\u0103m\n\t<!-- Comment to fix spacing issue\n\t-->\t\n\t\t<!-- Comment to fix spacing issue\n\t-->\n\t\t<h1>0%<\/h1>T\u1ed1t nghi\u1ec7p trung h\u1ecdc ph\u1ed5 th\u00f4ng\n\t<!-- Comment to fix spacing issue\n\t-->\t\n\t\t<!-- Comment to fix spacing issue\n\t-->\n\t\t<h1>0%<\/h1>Cao \u0111\u1eb3ng sau \u0111\u1ea1i h\u1ecdc\n\t<!-- Comment to fix spacing issue\n\t-->\t\n\t\t<!-- Comment to fix spacing issue\n\t-->\n\t\t<h1>0<\/h1>C\u1ef1u sinh vi\u00ean \u0111\u01b0\u1ee3c ph\u1ee5c v\u1ee5\n\t<!-- Comment to fix spacing issue\n\t-->\t\n\t<h1>H\u00e3y l\u1eafng nghe c\u00e1c h\u1ecdc gi\u1ea3 c\u1ee7a ch\u00fang t\u00f4i n\u00f3i g\u00ec.<\/h1>\n<h1>\n\t\t\tB\u00ecnh \u0111\u1eb3ng h\u00f3a gi\u00e1o d\u1ee5c v\u00e0 t\u1ed1i \u0111a h\u00f3a c\u01a1 h\u1ed9i cho h\u1ecdc sinh\t<\/h1>\n\t\t<meta itemprop=\"url\" content=\"https:\/\/highjumpchicago.org\/wp-content\/uploads\/2024\/09\/1-What-does-High-Jump-mean-to-you_-8th-Grade-SUBS.mp4\" \/><div style=\"width: 640px;\" class=\"wp-video\"><video muted class=\"wp-video-shortcode\" id=\"video-131268-1\" width=\"640\" height=\"360\" loop autoplay preload=\"metadata\" controls=\"controls\"><source type=\"video\/mp4\" src=\"https:\/\/highjumpchicago.org\/wp-content\/uploads\/2024\/09\/1-What-does-High-Jump-mean-to-you_-8th-Grade-SUBS.mp4?_=1\" \/><source type=\"video\/mp4\" src=\"https:\/\/highjumpchicago.org\/wp-content\/uploads\/2024\/09\/1-What-does-High-Jump-mean-to-you_-8th-Grade-SUBS.mp4?_=1\" \/><a href=\"https:\/\/highjumpchicago.org\/wp-content\/uploads\/2024\/09\/1-What-does-High-Jump-mean-to-you_-8th-Grade-SUBS.mp4\">https:\/\/highjumpchicago.org\/wp-content\/uploads\/2024\/09\/1-What-does-High-Jump-mean-to-you_-8th-Grade-SUBS.mp4<\/a><\/video><\/div>\t\n\t\t\t<a href=\"?campaign=524397\" target=\"_self\">\n\t\t\t\t\t\t\tT\u1eb6NG NGAY H\u00d4M NAY \u0111\u1ec3 h\u1ed7 tr\u1ee3 sinh vi\u00ean\n\t\t\t\t\t<\/a>\n\t\t<!-- Comment to fix spacing issue\n\t-->\n\t\t<h1>0+<\/h1>H\u1ecdc sinh \u0111\u1ee7 \u0111i\u1ec1u ki\u1ec7n m\u1ed7i n\u0103m\n\t<!-- Comment to fix spacing issue\n\t-->\t\n\t\t<!-- Comment to fix spacing issue\n\t-->\n\t\t<h1>0<\/h1>Sinh vi\u00ean \u0111\u01b0\u1ee3c ph\u1ecfng v\u1ea5n\n\t<!-- Comment to fix spacing issue\n\t-->\t\n\t\t<!-- Comment to fix spacing issue\n\t-->\n\t\t<h1>0<\/h1>H\u1ecdc gi\u1ea3 m\u1edbi \u0111\u01b0\u1ee3c ch\u1ea5p nh\u1eadn (Nh\u00f3m 35)\n\t<!-- Comment to fix spacing issue\n\t-->\t\n\t\t<!-- Comment to fix spacing issue\n\t-->\n\t\t<h1>0+<\/h1>T\u1ed5ng s\u1ed1 h\u1ecdc gi\u1ea3 \u0111\u00e3 \u0111\u0103ng k\u00fd\n\t<!-- Comment to fix spacing issue\n\t-->\t\n\t<h1>Xem nh\u1eefng th\u00e0nh t\u00edch m\u00e0 c\u1ef1u h\u1ecdc sinh High Jump \u0111\u00e3 \u0111\u1ea1t \u0111\u01b0\u1ee3c.<\/h1>\n\t\t\n\t\t\t<a href =\"https:\/\/highjumpchicago.org\/vi\/about\/history\/\" target=\"_self\"  aria-label=\"D\u00f2ng th\u1eddi gian nh\u1ea3y cao Xem nh\u1eefng g\u00ec ch\u00fang t\u00f4i \u0111\u00e3 l\u00e0m k\u1ec3 t\u1eeb n\u0103m 1989.\">\n\t\t\t\t\t\t\t\tD\u00f2ng th\u1eddi gian nh\u1ea3y cao Xem nh\u1eefng g\u00ec ch\u00fang t\u00f4i \u0111\u00e3 l\u00e0m k\u1ec3 t\u1eeb n\u0103m 1989.\t\t\t\t\t\t\t\n\t\t\t\t\t\t<\/a>\n\t\t\t\t<img decoding=\"async\" src=\"https:\/\/highjumpchicago.org\/wp-content\/uploads\/2024\/09\/HighJump-Gala-050622-8207-e1726846611872.jpg\" alt=\"The High Jump Gala at the Four Seasons in Chicago, IL on Friday, May 6th, 2022. Photos by Jasmin Shah\" itemprop=\"image\" height=\"267\" width=\"267\" title=\"L\u1ec5 h\u1ed9i nh\u1ea3y cao-050622-8207\" onerror=\"this.style.display='none'\" loading=\"lazy\" \/>\n\t<h3>\u201cH\u01a1n 3.000 tr\u1ebb em \u0111\u00e3 ho\u1eb7c \u0111ang theo h\u1ecdc t\u1ea1i c\u00e1c tr\u01b0\u1eddng trung h\u1ecdc tuy\u1ec7t v\u1eddi, n\u01a1i th\u1eed th\u00e1ch v\u00e0 chu\u1ea9n b\u1ecb cho c\u00e1c em v\u00e0o nhi\u1ec1u tr\u01b0\u1eddng \u0111\u1ea1i h\u1ecdc danh gi\u00e1 tr\u00ean kh\u1eafp c\u1ea3 n\u01b0\u1edbc, n\u01a1i c\u00f3 t\u1edbi 87% trong s\u1ed1 c\u00e1c em t\u1ed1t nghi\u1ec7p.\u201d<\/h3>\n\t<h4>Eleanor Nicholson, <i>Ng\u01b0\u1eddi s\u00e1ng l\u1eadp High Jump<\/i><\/h4>\n\t\t\t<a href=\"https:\/\/highjumpchicago.org\/vi\/founder-eleanor-nicholson-on-the-hope-that-launched-high-jump\/\" target=\"_self\">\n\t\t\t\t\t\t\t\u0110\u1eccC TH\u00caM: Ng\u01b0\u1eddi s\u00e1ng l\u1eadp, Eleanor Nicholson, v\u1ec1 Hy v\u1ecdng \u0111\u00e3 kh\u1edfi x\u01b0\u1edbng High Jump\n\t\t\t\t\t<\/a>\n\t<h1>\n\t\t\t\tT\u1ef7 l\u1ec7 ho\u00e0n th\u00e0nh \u0111\u1ea1i h\u1ecdc 4 n\u0103m\n\t\t\t<\/h1>\n\t\t\t<p>87% c\u1ee7a c\u00e1c h\u1ecdc sinh Nh\u1ea3y cao t\u1ed1t nghi\u1ec7p t\u1eeb c\u00e1c tr\u01b0\u1eddng cao \u0111\u1eb3ng 4 n\u0103m trong v\u00f2ng s\u00e1u n\u0103m sau khi ho\u00e0n th\u00e0nh trung h\u1ecdc so v\u1edbi 41% c\u1ee7a c\u00e1c h\u1ecdc sinh c\u00f9ng l\u1ee9a tu\u1ed5i.<\/p>\t\n\t\t\t\t\t<h2>0%<\/h2>\t\t\t\t\n\t\t\tNh\u00f3m c\u1ef1u sinh vi\u00ean Nh\u1ea3y cao 19-21*\t\n\t\t\t\t\t<h2>0%<\/h2>\t\t\t\t\n\t\t\tT\u1ea5t c\u1ea3 h\u1ecdc sinh ngh\u00e8o c\u00f3 th\u00e0nh t\u00edch h\u1ecdc t\u1eadp t\u1ed1t tr\u00ean to\u00e0n qu\u1ed1c\u2020\t\n\t\t\t\t\t<h2>0%<\/h2>\t\t\t\t\n\t\t\tT\u1ea5t c\u1ea3 c\u00e1c sinh vi\u00ean c\u00f3 thu nh\u1eadp cao trong h\u1ecdc t\u1eadp\u2020 *<em>trong v\u00f2ng s\u00e1u n\u0103m sau khi ho\u00e0n th\u00e0nh trung h\u1ecdc<\/em><br \/>\n\u2020<em>trong v\u00f2ng t\u00e1m n\u0103m sau khi ho\u00e0n th\u00e0nh trung h\u1ecdc<\/em>\n\t\t\t\t<img decoding=\"async\" src=\"https:\/\/highjumpchicago.org\/wp-content\/uploads\/2025\/10\/HighJump-CollegeGrad-image7-1024x683-1.jpg\" alt=\"HighJump-CollegeGrad-image7-1024x683\" itemprop=\"image\" height=\"683\" width=\"1024\" title=\"HighJump-CollegeGrad-image7-1024x683\" onerror=\"this.style.display='none'\" loading=\"lazy\" \/>\n<h1>\n\t\t\tB\u00e1o c\u00e1o th\u01b0\u1eddng ni\u00ean v\u1ec1 Nh\u1ea3y cao\t<\/h1>\n\t<div class=\"_df_book df-lite\" id=\"df_130391\"  _slug=\"high-jump-annual-report\" data-title=\"high-jump-annual-report-2023-2024\" wpoptions=\"true\" thumb=\"https:\/\/highjumpchicago.org\/wp-content\/uploads\/2025\/10\/Thumbnail-High-Jump-Annual-Report-2023-2024_Page_01.jpg\" thumbtype=\"\" ><\/div><script class=\"df-shortcode-script\" nowprocket type=\"application\/javascript\">window.option_df_130391 = {\"outline\":[],\"backgroundColor\":\"#2cafa4\",\"autoEnableOutline\":\"false\",\"autoEnableThumbnail\":\"false\",\"overwritePDFOutline\":\"false\",\"direction\":\"1\",\"pageSize\":\"0\",\"source\":\"https:\\\/\\\/highjumpchicago.org\\\/wp-content\\\/uploads\\\/2025\\\/10\\\/High-Jump-Annual-Report-2023-2024.pdf\",\"wpOptions\":\"true\"}; if(window.DFLIP && window.DFLIP.parseBooks){window.DFLIP.parseBooks();}<\/script>","protected":false},"excerpt":{"rendered":"<p>0 H\u1ecdc gi\u1ea3\/N\u0103m 0% T\u1ed1t nghi\u1ec7p Trung h\u1ecdc Ph\u1ed5 th\u00f4ng 0% Cao \u0111\u1eb3ng Sau \u0111\u1ea1i h\u1ecdc 0 C\u1ef1u h\u1ecdc vi\u00ean \u0111\u01b0\u1ee3c ph\u1ee5c v\u1ee5 H\u00e3y l\u1eafng nghe nh\u1eefng chia s\u1ebb c\u1ee7a c\u00e1c h\u1ecdc gi\u1ea3. B\u00ecnh \u0111\u1eb3ng h\u00f3a Gi\u00e1o d\u1ee5c v\u00e0 T\u1ed1i \u0111a h\u00f3a C\u01a1 h\u1ed9i cho H\u1ecdc sinh. QUY\u00caN G\u00d3P NGAY H\u00d4M NAY \u0110\u1ec2 h\u1ed7 tr\u1ee3 h\u1ecdc sinh. H\u01a1n 0 H\u1ecdc sinh \u0110\u1ee7 \u0111i\u1ec1u ki\u1ec7n M\u1ed7i N\u0103m. 0 H\u1ecdc sinh \u0110\u01b0\u1ee3c Ph\u1ecfng v\u1ea5n. 0 H\u1ecdc gi\u1ea3 M\u1edbi \u0110\u01b0\u1ee3c Ch\u1ea5p nh\u1eadn (Nh\u00f3m 35) H\u01a1n 0 H\u1ecdc gi\u1ea3 \u0110\u00e3 \u0110\u0103ng k\u00fd. Xem C\u1ef1u H\u1ecdc sinh Nh\u1ea3y Cao \u0111\u00e3\u2026<\/p>","protected":false},"author":7,"featured_media":50918,"parent":50,"menu_order":0,"comment_status":"closed","ping_status":"closed","template":"","meta":{"_seopress_robots_primary_cat":"","_seopress_titles_title":"","_seopress_titles_desc":"","_seopress_robots_index":"","inline_featured_image":false,"footnotes":""},"class_list":["post-131268","page","type-page","status-publish","has-post-thumbnail","hentry"],"_links":{"self":[{"href":"https:\/\/highjumpchicago.org\/vi\/wp-json\/wp\/v2\/pages\/131268","targetHints":{"allow":["GET"]}}],"collection":[{"href":"https:\/\/highjumpchicago.org\/vi\/wp-json\/wp\/v2\/pages"}],"about":[{"href":"https:\/\/highjumpchicago.org\/vi\/wp-json\/wp\/v2\/types\/page"}],"author":[{"embeddable":true,"href":"https:\/\/highjumpchicago.org\/vi\/wp-json\/wp\/v2\/users\/7"}],"replies":[{"embeddable":true,"href":"https:\/\/highjumpchicago.org\/vi\/wp-json\/wp\/v2\/comments?post=131268"}],"version-history":[{"count":5,"href":"https:\/\/highjumpchicago.org\/vi\/wp-json\/wp\/v2\/pages\/131268\/revisions"}],"predecessor-version":[{"id":133256,"href":"https:\/\/highjumpchicago.org\/vi\/wp-json\/wp\/v2\/pages\/131268\/revisions\/133256"}],"up":[{"embeddable":true,"href":"https:\/\/highjumpchicago.org\/vi\/wp-json\/wp\/v2\/pages\/50"}],"wp:featuredmedia":[{"embeddable":true,"href":"https:\/\/highjumpchicago.org\/vi\/wp-json\/wp\/v2\/media\/50918"}],"wp:attachment":[{"href":"https:\/\/highjumpchicago.org\/vi\/wp-json\/wp\/v2\/media?parent=131268"}],"curies":[{"name":"wp","href":"https:\/\/api.w.org\/{rel}","templated":true}]}}