{"id":1317,"date":"2019-06-13T18:26:40","date_gmt":"2019-06-13T18:26:40","guid":{"rendered":"https:\/\/d46e648428.nxcli.io\/?page_id=1317"},"modified":"2024-09-20T13:13:03","modified_gmt":"2024-09-20T18:13:03","slug":"media","status":"publish","type":"page","link":"https:\/\/highjumpchicago.org\/vi\/about\/media\/","title":{"rendered":"Ph\u01b0\u01a1ng ti\u1ec7n truy\u1ec1n th\u00f4ng"},"content":{"rendered":"<nav  aria-label=\"v\u1ee5n b\u00e1nh m\u00ec\"><ol itemscope itemtype=\"https:\/\/schema.org\/BreadcrumbList\"><li itemprop=\"itemListElement\" itemscope itemtype=\"https:\/\/schema.org\/ListItem\"><a itemscope itemtype=\"https:\/\/schema.org\/WebPage\" itemprop=\"item\" itemid=\"https:\/\/highjumpchicago.org\" href=\"https:\/\/highjumpchicago.org\/vi\/\">Nh\u00e0<\/a><meta itemprop=\"position\" content=\"1\"\/><\/li><li itemprop=\"itemListElement\" itemscope itemtype=\"https:\/\/schema.org\/ListItem\"><a itemscope itemtype=\"https:\/\/schema.org\/WebPage\" itemprop=\"item\" itemid=\"https:\/\/highjumpchicago.org\/about\/\" href=\"https:\/\/highjumpchicago.org\/vi\/about\/\">V\u1ec1 ch\u00fang t\u00f4i<\/a><meta itemprop=\"position\" content=\"2\"\/><\/li><li aria-current=\"page\" itemprop=\"itemListElement\" itemscope itemtype=\"https:\/\/schema.org\/ListItem\">Ph\u01b0\u01a1ng ti\u1ec7n truy\u1ec1n th\u00f4ng<meta itemprop=\"position\" content=\"3\"\/><\/li><\/ol><\/nav>\n\t<h3>Trao quy\u1ec1n cho c\u00e1c h\u1ecdc gi\u1ea3 v\u1edbi s\u1ef1 t\u1ef1 tin \u0111\u1ec3 ch\u1ea5p nh\u1eadn r\u1ee7i ro v\u00e0 theo \u0111u\u1ed5i \u01b0\u1edbc m\u01a1 c\u1ee7a h\u1ecd khi\u1ebfn m\u1ecdi ng\u01b0\u1eddi b\u00e0n t\u00e1n.<\/h3>\n<h2>Xem nh\u1eefng g\u00ec m\u1ecdi ng\u01b0\u1eddi \u0111ang n\u00f3i.<\/h2>\n<h1>\n\t\tB\u1ea3n tin Nh\u1ea3y cao\n\t<\/h1>\n\t<p><a href=\"https:\/\/mlchicagosocial.com\/high-jump-spring-benefit-2024\">Modern Luxury | Chicago Social \u2013 Spring Of Opportunity Benefit g\u00e2y qu\u1ef9 \u0111\u01b0\u1ee3c h\u01a1n 1 tri\u1ec7u \u0111\u00f4 la cho c\u00e1c ch\u01b0\u01a1ng tr\u00ecnh nh\u1ea3y cao<\/a> (Th\u00e1ng 10 n\u0103m 2024)<\/p>\n<p><a href=\"https:\/\/www.wbez.org\/stories\/chicago-education-advocates-on-leading-schools-through-the-age-of-mass-shootings\/e2ce09bd-c571-4854-988a-27d0f1a69bc9\" target=\"_blank\" rel=\"noopener\">WBEZ Chicago - Gi\u00e1o d\u1ee5c Chicago \u1ee7ng h\u1ed9 vi\u1ec7c d\u1eabn d\u1eaft c\u00e1c tr\u01b0\u1eddng h\u1ecdc v\u01b0\u1ee3t qua th\u1eddi \u0111\u1ea1i x\u1ea3 s\u00fang h\u00e0ng lo\u1ea1t<\/a> (th\u00e1ng 3 n\u0103m 2023)<\/p>\n<p><a href=\"https:\/\/www.wbez.org\/stories\/change-is-coming-to-chicagos-high-stakes-high-stress-high-school-admissions-process\/db8feebf-e0c9-4e56-aee3-c62c9c8f168d\" target=\"_blank\" rel=\"noopener\">WBEZ Chicago \u2013 Qu\u00e1 tr\u00ecnh tuy\u1ec3n sinh trung h\u1ecdc \u0111\u1ea7y c\u0103ng th\u1eb3ng v\u00e0 c\u0103ng th\u1eb3ng \u0111ang \u0111\u1ebfn v\u1edbi s\u1ef1 thay \u0111\u1ed5i c\u1ee7a Chicago<\/a> (th\u00e1ng 10 n\u0103m 2021)<\/p>\n<p><a href=\"https:\/\/www.chicagotribune.com\/opinion\/commentary\/ct-opinion-teachers-vaccination-covid-19-students-low-rate-20211014-lgbo6b2bpvh2dcwmpn7kl53rkq-story.html\" target=\"_blank\" rel=\"noopener\">Chicago Tribune \u2013 Op-ed: Gi\u00e1o vi\u00ean, hi\u1ec7u tr\u01b0\u1edfng v\u00e0 nh\u00e2n vi\u00ean nh\u00e0 tr\u01b0\u1eddng n\u00ean ch\u1ecbu tr\u00e1ch nhi\u1ec7m ti\u00eam ch\u1ee7ng cho h\u1ecdc sinh<\/a> (th\u00e1ng 10 n\u0103m 2021)<\/p>\n<p><a href=\"https:\/\/twitter.com\/MikePuenteNews\/status\/1416470422065930241\" target=\"_blank\" rel=\"noopener\">WBEZ Chicago \u2013 S\u1ef1 ki\u1ec7n Ti\u00eam ch\u1ee7ng t\u1ea1i Trung t\u00e2m Thanh ni\u00ean Gary Comer<\/a> (th\u00e1ng 7 n\u0103m 2021)<\/p>\n<p><a href=\"https:\/\/www.nbcchicago.com\/news\/coronavirus\/as-covid-cases-rise-community-leaders-look-to-boost-vaccination-numbers\/2557427\/\" target=\"_blank\" rel=\"noopener\">NBC Chicago - Khi s\u1ed1 ca nhi\u1ec5m COVID gia t\u0103ng, c\u00e1c nh\u00e0 l\u00e3nh \u0111\u1ea1o c\u1ed9ng \u0111\u1ed3ng t\u00ecm c\u00e1ch t\u0103ng s\u1ed1 l\u01b0\u1ee3ng ti\u00eam ch\u1ee7ng<\/a> (th\u00e1ng 7 n\u0103m 2021)<\/p>\n<p><a href=\"https:\/\/highjumpchicago.org\/vi\/will-the-pandemic-reshape-chicagos-high-stress-high-school-applications\/\" target=\"_blank\" rel=\"noopener\">Ph\u1ea5n Chicago \u2013 <em>\u0110\u1ea1i d\u1ecbch s\u1ebd \u0111\u1ecbnh h\u00ecnh l\u1ea1i vi\u1ec7c n\u1ed9p \u0111\u01a1n v\u00e0o tr\u01b0\u1eddng trung h\u1ecdc c\u0103ng th\u1eb3ng cao \u0111\u1ed9 c\u1ee7a Chicago?<\/em> <\/a>(th\u00e1ng 4 n\u0103m 2021)<\/p>\n<p><a href=\"https:\/\/www.youtube.com\/watch?v=nNmU8rG5YdI&amp;feature=youtu.be\" target=\"_blank\" rel=\"noopener\">ABC 7 Chicago \u2013 <em>C\u1ef1u sinh vi\u00ean nh\u1ea3y cao I&#039;deyah Ricketts tr\u00ean ABC 7 Chicago Graduation 2020 \u0110\u1eb7c bi\u1ec7t \u201cThe After Party <\/em><\/a>(th\u00e1ng 6 n\u0103m 2020)<\/p>\n<p><a href=\"http:\/\/latinschool.uberflip.com\/i\/1209300-latin-magazine-winter-2020\/27?m4=\" target=\"_blank\" rel=\"noopener\">T\u1ea1p ch\u00ed Latinh \u2013 <em>Ba m\u01b0\u01a1i n\u0103m v\u00e0 v\u1eabn \u0111ang ph\u00e1t tri\u1ec3n: T\u00e1c \u0111\u1ed9ng l\u00e2u d\u00e0i c\u1ee7a Nh\u1ea3y cao<\/em> <\/a>(M\u00f9a \u0111\u00f4ng 2020)<\/p>\n<p><a href=\"https:\/\/uhighmidway.com\/5648\/features\/education-program-gives-students-a-boost\/\" target=\"_blank\" rel=\"noopener\">U-High Midway \u2013 <em>Ch\u01b0\u01a1ng tr\u00ecnh gi\u00e1o d\u1ee5c th\u00fac \u0111\u1ea9y h\u1ecdc sinh<\/em><\/a> (Th\u00e1ng 12 n\u0103m 2019)<\/p>\n<p><a href=\"https:\/\/abc7chicago.com\/education\/high-jump-program-gives-chicago-middle-schoolers-tuition-free-academic-resources\/5380120\/\" target=\"_blank\" rel=\"noopener\">ABC 7 Chicago \u2013 <em>Ch\u01b0\u01a1ng tr\u00ecnh Nh\u1ea3y cao cung c\u1ea5p cho h\u1ecdc sinh trung h\u1ecdc c\u01a1 s\u1edf \u1edf Chicago c\u00e1c t\u00e0i nguy\u00ean h\u1ecdc thu\u1eadt mi\u1ec5n ph\u00ed<\/em> <\/a>(Th\u00e1ng 7 n\u0103m 2019)<\/p>\n<p><a href=\"https:\/\/www.classicchicagomagazine.com\/high-jump-celebrates-young-leaders\/\" target=\"_blank\" rel=\"noopener\">Chicago c\u1ed5 \u0111i\u1ec3n \u2013 <em>Nh\u1ea3y Cao T\u00f4n Vinh L\u00e3nh \u0110\u1ea1o Tr\u1ebb<\/em><\/a><em>\u00a0<\/em>(th\u00e1ng 5 n\u0103m 2019)<\/p>\n<p><a href=\"https:\/\/educationpost.org\/what-every-first-gen-student-needs-to-know-about-attending-a-predominately-white-institution\/\" target=\"_blank\" rel=\"noopener\">B\u00e0i vi\u1ebft gi\u00e1o d\u1ee5c \u2013 <em>Th\u01b0 g\u1eedi c\u1ef1u h\u1ecdc sinh nh\u1ea3y cao DJ Loma g\u1eedi h\u1ecdc sinh th\u1ebf h\u1ec7 \u0111\u1ea7u ti\u00ean<\/em><\/a>\u00a0(th\u00e1ng 5 n\u0103m 2019)<\/p>\n<p><a href=\"https:\/\/www.bestcolleges.com\/perspectives\/first-generation-students\/\" target=\"_blank\" rel=\"noopener\">Cao \u0111\u1eb3ng t\u1ed1t nh\u1ea5t: <em>L\u00e0m th\u1ebf n\u00e0o \u0111\u1ec3 h\u1ed7 tr\u1ee3 h\u1ecdc sinh th\u1ebf h\u1ec7 \u0111\u1ea7u ti\u00ean<\/em><\/a> (th\u00e1ng 5 n\u0103m 2019)<\/p>\n<p><a href=\"https:\/\/www.chalkbeat.org\/posts\/chicago\/2019\/04\/11\/no-selective-enrollment-offers-second-choices\/?utm_source=republish&amp;utm_medium=web&amp;utm_campaign=republish\" target=\"_blank\" rel=\"noopener\">Nh\u1ecbp ph\u1ea5n \u2013 <em>Ng\u00e0y quy\u1ebft \u0111\u1ecbnh: \u0110i\u1ec1u g\u00ec x\u1ea3y ra khi h\u1ecdc sinh kh\u00f4ng v\u00e0o \u0111\u01b0\u1ee3c tr\u01b0\u1eddng trung h\u1ecdc Chicago l\u1ef1a ch\u1ecdn \u0111\u1ea7u ti\u00ean<\/em><\/a> (th\u00e1ng 4 n\u0103m 2019)<\/p>\n<hr \/>\n<p>&nbsp;<\/p>\n<h1>\n\t\tTh\u00f4ng c\u00e1o b\u00e1o ch\u00ed\n\t<\/h1>\n\t<p><a href=\"https:\/\/highjumpchicago.org\/wp-content\/uploads\/2024\/09\/High-Jump-Press-Release-35th-Anniversary.pdf\">High Jump k\u1ef7 ni\u1ec7m 35 n\u0103m b\u00ecnh \u0111\u1eb3ng h\u00f3a gi\u00e1o d\u1ee5c v\u00e0 t\u1ed1i \u0111a h\u00f3a c\u01a1 h\u1ed9i cho h\u1ecdc gi\u1ea3<\/a> (Ng\u00e0y 19 th\u00e1ng 9 n\u0103m 2024)<\/p>\n<p><a href=\"https:\/\/highjumpchicago.org\/wp-content\/uploads\/2024\/09\/High-Jump-Press-Release-Community-Scholars-Adopted.pdf\">High Jump h\u1ee3p t\u00e1c v\u1edbi Tr\u01b0\u1eddng c\u00f4ng l\u1eadp Chicago cho H\u1ecdc gi\u1ea3 c\u1ed9ng \u0111\u1ed3ng<\/a> (Ng\u00e0y 11 th\u00e1ng 9 n\u0103m 2024)<\/p>\n<p><a href=\"https:\/\/highjumpchicago.org\/wp-content\/uploads\/2024\/09\/High-Jump-Statement-on-Supreme-Courts-Strike-Down-of-Affirmative-Action.pdf\">Tuy\u00ean b\u1ed1 c\u1ee7a High Jump Chicago v\u1ec1 vi\u1ec7c T\u00f2a \u00e1n T\u1ed1i cao b\u00e3i b\u1ecf H\u00e0nh \u0111\u1ed9ng Kh\u1eb3ng \u0111\u1ecbnh<\/a> (Ng\u00e0y 30 th\u00e1ng 6 n\u0103m 2023)<\/p>\n<p><a href=\"https:\/\/highjumpchicago.org\/wp-content\/uploads\/2022\/08\/Chi-Biz-Strong-Grant-Program.pdf\">Th\u00e0nh ph\u1ed1 Chicago c\u00f4ng b\u1ed1 nh\u1eefng ng\u01b0\u1eddi \u0111\u01b0\u1ee3c trao t\u1eb7ng kho\u1ea3n t\u00e0i tr\u1ee3 Chi Biz Strong cho t\u1ed5 ch\u1ee9c phi l\u1ee3i nhu\u1eadn<\/a> (Th\u00e1ng 1 n\u0103m 2022)<\/p>\n<a href=\"https:\/\/highjumpchicago.org\/wp-content\/uploads\/2021\/08\/LGC-announces-Class-of-2022-Fellowsfinal.pdf\" target=\"_blank\" rel=\"noopener noreferrer\">L\u00e3nh \u0111\u1ea1o Greater Chicago (LGC) c\u00f4ng b\u1ed1 L\u1edbp L\u00e3nh \u0111\u1ea1o C\u00f4ng d\u00e2n n\u0103m 2022<br \/>\nCHICAGO, IL<\/a> (20\/07\/2021)\n<p><a href=\"https:\/\/highjumpchicago.org\/wp-content\/uploads\/2019\/07\/High-Jump-Aim-High-Press-Release-.pdf\" target=\"_blank\" rel=\"noopener noreferrer\">Gi\u1ea3i th\u01b0\u1edfng New York Life Foundation T\u00e0i tr\u1ee3 $50,000 cho Ch\u01b0\u01a1ng tr\u00ecnh Nh\u1ea3y cao<\/a> (Th\u00e1ng 7 n\u0103m 2019)<\/p>\n<hr \/>\n<p>&nbsp;<\/p>\n\t<h1>\u0110\u1ed1i v\u1edbi c\u00e1c c\u00e2u h\u1ecfi v\u1ec1 ph\u01b0\u01a1ng ti\u1ec7n truy\u1ec1n th\u00f4ng<\/h1>\n<p><em>Li\u00ean l\u1ea1c v\u1edbi Tammi Longsjo t\u1ea1i <a href=\"mailto:tlongsjo@highjumpchicago.org\">tlongsjo@highjumpchicago.org<\/a> ho\u1eb7c (312) 582-7713.<\/em><\/p>","protected":false},"excerpt":{"rendered":"<p>Trang ch\u1ee7 Gi\u1edbi thi\u1ec7u v\u1ec1 ch\u00fang t\u00f4i Ph\u01b0\u01a1ng ti\u1ec7n truy\u1ec1n th\u00f4ng Trao quy\u1ec1n cho c\u00e1c h\u1ecdc gi\u1ea3 v\u1edbi s\u1ef1 t\u1ef1 tin \u0111\u1ec3 ch\u1ea5p nh\u1eadn r\u1ee7i ro v\u00e0 theo \u0111u\u1ed5i \u01b0\u1edbc m\u01a1 c\u1ee7a h\u1ecd khi\u1ebfn m\u1ecdi ng\u01b0\u1eddi n\u00f3i v\u1ec1 h\u1ecd. Xem m\u1ecdi ng\u01b0\u1eddi \u0111ang n\u00f3i g\u00ec. Nh\u1ea3y cao trong Tin t\u1ee9c Modern Luxury | Chicago Social \u2013 L\u1ee3i \u00edch Spring Of Opportunity g\u00e2y qu\u1ef9 \u0111\u01b0\u1ee3c h\u01a1n 1 tri\u1ec7u \u0111\u00f4 la cho c\u00e1c ch\u01b0\u01a1ng tr\u00ecnh nh\u1ea3y cao (th\u00e1ng 10 n\u0103m 2024) WBEZ Chicago \u2013 Nh\u1eefng ng\u01b0\u1eddi \u1ee7ng h\u1ed9 gi\u00e1o d\u1ee5c t\u1ea1i Chicago\u2026<\/p>","protected":false},"author":8,"featured_media":0,"parent":50,"menu_order":6,"comment_status":"closed","ping_status":"closed","template":"","meta":{"_seopress_robots_primary_cat":"","_seopress_titles_title":"","_seopress_titles_desc":"","_seopress_robots_index":"","inline_featured_image":false,"footnotes":""},"class_list":["post-1317","page","type-page","status-publish","hentry"],"_links":{"self":[{"href":"https:\/\/highjumpchicago.org\/vi\/wp-json\/wp\/v2\/pages\/1317","targetHints":{"allow":["GET"]}}],"collection":[{"href":"https:\/\/highjumpchicago.org\/vi\/wp-json\/wp\/v2\/pages"}],"about":[{"href":"https:\/\/highjumpchicago.org\/vi\/wp-json\/wp\/v2\/types\/page"}],"author":[{"embeddable":true,"href":"https:\/\/highjumpchicago.org\/vi\/wp-json\/wp\/v2\/users\/8"}],"replies":[{"embeddable":true,"href":"https:\/\/highjumpchicago.org\/vi\/wp-json\/wp\/v2\/comments?post=1317"}],"version-history":[{"count":5,"href":"https:\/\/highjumpchicago.org\/vi\/wp-json\/wp\/v2\/pages\/1317\/revisions"}],"predecessor-version":[{"id":52160,"href":"https:\/\/highjumpchicago.org\/vi\/wp-json\/wp\/v2\/pages\/1317\/revisions\/52160"}],"up":[{"embeddable":true,"href":"https:\/\/highjumpchicago.org\/vi\/wp-json\/wp\/v2\/pages\/50"}],"wp:attachment":[{"href":"https:\/\/highjumpchicago.org\/vi\/wp-json\/wp\/v2\/media?parent=1317"}],"curies":[{"name":"wp","href":"https:\/\/api.w.org\/{rel}","templated":true}]}}