{"id":1588,"date":"2019-08-07T19:32:47","date_gmt":"2019-08-08T00:32:47","guid":{"rendered":"https:\/\/d46e648428.nxcli.io\/?page_id=1588"},"modified":"2022-11-03T09:26:16","modified_gmt":"2022-11-03T14:26:16","slug":"virtual-tour","status":"publish","type":"page","link":"https:\/\/highjumpchicago.org\/vi\/our-programs\/virtual-tour\/","title":{"rendered":"Chuy\u1ebfn tham quan \u1ea3o"},"content":{"rendered":"<nav aria-label=\"v\u1ee5n b\u00e1nh m\u00ec\"><ol itemscope=\"\" itemtype=\"https:\/\/schema.org\/BreadcrumbList\"><li itemprop=\"itemListElement\" itemscope=\"\" itemtype=\"https:\/\/schema.org\/ListItem\"><a itemscope=\"\" itemtype=\"http:\/\/schema.org\/WebPage\" itemprop=\"item\" itemid=\"https:\/\/highjumpchicago.org\" href=\"https:\/\/highjumpchicago.org\/vi\/\">Nh\u00e0<\/a><meta itemprop=\"position\" content=\"1\"><\/li><li itemprop=\"itemListElement\" itemscope=\"\" itemtype=\"https:\/\/schema.org\/ListItem\"><a itemscope=\"\" itemtype=\"http:\/\/schema.org\/WebPage\" itemprop=\"item\" itemid=\"https:\/\/highjumpchicago.org\/program-overview\/\" href=\"https:\/\/highjumpchicago.org\/vi\/program-overview\/\">ch\u01b0\u01a1ng tr\u00ecnh c\u1ee7a ch\u00fang t\u00f4i<\/a><meta itemprop=\"position\" content=\"2\"><\/li><li aria-current=\"page\" itemprop=\"itemListElement\" itemscope=\"\" itemtype=\"https:\/\/schema.org\/ListItem\">Chuy\u1ebfn tham quan \u1ea3o<meta itemprop=\"position\" content=\"3\"><\/li><\/ol><\/nav><h3>\n\t\tTham quan l\u1edbp h\u1ecdc\n\t<\/h3>\n\t<h4>H\u00e3y xem c\u00e1c video n\u00e0y \u0111\u1ec3 c\u00f3 c\u00e1i nh\u00ecn s\u01a1 l\u01b0\u1ee3c v\u1ec1 c\u00e1c l\u1edbp h\u1ecdc Nh\u1ea3y cao l\u00e0 nh\u01b0 th\u1ebf n\u00e0o.<\/h4>\n\t\t<a href=\"https:\/\/highjumpchicago.org\/vi\/program-overview\/virtual-tour\/virtual-tour-chemistry-lab\/\" target=\"_self\" rel=\"noopener\">\n\t\t\t\t\t\t\t\t\t\t\t<img decoding=\"async\" src=\"https:\/\/highjumpchicago.org\/wp-content\/uploads\/2020\/05\/HighJump_080214_143-crop.jpg\" alt=\"HighJump_080214_143-crop\">\n\t\t\t\t\t<p>C\u00e1c h\u1ecdc gi\u1ea3 kh\u00e1m ph\u00e1 c\u00e1c kh\u00e1i ni\u1ec7m thay \u0111\u1ed5i v\u1eadt l\u00fd v\u00e0 h\u00f3a h\u1ecdc, ph\u1ea3n \u1ee9ng h\u00f3a h\u1ecdc, c\u1ea5u tr\u00fac nguy\u00ean t\u1eed, v.v. H\u1ecd h\u1ecdc c\u00e1ch quan s\u00e1t v\u00e0 ghi l\u1ea1i d\u1eef li\u1ec7u, ph\u00e2n t\u00edch k\u1ebft qu\u1ea3 v\u00e0 truy\u1ec1n \u0111\u1ea1t hi\u1ec7u qu\u1ea3 nh\u1eefng ph\u00e1t hi\u1ec7n c\u1ee7a h\u1ecd th\u00f4ng qua c\u00e1c ph\u00f2ng th\u00ed nghi\u1ec7m th\u1ef1c h\u00e0nh.<\/p>\t\t\t\t\t\n\t\t\t\t\t\t<h3>\n\t\t\t\t\t\tH\u00f3a h\u1ecdc\t\t<\/h3>\n\t\t<\/a>\n\t\t<a href=\"https:\/\/highjumpchicago.org\/vi\/program-overview\/virtual-tour\/virtual-tour-biology-dissections\/\" target=\"_self\" rel=\"noopener\">\n\t\t\t\t\t\t\t\t\t\t\t<img decoding=\"async\" src=\"https:\/\/highjumpchicago.org\/wp-content\/uploads\/2018\/11\/curriculum-1-e1566316882346.jpg\" alt=\"High Jump Chicago\">\n\t\t\t\t\t<p>C\u00e1c h\u1ecdc gi\u1ea3 c\u00f3 \u0111\u01b0\u1ee3c c\u00e1i nh\u00ecn t\u1ed5ng quan chuy\u00ean s\u00e2u v\u1ec1 t\u1ebf b\u00e0o, t\u00ednh di truy\u1ec1n v\u00e0 ph\u00e2n lo\u1ea1i tr\u01b0\u1edbc khi chuy\u1ec3n sang h\u1ec7 th\u1ed1ng c\u01a1 th\u1ec3 con ng\u01b0\u1eddi v\u00e0 s\u1ee9c kh\u1ecfe. H\u1ecd th\u1ef1c h\u00e0nh thi\u1ebft k\u1ebf ph\u00f2ng th\u00ed nghi\u1ec7m, th\u1ef1c hi\u1ec7n c\u00e1c th\u00ed nghi\u1ec7m v\u00e0 m\u1ed5 x\u1ebb \u0111\u1ed9ng v\u1eadt b\u1eb1ng tay.<\/p>\t\t\t\t\t\n\t\t\t\t\t\t<h3>\n\t\t\t\t\t\tSinh h\u1ecdc\t\t<\/h3>\n\t\t<\/a>\n\t\t<a href=\"https:\/\/highjumpchicago.org\/vi\/program-overview\/virtual-tour\/virtual-tour-issues-and-ideas\/\" target=\"_self\" rel=\"noopener\">\n\t\t\t\t\t\t\t\t\t\t\t<img decoding=\"async\" src=\"https:\/\/highjumpchicago.org\/wp-content\/uploads\/2019\/08\/HighJump-031117-8350-1024x683.jpg\" alt=\"Issues and Ideas\">\n\t\t\t\t\t<p>Trong kh\u00f3a h\u1ecdc Nh\u1ea3y cao \u0111\u1ed9c \u0111\u00e1o n\u00e0y, H\u1ecdc sinh kh\u00e1m ph\u00e1 c\u00e1c v\u1ea5n \u0111\u1ec1 x\u00e3 h\u1ed9i, ch\u00ednh tr\u1ecb, kinh t\u1ebf v\u00e0 m\u00f4i tr\u01b0\u1eddng h\u00ecnh th\u00e0nh n\u00ean th\u1ebf gi\u1edbi c\u1ee7a ch\u00fang ta. C\u00e1c em h\u1ecdc c\u00e1ch ph\u00e2n t\u00edch v\u00e0 hi\u1ec3u c\u00e1c quan \u0111i\u1ec3m, ph\u00e1t tri\u1ec3n t\u01b0 duy ph\u1ea3n bi\u1ec7n v\u00e0 th\u1ea3o lu\u1eadn v\u1ec1 c\u00e1ch c\u00e1c s\u1ef1 ki\u1ec7n, ch\u00ednh s\u00e1ch v\u00e0 v\u1ea5n \u0111\u1ec1 \u1ea3nh h\u01b0\u1edfng \u0111\u1ebfn b\u1ea3n s\u1eafc v\u00e0 s\u1ef1 tham gia c\u1ee7a c\u00e1c em trong x\u00e3 h\u1ed9i.<\/p>\t\t\t\t\t\n\t\t\t\t\t\t<h3>\n\t\t\t\t\t\tC\u00e1c v\u1ea5n \u0111\u1ec1 v\u00e0 \u00fd t\u01b0\u1edfng\t\t<\/h3>\n\t\t<\/a>\n<h1>\n\t\tL\u1eafng nghe \u00fd ki\u1ebfn t\u1eeb c\u00e1c h\u1ecdc gi\u1ea3 trung h\u1ecdc c\u01a1 s\u1edf c\u1ee7a Chicago\n\t<\/h1>\n\t<iframe loading=\"lazy\" src=\"https:\/\/www.youtube.com\/embed\/Hrggr97NnC8\" width=\"560\" height=\"315\" frameborder=\"0\" allowfullscreen=\"allowfullscreen\"><\/iframe>","protected":false},"excerpt":{"rendered":"<p>Trang ch\u1ee7 Ch\u01b0\u01a1ng tr\u00ecnh c\u1ee7a ch\u00fang t\u00f4i Chuy\u1ebfn tham quan \u1ea3o Tham quan l\u1edbp h\u1ecdc H\u00e3y xem nh\u1eefng video n\u00e0y \u0111\u1ec3 c\u00f3 c\u00e1i nh\u00ecn kh\u00e1i qu\u00e1t v\u1ec1 c\u00e1c l\u1edbp Nh\u1ea3y cao nh\u01b0 th\u1ebf n\u00e0o. C\u00e1c h\u1ecdc gi\u1ea3 kh\u00e1m ph\u00e1 c\u00e1c kh\u00e1i ni\u1ec7m v\u1ec1 s\u1ef1 thay \u0111\u1ed5i v\u1eadt l\u00fd v\u00e0 h\u00f3a h\u1ecdc, ph\u1ea3n \u1ee9ng h\u00f3a h\u1ecdc, c\u1ea5u tr\u00fac nguy\u00ean t\u1eed, v.v. H\u1ecd h\u1ecdc c\u00e1ch quan s\u00e1t v\u00e0 ghi l\u1ea1i d\u1eef li\u1ec7u, ph\u00e2n t\u00edch k\u1ebft qu\u1ea3 v\u00e0 truy\u1ec1n \u0111\u1ea1t hi\u1ec7u qu\u1ea3 nh\u1eefng ph\u00e1t hi\u1ec7n c\u1ee7a m\u00ecnh th\u00f4ng qua c\u00e1c ph\u00f2ng th\u00ed nghi\u1ec7m th\u1ef1c h\u00e0nh. Ho\u00e1 h\u1ecdc\u2026<\/p>","protected":false},"author":8,"featured_media":0,"parent":52,"menu_order":0,"comment_status":"closed","ping_status":"closed","template":"","meta":{"_seopress_robots_primary_cat":"","_seopress_titles_title":"","_seopress_titles_desc":"","_seopress_robots_index":"","inline_featured_image":false,"footnotes":""},"class_list":["post-1588","page","type-page","status-publish","hentry"],"_links":{"self":[{"href":"https:\/\/highjumpchicago.org\/vi\/wp-json\/wp\/v2\/pages\/1588","targetHints":{"allow":["GET"]}}],"collection":[{"href":"https:\/\/highjumpchicago.org\/vi\/wp-json\/wp\/v2\/pages"}],"about":[{"href":"https:\/\/highjumpchicago.org\/vi\/wp-json\/wp\/v2\/types\/page"}],"author":[{"embeddable":true,"href":"https:\/\/highjumpchicago.org\/vi\/wp-json\/wp\/v2\/users\/8"}],"replies":[{"embeddable":true,"href":"https:\/\/highjumpchicago.org\/vi\/wp-json\/wp\/v2\/comments?post=1588"}],"version-history":[{"count":5,"href":"https:\/\/highjumpchicago.org\/vi\/wp-json\/wp\/v2\/pages\/1588\/revisions"}],"predecessor-version":[{"id":5570,"href":"https:\/\/highjumpchicago.org\/vi\/wp-json\/wp\/v2\/pages\/1588\/revisions\/5570"}],"up":[{"embeddable":true,"href":"https:\/\/highjumpchicago.org\/vi\/wp-json\/wp\/v2\/pages\/52"}],"wp:attachment":[{"href":"https:\/\/highjumpchicago.org\/vi\/wp-json\/wp\/v2\/media?parent=1588"}],"curies":[{"name":"wp","href":"https:\/\/api.w.org\/{rel}","templated":true}]}}