{"id":16037,"date":"2023-07-12T15:38:40","date_gmt":"2023-07-12T20:38:40","guid":{"rendered":"https:\/\/d46e648428.nxcli.io\/?page_id=16037"},"modified":"2023-07-12T16:17:17","modified_gmt":"2023-07-12T21:17:17","slug":"weve-moved","status":"publish","type":"page","link":"https:\/\/highjumpchicago.org\/vi\/weve-moved\/","title":{"rendered":"Ch\u00fang t\u00f4i \u0111\u00e3 di chuy\u1ec3n"},"content":{"rendered":"<nav aria-label=\"v\u1ee5n b\u00e1nh m\u00ec\"><ol itemscope=\"\" itemtype=\"https:\/\/schema.org\/BreadcrumbList\"><li itemprop=\"itemListElement\" itemscope=\"\" itemtype=\"https:\/\/schema.org\/ListItem\"><a itemscope=\"\" itemtype=\"http:\/\/schema.org\/WebPage\" itemprop=\"item\" itemid=\"https:\/\/highjumpchicago.org\" href=\"https:\/\/highjumpchicago.org\/vi\/\">Nh\u00e0<\/a><meta itemprop=\"position\" content=\"1\"><\/li><li aria-current=\"page\" itemprop=\"itemListElement\" itemscope=\"\" itemtype=\"https:\/\/schema.org\/ListItem\">Ch\u00fang t\u00f4i \u0111\u00e3 chuy\u1ec3n \u0111i<meta itemprop=\"position\" content=\"2\"><\/li><\/ol><\/nav>\n\t<h2>T\u1ea1i sao ch\u00fang ta di chuy\u1ec3n? (c\u00e2u tr\u1ea3 l\u1eddi ng\u1eafn):<\/h2>\n<p><strong>C\u00e1i g\u00ec \u0111\u00e3 di chuy\u1ec3n?<\/strong> V\u0103n ph\u00f2ng h\u00e0nh ch\u00ednh c\u1ee7a High Jump<\/p>\n<p><strong>Ch\u00fang ta \u0111\u00e3 chuy\u1ec3n \u0111i \u0111\u00e2u?<\/strong> 820 W Jackson Blvd, Suite 310, Chicago, IL 60607<\/p>\n<p><strong>L\u1eadp tr\u00ecnh Nh\u1ea3y cao c\u00f3 chuy\u1ec3n \u0111\u1ed9ng kh\u00f4ng?<\/strong> Kh\u00f4ng, ch\u1ec9 c\u00f3 v\u0103n ph\u00f2ng h\u00e0nh ch\u00ednh c\u1ee7a ch\u00fang t\u00f4i \u0111ang di chuy\u1ec3n. C\u1ee7a ch\u00fang t\u00f4i <a href=\"https:\/\/highjumpchicago.org\/vi\/our-programs\/scholars\/\">h\u1ecdc gi\u1ea3<\/a> ch\u01b0\u01a1ng tr\u00ecnh v\u1eabn s\u1ebd di\u1ec5n ra t\u1ea1i Tr\u01b0\u1eddng Latinh Chicago, Tr\u01b0\u1eddng Francis W. Parker v\u00e0 Tr\u01b0\u1eddng Ph\u00f2ng th\u00ed nghi\u1ec7m \u0110\u1ea1i h\u1ecdc Chicago<\/p>\n<p><strong>Khi n\u00e0o ch\u00fang ta di chuy\u1ec3n?<\/strong> Vi\u1ec7c di chuy\u1ec3n di\u1ec5n ra v\u00e0o th\u00e1ng 5\/th\u00e1ng 6, v\u1edbi s\u1ef1 thay \u0111\u1ed5i \u0111\u1ecba ch\u1ec9 ch\u00ednh th\u1ee9c v\u00e0o ng\u00e0y 1 th\u00e1ng 7 n\u0103m 2023.<\/p>\n<p><strong>T\u1ea1i sao ch\u00fang ta di chuy\u1ec3n?<\/strong> Ch\u00fang t\u00f4i \u0111\u00e3 m\u1edf r\u1ed9ng kh\u00f4ng gian v\u00e0 kh\u1ea3 n\u0103ng h\u1ed7 tr\u1ee3 c\u1ee7a \u0111\u1ecba \u0111i\u1ec3m tr\u01b0\u1edbc \u0111\u00e2y. Nh\u1ea3y cao <a href=\"https:\/\/highjumpchicago.org\/vi\/about\/history\/\">l\u1ecbch s\u1eed<\/a> l\u00e0 m\u1ed9t trong nh\u1eefng th\u00e0nh c\u00f4ng v\u00e0 t\u0103ng tr\u01b0\u1edfng. \u0110\u1ecdc c\u00e2u tr\u1ea3 l\u1eddi d\u00e0i d\u01b0\u1edbi \u0111\u00e2y \u0111\u1ec3 bi\u1ebft th\u00eam v\u1ec1 s\u1ef1 ph\u00e1t tri\u1ec3n c\u1ee7a Nh\u1ea3y cao.<\/p>\n\t<h2>T\u1ea1i sao ch\u00fang ta di chuy\u1ec3n? (c\u00e2u tr\u1ea3 l\u1eddi d\u00e0i):<\/h2>\n<p><strong>Trong 34 n\u0103m qua, Nh\u1ea3y cao \u0111\u00e3 thay \u0111\u1ed5i cu\u1ed9c \u0111\u1eddi c\u1ee7a h\u01a1n 2.900 h\u1ecdc sinh c\u1ea5p hai \u1edf Chicago.<\/strong> S\u1ef1 h\u1ed7 tr\u1ee3 t\u1eeb c\u1ed9ng \u0111\u1ed3ng v\u00e0 c\u00e1c tr\u01b0\u1eddng \u0111\u1ed1i t\u00e1c c\u1ee7a ch\u00fang t\u00f4i (Tr\u01b0\u1eddng Latin Chicago, Tr\u01b0\u1eddng Francis W. Parker v\u00e0 Tr\u01b0\u1eddng Lab c\u1ee7a \u0110\u1ea1i h\u1ecdc Chicago) r\u1ea5t c\u1ea7n thi\u1ebft trong vi\u1ec7c ti\u1ebfp c\u1eadn v\u00e0 truy\u1ec1n c\u1ea3m h\u1ee9ng cho nhi\u1ec1u h\u1ecdc sinh trung h\u1ecdc c\u01a1 s\u1edf h\u01a1n \u0111\u1ec3 \u0111\u1ea9y nhanh h\u00e0nh tr\u00ecnh h\u1ecdc t\u1eadp c\u1ee7a c\u00e1c em v\u00e0 chu\u1ea9n b\u1ecb cho s\u1ef1 th\u00e0nh c\u00f4ng trong tr\u01b0\u1eddng trung h\u1ecdc, \u0111\u1ea1i h\u1ecdc, v\u00e0 h\u01a1n th\u1ebf n\u1eefa.<\/p>\n<p><strong>High Jump \u0111\u01b0\u1ee3c th\u00e0nh l\u1eadp v\u00e0o n\u0103m 1989 b\u1edfi c\u1ef1u gi\u00e1m \u0111\u1ed1c tr\u01b0\u1eddng c\u1ea5p ba Eleanor Nicholson c\u1ee7a Latin.<\/strong> Ngo\u00e0i vi\u1ec7c cung c\u1ea5p khu\u00f4n vi\u00ean cho h\u1ecdc sinh Nh\u1ea3y Cao h\u1ecdc t\u1eadp, Latin c\u00f2n h\u00e0o ph\u00f3ng cung c\u1ea5p kh\u00f4ng gian v\u0103n ph\u00f2ng v\u00e0 d\u1ecbch v\u1ee5 h\u00e0nh ch\u00ednh cho Nh\u1ea3y Cao t\u1eeb n\u0103m 1989-2023. \u0110\u00f3 l\u00e0 h\u01a1n ba th\u1eadp k\u1ef7 \u0111\u00f3ng g\u00f3p v\u00f4 c\u00f9ng qu\u00fd gi\u00e1 v\u1edbi s\u1ed1 ti\u1ec1n h\u1ed7 tr\u1ee3 b\u1eb1ng hi\u1ec7n v\u1eadt l\u00ean t\u1edbi h\u00e0ng tr\u0103m ngh\u00ecn \u0111\u00f4 la - mang l\u1ea1i nhi\u1ec1u ch\u01b0\u01a1ng tr\u00ecnh v\u00e0 ngu\u1ed3n l\u1ef1c h\u01a1n cho tr\u1ebb em.<\/p>\n<p><strong>Trong nh\u1eefng n\u0103m qua, Nh\u1ea3y Cao \u0111\u00e3 c\u00f3 s\u1ef1 ph\u00e1t tri\u1ec3n v\u01b0\u1ee3t b\u1eadc - t\u1eeb l\u1ee9a \u0111\u1ea7u ti\u00ean g\u1ed3m 16 h\u1ecdc sinh \u0111\u1ebfn vi\u1ec7c tuy\u1ec3n sinh m\u1ed9t trong nh\u1eefng l\u1ee9a l\u1edbn nh\u1ea5t c\u1ee7a ch\u00fang t\u00f4i v\u1edbi 225 h\u1ecdc sinh v\u00e0o n\u0103m 2023.<\/strong> Quy m\u00f4 nh\u00e2n vi\u00ean v\u00e0 nhu c\u1ea7u ngu\u1ed3n l\u1ef1c c\u1ee7a High Jump c\u0169ng t\u0103ng l\u00ean c\u00f9ng v\u1edbi s\u1ef1 t\u0103ng tr\u01b0\u1edfng n\u00e0y. V\u00e0o n\u0103m 2022, ch\u00fang t\u00f4i b\u1eaft \u0111\u1ea7u qu\u00e1 tr\u00ecnh chuy\u1ec3n \u0111\u1ed5i nh\u1eb1m h\u00ecnh th\u00e0nh m\u1ed1i quan h\u1ec7 m\u1edbi v\u1edbi ti\u1ebfng Latin \u0111\u1ec3 h\u1ed7 tr\u1ee3 t\u1ed1t nh\u1ea5t cho s\u1ef1 thay \u0111\u1ed5i n\u00e0y v\u00e0 \u0111\u00e1p \u1ee9ng nhu c\u1ea7u c\u1ee7a t\u1ed5 ch\u1ee9c \u0111ang ph\u00e1t tri\u1ec3n c\u1ee7a ch\u00fang t\u00f4i. K\u1ec3 t\u1eeb th\u00e1ng 7 n\u0103m 2023, qu\u00e1 tr\u00ecnh chuy\u1ec3n \u0111\u1ed5i n\u00e0y l\u00ean \u0111\u1ebfn \u0111\u1ec9nh \u0111i\u1ec3m v\u1edbi vi\u1ec7c Nh\u00e2n vi\u00ean h\u00e0nh ch\u00ednh c\u1ee7a ch\u00fang t\u00f4i chuy\u1ec3n \u0111\u1ebfn kh\u00f4ng gian v\u0103n ph\u00f2ng m\u1edbi \u1edf khu ph\u1ed1 Greektown c\u1ee7a Chicago. H\u1ecdc gi\u1ea3 Nh\u1ea3y cao s\u1ebd ti\u1ebfp t\u1ee5c tham gia ch\u01b0\u01a1ng tr\u00ecnh t\u1ea1i c\u00e1c tr\u01b0\u1eddng \u0111\u1ed1i t\u00e1c c\u1ee7a ch\u00fang t\u00f4i.<\/p>\n<p><strong>Ch\u00fang t\u00f4i \u0111\u00e3 th\u1ef1c hi\u1ec7n b\u01b0\u1edbc ti\u1ebfn l\u1edbn n\u00e0y m\u1ed9t c\u00e1ch t\u1ef1 tin, bi\u1ebft r\u1eb1ng c\u00e1c \u0111\u1ed1i t\u00e1c v\u00e0 c\u1ed9ng \u0111\u1ed3ng c\u1ee7a ch\u00fang t\u00f4i s\u1ebd \u1ee7ng h\u1ed9 ch\u00fang t\u00f4i tr\u00ean m\u1ed7i b\u01b0\u1edbc \u0111\u01b0\u1eddng.<\/strong> Ch\u00fang t\u00f4i s\u1ebd kh\u00f4ng c\u00f3 \u0111\u01b0\u1ee3c ng\u00e0y h\u00f4m nay n\u1ebfu kh\u00f4ng c\u00f3 s\u1ef1 h\u1ed7 tr\u1ee3 c\u1ee7a h\u1ecd. N\u1ebfu b\u1ea1n c\u00f3 b\u1ea5t k\u1ef3 c\u00e2u h\u1ecfi n\u00e0o v\u1ec1 giai \u0111o\u1ea1n ph\u00e1t tri\u1ec3n ti\u1ebfp theo n\u00e0y c\u1ee7a ch\u00fang t\u00f4i ho\u1eb7c mu\u1ed1n t\u00ecm hi\u1ec3u th\u00eam v\u1ec1 s\u1ee9c m\u1ea1nh c\u1ee7a Nh\u1ea3y cao trong vi\u1ec7c gi\u00fap h\u1ecdc sinh \u0111\u1ea1t \u0111\u01b0\u1ee3c th\u00e0nh c\u00f4ng trong cu\u1ed9c \u0111\u1eddi, vui l\u00f2ng li\u00ean h\u1ec7 <a href=\"mailto:advancement@highjumpchicago.org?subject=High Jump's Next Phase\">li\u00ean l\u1ea1c<\/a>.<\/p>\n\t<h1>Ph\u00e1t tri\u1ec3n t\u00e1c \u0111\u1ed9ng c\u1ee7a ch\u00fang t\u00f4i<\/h1>\n\t<h2>L\u00e0 m\u1ed9t trong s\u1ed1 \u00edt ch\u01b0\u01a1ng tr\u00ecnh \u1edf Chicago cung c\u1ea5p ki\u1ebfn th\u1ee9c h\u1ecdc t\u1eadp phong ph\u00fa cho h\u1ecdc sinh trung h\u1ecdc c\u01a1 s\u1edf, nhu c\u1ea7u v\u1ec1 Nh\u1ea3y cao lu\u00f4n \u1edf m\u1ee9c cao nh\u1ea5t m\u1ecdi th\u1eddi \u0111\u1ea1i.<\/h2>\n\t\t<!-- Comment to fix spacing issue\n\t-->\n\t\t<h1>0+<\/h1>H\u1ecdc sinh \u0111\u1ee7 \u0111i\u1ec1u ki\u1ec7n m\u1ed7i n\u0103m\n\t<!-- Comment to fix spacing issue\n\t-->\t\n\t\t<!-- Comment to fix spacing issue\n\t-->\n\t\t<h1>0<\/h1>C\u00e1c \u1ee9ng d\u1ee5ng \u0111\u00e3 n\u1ed9p v\u00e0 sinh vi\u00ean \u0111\u01b0\u1ee3c ph\u1ecfng v\u1ea5n\n\t<!-- Comment to fix spacing issue\n\t-->\t\n\t\t<!-- Comment to fix spacing issue\n\t-->\n\t\t<h1>0<\/h1>H\u1ecdc gi\u1ea3 m\u1edbi \u0111\u01b0\u1ee3c ch\u1ea5p nh\u1eadn (Nh\u00f3m 35)\n\t<!-- Comment to fix spacing issue\n\t-->\t\n\t\t<!-- Comment to fix spacing issue\n\t-->\n\t\t<h1>0+<\/h1>T\u1ed5ng s\u1ed1 h\u1ecdc gi\u1ea3 \u0111\u00e3 \u0111\u0103ng k\u00fd\n\t<!-- Comment to fix spacing issue\n\t-->\t\n\t<h2>V\u1edbi s\u1ef1 gi\u00fap \u0111\u1ee1 c\u1ee7a b\u1ea1n, ch\u00fang t\u00f4i c\u00f3 th\u1ec3 \u0111\u00e1p \u1ee9ng nhu c\u1ea7u v\u00e0 t\u0103ng t\u00e1c \u0111\u1ed9ng c\u1ee7a ch\u00fang t\u00f4i theo c\u1ea5p s\u1ed1 nh\u00e2n.<\/h2>\n\t\t\t<a href=\"https:\/\/highjumpchicago.org\/vi\/donate\/ways-to-donate\/\" target=\"_self\" rel=\"noopener\">\n\t\t\t\t\t\t\t\t\u0110\u1ea7u t\u01b0 v\u00e0o c\u00e1c h\u1ecdc gi\u1ea3 c\u1ee7a ng\u00e0y mai\t\t\t\t\t\t\t\n\t\t\t\t\t\t<\/a>","protected":false},"excerpt":{"rendered":"<p>Trang ch\u1ee7 Ch\u00fang t\u00f4i \u0111\u00e3 chuy\u1ec3n \u0111i T\u1ea1i sao ch\u00fang t\u00f4i chuy\u1ec3n \u0111i? (c\u00e2u tr\u1ea3 l\u1eddi ng\u1eafn g\u1ecdn): \u0110i\u1ec1u g\u00ec \u0111\u00e3 chuy\u1ec3n \u0111\u1ed9ng? V\u0103n ph\u00f2ng h\u00e0nh ch\u00ednh c\u1ee7a High Jump Ch\u00fang t\u00f4i \u0111\u00e3 chuy\u1ec3n \u0111i \u0111\u00e2u? 820 W Jackson Blvd, Suite 310, Chicago, IL 60607 Ch\u01b0\u01a1ng tr\u00ecnh High Jump c\u00f3 \u0111ang di\u1ec5n ra kh\u00f4ng? Kh\u00f4ng, ch\u1ec9 c\u00f3 v\u0103n ph\u00f2ng h\u00e0nh ch\u00ednh c\u1ee7a ch\u00fang t\u00f4i \u0111ang di chuy\u1ec3n. Ch\u01b0\u01a1ng tr\u00ecnh H\u1ecdc gi\u1ea3 c\u1ee7a ch\u00fang t\u00f4i v\u1eabn s\u1ebd di\u1ec5n ra t\u1ea1i Tr\u01b0\u1eddng Latinh Chicago, Francis\u2026<\/p>","protected":false},"author":7,"featured_media":16045,"parent":0,"menu_order":0,"comment_status":"closed","ping_status":"closed","template":"","meta":{"_seopress_robots_primary_cat":"","_seopress_titles_title":"","_seopress_titles_desc":"","_seopress_robots_index":"","inline_featured_image":false,"footnotes":""},"class_list":["post-16037","page","type-page","status-publish","has-post-thumbnail","hentry"],"_links":{"self":[{"href":"https:\/\/highjumpchicago.org\/vi\/wp-json\/wp\/v2\/pages\/16037","targetHints":{"allow":["GET"]}}],"collection":[{"href":"https:\/\/highjumpchicago.org\/vi\/wp-json\/wp\/v2\/pages"}],"about":[{"href":"https:\/\/highjumpchicago.org\/vi\/wp-json\/wp\/v2\/types\/page"}],"author":[{"embeddable":true,"href":"https:\/\/highjumpchicago.org\/vi\/wp-json\/wp\/v2\/users\/7"}],"replies":[{"embeddable":true,"href":"https:\/\/highjumpchicago.org\/vi\/wp-json\/wp\/v2\/comments?post=16037"}],"version-history":[{"count":5,"href":"https:\/\/highjumpchicago.org\/vi\/wp-json\/wp\/v2\/pages\/16037\/revisions"}],"predecessor-version":[{"id":16048,"href":"https:\/\/highjumpchicago.org\/vi\/wp-json\/wp\/v2\/pages\/16037\/revisions\/16048"}],"wp:featuredmedia":[{"embeddable":true,"href":"https:\/\/highjumpchicago.org\/vi\/wp-json\/wp\/v2\/media\/16045"}],"wp:attachment":[{"href":"https:\/\/highjumpchicago.org\/vi\/wp-json\/wp\/v2\/media?parent=16037"}],"curies":[{"name":"wp","href":"https:\/\/api.w.org\/{rel}","templated":true}]}}