{"id":160587,"date":"2026-01-27T12:42:55","date_gmt":"2026-01-27T18:42:55","guid":{"rendered":"https:\/\/highjumpchicago.org\/?page_id=160587"},"modified":"2026-03-13T15:54:06","modified_gmt":"2026-03-13T20:54:06","slug":"support-us","status":"publish","type":"page","link":"https:\/\/highjumpchicago.org\/vi\/support-us\/","title":{"rendered":"h\u1ed7 tr\u1ee3 ch\u00fang t\u00f4i"},"content":{"rendered":"<h1><strong>Ch\u00e0o m\u1eebng. C\u1ea3m \u01a1n b\u1ea1n \u0111\u00e3 l\u00e0 m\u1ed9t ph\u1ea7n c\u1ee7a c\u1ed9ng \u0111\u1ed3ng ch\u00fang t\u00f4i.<\/strong><\/h1>\n<h3>D\u00f9 b\u1ea1n m\u1edbi l\u00e0m quen v\u1edbi ch\u00fang t\u00f4i hay \u0111\u00e3 g\u1eafn b\u00f3 nhi\u1ec1u n\u0103m, ch\u00fang t\u00f4i r\u1ea5t vui v\u00ec b\u1ea1n \u1edf \u0111\u00e2y. D\u01b0\u1edbi \u0111\u00e2y l\u00e0 m\u1ed9t v\u00e0i c\u00e1ch \u00fd ngh\u0129a \u0111\u1ec3 duy tr\u00ec s\u1ef1 k\u1ebft n\u1ed1i - h\u00e3y b\u1eaft \u0111\u1ea7u t\u1eeb n\u01a1i b\u1ea1n \u0111ang \u1edf v\u00e0 t\u00ecm v\u1ecb tr\u00ed c\u1ee7a m\u00ecnh t\u1ea1i High Jump.<\/h3>\n<figure itemscope itemtype=\"https:\/\/schema.org\/ImageObject\">\n\t\t\t\t<img decoding=\"async\" src=\"https:\/\/highjumpchicago.org\/wp-content\/uploads\/2026\/02\/Celebrate-Connect.png\" alt=\"Celebrate &amp; Connect\" height=\"300\" width=\"1500\" title=\"C\u00f9ng nhau \u0103n m\u1eebng v\u00e0 k\u1ebft n\u1ed1i!\" onerror=\"this.style.display='none'\" loading=\"lazy\" \/>\n\t<\/figure>\n<figure itemscope itemtype=\"https:\/\/schema.org\/ImageObject\">\n\t\t\t\t<img decoding=\"async\" src=\"https:\/\/highjumpchicago.org\/wp-content\/uploads\/2026\/01\/LRP_0883.jpg\" alt=\"LRP_0883\" height=\"2048\" width=\"1365\" title=\"LRP_0883\" onerror=\"this.style.display='none'\" loading=\"lazy\" \/>\n\t<\/figure>\n\t\t\t\t<p>Ng\u00e0y 1 th\u00e1ng 5 n\u0103m 2026<\/p>\n\t\t\t\t\t\t<h2><a href=\"https:\/\/highjumpchicago.org\/vi\/benefit\/\" target=\"_blank\">S\u1ef1 ki\u1ec7n th\u01b0\u1eddng ni\u00ean M\u00f9a Xu\u00e2n C\u01a1 H\u1ed9i<\/a><\/h2>\t\t\t\t\t\n\t\t\t<p><strong>C\u00f3 c\u00e1c g\u00f3i t\u00e0i tr\u1ee3 c\u00e1 nh\u00e2n, t\u00e0i tr\u1ee3 doanh nghi\u1ec7p v\u00e0 v\u00e9 tham d\u1ef1.<br \/><\/strong>H\u00e3y c\u00f9ng t\u00f4n vinh c\u1ed9ng \u0111\u1ed3ng, t\u1ea7m \u1ea3nh h\u01b0\u1edfng v\u00e0 c\u01a1 h\u1ed9i - v\u00e0 t\u00e0i tr\u1ee3 cho c\u00e1c ch\u01b0\u01a1ng tr\u00ecnh gi\u00fap h\u1ecdc sinh trung h\u1ecdc c\u01a1 s\u1edf \u1edf Chicago ph\u00e1t tri\u1ec3n m\u1ea1nh m\u1ebd.<\/p>\t\t\n\t\t\t\t<a href=\"https:\/\/highjumpchicago.org\/vi\/benefit\/\" role=\"button\" target=\"_blank\">\n\t\t\t\t\t\t\t\t\t\tNH\u00c0 T\u00c0I TR\u1ee2 \/ MUA V\u00c9\n\t\t\t\t\t\t\t\t\t<\/a>\n\t\t\t\t<p>Ng\u00e0y 17 th\u00e1ng 7 n\u0103m 2026<\/p>\n\t\t\t\t\t\t<h2><a href=\"https:\/\/highjumpchicago.org\/vi\/swing-for-impact\/\" target=\"_blank\">H\u00e3y vung g\u1eady h\u1ebft s\u1ee9c m\u00ecnh! Gi\u1ea3i \u0111\u1ea5u golf t\u1eeb thi\u1ec7n.<\/a><\/h2>\t\t\t\t\t\n\t\t\t<p><strong>C\u00f3 c\u00e1c g\u00f3i t\u00e0i tr\u1ee3 c\u00e1 nh\u00e2n, t\u00e0i tr\u1ee3 doanh nghi\u1ec7p v\u00e0 v\u00e9 tham d\u1ef1.<br \/><\/strong>H\u00e3y c\u00f9ng tham gia s\u1ef1 ki\u1ec7n Swing for Impact Charity Scramble do C\u00e2u l\u1ea1c b\u1ed9 C\u1ef1u sinh vi\u00ean Chicago Booth v\u00e0 C\u00e2u l\u1ea1c b\u1ed9 C\u1ef1u sinh vi\u00ean Kellogg t\u1ed5 ch\u1ee9c nh\u1eb1m g\u00e2y qu\u1ef9 cho High Jump.<\/p>\t\t\n\t\t\t\t<a href=\"https:\/\/highjumpchicago.org\/vi\/swing-for-impact\/\" role=\"button\" target=\"_blank\">\n\t\t\t\t\t\t\t\t\t\tNH\u00c0 T\u00c0I TR\u1ee2 \/ MUA V\u00c9\n\t\t\t\t\t\t\t\t\t<\/a>\n<figure itemscope itemtype=\"https:\/\/schema.org\/ImageObject\">\n\t\t\t\t<img decoding=\"async\" src=\"https:\/\/highjumpchicago.org\/wp-content\/uploads\/2026\/02\/Give-Your-Time.png\" alt=\"Give Your Time\" height=\"300\" width=\"1500\" title=\"H\u00e3y d\u00e0nh th\u1eddi gian c\u1ee7a b\u1ea1n\" onerror=\"this.style.display='none'\" loading=\"lazy\" \/>\n\t<\/figure>\n<figure itemscope itemtype=\"https:\/\/schema.org\/ImageObject\">\n\t\t\t\t<img decoding=\"async\" src=\"https:\/\/highjumpchicago.org\/wp-content\/uploads\/2026\/01\/IMG_1271.jpg\" alt=\"IMG_1271\" height=\"2048\" width=\"1536\" title=\"IMG_1271\" onerror=\"this.style.display='none'\" loading=\"lazy\" \/>\n\t<\/figure>\n\t\t\t\t<p>Hi\u1ec7n t\u1ea1i \u2013 M\u00f9a xu\u00e2n n\u0103m 2026<\/p>\n\t\t\t\t\t\t<h2><a href=\"mailto:adavis@highjumpchicago.org?subject=Benefit%20Committee%20Inquiry\" target=\"_blank\">Tham gia \u1ee6y ban g\u00e2y qu\u1ef9<\/a><\/h2>\t\t\t\t\t\n\t\t\t<p><strong>H\u00e3y gi\u00fap \u0111\u1ecbnh h\u00ecnh v\u00e0 h\u1ed7 tr\u1ee3 s\u1ef1 ki\u1ec7n g\u00e2y qu\u1ef9 th\u01b0\u1eddng ni\u00ean c\u1ee7a ch\u00fang t\u00f4i: <em>M\u1ed9t m\u00f9a xu\u00e2n c\u01a1 h\u1ed9i<\/em>.<\/strong><\/p>\t\t\n\t\t\t\t<a href=\"mailto:adavis@highjumpchicago.org?subject=Benefit%20Committee%20Inquiry\" role=\"button\" target=\"_blank\">\n\t\t\t\t\t\t\t\t\t\tG\u1eecI EMAIL CHO CH\u00daNG T\u00d4I \u0110\u1ec2 THAM GIA \u1ee6Y BAN\n\t\t\t\t\t\t\t\t\t<\/a>\n\t\t\t\t<p>M\u00f9a xu\u00e2n v\u00e0 m\u00f9a thu<\/p>\n\t\t\t\t\t\t<h2><a href=\"mailto:advancement@highjumpchicago.org?subject=Student%20Interviews%20Inquiry\" target=\"_blank\">T\u00ecnh nguy\u1ec7n vi\u00ean tham gia ph\u1ecfng v\u1ea5n sinh vi\u00ean<\/a><\/h2>\t\t\t\t\t\n\t\t\t<p><b>H\u00e3y h\u1ed7 tr\u1ee3 quy tr\u00ecnh tuy\u1ec3n sinh c\u1ee7a ch\u00fang t\u00f4i b\u1eb1ng c\u00e1ch ph\u1ecfng v\u1ea5n c\u00e1c \u1ee9ng vi\u00ean ti\u1ec1m n\u0103ng.<\/b><\/p>\t\t\n\t\t\t\t<a href=\"mailto:advancement@highjumpchicago.org?subject=Student%20Interviews%20Inquiry\" role=\"button\" target=\"_blank\">\n\t\t\t\t\t\t\t\t\t\tG\u1eecI EMAIL CHO CH\u00daNG T\u00d4I \u0110\u1ec2 NH\u1eacN TH\u00d4NG TIN C\u1eacP NH\ufffd\n\t\t\t\t\t\t\t\t\t<\/a>\n<figure itemscope itemtype=\"https:\/\/schema.org\/ImageObject\">\n\t\t\t\t<img decoding=\"async\" src=\"https:\/\/highjumpchicago.org\/wp-content\/uploads\/2026\/02\/Build-Community.png\" alt=\"Build Community\" height=\"300\" width=\"1500\" title=\"X\u00e2y d\u1ef1ng c\u1ed9ng \u0111\u1ed3ng\" onerror=\"this.style.display='none'\" loading=\"lazy\" \/>\n\t<\/figure>\n<figure itemscope itemtype=\"https:\/\/schema.org\/ImageObject\">\n\t\t\t\t<img decoding=\"async\" src=\"https:\/\/highjumpchicago.org\/wp-content\/uploads\/2026\/01\/Creative-Storytelling-4.jpg\" alt=\"Creative Storytelling - 4\" height=\"2048\" width=\"1536\" title=\"K\u1ec3 chuy\u1ec7n s\u00e1ng t\u1ea1o - 4\" onerror=\"this.style.display='none'\" loading=\"lazy\" \/>\n\t<\/figure>\n\t\t\t\t<p>\u0110ang di\u1ec5n ra<\/p>\n\t\t\t\t\t\t<h2><a href=\"mailto:gkizer@highjumpchicago.org?subject=Associate%20Board%20Inquiry\" target=\"_blank\">Tham gia H\u1ed9i \u0111\u1ed3ng C\u1ed1 v\u1ea5n<\/a><\/h2>\t\t\t\t\t\n\t\t\t<p><strong>H\u00e3y tham gia c\u00f9ng nh\u00f3m c\u00e1c chuy\u00ean gia \u0111ang n\u1ed7 l\u1ef1c th\u00fac \u0111\u1ea9y m\u00f4n nh\u1ea3y cao th\u00f4ng qua vai tr\u00f2 l\u00e3nh \u0111\u1ea1o, v\u1eadn \u0111\u1ed9ng v\u00e0 c\u00e1c s\u1ef1 ki\u1ec7n.<\/strong><\/p>\t\t\n\t\t\t\t<a href=\"mailto:gkizer@highjumpchicago.org?subject=Associate%20Board%20Inquiry\" role=\"button\" target=\"_blank\">\n\t\t\t\t\t\t\t\t\t\tG\u1eecI EMAIL CHO CH\u00daNG T\u00d4I \u0110\u1ec2 THAM GIA H\u1ed8I \u0110\u1ed2NG QU\u1ea2\n\t\t\t\t\t\t\t\t\t<\/a>\n\t\t\t\t<p>Th\u00e1ng Hai v\u00e0 m\u00f9a h\u00e8<\/p>\n\t\t\t\t\t\t<h2><a href=\"mailto:adavis@highjumpchicago.org?subject=Campus%20Tour%20Inquiry\" target=\"_blank\">Tham gia chuy\u1ebfn tham quan khu\u00f4n vi\u00ean tr\u01b0\u1eddng<\/a><\/h2>\t\t\t\t\t\n\t\t\t<p><b>H\u00e3y \u0111\u1ebfn tham quan ho\u1ea1t \u0111\u1ed9ng c\u1ee7a High Jump v\u00e0 t\u1eadn m\u1eaft ch\u1ee9ng ki\u1ebfn qu\u00e1 tr\u00ecnh h\u1ecdc t\u1eadp c\u1ee7a c\u00e1c h\u1ecdc sinh ch\u00fang t\u00f4i.<\/b><\/p>\t\t\n\t\t\t\t<a href=\"mailto:adavis@highjumpchicago.org?subject=Campus%20Tour%20Inquiry\" role=\"button\" target=\"_blank\">\n\t\t\t\t\t\t\t\t\t\tG\u1eecI EMAIL CHO CH\u00daNG T\u00d4I \u0110\u1ec2 NH\u1eacN TH\u00d4NG TIN C\u1eacP NH\ufffd\n\t\t\t\t\t\t\t\t\t<\/a>\n\t\t\t\t\t\t<h2><a href=\"https:\/\/lp.constantcontactpages.com\/sl\/8OPorkz\/signup\" target=\"_blank\">B\u1ea1n mu\u1ed1n nh\u1eadn th\u00f4ng tin chi ti\u1ebft, th\u01b0 m\u1eddi v\u00e0 l\u1eddi nh\u1eafc nh\u1edf?<\/a><\/h2>\t\t\t\t\t\n\t\t\t<p><b>\u0110\u0103ng k\u00fd nh\u1eadn b\u1ea3n tin \u0111i\u1ec7n t\u1eed c\u1ee7a ch\u00fang t\u00f4i b\u00ean d\u01b0\u1edbi \u0111\u1ec3 nh\u1eadn th\u00f4ng tin, c\u1eadp nh\u1eadt v\u00e0 c\u00e1c c\u01a1 h\u1ed9i.<\/b><\/p>\t\t\n\t\t\t\t<a href=\"https:\/\/lp.constantcontactpages.com\/sl\/8OPorkz\/signup\" role=\"button\" target=\"_blank\">\n\t\t\t\t\t\t\t\t\t\t\u0110\u0102NG K\u00dd NH\u1eacN TIN T\u1ee8C \u0110I\u1ec6N T\u1eec HIGH JUMP\n\t\t\t\t\t\t\t\t\t<\/a>\n\t\t\t\t\t\t<h2><a href=\"mailto:advancement@highjumpchicago.org?subject=I%20Have%20A%20Question\" target=\"_blank\">C\u00f3 c\u00e2u h\u1ecfi g\u00ec kh\u00f4ng?<\/a><\/h2>\t\t\t\t\t\n\t\t\t<p><b>H\u00e3y li\u00ean h\u1ec7 v\u1edbi ch\u00fang t\u00f4i b\u1ea5t c\u1ee9 l\u00fac n\u00e0o. Ch\u00fang t\u00f4i r\u1ea5t mu\u1ed1n \u0111\u01b0\u1ee3c k\u1ebft n\u1ed1i.<\/b><\/p>\t\t\n\t\t\t\t<a href=\"mailto:advancement@highjumpchicago.org?subject=I%20Have%20A%20Question\" role=\"button\" target=\"_blank\">\n\t\t\t\t\t\t\t\t\t\tG\u1eecI EMAIL CHO CH\u00daNG T\u00d4I\n\t\t\t\t\t\t\t\t\t<\/a>","protected":false},"excerpt":{"rendered":"<p>Ch\u00e0o m\u1eebng. C\u1ea3m \u01a1n b\u1ea1n \u0111\u00e3 l\u00e0 m\u1ed9t ph\u1ea7n c\u1ee7a c\u1ed9ng \u0111\u1ed3ng ch\u00fang t\u00f4i. Cho d\u00f9 b\u1ea1n m\u1edbi l\u00e0m quen v\u1edbi ch\u00fang t\u00f4i hay \u0111\u00e3 g\u1eafn b\u00f3 nhi\u1ec1u n\u0103m, ch\u00fang t\u00f4i r\u1ea5t vui v\u00ec b\u1ea1n \u1edf \u0111\u00e2y. D\u01b0\u1edbi \u0111\u00e2y l\u00e0 m\u1ed9t v\u00e0i c\u00e1ch \u00fd ngh\u0129a \u0111\u1ec3 duy tr\u00ec s\u1ef1 tham gia - h\u00e3y b\u1eaft \u0111\u1ea7u t\u1eeb n\u01a1i b\u1ea1n \u0111ang \u1edf v\u00e0 t\u00ecm v\u1ecb tr\u00ed c\u1ee7a m\u00ecnh t\u1ea1i High Jump. Ng\u00e0y 1 th\u00e1ng 5 n\u0103m 2026: M\u00f9a xu\u00e2n c\u1ee7a c\u01a1 h\u1ed9i - S\u1ef1 ki\u1ec7n g\u00e2y qu\u1ef9 th\u01b0\u1eddng ni\u00ean - T\u00e0i tr\u1ee3 c\u00e1 nh\u00e2n,\u2026<\/p>","protected":false},"author":7,"featured_media":0,"parent":0,"menu_order":0,"comment_status":"closed","ping_status":"closed","template":"","meta":{"_seopress_robots_primary_cat":"","_seopress_titles_title":"","_seopress_titles_desc":"","_seopress_robots_index":"","inline_featured_image":false,"footnotes":""},"class_list":["post-160587","page","type-page","status-publish","hentry"],"_links":{"self":[{"href":"https:\/\/highjumpchicago.org\/vi\/wp-json\/wp\/v2\/pages\/160587","targetHints":{"allow":["GET"]}}],"collection":[{"href":"https:\/\/highjumpchicago.org\/vi\/wp-json\/wp\/v2\/pages"}],"about":[{"href":"https:\/\/highjumpchicago.org\/vi\/wp-json\/wp\/v2\/types\/page"}],"author":[{"embeddable":true,"href":"https:\/\/highjumpchicago.org\/vi\/wp-json\/wp\/v2\/users\/7"}],"replies":[{"embeddable":true,"href":"https:\/\/highjumpchicago.org\/vi\/wp-json\/wp\/v2\/comments?post=160587"}],"version-history":[{"count":10,"href":"https:\/\/highjumpchicago.org\/vi\/wp-json\/wp\/v2\/pages\/160587\/revisions"}],"predecessor-version":[{"id":179069,"href":"https:\/\/highjumpchicago.org\/vi\/wp-json\/wp\/v2\/pages\/160587\/revisions\/179069"}],"wp:attachment":[{"href":"https:\/\/highjumpchicago.org\/vi\/wp-json\/wp\/v2\/media?parent=160587"}],"curies":[{"name":"wp","href":"https:\/\/api.w.org\/{rel}","templated":true}]}}