{"id":1644,"date":"2019-08-20T19:53:55","date_gmt":"2019-08-21T00:53:55","guid":{"rendered":"https:\/\/d46e648428.nxcli.io\/?page_id=1644"},"modified":"2024-08-08T12:23:17","modified_gmt":"2024-08-08T17:23:17","slug":"virtual-tour-chemistry-lab","status":"publish","type":"page","link":"https:\/\/highjumpchicago.org\/vi\/our-programs\/virtual-tour\/virtual-tour-chemistry-lab\/","title":{"rendered":"Chuy\u1ebfn tham quan \u1ea3o: Ph\u00f2ng th\u00ed nghi\u1ec7m H\u00f3a h\u1ecdc"},"content":{"rendered":"<nav aria-label=\"v\u1ee5n b\u00e1nh m\u00ec\"><ol itemscope itemtype=\"https:\/\/schema.org\/BreadcrumbList\"><li itemprop=\"itemListElement\" itemscope itemtype=\"https:\/\/schema.org\/ListItem\"><a itemscope itemtype=\"http:\/\/schema.org\/WebPage\" itemprop=\"item\" itemid=\"https:\/\/highjumpchicago.org\" href=\"https:\/\/highjumpchicago.org\/vi\/\">Nh\u00e0<\/a><meta itemprop=\"position\" content=\"1\" \/><\/li><li itemprop=\"itemListElement\" itemscope itemtype=\"https:\/\/schema.org\/ListItem\"><a itemscope itemtype=\"http:\/\/schema.org\/WebPage\" itemprop=\"item\" itemid=\"https:\/\/highjumpchicago.org\/program-overview\/\" href=\"https:\/\/highjumpchicago.org\/vi\/program-overview\/\">Ch\u01b0\u01a1ng tr\u00ecnh<\/a><meta itemprop=\"position\" content=\"2\" \/><\/li><li itemprop=\"itemListElement\" itemscope itemtype=\"https:\/\/schema.org\/ListItem\"><a itemscope itemtype=\"http:\/\/schema.org\/WebPage\" itemprop=\"item\" itemid=\"https:\/\/highjumpchicago.org\/program-overview\/virtual-tour\/\" href=\"https:\/\/highjumpchicago.org\/vi\/program-overview\/virtual-tour\/\">Chuy\u1ebfn tham quan \u1ea3o<\/a><meta itemprop=\"position\" content=\"3\" \/><\/li><li aria-current=\"page\" itemprop=\"itemListElement\" itemscope itemtype=\"https:\/\/schema.org\/ListItem\">Chuy\u1ebfn tham quan \u1ea3o: Ph\u00f2ng th\u00ed nghi\u1ec7m H\u00f3a h\u1ecdc<meta itemprop=\"position\" content=\"4\" \/><\/li><\/ol><\/nav><h1>\n\t<\/h1>\n\t<iframe loading=\"lazy\" src=\"https:\/\/www.youtube.com\/embed\/pAF9x0NBM0k\" width=\"840\" height=\"472\" frameborder=\"0\" allowfullscreen=\"allowfullscreen\"><\/iframe>\n\t<p>Trong l\u1edbp h\u00f3a h\u1ecdc, h\u1ecdc sinh Nh\u1ea3y cao kh\u00e1m ph\u00e1 c\u00e1c kh\u00e1i ni\u1ec7m v\u1ec1 s\u1ef1 thay \u0111\u1ed5i v\u1eadt l\u00fd v\u00e0 h\u00f3a h\u1ecdc, ph\u1ea3n \u1ee9ng h\u00f3a h\u1ecdc, c\u1ea5u tr\u00fac nguy\u00ean t\u1eed, v.v. Th\u00f4ng qua c\u00e1c th\u00ed nghi\u1ec7m th\u1ef1c h\u00e0nh trong ph\u00f2ng th\u00ed nghi\u1ec7m, h\u1ecdc sinh h\u1ecdc c\u00e1ch quan s\u00e1t v\u00e0 ghi l\u1ea1i d\u1eef li\u1ec7u m\u1ed9t c\u00e1ch \u0111\u1ecbnh t\u00ednh v\u00e0 \u0111\u1ecbnh l\u01b0\u1ee3ng, ph\u00e2n t\u00edch nghi\u00eam t\u00fac k\u1ebft qu\u1ea3 v\u00e0 truy\u1ec1n \u0111\u1ea1t hi\u1ec7u qu\u1ea3 nh\u1eefng ph\u00e1t hi\u1ec7n c\u1ee7a h\u1ecd.<\/p>","protected":false},"excerpt":{"rendered":"<p>Trang ch\u1ee7 Ch\u01b0\u01a1ng tr\u00ecnh Chuy\u1ebfn tham quan \u1ea3o Chuy\u1ebfn tham quan \u1ea3o: Ph\u00f2ng th\u00ed nghi\u1ec7m h\u00f3a h\u1ecdc \ufeff\ufeff Trong l\u1edbp h\u00f3a h\u1ecdc, h\u1ecdc sinh Nh\u1ea3y cao kh\u00e1m ph\u00e1 c\u00e1c kh\u00e1i ni\u1ec7m v\u1ec1 s\u1ef1 bi\u1ebfn \u0111\u1ed5i v\u1eadt l\u00fd v\u00e0 h\u00f3a h\u1ecdc, ph\u1ea3n \u1ee9ng h\u00f3a h\u1ecdc, c\u1ea5u tr\u00fac nguy\u00ean t\u1eed, v.v. Th\u00f4ng qua c\u00e1c th\u00ed nghi\u1ec7m th\u1ef1c h\u00e0nh trong ph\u00f2ng th\u00ed nghi\u1ec7m, h\u1ecdc sinh h\u1ecdc c\u00e1ch quan s\u00e1t v\u00e0 ghi l\u1ea1i d\u1eef li\u1ec7u m\u1ed9t c\u00e1ch \u0111\u1ecbnh t\u00ednh v\u00e0 \u0111\u1ecbnh l\u01b0\u1ee3ng, ph\u00e2n t\u00edch nghi\u00eam t\u00fac c\u00e1c k\u1ebft qu\u1ea3 v\u00e0 truy\u1ec1n \u0111\u1ea1t nh\u1eefng ph\u00e1t hi\u1ec7n c\u1ee7a m\u00ecnh m\u1ed9t c\u00e1ch hi\u1ec7u qu\u1ea3.<\/p>","protected":false},"author":8,"featured_media":0,"parent":1588,"menu_order":0,"comment_status":"closed","ping_status":"closed","template":"","meta":{"_seopress_robots_primary_cat":"","_seopress_titles_title":"","_seopress_titles_desc":"","_seopress_robots_index":"","inline_featured_image":false,"footnotes":""},"class_list":["post-1644","page","type-page","status-publish","hentry"],"_links":{"self":[{"href":"https:\/\/highjumpchicago.org\/vi\/wp-json\/wp\/v2\/pages\/1644","targetHints":{"allow":["GET"]}}],"collection":[{"href":"https:\/\/highjumpchicago.org\/vi\/wp-json\/wp\/v2\/pages"}],"about":[{"href":"https:\/\/highjumpchicago.org\/vi\/wp-json\/wp\/v2\/types\/page"}],"author":[{"embeddable":true,"href":"https:\/\/highjumpchicago.org\/vi\/wp-json\/wp\/v2\/users\/8"}],"replies":[{"embeddable":true,"href":"https:\/\/highjumpchicago.org\/vi\/wp-json\/wp\/v2\/comments?post=1644"}],"version-history":[{"count":2,"href":"https:\/\/highjumpchicago.org\/vi\/wp-json\/wp\/v2\/pages\/1644\/revisions"}],"predecessor-version":[{"id":3081,"href":"https:\/\/highjumpchicago.org\/vi\/wp-json\/wp\/v2\/pages\/1644\/revisions\/3081"}],"up":[{"embeddable":true,"href":"https:\/\/highjumpchicago.org\/vi\/wp-json\/wp\/v2\/pages\/1588"}],"wp:attachment":[{"href":"https:\/\/highjumpchicago.org\/vi\/wp-json\/wp\/v2\/media?parent=1644"}],"curies":[{"name":"wp","href":"https:\/\/api.w.org\/{rel}","templated":true}]}}