{"id":1649,"date":"2019-08-20T20:06:56","date_gmt":"2019-08-21T01:06:56","guid":{"rendered":"https:\/\/d46e648428.nxcli.io\/?page_id=1649"},"modified":"2022-11-11T10:04:19","modified_gmt":"2022-11-11T16:04:19","slug":"virtual-tour-humanities","status":"publish","type":"page","link":"https:\/\/highjumpchicago.org\/vi\/our-programs\/virtual-tour\/virtual-tour-humanities\/","title":{"rendered":"Chuy\u1ebfn tham quan \u1ea3o: Nh\u00e2n v\u0103n"},"content":{"rendered":"<nav aria-label=\"v\u1ee5n b\u00e1nh m\u00ec\"><ol itemscope=\"\" itemtype=\"https:\/\/schema.org\/BreadcrumbList\"><li itemprop=\"itemListElement\" itemscope=\"\" itemtype=\"https:\/\/schema.org\/ListItem\"><a itemscope=\"\" itemtype=\"http:\/\/schema.org\/WebPage\" itemprop=\"item\" itemid=\"https:\/\/highjumpchicago.org\" href=\"https:\/\/highjumpchicago.org\/vi\/\">Nh\u00e0<\/a><meta itemprop=\"position\" content=\"1\"><\/li><li itemprop=\"itemListElement\" itemscope=\"\" itemtype=\"https:\/\/schema.org\/ListItem\"><a itemscope=\"\" itemtype=\"http:\/\/schema.org\/WebPage\" itemprop=\"item\" itemid=\"https:\/\/highjumpchicago.org\/our-programs\/\" href=\"https:\/\/highjumpchicago.org\/vi\/our-programs\/\">ch\u01b0\u01a1ng tr\u00ecnh c\u1ee7a ch\u00fang t\u00f4i<\/a><meta itemprop=\"position\" content=\"2\"><\/li><li itemprop=\"itemListElement\" itemscope=\"\" itemtype=\"https:\/\/schema.org\/ListItem\"><a itemscope=\"\" itemtype=\"http:\/\/schema.org\/WebPage\" itemprop=\"item\" itemid=\"https:\/\/highjumpchicago.org\/our-programs\/virtual-tour\/\" href=\"https:\/\/highjumpchicago.org\/vi\/our-programs\/virtual-tour\/\">Chuy\u1ebfn tham quan \u1ea3o<\/a><meta itemprop=\"position\" content=\"3\"><\/li><li aria-current=\"page\" itemprop=\"itemListElement\" itemscope=\"\" itemtype=\"https:\/\/schema.org\/ListItem\">Chuy\u1ebfn tham quan \u1ea3o: C\u00e1c v\u1ea5n \u0111\u1ec1 v\u00e0 \u00fd t\u01b0\u1edfng<meta itemprop=\"position\" content=\"4\"><\/li><\/ol><\/nav>\n\t<iframe loading=\"lazy\" src=\"https:\/\/www.youtube.com\/embed\/5NhgLxWycis\" width=\"840\" height=\"472\" frameborder=\"0\" allowfullscreen=\"allowfullscreen\"><\/iframe>\n\t<p>Trong Nh\u00e2n v\u0103n, c\u00e1c h\u1ecdc gi\u1ea3 kh\u00e1m ph\u00e1 c\u00e1c v\u1ea5n \u0111\u1ec1 x\u00e3 h\u1ed9i, ch\u00ednh tr\u1ecb, kinh t\u1ebf v\u00e0 m\u00f4i tr\u01b0\u1eddng \u0111\u1ecbnh h\u00ecnh th\u1ebf gi\u1edbi c\u1ee7a h\u1ecd. H\u1ecd h\u1ecdc c\u00e1ch ph\u00e2n t\u00edch v\u00e0 th\u1ea3o lu\u1eadn v\u1ec1 c\u00e1c quan \u0111i\u1ec3m, ph\u00e1t tri\u1ec3n t\u01b0 duy ph\u1ea3n bi\u1ec7n v\u00e0 ph\u1ea3n h\u1ed3i trong c\u00e1c b\u00e0i t\u01b0\u1eddng thu\u1eadt c\u00e1 nh\u00e2n v\u00e0 c\u00e1c b\u00e0i vi\u1ebft b\u00ecnh lu\u1eadn.<\/p>","protected":false},"excerpt":{"rendered":"<p>Trang ch\u1ee7 Ch\u01b0\u01a1ng tr\u00ecnh c\u1ee7a ch\u00fang t\u00f4i Chuy\u1ebfn tham quan \u1ea3o Chuy\u1ebfn tham quan \u1ea3o: C\u00e1c v\u1ea5n \u0111\u1ec1 v\u00e0 \u00fd t\u01b0\u1edfng Trong ng\u00e0nh Nh\u00e2n v\u0103n, c\u00e1c h\u1ecdc gi\u1ea3 kh\u00e1m ph\u00e1 c\u00e1c v\u1ea5n \u0111\u1ec1 x\u00e3 h\u1ed9i, ch\u00ednh tr\u1ecb, kinh t\u1ebf v\u00e0 m\u00f4i tr\u01b0\u1eddng h\u00ecnh th\u00e0nh n\u00ean th\u1ebf gi\u1edbi c\u1ee7a h\u1ecd. H\u1ecd h\u1ecdc c\u00e1ch ph\u00e2n t\u00edch v\u00e0 th\u1ea3o lu\u1eadn v\u1ec1 c\u00e1c quan \u0111i\u1ec3m, ph\u00e1t tri\u1ec3n t\u01b0 duy ph\u1ea3n bi\u1ec7n v\u00e0 ph\u1ea3n h\u1ed3i b\u1eb1ng c\u00e1c c\u00e2u chuy\u1ec7n c\u00e1 nh\u00e2n v\u00e0 c\u00e1c b\u00e0i vi\u1ebft mang t\u00ednh gi\u1ea3i th\u00edch.<\/p>","protected":false},"author":8,"featured_media":0,"parent":1588,"menu_order":0,"comment_status":"closed","ping_status":"closed","template":"","meta":{"_seopress_robots_primary_cat":"","_seopress_titles_title":"","_seopress_titles_desc":"","_seopress_robots_index":"","inline_featured_image":false,"footnotes":""},"class_list":["post-1649","page","type-page","status-publish","hentry"],"_links":{"self":[{"href":"https:\/\/highjumpchicago.org\/vi\/wp-json\/wp\/v2\/pages\/1649","targetHints":{"allow":["GET"]}}],"collection":[{"href":"https:\/\/highjumpchicago.org\/vi\/wp-json\/wp\/v2\/pages"}],"about":[{"href":"https:\/\/highjumpchicago.org\/vi\/wp-json\/wp\/v2\/types\/page"}],"author":[{"embeddable":true,"href":"https:\/\/highjumpchicago.org\/vi\/wp-json\/wp\/v2\/users\/8"}],"replies":[{"embeddable":true,"href":"https:\/\/highjumpchicago.org\/vi\/wp-json\/wp\/v2\/comments?post=1649"}],"version-history":[{"count":5,"href":"https:\/\/highjumpchicago.org\/vi\/wp-json\/wp\/v2\/pages\/1649\/revisions"}],"predecessor-version":[{"id":6213,"href":"https:\/\/highjumpchicago.org\/vi\/wp-json\/wp\/v2\/pages\/1649\/revisions\/6213"}],"up":[{"embeddable":true,"href":"https:\/\/highjumpchicago.org\/vi\/wp-json\/wp\/v2\/pages\/1588"}],"wp:attachment":[{"href":"https:\/\/highjumpchicago.org\/vi\/wp-json\/wp\/v2\/media?parent=1649"}],"curies":[{"name":"wp","href":"https:\/\/api.w.org\/{rel}","templated":true}]}}