{"id":1780,"date":"2019-09-24T20:16:48","date_gmt":"2019-09-25T01:16:48","guid":{"rendered":"https:\/\/d46e648428.nxcli.io\/?page_id=1780"},"modified":"2026-03-05T13:51:58","modified_gmt":"2026-03-05T19:51:58","slug":"sustaining-leaders-fund","status":"publish","type":"page","link":"https:\/\/highjumpchicago.org\/vi\/donate\/sustaining-leaders-fund\/","title":{"rendered":"Qu\u1ef9 duy tr\u00ec l\u00e3nh \u0111\u1ea1o"},"content":{"rendered":"<nav  aria-label=\"v\u1ee5n b\u00e1nh m\u00ec\"><ol itemscope itemtype=\"https:\/\/schema.org\/BreadcrumbList\"><li itemprop=\"itemListElement\" itemscope itemtype=\"https:\/\/schema.org\/ListItem\"><a itemscope itemtype=\"https:\/\/schema.org\/WebPage\" itemprop=\"item\" itemid=\"https:\/\/highjumpchicago.org\" href=\"https:\/\/highjumpchicago.org\/vi\/\">Nh\u00e0<\/a><meta itemprop=\"position\" content=\"1\"\/><\/li><li itemprop=\"itemListElement\" itemscope itemtype=\"https:\/\/schema.org\/ListItem\"><a itemscope itemtype=\"https:\/\/schema.org\/WebPage\" itemprop=\"item\" itemid=\"https:\/\/highjumpchicago.org\/donate\/\" href=\"https:\/\/highjumpchicago.org\/vi\/donate\/\">Quy\u00ean t\u1eb7ng<\/a><meta itemprop=\"position\" content=\"2\"\/><\/li><li aria-current=\"page\" itemprop=\"itemListElement\" itemscope itemtype=\"https:\/\/schema.org\/ListItem\">Qu\u1ef9 duy tr\u00ec l\u00e3nh \u0111\u1ea1o<meta itemprop=\"position\" content=\"3\"\/><\/li><\/ol><\/nav><h1>\n\t\t\tQu\u1ef9 L\u00e3nh \u0111\u1ea1o Duy tr\u00ec l\u00e0 m\u1ed9t nh\u00f3m c\u00e1c nh\u00e0 t\u00e0i tr\u1ee3 thi\u1ebft y\u1ebfu chuy\u00ean h\u1ed7 tr\u1ee3 s\u1ee9 m\u1ec7nh c\u1ee7a High Jump nh\u1eb1m b\u00ecnh \u0111\u1eb3ng h\u00f3a c\u00e1c c\u01a1 h\u1ed9i gi\u00e1o d\u1ee5c \u1edf Chicago.\t<\/h1>\n\t\t\t<a href=\"https:\/\/giving.classy.org\/campaign\/627693\/donate\"  target=\"_blank\" rel=\"noopener\">\n\t\t\t\t\t\t\t\u0110\u00f3ng g\u00f3p tr\u1ef1c tuy\u1ebfn\n\t\t\t\t\t<\/a>\n\t<h3>Tr\u1edf th\u00e0nh m\u1ed9t nh\u00e0 l\u00e3nh \u0111\u1ea1o b\u1ec1n v\u1eefng c\u00f3 ngh\u0129a l\u00e0:<\/h3>\n<ul>\n<li><strong>B\u1ea1n s\u1ebd h\u1ed7 tr\u1ee3 m\u1ed9t n\u0103m h\u1ecdc t\u1eadp c\u1ee7a m\u1ed9t h\u1ecdc gi\u1ea3<\/strong> v\u1edbi qu\u00e0 t\u1eeb $7500 tr\u1edf l\u00ean.<\/li>\n<li><strong>B\u1ea1n l\u00e0 tr\u1ee5 c\u1ed9t c\u1ee7a c\u1ed9ng \u0111\u1ed3ng Nh\u1ea3y Cao<\/strong>, \u0111\u1ea7u t\u01b0 s\u00e2u v\u00e0 l\u00e2u d\u00e0i v\u00e0o c\u1ed9ng \u0111\u1ed3ng c\u1ee7a b\u1ea1n \u1edf c\u1ea5p \u0111\u1ed9 c\u00e1 nh\u00e2n.<\/li>\n<li><a href=\"https:\/\/highjumpchicago.org\/vi\/the-essential-impact-of-the-sustaining-leaders-fund\/\"><strong><u>B\u1ea1n \u0111ang \u0111\u1ea3m b\u1ea3o r\u1eb1ng Nh\u1ea3y cao c\u00f3 th\u1ec3 ti\u1ebfp t\u1ee5c c\u00f3 t\u00e1c \u0111\u1ed9ng l\u00e2u d\u00e0i \u0111\u00e1ng kinh ng\u1ea1c<\/u><\/strong><\/a> cho th\u1ebf h\u1ec7 ti\u1ebfp theo, gi\u00fap thay \u0111\u1ed5i b\u1ed1i c\u1ea3nh gi\u00e1o d\u1ee5c c\u1ee7a Chicago.<\/li>\n<\/ul>\n\t\t\t\t\t<img decoding=\"async\" src=\"https:\/\/i.ytimg.com\/vi\/gSSJOJHRnV0\/maxresdefault.jpg\" alt=\"youtube-video-thumbnail\"\/>\n\t\t<h1>Nh\u1ea3y Cao c\u1ea7n s\u1ef1 h\u1ed7 tr\u1ee3 c\u1ee7a b\u1ea1n \u0111\u1ec3 ti\u1ebfp t\u1ee5c:<\/h1>\n\t\t<ul>\n<li><strong>L\u1edbn l\u00ean<\/strong> c\u00e1c h\u1ecdc gi\u1ea3 c\u1ee7a ch\u00fang t\u00f4i \u0111\u00e3 ph\u1ee5c v\u1ee5 trong c\u00e1c ch\u01b0\u01a1ng tr\u00ecnh c\u1ee7a ch\u00fang t\u00f4i t\u1edbi h\u01a1n 500 ng\u01b0\u1eddi h\u00e0ng n\u0103m l\u1ea7n \u0111\u1ea7u ti\u00ean<\/li>\n<li><strong>\u0110\u01b0a cho<\/strong> h\u1ecdc gi\u1ea3 h\u1ed7 tr\u1ee3 1-1 v\u1edbi c\u00e1c b\u00e1c s\u0129 s\u1ee9c kh\u1ecfe t\u00e2m th\u1ea7n \u0111\u1ec3 \u0111\u00e1p \u1ee9ng nhu c\u1ea7u ng\u00e0y c\u00e0ng t\u0103ng c\u1ee7a h\u1ecd<\/li>\n<li><strong>\u1ee6ng h\u1ed9<\/strong> nh\u1eefng gi\u00e1o vi\u00ean \u0111\u00e1ng kinh ng\u1ea1c c\u1ee7a ch\u00fang t\u00f4i b\u1eb1ng c\u00e1ch t\u0103ng l\u01b0\u01a1ng, ph\u00e1t tri\u1ec3n chuy\u00ean m\u00f4n v\u00e0 th\u1eddi gian l\u1eadp k\u1ebf ho\u1ea1ch<\/li>\n<li><strong>Cung c\u1ea5p<\/strong> m\u1ed7i h\u1ecdc sinh \u0111\u1ec1u c\u00f3 b\u1eefa \u0103n v\u00e0 m\u00e1y t\u00ednh x\u00e1ch tay khi chi ph\u00ed t\u0103ng v\u1ecdt do l\u1ea1m ph\u00e1t<\/li>\n<li><strong>Gi\u1eef High Jump mi\u1ec5n ph\u00ed h\u1ecdc ph\u00ed<\/strong> \u0111\u1ec3 trao quy\u1ec1n cho c\u00e1c h\u1ecdc gi\u1ea3 c\u1ee7a ch\u00fang t\u00f4i v\u1ea1ch ra con \u0111\u01b0\u1eddng d\u1eabn \u0111\u1ebfn th\u00e0nh c\u00f4ng c\u1ee7a ri\u00eang h\u1ecd<\/li>\n<\/ul>\n<p><b>H\u00e3y l\u00e0 m\u1ed9t nh\u00e0 l\u00e3nh \u0111\u1ea1o duy tr\u00ec. <\/b>Li\u00ean h\u1ec7 v\u1edbi Molly Gilbride, Gi\u00e1m \u0111\u1ed1c Ph\u00e1t tri\u1ec3n, t\u1ea1i <a href=\"mailto:mgilbride@highjumpchicago.org\"><u>mgilbride@highjumpchicago.org<\/u><\/a> \u0111\u1ec3 t\u1eb7ng qu\u00e0 ho\u1eb7c quy\u00ean g\u00f3p tr\u1ef1c tuy\u1ebfn b\u1eb1ng c\u00e1ch s\u1eed d\u1ee5ng n\u00fat b\u00ean d\u01b0\u1edbi.<\/p>\n\t\t\t<a href=\"https:\/\/giving.classy.org\/campaign\/627693\/donate\"  target=\"_self\">\n\t\t\t\t\t\t\t\u0110\u00f3ng g\u00f3p tr\u1ef1c tuy\u1ebfn\n\t\t\t\t\t<\/a>\n\t<h3>B\u1eefa tr\u01b0a c\u1ee7a Qu\u1ef9 L\u00e3nh \u0111\u1ea1o Duy tr\u00ec<\/h3>\n<h3><em>Tr\u01b0\u1eddng c\u00f4ng l\u1eadp Chicago: Th\u00f4ng tin chi ti\u1ebft v\u00e0 ph\u00e2n t\u00edch hi\u1ec7n t\u1ea1i<\/em><\/h3>\n\t<p>B\u1eefa tr\u01b0a Qu\u1ef9 L\u00e3nh \u0111\u1ea1o B\u1ec1n v\u1eefng n\u0103m 2025 c\u1ee7a ch\u00fang t\u00f4i c\u00f3 s\u1ef1 g\u00f3p m\u1eb7t c\u1ee7a c\u00e1c di\u1ec5n gi\u1ea3 kh\u00e1ch m\u1eddi Becky Vevea, Tr\u01b0\u1edfng v\u0103n ph\u00f2ng Chalkbeat t\u1ea1i Chicago, v\u00e0 Daniel Anello, Gi\u00e1m \u0111\u1ed1c \u0111i\u1ec1u h\u00e0nh c\u1ee7a Kids First Chicago, nh\u1eefng ng\u01b0\u1eddi \u0111\u00e3 chia s\u1ebb nh\u1eefng hi\u1ec3u bi\u1ebft s\u00e2u s\u1eafc c\u1ee7a h\u1ecd trong cu\u1ed9c tr\u00f2 chuy\u1ec7n v\u1edbi ch\u00fang t\u00f4i.<\/p>\n<p>Cu\u1ed9c th\u1ea3o lu\u1eadn c\u1ee7a ch\u00fang t\u00f4i \u0111\u1ec1 c\u1eadp \u0111\u1ebfn l\u1ecbch s\u1eed c\u1ee7a CPS, t\u00e1c \u0111\u1ed9ng c\u1ee7a l\u1ecbch s\u1eed \u0111\u1ed1i v\u1edbi CPS ng\u00e0y nay, nh\u1eefng th\u00e1ch th\u1ee9c th\u01b0\u1eddng \u0111\u01b0\u1ee3c nh\u1eafc \u0111\u1ebfn m\u00e0 qu\u1eadn \u0111\u00e3 v\u00e0 s\u1ebd ph\u1ea3i \u0111\u1ed1i m\u1eb7t, nh\u1eefng th\u00e0nh c\u00f4ng \u00edt \u0111\u01b0\u1ee3c nh\u1eafc \u0111\u1ebfn c\u1ee7a qu\u1eadn trong nh\u1eefng n\u0103m qua v\u00e0 c\u00e1c c\u01a1 h\u1ed9i \u0111\u1ec3 ti\u1ebfp t\u1ee5c c\u1ea3i thi\u1ec7n nh\u1eb1m ph\u1ee5c v\u1ee5 v\u00e0 \u0111\u00e1p \u1ee9ng t\u1ed1t h\u01a1n nhu c\u1ea7u c\u1ee7a c\u00e1c h\u1ecdc gi\u1ea3 tr\u1ebb trong th\u00e0nh ph\u1ed1 c\u1ee7a ch\u00fang ta.<\/p>\n<h5>Daniel Anello v\u00e0 Becky Vevea \u0111\u00e3 chia s\u1ebb suy ngh\u0129 c\u1ee7a h\u1ecd v\u1ec1 vi\u1ec7c cung c\u1ea5p cho ph\u1ee5 huynh nh\u1eefng th\u00f4ng tin h\u1ecd c\u1ea7n \u0111\u1ec3 h\u1ed7 tr\u1ee3 t\u1ed1t nh\u1ea5t cho con em m\u00ecnh v\u00e0 h\u1ee3p t\u00e1c v\u1edbi H\u1ed9i \u0111\u1ed3ng tr\u01b0\u1eddng h\u1ecdc m\u1edbi c\u1ee7a Chicago.<\/h5>\n<figure itemscope itemtype=\"https:\/\/schema.org\/ImageObject\">\n\t\t\t\t<img decoding=\"async\" src=\"https:\/\/highjumpchicago.org\/wp-content\/uploads\/2025\/07\/FY25-SLF-Luncheon-05-1024x768.jpg\" alt=\"FY25 SLF Luncheon 05\" height=\"768\" width=\"1024\" title=\"B\u1eefa tr\u01b0a SLF n\u0103m t\u00e0i ch\u00ednh 2025 05\" onerror=\"this.style.display='none'\" loading=\"lazy\" \/>\n\t<\/figure>\n\t<h3>Tham gia Qu\u1ef9 h\u1ed7 tr\u1ee3 c\u00e1c nh\u00e0 l\u00e3nh \u0111\u1ea1o v\u00e0 nh\u1eadn \u0111\u01b0\u1ee3c nh\u1eefng l\u1ee3i \u00edch sau:<\/h3>\n<ul>\n<li><strong>L\u1eddi m\u1eddi<\/strong> \u0111\u1ed9c quy\u1ec1n <em>Ti\u1ec7c tr\u01b0a tri \u00e2n c\u00e1c nh\u00e0 t\u00e0i tr\u1ee3 c\u1ee7a c\u00e1c nh\u00e0 l\u00e3nh \u0111\u1ea1o duy tr\u00ec<\/em> c\u00f3 ti\u1ebfng n\u00f3i truy\u1ec1n c\u1ea3m trong c\u1ed9ng \u0111\u1ed3ng Chicago. C\u00e1c di\u1ec5n gi\u1ea3 tr\u01b0\u1edbc \u0111\u00e2y bao g\u1ed3m C\u1ef1u B\u1ed9 tr\u01b0\u1edfng Gi\u00e1o d\u1ee5c Hoa K\u1ef3 Arne Duncan, nh\u00e0 l\u00e0m phim t\u00e0i li\u1ec7u \u1edf Chicago v\u00e0 gi\u00e1m \u0111\u1ed1c c\u1ee7a<em> gi\u1ea5c m\u01a1 hoop<\/em> v\u00e0 <em>M\u1ef9 v\u1edbi t\u00f4i<\/em> Steve James, v\u00e0 c\u1ef1u Gi\u00e1m \u0111\u1ed1c \u0111i\u1ec1u h\u00e0nh c\u1ee7a Tr\u01b0\u1eddng C\u00f4ng l\u1eadp Chicago Janice Jackson.<\/li>\n<li><strong>S\u1ef1 c\u00f4ng nh\u1eadn<\/strong> t\u1ea1i High Jump&#039;s <em>M\u00f9a Xu\u00e2n C\u01a1 H\u1ed9i Quy\u1ec1n L\u1ee3i<\/em>, trang web High Jump, b\u00e1o c\u00e1o th\u01b0\u1eddng ni\u00ean c\u1ee7a ch\u00fang t\u00f4i v\u00e0 nhi\u1ec1u th\u00f4ng tin kh\u00e1c.<\/li>\n<li><b>Th\u00f4ng tin li\u00ean l\u1ea1c \u0111\u1eb7c bi\u1ec7t<\/b> t\u1eeb CEO Nate Pietrini<\/li>\n<li><strong>M\u1ed9t v\u1eadt k\u1ef7 ni\u1ec7m h\u00e0ng n\u0103m c\u1ee7a s\u1ef1 tr\u00e2n tr\u1ecdng c\u1ee7a ch\u00fang t\u00f4i<\/strong><\/li>\n<\/ul>\n<h1>\n\t\t\tB\u00e1o c\u00e1o th\u01b0\u1eddng ni\u00ean v\u1ec1 Nh\u1ea3y cao\t<\/h1>\n\t<div class=\"_df_book df-lite\" id=\"df_130391\"  _slug=\"high-jump-annual-report\" data-title=\"high-jump-annual-report-2023-2024\" wpoptions=\"true\" thumb=\"https:\/\/highjumpchicago.org\/wp-content\/uploads\/2025\/10\/Thumbnail-High-Jump-Annual-Report-2023-2024_Page_01.jpg\" thumbtype=\"\" ><\/div><script class=\"df-shortcode-script\" nowprocket type=\"application\/javascript\">window.option_df_130391 = {\"outline\":[],\"backgroundColor\":\"#2cafa4\",\"autoEnableOutline\":\"false\",\"autoEnableThumbnail\":\"false\",\"overwritePDFOutline\":\"false\",\"direction\":\"1\",\"pageSize\":\"0\",\"source\":\"https:\\\/\\\/highjumpchicago.org\\\/wp-content\\\/uploads\\\/2025\\\/10\\\/High-Jump-Annual-Report-2023-2024.pdf\",\"wpOptions\":\"true\"}; if(window.DFLIP && window.DFLIP.parseBooks){window.DFLIP.parseBooks();}<\/script>\n\t<h2 id=\"members\">High Jump xin c\u1ea3m \u01a1n c\u00e1c th\u00e0nh vi\u00ean c\u1ee7a Qu\u1ef9 Sustaining Leaders \u0111\u00e3 cung c\u1ea5p qu\u1ef9 h\u00e0ng n\u0103m kh\u00f4ng gi\u1edbi h\u1ea1n qu\u00e0 t\u1eb7ng h\u01a1n $7,500.<\/h2>\n\tV\u00f4 danh<br \/>\nNavneet Arora v\u00e0 Lori Eppstein<br \/>\nKatie v\u00e0 Chris Th\u1ee3 c\u1eaft t\u00f3c<br \/>\nCarol Bernstein Eckstein v\u00e0 Marty Eckstein<br \/>\nShanelle N\u00e2u<br \/>\nJohn v\u00e0 Jacolyn Bucksbaum<br \/>\nSally B. Th\u00f9ng v\u00e0 John Th\u00f9ng<br \/>\nChristopher v\u00e0 Elisa Cartwright<br \/>\nErica v\u00e0 Krishnan Chandrasekhar<br \/>\nJymme v\u00e0 Steve Chaouki<br \/>\nLauren v\u00e0 David Chazen<br \/>\nSarah v\u00e0 John Cobb<br \/>\nVincent Cozi<br \/>\nV\u01b0\u01a1ng mi\u1ec7n Paula v\u00e0 Gia \u0111\u00ecnh V\u01b0\u01a1ng mi\u1ec7n<br \/>\nKaren v\u00e0 Arne Duncan<br \/>\nLauren v\u00e0 Micheal Erdin<br \/>\nJenny Friedes v\u00e0 Steve Florsheim<br \/>\nPaula v\u00e0 Tim Friedman<br \/>\nLara Frohlich v\u00e0 John Bremen<br \/>\nJock Fullmer v\u00e0 Qu\u1ef9 ni\u1ec1m vui gia \u0111\u00ecnh Fullmer<br \/>\nArla v\u00e0 Joel Gomberg<br \/>\nQu\u1ef9 Gia \u0111\u00ecnh Michael v\u00e0 Pamela Gordon<br \/>\nBarbara Goodman Manilow<br \/>\nBrian v\u00e0 Christina Greviskes<br \/>\nGia \u0111\u00ecnh Grodnick<br \/>\nAlison v\u00e0 Tom Hafner<br \/>\nDavid Herro v\u00e0 Jay Franke<br \/>\nMariana v\u00e0 Paul Ingersoll<br \/>\nGeorge Jasinski<br \/>\nKrissan v\u00e0 John Jennings, Lena v\u00e0 Andrew Jessen<br \/>\nL\u00fd Ti\u1ec3u Long v\u00e0 Marcia Johnson-Reid<br \/>\nLori v\u00e0 Stephen Kaufman<br \/>\nMichael v\u00e0 Rosalind Keizer<br \/>\nPriscilla v\u00e0 Steven Kersten<br \/>\nTi\u1ebfn s\u0129 Erik v\u00e0 Adrienne King<br \/>\nCatharyn Cutright v\u00e0 Randall W. Larrimore<br \/>\nJohn v\u00e0 Jill Levi<br \/>\nPeggy v\u00e0 Yung Bong Lim<br \/>\nAmi v\u00e0 Eric Liu<br \/>\nNichole Lopez-Tackett v\u00e0 Jaron Parry-Tackett<br \/>\nKim Lynch<br \/>\nKerrie Maloney Laytin<br \/>\nNicole v\u00e0 Brad Mann<br \/>\nJoe Mansueto v\u00e0 Rika Yoshida<br \/>\nMatthew D. Ngh\u0129a<br \/>\nLiz v\u00e0 Constantine Mihas<br \/>\nDara v\u00e0 Ross Milner<br \/>\nJames Mitchell<br \/>\nAmy v\u00e0 Jay Novak<br \/>\nCindy v\u00e0 Michael O&#039;Connor<br \/>\nGeorgy Ann v\u00e0 William Peluchiwski<br \/>\nAbby v\u00e0 Mason Phelps<br \/>\nScott v\u00e0 Laurie Rose<br \/>\nJalen Ross v\u00e0 Elizabeth LaBossiere<br \/>\nDiane Saltoun v\u00e0 Bruce Braun<br \/>\nQu\u1ef9 Smart Family Foundation c\u1ee7a Illinois t\u1ea1i Qu\u1ef9 c\u1ed9ng \u0111\u1ed3ng Chicago<br \/>\nKatrina Veerhusen v\u00e0 Hugh R. McCombs<br \/>\n\u0111\u00e1 sara<br \/>\nPeg Zerega","protected":false},"excerpt":{"rendered":"<p>Home Donate Qu\u1ef9 duy tr\u00ec c\u00e1c nh\u00e0 l\u00e3nh \u0111\u1ea1o Qu\u1ef9 c\u00e1c nh\u00e0 l\u00e3nh \u0111\u1ea1o duy tr\u00ec l\u00e0 m\u1ed9t nh\u00f3m c\u00e1c nh\u00e0 t\u00e0i tr\u1ee3 thi\u1ebft y\u1ebfu chuy\u00ean h\u1ed7 tr\u1ee3 s\u1ee9 m\u1ec7nh c\u1ee7a High Jump nh\u1eb1m b\u00ecnh \u0111\u1eb3ng h\u00f3a c\u00e1c c\u01a1 h\u1ed9i gi\u00e1o d\u1ee5c \u1edf Chicago. \u0110\u00f3ng g\u00f3p tr\u1ef1c tuy\u1ebfn Tr\u1edf th\u00e0nh Nh\u00e0 l\u00e3nh \u0111\u1ea1o b\u1ec1n v\u1eefng c\u00f3 ngh\u0129a l\u00e0: B\u1ea1n s\u1ebd h\u1ed7 tr\u1ee3 m\u1ed9t n\u0103m h\u1ecdc t\u1eadp c\u1ee7a h\u1ecdc sinh v\u1edbi m\u00f3n qu\u00e0 t\u1eeb $7.500 tr\u1edf l\u00ean. B\u1ea1n l\u00e0 tr\u1ee5 c\u1ed9t c\u1ee7a\u2026<\/p>","protected":false},"author":8,"featured_media":0,"parent":2056,"menu_order":0,"comment_status":"closed","ping_status":"closed","template":"","meta":{"_seopress_robots_primary_cat":"","_seopress_titles_title":"","_seopress_titles_desc":"","_seopress_robots_index":"","inline_featured_image":false,"footnotes":""},"class_list":["post-1780","page","type-page","status-publish","hentry"],"_links":{"self":[{"href":"https:\/\/highjumpchicago.org\/vi\/wp-json\/wp\/v2\/pages\/1780","targetHints":{"allow":["GET"]}}],"collection":[{"href":"https:\/\/highjumpchicago.org\/vi\/wp-json\/wp\/v2\/pages"}],"about":[{"href":"https:\/\/highjumpchicago.org\/vi\/wp-json\/wp\/v2\/types\/page"}],"author":[{"embeddable":true,"href":"https:\/\/highjumpchicago.org\/vi\/wp-json\/wp\/v2\/users\/8"}],"replies":[{"embeddable":true,"href":"https:\/\/highjumpchicago.org\/vi\/wp-json\/wp\/v2\/comments?post=1780"}],"version-history":[{"count":10,"href":"https:\/\/highjumpchicago.org\/vi\/wp-json\/wp\/v2\/pages\/1780\/revisions"}],"predecessor-version":[{"id":175695,"href":"https:\/\/highjumpchicago.org\/vi\/wp-json\/wp\/v2\/pages\/1780\/revisions\/175695"}],"up":[{"embeddable":true,"href":"https:\/\/highjumpchicago.org\/vi\/wp-json\/wp\/v2\/pages\/2056"}],"wp:attachment":[{"href":"https:\/\/highjumpchicago.org\/vi\/wp-json\/wp\/v2\/media?parent=1780"}],"curies":[{"name":"wp","href":"https:\/\/api.w.org\/{rel}","templated":true}]}}