{"id":19451,"date":"2023-09-14T15:46:26","date_gmt":"2023-09-14T20:46:26","guid":{"rendered":"https:\/\/highjumpchicago.org\/?page_id=19451"},"modified":"2024-12-11T15:15:34","modified_gmt":"2024-12-11T21:15:34","slug":"annual-report","status":"publish","type":"page","link":"https:\/\/highjumpchicago.org\/vi\/annual-report\/","title":{"rendered":"B\u00e1o c\u00e1o h\u00e0ng n\u0103m"},"content":{"rendered":"<h1>\n\t\tB\u00e1o c\u00e1o th\u01b0\u1eddng ni\u00ean v\u1ec1 Nh\u1ea3y cao\n\t<\/h1>\n\t<div class=\"_df_book df-lite\" id=\"df_60754\"  _slug=\"high-jump-annual-report-2021-2022-2\" data-title=\"high-jump-annual-report-2022-2023\" wpoptions=\"true\" thumbtype=\"\" ><\/div><script class=\"df-shortcode-script\" nowprocket type=\"application\/javascript\">window.option_df_60754 = {\"outline\":[],\"backgroundColor\":\"#2cafa4\",\"autoEnableOutline\":\"false\",\"autoEnableThumbnail\":\"false\",\"overwritePDFOutline\":\"false\",\"direction\":\"1\",\"pageSize\":\"0\",\"source\":\"https:\\\/\\\/highjumpchicago.org\\\/wp-content\\\/uploads\\\/2024\\\/11\\\/High-Jump-Annual-Report-2022-2023.pdf\",\"wpOptions\":\"true\"}; if(window.DFLIP && window.DFLIP.parseBooks){window.DFLIP.parseBooks();}<\/script>\n\t\t\t<a href=\"https:\/\/highjumpchicago.org\/wp-content\/uploads\/2024\/01\/High-Jump-Donation-Options-FY24.pdf\" target=\"_blank\" rel=\"noopener\">\n\t\t\t\t\t\t\tB\u1ea5m v\u00e0o \u0111\u00e2y \u0111\u1ec3 bi\u1ebft C\u00c1CH QUY\u00caN G\u00d3P cho Nh\u1ea3y cao\n\t\t\t\t\t<\/a>\n<h1>\n\t\tTh\u00f4ng tin th\u00eam v\u1ec1 c\u00f4ng vi\u1ec7c ch\u00fang t\u00f4i l\u00e0m \u0111\u1ec3 h\u1ed7 tr\u1ee3 c\u00e1c h\u1ecdc gi\u1ea3\n\t<\/h1>\n\t\t\t<h5>B\u00e1o c\u00e1o h\u00e0ng n\u0103m<\/h5><h3>2021-2022<\/h3>\t\t\n\t\t\t\t<img decoding=\"async\" src=\"https:\/\/highjumpchicago.org\/wp-content\/uploads\/2022\/09\/AR-21-22-Cover-211x300.jpg\" alt=\"Screenshot\" title=\"\u1ea2nh ch\u1ee5p m\u00e0n h\u00ecnh\" itemprop=\"image\"\/>\n\t\t\t<a href=\"https:\/\/highjumpchicago.org\/wp-content\/uploads\/2023\/08\/High-Jump-Annual-Report-2021-2022.pdf\" title=\"Nh\u1ea5p v\u00e0o \u0111\u00e2y\" target=\"_blank\" rel=\"noopener\"  role=\"button\" aria-label=\"\">\n\t\t<\/a>\n\t\t\t<h5>B\u00e1o c\u00e1o h\u00e0ng n\u0103m<\/h5><h3>2017-2018<\/h3>\t\t\n\t\t\t\t<img decoding=\"async\" src=\"https:\/\/highjumpchicago.org\/wp-content\/uploads\/2020\/10\/HJ_AnnualReport17-18-1.jpg\" alt=\"HJ_AnnualReport17-18-1\" title=\"HJ_B\u00e1o c\u00e1o th\u01b0\u1eddng ni\u00ean17-18-1\" itemprop=\"image\"\/>\n\t\t\t<a href=\"https:\/\/highjumpchicago.org\/wp-content\/uploads\/2019\/03\/HJ_AnnualReport17-18-1.pdf\" title=\"Nh\u1ea5p v\u00e0o \u0111\u00e2y\" target=\"_blank\" rel=\"noopener\"  role=\"button\" aria-label=\"\">\n\t\t<\/a>\n\t\t\t<h5>B\u00e1o c\u00e1o h\u00e0ng n\u0103m<\/h5><h3>2016-2017<\/h3>\t\t\n\t\t\t\t<img decoding=\"async\" src=\"https:\/\/highjumpchicago.org\/wp-content\/uploads\/2020\/10\/HJ_AnnualReport16-17.jpg\" alt=\"HJ_AnnualReport16-17\" title=\"HJ_B\u00e1o c\u00e1o th\u01b0\u1eddng ni\u00ean16-17\" itemprop=\"image\"\/>\n\t\t\t<a href=\"https:\/\/highjumpchicago.org\/wp-content\/uploads\/2018\/11\/HJ_AnnualReport16-17.pdf\" title=\"Nh\u1ea5p v\u00e0o \u0111\u00e2y\" target=\"_blank\" rel=\"noopener\"  role=\"button\" aria-label=\"\">\n\t\t<\/a>\n\t\t\t<h5>B\u00e1o c\u00e1o h\u00e0ng n\u0103m<\/h5><h3>2015-2016<\/h3>\t\t\n\t\t\t\t<img decoding=\"async\" src=\"https:\/\/highjumpchicago.org\/wp-content\/uploads\/2020\/10\/HJ_AnnualReport15-16.jpg\" alt=\"HJ_AnnualReport15-16\" title=\"HJ_B\u00e1o c\u00e1o th\u01b0\u1eddng ni\u00ean15-16\" itemprop=\"image\"\/>\n\t\t\t<a href=\"https:\/\/highjumpchicago.org\/wp-content\/uploads\/2018\/11\/HJ_AnnualReport15-16.pdf\" title=\"Nh\u1ea5p v\u00e0o \u0111\u00e2y\" target=\"_blank\" rel=\"noopener\"  role=\"button\" aria-label=\"\">\n\t\t<\/a>\n\t\t\t<h5>B\u00e1o c\u00e1o h\u00e0ng n\u0103m<\/h5><h3>2014-2015<\/h3>\t\t\n\t\t\t\t<img decoding=\"async\" src=\"https:\/\/highjumpchicago.org\/wp-content\/uploads\/2020\/10\/HJ_AnnualReport-14-15.jpg\" alt=\"HJ_AnnualReport 14-15\" title=\"HJ_B\u00e1o c\u00e1o th\u01b0\u1eddng ni\u00ean 14-15\" itemprop=\"image\"\/>\n\t\t\t<a href=\"https:\/\/issuu.com\/highjumpchicago\/docs\/hj_annualreport_2014_2015\" title=\"Nh\u1ea5p v\u00e0o \u0111\u00e2y\" target=\"_blank\" rel=\"noopener\"  role=\"button\" aria-label=\"\">\n\t\t<\/a>\n\t\t\t<h5>B\u00e1o c\u00e1o h\u00e0ng n\u0103m<\/h5><h3>2013-2014<\/h3>\t\t\n\t\t\t\t<img decoding=\"async\" src=\"https:\/\/highjumpchicago.org\/wp-content\/uploads\/2020\/10\/HJ_AnnualReport-13-14.jpg\" alt=\"HJ_AnnualReport 13-14\" title=\"HJ_B\u00e1o c\u00e1o th\u01b0\u1eddng ni\u00ean 13-14\" itemprop=\"image\"\/>\n\t\t\t<a href=\"https:\/\/issuu.com\/highjumpchicago\/docs\/hj_annualreport13-14_webfinal\" title=\"Nh\u1ea5p v\u00e0o \u0111\u00e2y\" target=\"_blank\" rel=\"noopener\"  role=\"button\" aria-label=\"\">\n\t\t<\/a>\n\t\t\t<h5>B\u00e1o c\u00e1o h\u00e0ng n\u0103m<\/h5><h3>2012-2013<\/h3>\t\t\n\t\t\t\t<img decoding=\"async\" src=\"https:\/\/highjumpchicago.org\/wp-content\/uploads\/2020\/10\/HJ_AnnualReport-12-13.jpg\" alt=\"HJ_AnnualReport 12-13\" title=\"HJ_B\u00e1o c\u00e1o th\u01b0\u1eddng ni\u00ean 13-12\" itemprop=\"image\"\/>\n\t\t\t<a href=\"https:\/\/issuu.com\/highjumpchicago\/docs\/hj-ar12-13_web\" title=\"Nh\u1ea5p v\u00e0o \u0111\u00e2y\" target=\"_blank\" rel=\"noopener\"  role=\"button\" aria-label=\"\">\n\t\t<\/a>\n\t\t\t<h5>B\u00e1o c\u00e1o h\u00e0ng n\u0103m<\/h5><h3>2011-2012<\/h3>\t\t\n\t\t\t\t<img decoding=\"async\" src=\"https:\/\/highjumpchicago.org\/wp-content\/uploads\/2020\/10\/HighJumpAR11-12.jpg\" alt=\"HighJumpAR11-12\" title=\"Nh\u1ea3y caoAR11-12\" itemprop=\"image\"\/>\n\t\t\t<a href=\"https:\/\/highjumpchicago.org\/wp-content\/uploads\/2020\/10\/HighJumpAR11-12.pdf\" title=\"Nh\u1ea5p v\u00e0o \u0111\u00e2y\" target=\"_blank\" rel=\"noopener\"  role=\"button\" aria-label=\"\">\n\t\t<\/a>","protected":false},"excerpt":{"rendered":"<p>B\u00e1o c\u00e1o th\u01b0\u1eddng ni\u00ean v\u1ec1 Nh\u1ea3y cao Nh\u1ea5p v\u00e0o \u0111\u00e2y \u0111\u1ec3 bi\u1ebft C\u00c1CH QUY\u00caN G\u00d3P cho Nh\u1ea3y cao T\u00ecm hi\u1ec3u th\u00eam v\u1ec1 c\u00f4ng vi\u1ec7c ch\u00fang t\u00f4i l\u00e0m \u0111\u1ec3 h\u1ed7 tr\u1ee3 h\u1ecdc gi\u1ea3 B\u00e1o c\u00e1o th\u01b0\u1eddng ni\u00ean 2021-2022 B\u00e1o c\u00e1o th\u01b0\u1eddng ni\u00ean 2017-2018 B\u00e1o c\u00e1o th\u01b0\u1eddng ni\u00ean 2016-2017 B\u00e1o c\u00e1o th\u01b0\u1eddng ni\u00ean 2015-2016 B\u00e1o c\u00e1o th\u01b0\u1eddng ni\u00ean 2014-2015 B\u00e1o c\u00e1o th\u01b0\u1eddng ni\u00ean 2013-2014 B\u00e1o c\u00e1o th\u01b0\u1eddng ni\u00ean 2012-2013 B\u00e1o c\u00e1o th\u01b0\u1eddng ni\u00ean 2011-2012<\/p>","protected":false},"author":7,"featured_media":0,"parent":0,"menu_order":0,"comment_status":"closed","ping_status":"closed","template":"","meta":{"_seopress_robots_primary_cat":"","_seopress_titles_title":"","_seopress_titles_desc":"","_seopress_robots_index":"","inline_featured_image":false,"footnotes":""},"class_list":["post-19451","page","type-page","status-publish","hentry"],"_links":{"self":[{"href":"https:\/\/highjumpchicago.org\/vi\/wp-json\/wp\/v2\/pages\/19451","targetHints":{"allow":["GET"]}}],"collection":[{"href":"https:\/\/highjumpchicago.org\/vi\/wp-json\/wp\/v2\/pages"}],"about":[{"href":"https:\/\/highjumpchicago.org\/vi\/wp-json\/wp\/v2\/types\/page"}],"author":[{"embeddable":true,"href":"https:\/\/highjumpchicago.org\/vi\/wp-json\/wp\/v2\/users\/7"}],"replies":[{"embeddable":true,"href":"https:\/\/highjumpchicago.org\/vi\/wp-json\/wp\/v2\/comments?post=19451"}],"version-history":[{"count":5,"href":"https:\/\/highjumpchicago.org\/vi\/wp-json\/wp\/v2\/pages\/19451\/revisions"}],"predecessor-version":[{"id":69757,"href":"https:\/\/highjumpchicago.org\/vi\/wp-json\/wp\/v2\/pages\/19451\/revisions\/69757"}],"wp:attachment":[{"href":"https:\/\/highjumpchicago.org\/vi\/wp-json\/wp\/v2\/media?parent=19451"}],"curies":[{"name":"wp","href":"https:\/\/api.w.org\/{rel}","templated":true}]}}