{"id":1955,"date":"2019-12-12T19:45:39","date_gmt":"2019-12-13T01:45:39","guid":{"rendered":"https:\/\/d46e648428.nxcli.io\/?page_id=1955"},"modified":"2025-10-02T16:31:45","modified_gmt":"2025-10-02T21:31:45","slug":"ways-to-donate","status":"publish","type":"page","link":"https:\/\/highjumpchicago.org\/vi\/donate\/ways-to-donate\/","title":{"rendered":"C\u00e1ch quy\u00ean g\u00f3p"},"content":{"rendered":"<nav  aria-label=\"v\u1ee5n b\u00e1nh m\u00ec\"><ol itemscope itemtype=\"https:\/\/schema.org\/BreadcrumbList\"><li itemprop=\"itemListElement\" itemscope itemtype=\"https:\/\/schema.org\/ListItem\"><a itemscope itemtype=\"https:\/\/schema.org\/WebPage\" itemprop=\"item\" itemid=\"https:\/\/highjumpchicago.org\" href=\"https:\/\/highjumpchicago.org\/vi\/\">Nh\u00e0<\/a><meta itemprop=\"position\" content=\"1\"\/><\/li><li itemprop=\"itemListElement\" itemscope itemtype=\"https:\/\/schema.org\/ListItem\"><a itemscope itemtype=\"https:\/\/schema.org\/WebPage\" itemprop=\"item\" itemid=\"https:\/\/highjumpchicago.org\/donate\/\" href=\"https:\/\/highjumpchicago.org\/vi\/donate\/\">Quy\u00ean t\u1eb7ng<\/a><meta itemprop=\"position\" content=\"2\"\/><\/li><li aria-current=\"page\" itemprop=\"itemListElement\" itemscope itemtype=\"https:\/\/schema.org\/ListItem\">C\u00e1ch quy\u00ean g\u00f3p<meta itemprop=\"position\" content=\"3\"\/><\/li><\/ol><\/nav>\n\t\t\t\t<img decoding=\"async\" src=\"https:\/\/highjumpchicago.org\/wp-content\/uploads\/2024\/04\/Science-Lab-Students.jpg\" alt=\"Science Lab Students\" itemprop=\"image\" height=\"1365\" width=\"2048\" title=\"H\u1ecdc sinh ph\u00f2ng th\u00ed nghi\u1ec7m khoa h\u1ecdc\" onerror=\"this.style.display='none'\" loading=\"lazy\" \/>\n<h2>\n\t\t\tquy\u00ean g\u00f3p\t<\/h2>\n\t<p><strong>Tham gia c\u1ed9ng \u0111\u1ed3ng nh\u1eefng ng\u01b0\u1eddi \u1ee7ng h\u1ed9 c\u1ee7a ch\u00fang t\u00f4i<\/strong> v\u00e0 \u0111\u1ea7u t\u01b0 v\u00e0o H\u1ecdc gi\u1ea3 tr\u00ean quy m\u00f4 c\u00e1 nh\u00e2n.<\/p>\n\t\t\t<a href=\"?campaign=524397\" target=\"_self\">\n\t\t\t\t\t\t\tQUY\u00caN G\u00d3P NGAY B\u00c2Y GI\u1edc\n\t\t\t\t\t<\/a>\n\t\t\t<a href=\"https:\/\/highjumpchicago.org\/wp-content\/uploads\/2025\/07\/High-Jump-Donation-Options-FY26.pdf\" target=\"_blank\" rel=\"noopener\">\n\t\t\t\t\t\t\tB\u1ea5m v\u00e0o \u0111\u00e2y \u0111\u1ec3 bi\u1ebft C\u00c1CH QUY\u00caN G\u00d3P cho Nh\u1ea3y cao\n\t\t\t\t\t<\/a>\n\t\t\t<a href=\"https:\/\/www.charitynavigator.org\/donor-basics\/giving-101\/employee-match-programs\/#:~:text=See%20if%20your%20employer%20will%20match%20your%20donation!\" target=\"_blank\" rel=\"noopener\">\n\t\t\t\t\t\t\tLi\u1ec7u ch\u1ee7 lao \u0111\u1ed9ng c\u1ee7a t\u00f4i c\u00f3 \u0110\u00c1P \u1ee8NG kho\u1ea3n quy\u00ean g\u00f3p c\u1ee7a t\u00f4i kh\u00f4ng? Nh\u1ea5p v\u00e0o \u0111\u00e2y \u0111\u1ec3 t\u00ecm hi\u1ec3u tr\u00ean Charity Navigator.\n\t\t\t\t\t<\/a>\n<h2  id=\"daf-anchor\">\n\t\t\tQu\u1ef9 do nh\u00e0 t\u00e0i tr\u1ee3 t\u01b0 v\u1ea5n gi\u00fap vi\u1ec7c quy\u00ean g\u00f3p tr\u1edf n\u00ean d\u1ec5 d\u00e0ng v\u00e0 c\u00f3 ch\u1ee7 \u0111\u00edch.\t<\/h2>\n\t<strong>B\u1eb1ng c\u00e1ch ch\u1ecdn High Jump, b\u1ea1n \u0111ang \u0111\u1ea7u t\u01b0 tr\u1ef1c ti\u1ebfp v\u00e0o t\u01b0\u01a1ng lai c\u1ee7a c\u00e1c h\u1ecdc gi\u1ea3 c\u1ee7a ch\u00fang t\u00f4i<\/strong>- \u0111\u1ea3m b\u1ea3o r\u1eb1ng h\u1ecd c\u00f3 c\u00e1c c\u00f4ng c\u1ee5 h\u1ecdc t\u1eadp, s\u1ef1 h\u01b0\u1edbng d\u1eabn v\u00e0 c\u01a1 h\u1ed9i \u0111\u1ec3 th\u00e0nh c\u00f4ng \u1edf tr\u01b0\u1eddng trung h\u1ecdc, \u0111\u1ea1i h\u1ecdc v\u00e0 xa h\u01a1n n\u1eefa.\n\t\t\t\t<img decoding=\"async\" src=\"https:\/\/highjumpchicago.org\/wp-content\/uploads\/2025\/06\/HighJump_MovingUpCeremony2025_0117-3236.jpg\" alt=\"HighJump_MovingUpCeremony2025_0117-3236\" itemprop=\"image\" height=\"1365\" width=\"2048\" title=\"L\u1ec5 Nh\u1ea3y Cao_Di Chuy\u1ec3n L\u00ean2025_0117-3236\" onerror=\"this.style.display='none'\" loading=\"lazy\" \/>\n\t\t\t\t<img decoding=\"async\" src=\"https:\/\/highjumpchicago.org\/wp-content\/uploads\/2022\/01\/LRP_9744.jpg\" alt=\"LRP_9744\" itemprop=\"image\" height=\"1365\" width=\"2048\" title=\"LRP_9744\" onerror=\"this.style.display='none'\" loading=\"lazy\" \/>\n\t<h3>\n\t\t\t\tT\u00e0i tr\u1ee3 Quy\u1ec1n l\u1ee3i C\u01a1 h\u1ed9i M\u00f9a xu\u00e2n c\u1ee7a ch\u00fang t\u00f4i\n\t\t\t<\/h3>\n\t<p><b>\u0110\u00f3ng g\u00f3p l\u1edbn h\u01a1n, t\u1ea1o ra t\u00e1c \u0111\u1ed9ng l\u1edbn h\u01a1n.<\/b> Ph\u00fac l\u1ee3i c\u1ee7a ch\u00fang t\u00f4i \u0111\u01b0\u1ee3c t\u1ed5 ch\u1ee9c h\u00e0ng n\u0103m v\u00e0o th\u00e1ng 5, nh\u01b0ng b\u1ea1n c\u00f3 th\u1ec3 b\u1eaft \u0111\u1ea7u cu\u1ed9c tr\u00f2 chuy\u1ec7n quanh n\u0103m. Ch\u00fang t\u00f4i c\u00f3 nhi\u1ec1u m\u1ee9c t\u00e0i tr\u1ee3 b\u1eaft \u0111\u1ea7u t\u1eeb $2.500.<\/p>\n\t\t\t<a href=\"https:\/\/www.classy.org\/event\/2026-high-jump-spring-of-opportunity-benefit\/e704247\" target=\"_blank\" rel=\"noopener\">\n\t\t\t\t\t\t\tTr\u1edf th\u00e0nh nh\u00e0 t\u00e0i tr\u1ee3\n\t\t\t\t\t<\/a>\n<h2>\n\t\t\tTham gia Qu\u1ef9 h\u1ed7 tr\u1ee3 c\u00e1c nh\u00e0 l\u00e3nh \u0111\u1ea1o\t<\/h2>\n\t<p><strong>M\u1edf \u0111\u01b0\u1eddng cho nh\u1eefng ng\u01b0\u1eddi ti\u00ean phong trong t\u01b0\u01a1ng lai c\u1ee7a Chicago.<\/strong> C\u00e1c th\u00e0nh vi\u00ean c\u1ee7a Sustaining Leaders Fund quy\u00ean g\u00f3p h\u00e0ng n\u0103m b\u1eb1ng ho\u1eb7c v\u01b0\u1ee3t qu\u00e1 chi ph\u00ed h\u1ecdc ph\u00ed cho m\u1ed9t h\u1ecdc sinh.<\/p>\n\t\t\t<a href=\"https:\/\/highjumpchicago.org\/vi\/sustaining-leaders-fund\/\" target=\"_self\">\n\t\t\t\t\t\t\tTr\u1edf th\u00e0nh m\u1ed9t nh\u00e0 l\u00e3nh \u0111\u1ea1o b\u1ec1n v\u1eefng\n\t\t\t\t\t<\/a>\n\t\t\t\t<img decoding=\"async\" src=\"https:\/\/highjumpchicago.org\/wp-content\/uploads\/2024\/05\/6-Amy-Salinas-2.jpg\" alt=\"Two high Jump students stand holding their diplomas\" itemprop=\"image\" height=\"1366\" width=\"2048\" title=\"Amy\" onerror=\"this.style.display='none'\" loading=\"lazy\" \/>\n<h2>\n\t\t\t\u0102n m\u1eebng v\u1edbi m\u00f4n nh\u1ea3y cao!\t<\/h2>\n\t<p><strong>Bi\u1ebfn l\u1ec5 k\u1ef7 ni\u1ec7m c\u1ee7a b\u1ea1n th\u00e0nh m\u1ed9t \u0111\u1ed9ng l\u1ef1c t\u1ed1t \u0111\u1eb9p v\u1edbi Trang g\u00e2y qu\u1ef9 L\u1ec5 k\u1ef7 ni\u1ec7m cho m\u00f4n Nh\u1ea3y cao.<\/strong> M\u1eddi b\u1ea1n b\u00e8 v\u00e0 gia \u0111\u00ecnh c\u1ee7a b\u1ea1n quy\u00ean g\u00f3p \u0111\u1ec3 b\u00ecnh \u0111\u1eb3ng h\u00f3a c\u01a1 h\u1ed9i ti\u1ebfp c\u1eadn gi\u00e1o d\u1ee5c cho s\u1ef1 ki\u1ec7n \u0111\u1eb7c bi\u1ec7t c\u1ee7a b\u1ea1n!<\/p>\n\t\t\t<a href=\"https:\/\/www.classy.org\/campaign\/celebrate-with-high-jump\/c530211\" target=\"_self\">\n\t\t\t\t\t\t\tB\u1eaft \u0111\u1ea7u g\u00e2y qu\u1ef9\n\t\t\t\t\t<\/a>\n\t\t\t\t<img decoding=\"async\" src=\"https:\/\/highjumpchicago.org\/wp-content\/uploads\/2020\/05\/IMG_1434-scaled-1.jpg\" alt=\"IMG_1434\" itemprop=\"image\" height=\"1366\" width=\"2048\" title=\"IMG_1434\" onerror=\"this.style.display='none'\" loading=\"lazy\" \/>\n\t\t\t\t<img decoding=\"async\" src=\"https:\/\/highjumpchicago.org\/wp-content\/uploads\/2025\/06\/Corp-Sponsor-IMG_0541.jpg\" alt=\"Corp Sponsor IMG_0541\" itemprop=\"image\" height=\"1365\" width=\"2048\" title=\"Nh\u00e0 t\u00e0i tr\u1ee3 c\u00f4ng ty IMG_0541\" onerror=\"this.style.display='none'\" loading=\"lazy\" \/>\n<h2>\n\t\t\tTr\u1edf th\u00e0nh nh\u00e0 t\u00e0i tr\u1ee3 doanh nghi\u1ec7p\t<\/h2>\n\t<p>C\u00f4ng ty c\u1ee7a b\u1ea1n c\u00f3 mu\u1ed1n t\u1ea1o ra t\u00e1c \u0111\u1ed9ng l\u00e2u d\u00e0i \u0111\u1ebfn b\u1ed1i c\u1ea3nh gi\u00e1o d\u1ee5c c\u1ee7a Chicago trong khi \u0111\u1ea7u t\u01b0 v\u00e0o t\u01b0\u01a1ng lai c\u1ee7a th\u1ebf h\u1ec7 l\u00e3nh \u0111\u1ea1o ti\u1ebfp theo c\u1ee7a Chicago kh\u00f4ng? <strong>Kh\u00e1m ph\u00e1 t\u00e1c \u0111\u1ed9ng m\u00e0 b\u1ea1n c\u00f3 th\u1ec3 c\u00f3 v\u1edbi t\u01b0 c\u00e1ch l\u00e0 Nh\u00e0 t\u00e0i tr\u1ee3 Doanh nghi\u1ec7p c\u1ee7a Nh\u1ea3y cao!<\/strong><\/p>\n\t\t\t<a href=\"https:\/\/highjumpchicago.org\/vi\/donate\/sponsor-us\/\" target=\"_self\">\n\t\t\t\t\t\t\tTr\u1edf th\u00e0nh nh\u00e0 t\u00e0i tr\u1ee3 doanh nghi\u1ec7p\n\t\t\t\t\t<\/a>\n<h2>\n\t\t\tt\u00ecnh nguy\u1ec7n v\u1edbi ch\u00fang t\u00f4i\t<\/h2>\n\t<p><strong>K\u1ebft n\u1ed1i v\u1edbi sinh vi\u00ean<\/strong> t\u1ea1i c\u00e1c c\u01a1 h\u1ed9i t\u00ecnh nguy\u1ec7n h\u00e0ng n\u0103m c\u1ee7a ch\u00fang t\u00f4i: Ph\u1ecfng v\u1ea5n gi\u1ea3 v\u00e0o m\u00f9a thu; Ph\u1ecfng v\u1ea5n tuy\u1ec3n sinh v\u00e0o m\u00f9a xu\u00e2n; v\u00e0 Ng\u00e0y h\u1ed9i vi\u1ec7c l\u00e0m v\u00e0o m\u00f9a h\u00e8.<\/p>\n\t\t\t<a href=\"https:\/\/highjumpchicago.org\/vi\/donate\/volunteer\/\" target=\"_self\">\n\t\t\t\t\t\t\tT\u00ecm hi\u1ec3u th\u00eam\n\t\t\t\t\t<\/a>\n\t\t\t\t<img decoding=\"async\" src=\"https:\/\/highjumpchicago.org\/wp-content\/uploads\/2022\/10\/IMG_1271.jpg\" alt=\"IMG_1271\" itemprop=\"image\" height=\"2048\" width=\"1536\" title=\"IMG_1271\" onerror=\"this.style.display='none'\" loading=\"lazy\" \/>\n\t\t\t<a href=\"https:\/\/highjumpchicago.org\/wp-content\/uploads\/2025\/07\/High-Jump-Donation-Options-FY26.pdf\" target=\"_blank\" rel=\"noopener\">\n\t\t\t\t\t\t\tB\u1ea5m v\u00e0o \u0111\u00e2y \u0111\u1ec3 bi\u1ebft C\u00c1CH QUY\u00caN G\u00d3P cho Nh\u1ea3y cao\n\t\t\t\t\t<\/a>\n<h2>\n\t\t\t\u0110\u00f3ng g\u00f3p c\u1ee7a b\u1ea1n trong h\u00e0nh \u0111\u1ed9ng\t<\/h2>\n\t<ul>\n\t\t<li>\t\t\t\t\n\t\t<h3>L\u00e0m gi\u00e0u h\u1ecdc thu\u1eadt mi\u1ec5n ph\u00ed<\/h3><\/li><li>\t\t\t\t\n\t\t<h3>\u0110\u1ed3 \u0103n nh\u1eb9 v\u00e0 b\u1eefa \u0103n cho h\u1ecdc sinh<\/h3><\/li><li>\t\t\t\t\n\t\t<h3>Laptop v\u0129nh vi\u1ec5n cho sinh vi\u00ean<\/h3><\/li>\t<\/ul>\n\t<ul>\n\t\t<li>\t\t\t\t\n\t\t<h3>\u0110\u1ed9i ng\u0169 gi\u1ea3ng vi\u00ean v\u00e0 nh\u00e2n vi\u00ean t\u1eadn t\u00e2m<\/h3><\/li><li>\t\t\t\t\n\t\t<h3>H\u1ed7 tr\u1ee3 sinh vi\u00ean tr\u1ef1c ti\u1ebfp <\/h3><\/li><li>\t\t\t\t\n\t\t<h3>T\u1ea5t c\u1ea3 c\u00e1c t\u00e0i li\u1ec7u h\u1ecdc t\u1eadp \u0111\u01b0\u1ee3c cung c\u1ea5p<\/h3><\/li>\t<\/ul>","protected":false},"excerpt":{"rendered":"<p>Trang ch\u1ee7 Quy\u00ean g\u00f3p C\u00e1c c\u00e1ch quy\u00ean g\u00f3p Quy\u00ean g\u00f3p Tham gia c\u1ed9ng \u0111\u1ed3ng nh\u1eefng ng\u01b0\u1eddi \u1ee7ng h\u1ed9 c\u1ee7a ch\u00fang t\u00f4i v\u00e0 \u0111\u1ea7u t\u01b0 v\u00e0o H\u1ecdc gi\u1ea3 theo quy m\u00f4 c\u00e1 nh\u00e2n. QUY\u00caN G\u00d3P NGAY Nh\u1ea5p v\u00e0o \u0111\u00e2y \u0111\u1ec3 bi\u1ebft C\u00c1CH QUY\u00caN G\u00d3P cho High Jump. Li\u1ec7u nh\u00e0 tuy\u1ec3n d\u1ee5ng c\u1ee7a t\u00f4i c\u00f3 \u0110\u1eb6T K\u00c8M kho\u1ea3n quy\u00ean g\u00f3p c\u1ee7a t\u00f4i kh\u00f4ng? Nh\u1ea5p v\u00e0o \u0111\u00e2y \u0111\u1ec3 t\u00ecm hi\u1ec3u tr\u00ean Charity Navigator. Qu\u1ef9 do Nh\u00e0 t\u00e0i tr\u1ee3 t\u01b0 v\u1ea5n gi\u00fap vi\u1ec7c quy\u00ean g\u00f3p tr\u1edf n\u00ean d\u1ec5 d\u00e0ng v\u00e0 c\u00f3 ch\u1ee7 \u0111\u00edch. B\u1eb1ng c\u00e1ch ch\u1ecdn\u2026<\/p>","protected":false},"author":8,"featured_media":0,"parent":2056,"menu_order":3,"comment_status":"closed","ping_status":"closed","template":"","meta":{"_seopress_robots_primary_cat":"","_seopress_titles_title":"","_seopress_titles_desc":"","_seopress_robots_index":"","inline_featured_image":false,"footnotes":""},"class_list":["post-1955","page","type-page","status-publish","hentry"],"_links":{"self":[{"href":"https:\/\/highjumpchicago.org\/vi\/wp-json\/wp\/v2\/pages\/1955","targetHints":{"allow":["GET"]}}],"collection":[{"href":"https:\/\/highjumpchicago.org\/vi\/wp-json\/wp\/v2\/pages"}],"about":[{"href":"https:\/\/highjumpchicago.org\/vi\/wp-json\/wp\/v2\/types\/page"}],"author":[{"embeddable":true,"href":"https:\/\/highjumpchicago.org\/vi\/wp-json\/wp\/v2\/users\/8"}],"replies":[{"embeddable":true,"href":"https:\/\/highjumpchicago.org\/vi\/wp-json\/wp\/v2\/comments?post=1955"}],"version-history":[{"count":5,"href":"https:\/\/highjumpchicago.org\/vi\/wp-json\/wp\/v2\/pages\/1955\/revisions"}],"predecessor-version":[{"id":129132,"href":"https:\/\/highjumpchicago.org\/vi\/wp-json\/wp\/v2\/pages\/1955\/revisions\/129132"}],"up":[{"embeddable":true,"href":"https:\/\/highjumpchicago.org\/vi\/wp-json\/wp\/v2\/pages\/2056"}],"wp:attachment":[{"href":"https:\/\/highjumpchicago.org\/vi\/wp-json\/wp\/v2\/media?parent=1955"}],"curies":[{"name":"wp","href":"https:\/\/api.w.org\/{rel}","templated":true}]}}