{"id":202,"date":"2018-11-03T21:07:25","date_gmt":"2018-11-03T21:07:25","guid":{"rendered":"https:\/\/d46e648428.nxcli.io\/?page_id=202"},"modified":"2024-12-11T15:24:35","modified_gmt":"2024-12-11T21:24:35","slug":"history","status":"publish","type":"page","link":"https:\/\/highjumpchicago.org\/vi\/about\/history\/","title":{"rendered":"L\u1ecbch s\u1eed"},"content":{"rendered":"<nav  aria-label=\"v\u1ee5n b\u00e1nh m\u00ec\"><ol itemscope itemtype=\"https:\/\/schema.org\/BreadcrumbList\"><li itemprop=\"itemListElement\" itemscope itemtype=\"https:\/\/schema.org\/ListItem\"><a itemscope itemtype=\"https:\/\/schema.org\/WebPage\" itemprop=\"item\" itemid=\"https:\/\/highjumpchicago.org\" href=\"https:\/\/highjumpchicago.org\/vi\/\">Nh\u00e0<\/a><meta itemprop=\"position\" content=\"1\"\/><\/li><li itemprop=\"itemListElement\" itemscope itemtype=\"https:\/\/schema.org\/ListItem\"><a itemscope itemtype=\"https:\/\/schema.org\/WebPage\" itemprop=\"item\" itemid=\"https:\/\/highjumpchicago.org\/about\/\" href=\"https:\/\/highjumpchicago.org\/vi\/about\/\">V\u1ec1 ch\u00fang t\u00f4i<\/a><meta itemprop=\"position\" content=\"2\"\/><\/li><li aria-current=\"page\" itemprop=\"itemListElement\" itemscope itemtype=\"https:\/\/schema.org\/ListItem\">L\u1ecbch s\u1eed<meta itemprop=\"position\" content=\"3\"\/><\/li><\/ol><\/nav>\n\t<p><strong>T\u1eeb n\u0103m 1989,<\/strong> High Jump \u0111\u00e3 ti\u1ebfp t\u1ee5c th\u00fac \u0111\u1ea9y s\u1ee9 m\u1ec7nh thu h\u1eb9p kho\u1ea3ng c\u00e1ch c\u01a1 h\u1ed9i gi\u00e1o d\u1ee5c \u1edf Chicago v\u00e0 \u0111\u1ea3m b\u1ea3o th\u00e0nh c\u00f4ng h\u1ecdc t\u1eadp l\u00e2u d\u00e0i cho h\u1ecdc sinh trung h\u1ecdc \u0111\u1ea7y tham v\u1ecdng.<\/p>\n<p>H\u00e3y nh\u00ecn v\u00e0o d\u00f2ng th\u1eddi gian d\u01b0\u1edbi \u0111\u00e2y \u0111\u1ec3 xem l\u00e0m th\u1ebf n\u00e0o <strong>Nh\u1ea3y cao \u0111\u00e3 truy\u1ec1n c\u1ea3m h\u1ee9ng cho th\u1ebf h\u1ec7 l\u00e3nh \u0111\u1ea1o ti\u1ebfp theo trong h\u01a1n 30 n\u0103m.<\/strong><\/p>\n<!-- If both -->\n\t<ul>\n\t\t\t\t<li>\n\t\t\t\t\t\t<!--date-->\n\t\t\t\t<!--Timeline-customcontent-->\n\t\t\t\t\t<p><img loading=\"lazy\" decoding=\"async\" src=\"https:\/\/highjumpchicago.org\/wp-content\/uploads\/2022\/08\/latin-logo-300x111.jpg\" alt=\"\" width=\"300\" height=\"111\" \/><\/p>\n\t\t\t\t<!--\/.Timeline-customcontent-->\n\t\t\t<!--\/.date-->\n\t\t\t<!--icon-->\n\t\t\t<!--\/.icon-->\n\t\t\t<!--Timline-Content-->\n\t\t\t\t\t<!--Timline-Title-->\n\t\t\t\t\t<h3>\n\t\t\t\t\t\t1989\t\t\t\t\t<\/h3>\n\t\t\t\t\t<!--\/.Timline-Title-->\n\t\t\t\t\t<!--Timline-description-->\n\t\t\t\t\t<p>Nh\u1ea3y cao \u0111\u01b0\u1ee3c th\u00e0nh l\u1eadp t\u1ea1i Tr\u01b0\u1eddng Latinh Chicago v\u1edbi s\u1ef1 c\u1ed9ng t\u00e1c c\u1ee7a Tr\u01b0\u1eddng Francis W. Parker v\u00e0 v\u1edbi s\u1ef1 t\u00e0i tr\u1ee3 c\u1ee7a Qu\u1ef9 Lloyd A. Fry.16 h\u1ecdc sinh \u0111\u00e3 \u0111\u01b0\u1ee3c ghi danh v\u00e0o nh\u00f3m \u0111\u1ea7u ti\u00ean c\u1ee7a tr\u01b0\u1eddng.<\/p>\n\t\t\t\t\t<!--\/.Timline-description-->\n\t\t\t<!--\/.Timline-Content-->\n\t\t<\/li>\n\t\t\t\t<li>\n\t\t\t\t\t\t<!--date-->\n\t\t\t\t<!--Timeline-customcontent-->\n\t\t\t\t\t<p><img loading=\"lazy\" decoding=\"async\" src=\"https:\/\/highjumpchicago.org\/wp-content\/uploads\/2022\/08\/Highjump2010-788-300x200.jpg\" alt=\"\" width=\"300\" height=\"200\" \/><\/p>\n\t\t\t\t<!--\/.Timeline-customcontent-->\n\t\t\t<!--\/.date-->\n\t\t\t<!--icon-->\n\t\t\t<!--\/.icon-->\n\t\t\t<!--Timline-Content-->\n\t\t\t\t\t<!--Timline-Title-->\n\t\t\t\t\t<h3>\n\t\t\t\t\t\t1994\t\t\t\t\t<\/h3>\n\t\t\t\t\t<!--\/.Timline-Title-->\n\t\t\t\t\t<!--Timline-description-->\n\t\t\t\t\t<p>Quy m\u00f4 nh\u00f3m c\u1ee7a High Jump t\u0103ng l\u00ean 40 h\u1ecdc sinh.<\/p>\n\t\t\t\t\t<!--\/.Timline-description-->\n\t\t\t<!--\/.Timline-Content-->\n\t\t<\/li>\n\t\t\t\t<li>\n\t\t\t\t\t\t<!--date-->\n\t\t\t\t<!--Timeline-customcontent-->\n\t\t\t\t\t<p><img loading=\"lazy\" decoding=\"async\" src=\"https:\/\/highjumpchicago.org\/wp-content\/uploads\/2022\/08\/9-300x238.jpg\" alt=\"\" width=\"300\" height=\"238\" \/><\/p>\n\t\t\t\t<!--\/.Timeline-customcontent-->\n\t\t\t<!--\/.date-->\n\t\t\t<!--icon-->\n\t\t\t<!--\/.icon-->\n\t\t\t<!--Timline-Content-->\n\t\t\t\t\t<!--Timline-Title-->\n\t\t\t\t\t<h3>\n\t\t\t\t\t\t2000\t\t\t\t\t<\/h3>\n\t\t\t\t\t<!--\/.Timline-Title-->\n\t\t\t\t\t<!--Timline-description-->\n\t\t\t\t\t<p>Ch\u01b0\u01a1ng tr\u00ecnh gi\u1ea3ng d\u1ea1y c\u1ee7a High Jump \u0111\u01b0\u1ee3c t\u0103ng c\u01b0\u1eddng v\u1edbi c\u00e1c kh\u00f3a h\u1ecdc b\u1ed5 sung. H\u1ecdc sinh t\u1ed1t nghi\u1ec7p High Jump tr\u00fang tuy\u1ec3n v\u00e0o h\u01a1n 40 tr\u01b0\u1eddng c\u00f4ng l\u1eadp, gi\u00e1o x\u1ee9, \u0111\u1ed9c l\u1eadp v\u00e0 n\u1ed9i tr\u00fa kh\u00e1c nhau.<\/p>\n\t\t\t\t\t<!--\/.Timline-description-->\n\t\t\t<!--\/.Timline-Content-->\n\t\t<\/li>\n\t\t\t\t<li>\n\t\t\t\t\t\t<!--date-->\n\t\t\t\t<!--Timeline-customcontent-->\n\t\t\t\t\t<p><img loading=\"lazy\" decoding=\"async\" src=\"https:\/\/highjumpchicago.org\/wp-content\/uploads\/2022\/08\/Kennys-Kids-300x75.png\" alt=\"\" width=\"300\" height=\"75\" \/><\/p>\n\t\t\t\t<!--\/.Timeline-customcontent-->\n\t\t\t<!--\/.date-->\n\t\t\t<!--icon-->\n\t\t\t<!--\/.icon-->\n\t\t\t<!--Timline-Content-->\n\t\t\t\t\t<!--Timline-Title-->\n\t\t\t\t\t<h3>\n\t\t\t\t\t\t2002\t\t\t\t\t<\/h3>\n\t\t\t\t\t<!--\/.Timline-Title-->\n\t\t\t\t\t<!--Timline-description-->\n\t\t\t\t\t<p>Nh\u1ea3y cao nh\u1eadn \u0111\u01b0\u1ee3c kho\u1ea3n tr\u1ee3 c\u1ea5p th\u1eed th\u00e1ch $75.000 t\u1eeb Kenny&#039;s Kids \u0111\u1ec3 t\u0103ng quy m\u00f4 nh\u00f3m l\u00ean 65 h\u1ecdc sinh.<\/p>\n\t\t\t\t\t<!--\/.Timline-description-->\n\t\t\t<!--\/.Timline-Content-->\n\t\t<\/li>\n\t\t\t\t<li>\n\t\t\t\t\t\t<!--date-->\n\t\t\t\t<!--Timeline-customcontent-->\n\t\t\t\t\t<p><img loading=\"lazy\" decoding=\"async\" src=\"https:\/\/highjumpchicago.org\/wp-content\/uploads\/2020\/10\/Michelle-Obama-300x200.jpg\" alt=\"\" width=\"300\" height=\"200\" \/><\/p>\n\t\t\t\t<!--\/.Timeline-customcontent-->\n\t\t\t<!--\/.date-->\n\t\t\t<!--icon-->\n\t\t\t<!--\/.icon-->\n\t\t\t<!--Timline-Content-->\n\t\t\t\t\t<!--Timline-Title-->\n\t\t\t\t\t<h3>\n\t\t\t\t\t\t2006\t\t\t\t\t<\/h3>\n\t\t\t\t\t<!--\/.Timline-Title-->\n\t\t\t\t\t<!--Timline-description-->\n\t\t\t\t\t<p>Michelle Obama gi\u1eef ch\u1ee9c Ch\u1ee7 t\u1ecbch danh d\u1ef1 cho Ti\u1ec7c tr\u01b0a L\u00e3nh \u0111\u1ea1o T\u01b0 t\u01b0\u1edfng c\u1ee7a High Jump.<\/p>\n\t\t\t\t\t<!--\/.Timline-description-->\n\t\t\t<!--\/.Timline-Content-->\n\t\t<\/li>\n\t\t\t\t<li>\n\t\t\t\t\t\t<!--date-->\n\t\t\t\t<!--Timeline-customcontent-->\n\t\t\t\t\t<p><img loading=\"lazy\" decoding=\"async\" src=\"https:\/\/highjumpchicago.org\/wp-content\/uploads\/2022\/08\/logo-national-partnership-for-educational-access-600x300-1.png\" alt=\"\" width=\"600\" height=\"300\" \/><\/p>\n\t\t\t\t<!--\/.Timeline-customcontent-->\n\t\t\t<!--\/.date-->\n\t\t\t<!--icon-->\n\t\t\t<!--\/.icon-->\n\t\t\t<!--Timline-Content-->\n\t\t\t\t\t<!--Timline-Title-->\n\t\t\t\t\t<h3>\n\t\t\t\t\t\t2008\t\t\t\t\t<\/h3>\n\t\t\t\t\t<!--\/.Timline-Title-->\n\t\t\t\t\t<!--Timline-description-->\n\t\t\t\t\t<p>Nh\u1ea3y Cao tr\u1edf th\u00e0nh th\u00e0nh vi\u00ean s\u00e1ng l\u1eadp c\u1ee7a\u00a0<u><a href=\"https:\/\/educational-access.org\/\" target=\"_blank\" rel=\"noopener\">Quan h\u1ec7 \u0111\u1ed1i t\u00e1c qu\u1ed1c gia v\u1ec1 ti\u1ebfp c\u1eadn gi\u00e1o d\u1ee5c (NPEA)<\/a><\/u><\/p>\n\t\t\t\t\t<!--\/.Timline-description-->\n\t\t\t<!--\/.Timline-Content-->\n\t\t<\/li>\n\t\t\t\t<li>\n\t\t\t\t\t\t<!--date-->\n\t\t\t\t<!--Timeline-customcontent-->\n\t\t\t\t\t<p><img loading=\"lazy\" decoding=\"async\" src=\"https:\/\/highjumpchicago.org\/wp-content\/uploads\/2022\/08\/Parker-Logo-1.png\" alt=\"\" width=\"790\" height=\"283\" \/><\/p>\n\t\t\t\t<!--\/.Timeline-customcontent-->\n\t\t\t<!--\/.date-->\n\t\t\t<!--icon-->\n\t\t\t<!--\/.icon-->\n\t\t\t<!--Timline-Content-->\n\t\t\t\t\t<!--Timline-Title-->\n\t\t\t\t\t<h3>\n\t\t\t\t\t\t2012\t\t\t\t\t<\/h3>\n\t\t\t\t\t<!--\/.Timline-Title-->\n\t\t\t\t\t<!--Timline-description-->\n\t\t\t\t\t<p>Khai tr\u01b0\u01a1ng khu\u00f4n vi\u00ean High Jump th\u1ee9 hai: Tr\u01b0\u1eddng Francis W. Parker<\/p>\n\t\t\t\t\t<!--\/.Timline-description-->\n\t\t\t<!--\/.Timline-Content-->\n\t\t<\/li>\n\t\t\t\t<li>\n\t\t\t\t\t\t<!--date-->\n\t\t\t\t<!--Timeline-customcontent-->\n\t\t\t\t\t<p><img loading=\"lazy\" decoding=\"async\" src=\"https:\/\/highjumpchicago.org\/wp-content\/uploads\/2018\/12\/IMG_3244-300x200.jpg\" alt=\"\" width=\"300\" height=\"200\" \/><\/p>\n\t\t\t\t<!--\/.Timeline-customcontent-->\n\t\t\t<!--\/.date-->\n\t\t\t<!--icon-->\n\t\t\t<!--\/.icon-->\n\t\t\t<!--Timline-Content-->\n\t\t\t\t\t<!--Timline-Title-->\n\t\t\t\t\t<h3>\n\t\t\t\t\t\t2013\t\t\t\t\t<\/h3>\n\t\t\t\t\t<!--\/.Timline-Title-->\n\t\t\t\t\t<!--Timline-description-->\n\t\t\t\t\t<p>High Jump t\u0103ng ph\u1ea1m vi ti\u1ebfp c\u1eadn \u0111\u1ec3 ph\u1ee5c v\u1ee5 280 h\u1ecdc sinh h\u00e0ng n\u0103m.<\/p>\n\t\t\t\t\t<!--\/.Timline-description-->\n\t\t\t<!--\/.Timline-Content-->\n\t\t<\/li>\n\t\t\t\t<li>\n\t\t\t\t\t\t<!--date-->\n\t\t\t\t<!--Timeline-customcontent-->\n\t\t\t\t\t<p><img loading=\"lazy\" decoding=\"async\" src=\"https:\/\/highjumpchicago.org\/wp-content\/uploads\/2018\/12\/Lab-School_Maroon-1.png\" alt=\"\" width=\"640\" height=\"116\" \/><\/p>\n\t\t\t\t<!--\/.Timeline-customcontent-->\n\t\t\t<!--\/.date-->\n\t\t\t<!--icon-->\n\t\t\t<!--\/.icon-->\n\t\t\t<!--Timline-Content-->\n\t\t\t\t\t<!--Timline-Title-->\n\t\t\t\t\t<h3>\n\t\t\t\t\t\t2014\t\t\t\t\t<\/h3>\n\t\t\t\t\t<!--\/.Timline-Title-->\n\t\t\t\t\t<!--Timline-description-->\n\t\t\t\t\t<p>Khai tr\u01b0\u01a1ng c\u01a1 s\u1edf Nh\u1ea3y cao th\u1ee9 ba: Tr\u01b0\u1eddng Th\u1ef1c nghi\u1ec7m \u0110\u1ea1i h\u1ecdc Chicago.<\/p>\n\t\t\t\t\t<!--\/.Timline-description-->\n\t\t\t<!--\/.Timline-Content-->\n\t\t<\/li>\n\t\t\t\t<li>\n\t\t\t\t\t\t<!--date-->\n\t\t\t\t<!--Timeline-customcontent-->\n\t\t\t\t\t<p><img loading=\"lazy\" decoding=\"async\" src=\"https:\/\/highjumpchicago.org\/wp-content\/uploads\/2022\/09\/alumni-retreat-2-scaled-e1663199570395-300x215.jpg\" alt=\"\" width=\"300\" height=\"215\" \/><\/p>\n\t\t\t\t<!--\/.Timeline-customcontent-->\n\t\t\t<!--\/.date-->\n\t\t\t<!--icon-->\n\t\t\t<!--\/.icon-->\n\t\t\t<!--Timline-Content-->\n\t\t\t\t\t<!--Timline-Title-->\n\t\t\t\t\t<h3>\n\t\t\t\t\t\t2015\t\t\t\t\t<\/h3>\n\t\t\t\t\t<!--\/.Timline-Title-->\n\t\t\t\t\t<!--Timline-description-->\n\t\t\t\t\t<p>Nh\u1ea3y cao ra m\u1eaft <u><a href=\"https:\/\/highjumpchicago.org\/vi\/program-overview\/alumni\/\">c\u1ef1u sinh vi\u00ean h\u1ecdc gi\u1ea3<\/a><\/u> ch\u01b0\u01a1ng tr\u00ecnh h\u1ed7 tr\u1ee3 h\u1ecdc sinh th\u00f4ng qua tr\u01b0\u1eddng trung h\u1ecdc.<\/p>\n\t\t\t\t\t<!--\/.Timline-description-->\n\t\t\t<!--\/.Timline-Content-->\n\t\t<\/li>\n\t\t\t\t<li>\n\t\t\t\t\t\t<!--date-->\n\t\t\t\t<!--Timeline-customcontent-->\n\t\t\t\t\t<p><img loading=\"lazy\" decoding=\"async\" src=\"https:\/\/highjumpchicago.org\/wp-content\/uploads\/2020\/08\/051520_tw-update-group-0171104_HighJumpPromotional_115-300x150.jpg\" alt=\"\" width=\"300\" height=\"150\" \/><\/p>\n\t\t\t\t<!--\/.Timeline-customcontent-->\n\t\t\t<!--\/.date-->\n\t\t\t<!--icon-->\n\t\t\t<!--\/.icon-->\n\t\t\t<!--Timline-Content-->\n\t\t\t\t\t<!--Timline-Title-->\n\t\t\t\t\t<h3>\n\t\t\t\t\t\t2016\t\t\t\t\t<\/h3>\n\t\t\t\t\t<!--\/.Timline-Title-->\n\t\t\t\t\t<!--Timline-description-->\n\t\t\t\t\t<p>Nh\u1ea3y cao ph\u1ee5c v\u1ee5 360 h\u1ecdc sinh Nh\u1ea3y cao h\u00e0ng n\u0103m c\u00f9ng v\u1edbi h\u01a1n 360 c\u1ef1u h\u1ecdc sinh Nh\u1ea3y cao t\u1ea1i c\u00e1c tr\u01b0\u1eddng trung h\u1ecdc \u1edf Chicago v\u00e0 tr\u00ean to\u00e0n qu\u1ed1c.<\/p>\n\t\t\t\t\t<!--\/.Timline-description-->\n\t\t\t<!--\/.Timline-Content-->\n\t\t<\/li>\n\t\t\t\t<li>\n\t\t\t\t\t\t<!--date-->\n\t\t\t\t<!--Timeline-customcontent-->\n\t\t\t\t\t<p><img loading=\"lazy\" decoding=\"async\" src=\"https:\/\/highjumpchicago.org\/wp-content\/uploads\/2019\/05\/IMG_2263-300x225.jpg\" alt=\"\" width=\"300\" height=\"225\" \/><\/p>\n\t\t\t\t<!--\/.Timeline-customcontent-->\n\t\t\t<!--\/.date-->\n\t\t\t<!--icon-->\n\t\t\t<!--\/.icon-->\n\t\t\t<!--Timline-Content-->\n\t\t\t\t\t<!--Timline-Title-->\n\t\t\t\t\t<h3>\n\t\t\t\t\t\t2017\t\t\t\t\t<\/h3>\n\t\t\t\t\t<!--\/.Timline-Title-->\n\t\t\t\t\t<!--Timline-description-->\n\t\t\t\t\t<p>High Jump nh\u1eadn \u0111\u01b0\u1ee3c g\u1ea7n 1.000 \u0111\u01a1n \u0111\u0103ng k\u00fd t\u1eeb l\u1edbp 6 tham gia ch\u01b0\u01a1ng tr\u00ecnh \u2013 m\u1ed9t k\u1ef7 l\u1ee5c \u0111\u1ed1i v\u1edbi t\u1ed5 ch\u1ee9c v\u00e0 g\u1ea5p \u0111\u00f4i s\u1ed1 l\u01b0\u1ee3ng \u0111\u01a1n \u0111\u0103ng k\u00fd nh\u1eadn \u0111\u01b0\u1ee3c trong nh\u1eefng n\u0103m tr\u01b0\u1edbc.<\/p>\n\t\t\t\t\t<!--\/.Timline-description-->\n\t\t\t<!--\/.Timline-Content-->\n\t\t<\/li>\n\t\t\t\t<li>\n\t\t\t\t\t\t<!--date-->\n\t\t\t\t<!--Timeline-customcontent-->\n\t\t\t\t\t<p><img loading=\"lazy\" decoding=\"async\" src=\"https:\/\/highjumpchicago.org\/wp-content\/uploads\/2021\/12\/HighJump_Summer2021-3340-300x200.jpg\" alt=\"\" width=\"300\" height=\"200\" \/><\/p>\n\t\t\t\t<!--\/.Timeline-customcontent-->\n\t\t\t<!--\/.date-->\n\t\t\t<!--icon-->\n\t\t\t<!--\/.icon-->\n\t\t\t<!--Timline-Content-->\n\t\t\t\t\t<!--Timline-Title-->\n\t\t\t\t\t<h3>\n\t\t\t\t\t\t2020\t\t\t\t\t<\/h3>\n\t\t\t\t\t<!--\/.Timline-Title-->\n\t\t\t\t\t<!--Timline-description-->\n\t\t\t\t\t<p>Nh\u1ea3y cao t\u0103ng ph\u1ea1m vi ti\u1ebfp c\u1eadn l\u00ean 11% \u0111\u1ec3 ph\u1ee5c v\u1ee5 400 h\u1ecdc gi\u1ea3 h\u00e0ng n\u0103m tr\u00ean kh\u1eafp Chicago.<\/p>\n\t\t\t\t\t<!--\/.Timline-description-->\n\t\t\t<!--\/.Timline-Content-->\n\t\t<\/li>\n\t\t\t\t<li>\n\t\t\t\t\t\t<!--date-->\n\t\t\t\t<!--Timeline-customcontent-->\n\t\t\t\t\t<p><img loading=\"lazy\" decoding=\"async\" src=\"https:\/\/highjumpchicago.org\/wp-content\/uploads\/2021\/12\/IMG_7823-300x225.jpg\" alt=\"\" width=\"300\" height=\"225\" \/><\/p>\n\t\t\t\t<!--\/.Timeline-customcontent-->\n\t\t\t<!--\/.date-->\n\t\t\t<!--icon-->\n\t\t\t<!--\/.icon-->\n\t\t\t<!--Timline-Content-->\n\t\t\t\t\t<!--Timline-Title-->\n\t\t\t\t\t<h3>\n\t\t\t\t\t\t2021\t\t\t\t\t<\/h3>\n\t\t\t\t\t<!--\/.Timline-Title-->\n\t\t\t\t\t<!--Timline-description-->\n\t\t\t\t\t<p>High Jump m\u1edf r\u1ed9ng quy\u1ec1n truy c\u1eadp v\u00e0o ch\u01b0\u01a1ng tr\u00ecnh c\u1ee7a n\u00f3 b\u1eb1ng c\u00e1ch kh\u1edfi ch\u1ea1y <u><a href=\"https:\/\/highjumpchicago.org\/vi\/program-overview\/community-scholars\/\">Ch\u01b0\u01a1ng tr\u00ecnh th\u00ed \u0111i\u1ec3m H\u1ecdc gi\u1ea3 C\u1ed9ng \u0111\u1ed3ng<\/a><\/u>.<\/p>\n\t\t\t\t\t<!--\/.Timline-description-->\n\t\t\t<!--\/.Timline-Content-->\n\t\t<\/li>\n\t\t\t\t<li>\n\t\t\t\t\t\t<!--date-->\n\t\t\t\t<!--Timeline-customcontent-->\n\t\t\t\t\t<p><img loading=\"lazy\" decoding=\"async\" src=\"https:\/\/highjumpchicago.org\/wp-content\/uploads\/2022\/08\/IMG_0196-2-300x199.jpg\" alt=\"\" width=\"300\" height=\"199\" \/><\/p>\n\t\t\t\t<!--\/.Timeline-customcontent-->\n\t\t\t<!--\/.date-->\n\t\t\t<!--icon-->\n\t\t\t<!--\/.icon-->\n\t\t\t<!--Timline-Content-->\n\t\t\t\t\t<!--Timline-Title-->\n\t\t\t\t\t<h3>\n\t\t\t\t\t\t2022\t\t\t\t\t<\/h3>\n\t\t\t\t\t<!--\/.Timline-Title-->\n\t\t\t\t\t<!--Timline-description-->\n\t\t\t\t\t<p>High Jump ch\u00e0o \u0111\u00f3n nh\u00f3m \u0111\u00f4ng nh\u1ea5t g\u1ed3m 226 h\u1ecdc sinh l\u1edbp b\u1ea3y.<\/p>\n\t\t\t\t\t<!--\/.Timline-description-->\n\t\t\t<!--\/.Timline-Content-->\n\t\t<\/li>\n\t\t\t\t<li>\n\t\t\t\t\t\t<!--date-->\n\t\t\t\t<!--Timeline-customcontent-->\n\t\t\t\t\t<p><img loading=\"lazy\" decoding=\"async\" src=\"https:\/\/highjumpchicago.org\/wp-content\/uploads\/2023\/07\/High-Jump-office-300x208.jpeg\" alt=\"\" width=\"300\" height=\"208\" \/><\/p>\n\t\t\t\t<!--\/.Timeline-customcontent-->\n\t\t\t<!--\/.date-->\n\t\t\t<!--icon-->\n\t\t\t<!--\/.icon-->\n\t\t\t<!--Timline-Content-->\n\t\t\t\t\t<!--Timline-Title-->\n\t\t\t\t\t<h3>\n\t\t\t\t\t\t2023\t\t\t\t\t<\/h3>\n\t\t\t\t\t<!--\/.Timline-Title-->\n\t\t\t\t\t<!--Timline-description-->\n\t\t\t\t\t<p>S\u1ef1 ph\u00e1t tri\u1ec3n li\u00ean t\u1ee5c c\u1ee7a High Jump d\u1eabn \u0111\u1ebfn <u><a href=\"https:\/\/highjumpchicago.org\/vi\/high-jumps-offices-on-the-move\/\">chuy\u1ec3n v\u0103n ph\u00f2ng h\u00e0nh ch\u00ednh<\/a><\/u> \u0111\u1ebfn m\u1ed9t kh\u00f4ng gian m\u1edbi \u1edf khu ph\u1ed1 Greektown c\u1ee7a Chicago.<\/p>\n\t\t\t\t\t<!--\/.Timline-description-->\n\t\t\t<!--\/.Timline-Content-->\n\t\t<\/li>\n\t\t\t\t<li>\n\t\t\t\t\t\t<!--date-->\n\t\t\t\t<!--Timeline-customcontent-->\n\t\t\t\t\t<p><img loading=\"lazy\" decoding=\"async\" src=\"https:\/\/highjumpchicago.org\/wp-content\/uploads\/2024\/09\/IMG_20230629_104707098_HDR-300x225.jpg\" alt=\"\" width=\"300\" height=\"225\" \/><\/p>\n\t\t\t\t<!--\/.Timeline-customcontent-->\n\t\t\t<!--\/.date-->\n\t\t\t<!--icon-->\n\t\t\t<!--\/.icon-->\n\t\t\t<!--Timline-Content-->\n\t\t\t\t\t<!--Timline-Title-->\n\t\t\t\t\t<h3>\n\t\t\t\t\t\t2024\t\t\t\t\t<\/h3>\n\t\t\t\t\t<!--\/.Timline-Title-->\n\t\t\t\t\t<!--Timline-description-->\n\t\t\t\t\t<p><u><a href=\"https:\/\/highjumpchicago.org\/vi\/community-scholars-is-now-an-official-high-jump-program\/\">H\u1ecdc gi\u1ea3 c\u1ed9ng \u0111\u1ed3ng \u0111\u01b0\u1ee3c ch\u00ednh th\u1ee9c th\u00f4ng qua<\/a><\/u> nh\u01b0 m\u1ed9t ch\u01b0\u01a1ng tr\u00ecnh ch\u00ednh th\u1ee9c.<\/p>\n\t\t\t\t\t<!--\/.Timline-description-->\n\t\t\t<!--\/.Timline-Content-->\n\t\t<\/li>\n\t\t\t<\/ul>\n<h1>\n\t\tB\u00e1o c\u00e1o th\u01b0\u1eddng ni\u00ean v\u1ec1 Nh\u1ea3y cao\n\t<\/h1>\n\t<div class=\"_df_book df-lite\" id=\"df_60754\"  _slug=\"high-jump-annual-report-2021-2022-2\" data-title=\"high-jump-annual-report-2022-2023\" wpoptions=\"true\" thumbtype=\"\" ><\/div><script class=\"df-shortcode-script\" nowprocket type=\"application\/javascript\">window.option_df_60754 = {\"outline\":[],\"backgroundColor\":\"#2cafa4\",\"autoEnableOutline\":\"false\",\"autoEnableThumbnail\":\"false\",\"overwritePDFOutline\":\"false\",\"direction\":\"1\",\"pageSize\":\"0\",\"source\":\"https:\\\/\\\/highjumpchicago.org\\\/wp-content\\\/uploads\\\/2024\\\/11\\\/High-Jump-Annual-Report-2022-2023.pdf\",\"wpOptions\":\"true\"}; if(window.DFLIP && window.DFLIP.parseBooks){window.DFLIP.parseBooks();}<\/script>","protected":false},"excerpt":{"rendered":"<p>Trang ch\u1ee7 Gi\u1edbi thi\u1ec7u L\u1ecbch s\u1eed K\u1ec3 t\u1eeb n\u0103m 1989, High Jump \u0111\u00e3 ti\u1ebfp t\u1ee5c th\u00fac \u0111\u1ea9y s\u1ee9 m\u1ec7nh c\u1ee7a m\u00ecnh nh\u1eb1m thu h\u1eb9p kho\u1ea3ng c\u00e1ch c\u01a1 h\u1ed9i gi\u00e1o d\u1ee5c \u1edf Chicago v\u00e0 \u0111\u1ea3m b\u1ea3o th\u00e0nh c\u00f4ng h\u1ecdc t\u1eadp l\u00e2u d\u00e0i cho h\u1ecdc sinh trung h\u1ecdc \u0111\u1ea7y tham v\u1ecdng. H\u00e3y xem d\u00f2ng th\u1eddi gian b\u00ean d\u01b0\u1edbi \u0111\u1ec3 bi\u1ebft High Jump \u0111\u00e3 truy\u1ec1n c\u1ea3m h\u1ee9ng cho th\u1ebf h\u1ec7 l\u00e3nh \u0111\u1ea1o ti\u1ebfp theo nh\u01b0 th\u1ebf n\u00e0o trong h\u01a1n 30\u2026<\/p>","protected":false},"author":7,"featured_media":0,"parent":50,"menu_order":2,"comment_status":"closed","ping_status":"closed","template":"","meta":{"_seopress_robots_primary_cat":"","_seopress_titles_title":"","_seopress_titles_desc":"","_seopress_robots_index":"","inline_featured_image":false,"footnotes":""},"class_list":["post-202","page","type-page","status-publish","hentry"],"_links":{"self":[{"href":"https:\/\/highjumpchicago.org\/vi\/wp-json\/wp\/v2\/pages\/202","targetHints":{"allow":["GET"]}}],"collection":[{"href":"https:\/\/highjumpchicago.org\/vi\/wp-json\/wp\/v2\/pages"}],"about":[{"href":"https:\/\/highjumpchicago.org\/vi\/wp-json\/wp\/v2\/types\/page"}],"author":[{"embeddable":true,"href":"https:\/\/highjumpchicago.org\/vi\/wp-json\/wp\/v2\/users\/7"}],"replies":[{"embeddable":true,"href":"https:\/\/highjumpchicago.org\/vi\/wp-json\/wp\/v2\/comments?post=202"}],"version-history":[{"count":5,"href":"https:\/\/highjumpchicago.org\/vi\/wp-json\/wp\/v2\/pages\/202\/revisions"}],"predecessor-version":[{"id":69764,"href":"https:\/\/highjumpchicago.org\/vi\/wp-json\/wp\/v2\/pages\/202\/revisions\/69764"}],"up":[{"embeddable":true,"href":"https:\/\/highjumpchicago.org\/vi\/wp-json\/wp\/v2\/pages\/50"}],"wp:attachment":[{"href":"https:\/\/highjumpchicago.org\/vi\/wp-json\/wp\/v2\/media?parent=202"}],"curies":[{"name":"wp","href":"https:\/\/api.w.org\/{rel}","templated":true}]}}