{"id":2056,"date":"2020-04-02T14:45:06","date_gmt":"2020-04-02T14:45:06","guid":{"rendered":"https:\/\/d46e648428.nxcli.io\/?page_id=2056"},"modified":"2024-11-01T10:21:53","modified_gmt":"2024-11-01T15:21:53","slug":"donate","status":"publish","type":"page","link":"https:\/\/highjumpchicago.org\/vi\/donate\/","title":{"rendered":"Quy\u00ean t\u1eb7ng"},"content":{"rendered":"<link href=\"https:\/\/doublethedonation.com\/api\/css\/ddplugin.css\" rel=\"stylesheet\">\n<!-- (c) 2022 The SmartTHING Limited File smartdonorcoverolx-display provided under license to masaf@highjumpchicago.org Last updated 03\/07\/2022 05:36:03 pm --> \n<h3>\n\t\t<a href=\"https:\/\/highjumpchicago.org\/vi\/donate\/donation-faq\/\" title=\"T\u00f2 m\u00f2 v\u1ec1 nh\u1eefng c\u00e1ch kh\u00e1c \u0111\u1ec3 cho? Ki\u1ec3m tra C\u00e2u h\u1ecfi th\u01b0\u1eddng g\u1eb7p v\u1ec1 quy\u00ean g\u00f3p c\u1ee7a ch\u00fang t\u00f4i.\" target=\"_self\" rel=\"noopener\">\n\t\tT\u00f2 m\u00f2 v\u1ec1 nh\u1eefng c\u00e1ch kh\u00e1c \u0111\u1ec3 cho? Ki\u1ec3m tra C\u00e2u h\u1ecfi th\u01b0\u1eddng g\u1eb7p v\u1ec1 quy\u00ean g\u00f3p c\u1ee7a ch\u00fang t\u00f4i.\n\t\t<\/a>\n\t<\/h3>\n<h2>\n\t\t\u0110\u00f3ng g\u00f3p c\u1ee7a b\u1ea1n trong h\u00e0nh \u0111\u1ed9ng\n\t<\/h2>\n\t<ul>\n\t\t<li>\t\t\t\t\n\t\t<h3>L\u00e0m gi\u00e0u h\u1ecdc thu\u1eadt mi\u1ec5n ph\u00ed<\/h3><\/li><li>\t\t\t\t\n\t\t<h3>\u0110\u1ed3 \u0103n nh\u1eb9 v\u00e0 b\u1eefa \u0103n cho h\u1ecdc sinh<\/h3><\/li><li>\t\t\t\t\n\t\t<h3>Laptop v\u0129nh vi\u1ec5n cho sinh vi\u00ean<\/h3><\/li>\t<\/ul>\n\t<ul>\n\t\t<li>\t\t\t\t\n\t\t<h3>\u0110\u1ed9i ng\u0169 gi\u1ea3ng vi\u00ean v\u00e0 nh\u00e2n vi\u00ean t\u1eadn t\u00e2m<\/h3><\/li><li>\t\t\t\t\n\t\t<h3>H\u1ed7 tr\u1ee3 sinh vi\u00ean tr\u1ef1c ti\u1ebfp <\/h3><\/li><li>\t\t\t\t\n\t\t<h3>T\u1ea5t c\u1ea3 c\u00e1c t\u00e0i li\u1ec7u h\u1ecdc t\u1eadp \u0111\u01b0\u1ee3c cung c\u1ea5p<\/h3><\/li>\t<\/ul>","protected":false},"excerpt":{"rendered":"<p>T\u00f2 m\u00f2 v\u1ec1 nh\u1eefng c\u00e1ch kh\u00e1c \u0111\u1ec3 cho \u0111i? H\u00e3y xem C\u00e2u h\u1ecfi th\u01b0\u1eddng g\u1eb7p v\u1ec1 quy\u00ean g\u00f3p c\u1ee7a ch\u00fang t\u00f4i. \u0110\u00f3ng g\u00f3p c\u1ee7a b\u1ea1n trong H\u00e0nh \u0111\u1ed9ng L\u00e0m gi\u00e0u h\u1ecdc t\u1eadp mi\u1ec5n ph\u00ed \u0110\u1ed3 \u0103n nh\u1eb9 v\u00e0 b\u1eefa \u0103n cho sinh vi\u00ean M\u00e1y t\u00ednh x\u00e1ch tay c\u1ed1 \u0111\u1ecbnh cho sinh vi\u00ean Gi\u1ea3ng vi\u00ean v\u00e0 nh\u00e2n vi\u00ean t\u1eadn t\u00e2m H\u1ed7 tr\u1ee3 sinh vi\u00ean th\u1ef1c h\u00e0nh T\u1ea5t c\u1ea3 t\u00e0i li\u1ec7u h\u1ecdc t\u1eadp \u0111\u01b0\u1ee3c cung c\u1ea5p<\/p>","protected":false},"author":7,"featured_media":4215,"parent":0,"menu_order":8,"comment_status":"closed","ping_status":"closed","template":"","meta":{"_seopress_robots_primary_cat":"","_seopress_titles_title":"","_seopress_titles_desc":"","_seopress_robots_index":"","inline_featured_image":false,"footnotes":""},"class_list":["post-2056","page","type-page","status-publish","has-post-thumbnail","hentry"],"_links":{"self":[{"href":"https:\/\/highjumpchicago.org\/vi\/wp-json\/wp\/v2\/pages\/2056","targetHints":{"allow":["GET"]}}],"collection":[{"href":"https:\/\/highjumpchicago.org\/vi\/wp-json\/wp\/v2\/pages"}],"about":[{"href":"https:\/\/highjumpchicago.org\/vi\/wp-json\/wp\/v2\/types\/page"}],"author":[{"embeddable":true,"href":"https:\/\/highjumpchicago.org\/vi\/wp-json\/wp\/v2\/users\/7"}],"replies":[{"embeddable":true,"href":"https:\/\/highjumpchicago.org\/vi\/wp-json\/wp\/v2\/comments?post=2056"}],"version-history":[{"count":5,"href":"https:\/\/highjumpchicago.org\/vi\/wp-json\/wp\/v2\/pages\/2056\/revisions"}],"predecessor-version":[{"id":21864,"href":"https:\/\/highjumpchicago.org\/vi\/wp-json\/wp\/v2\/pages\/2056\/revisions\/21864"}],"wp:featuredmedia":[{"embeddable":true,"href":"https:\/\/highjumpchicago.org\/vi\/wp-json\/wp\/v2\/media\/4215"}],"wp:attachment":[{"href":"https:\/\/highjumpchicago.org\/vi\/wp-json\/wp\/v2\/media?parent=2056"}],"curies":[{"name":"wp","href":"https:\/\/api.w.org\/{rel}","templated":true}]}}