{"id":2836,"date":"2020-10-16T18:57:07","date_gmt":"2020-10-16T23:57:07","guid":{"rendered":"https:\/\/d46e648428.nxcli.io\/?page_id=2836"},"modified":"2025-11-19T11:16:25","modified_gmt":"2025-11-19T17:16:25","slug":"staff","status":"publish","type":"page","link":"https:\/\/highjumpchicago.org\/vi\/about\/staff\/","title":{"rendered":"Nh\u00e2n vi\u00ean"},"content":{"rendered":"<nav  aria-label=\"v\u1ee5n b\u00e1nh m\u00ec\"><ol itemscope itemtype=\"https:\/\/schema.org\/BreadcrumbList\"><li itemprop=\"itemListElement\" itemscope itemtype=\"https:\/\/schema.org\/ListItem\"><a itemscope itemtype=\"https:\/\/schema.org\/WebPage\" itemprop=\"item\" itemid=\"https:\/\/highjumpchicago.org\" href=\"https:\/\/highjumpchicago.org\/vi\/\">Nh\u00e0<\/a><meta itemprop=\"position\" content=\"1\"\/><\/li><li itemprop=\"itemListElement\" itemscope itemtype=\"https:\/\/schema.org\/ListItem\"><a itemscope itemtype=\"https:\/\/schema.org\/WebPage\" itemprop=\"item\" itemid=\"https:\/\/highjumpchicago.org\/about\/\" href=\"https:\/\/highjumpchicago.org\/vi\/about\/\">V\u1ec1 ch\u00fang t\u00f4i<\/a><meta itemprop=\"position\" content=\"2\"\/><\/li><li aria-current=\"page\" itemprop=\"itemListElement\" itemscope itemtype=\"https:\/\/schema.org\/ListItem\">Nh\u00e2n vi\u00ean<meta itemprop=\"position\" content=\"3\"\/><\/li><\/ol><\/nav>\n\t<p>G\u1eady c\u1ee7a High Jump l\u00e0 <b>d\u00e0nh ri\u00eang cho vi\u1ec7c ph\u00e1t tri\u1ec3n, t\u00e0i tr\u1ee3 v\u00e0 ph\u00e1t tri\u1ec3n c\u00e1c ch\u01b0\u01a1ng tr\u00ecnh mi\u1ec5n h\u1ecdc ph\u00ed c\u1ee7a ch\u00fang t\u00f4i \u0111\u1ec3 h\u1ed7 tr\u1ee3 c\u00e1c h\u1ecdc gi\u1ea3 c\u1ee7a ch\u00fang t\u00f4i<\/b> b\u1eb1ng c\u00e1ch k\u1ebft n\u1ed1i h\u1ecd v\u1edbi nh\u1eefng ng\u01b0\u1eddi v\u00e0 ngu\u1ed3n l\u1ef1c m\u00e0 h\u1ecd c\u1ea7n \u0111\u1ec3 x\u00e2y d\u1ef1ng s\u1ef1 t\u1ef1 tin, ch\u1ea5p nh\u1eadn r\u1ee7i ro v\u00e0 \u0111\u1ea1t \u0111\u01b0\u1ee3c \u01b0\u1edbc m\u01a1 c\u1ee7a m\u00ecnh.<\/p>\n\t\t\t\t<img decoding=\"async\" src=\"https:\/\/highjumpchicago.org\/wp-content\/uploads\/bb-plugin\/cache\/Nate-Pietrini-square.jpg\" alt=\"Nate Pietrini\" title=\"Nate Pietrini\" itemprop=\"image\"\/>\n\t\t\t\t \n\t\t<h3>Nate Pietrini, EdD (anh \u1ea5y\/anh \u1ea5y)<\/h3>T\u1ed5ng gi\u00e1m \u0111\u1ed1c \u0111i\u1ec1u h\u00e0nh\t\t\t\t\t\t\t\n\t\t\t\t<a href=\"https:\/\/www.linkedin.com\/in\/nate-pietrini-ed-d-70652354\/\" target=\"_blank\" rel=\"noopener\">\t\t\t\t\n\t\t<\/a>\t\t\t\t \n\t\t\t<a href=\"mailto:npietrini@highjumpchicago.org\" target=\"_self\">\n\t\t\t\t\t\t\u0110\u1ecba ch\u1ec9 email\n\t\t\t\t\t<\/a>\n\t\t\t\t\t<a href=\"#\"  id=\"fl-accordion--label-0\" tabindex=\"0\" aria-controls=\"fl-accordion--panel-0\">\u0110\u1ecdc th\u00eam v\u1ec1 Nate<\/a>\n\t\t\t\t\t\t\t\t\t\t\t<a href=\"#\" id=\"fl-accordion--icon-0\" tabindex=\"-1\"><i title=\"M\u1edf r\u1ed9ng\">M\u1edf r\u1ed9ng<\/i><\/a>\n\t\t\t\t\t<p>Nate Pietrini, EdD, l\u00e0 T\u1ed5ng gi\u00e1m \u0111\u1ed1c \u0111i\u1ec1u h\u00e0nh c\u1ee7a High Jump, m\u1ed9t t\u1ed5 ch\u1ee9c phi l\u1ee3i nhu\u1eadn b\u1ed3i d\u01b0\u1ee1ng h\u1ecdc thu\u1eadt v\u00e0 ti\u1ebfp c\u1eadn tr\u01b0\u1eddng trung h\u1ecdc t\u1ea1i Chicago. Trong nhi\u1ec7m k\u1ef3 c\u1ee7a Nate, High Jump \u0111\u00e3 m\u1edf r\u1ed9ng tuy\u1ec3n sinh, tri\u1ec3n khai ch\u01b0\u01a1ng tr\u00ecnh m\u1edbi h\u1ee3p t\u00e1c v\u1edbi \u0110\u1ea1i h\u1ecdc Northwestern v\u00e0 t\u0103ng t\u1ef7 l\u1ec7 ho\u00e0n th\u00e0nh \u0111\u1ea1i h\u1ecdc cho c\u1ef1u sinh vi\u00ean.<\/p>\n<p>Tr\u01b0\u1edbc khi tham gia High Jump, Nate l\u00e0 hi\u1ec7u tr\u01b0\u1edfng, ph\u00f3 hi\u1ec7u tr\u01b0\u1edfng v\u00e0 gi\u00e1o vi\u00ean t\u1ea1i Tr\u01b0\u1eddng C\u00f4ng l\u1eadp Chicago. \u00d4ng l\u00e0 ng\u01b0\u1eddi s\u00e1ng t\u1ea1o v\u00e0 \u0111\u1ed3ng ch\u1ee7 tr\u00ec podcast The Ed Couple, th\u00e0nh vi\u00ean H\u1ed9i \u0111\u1ed3ng T\u01b0 v\u1ea5n D\u1ecbch v\u1ee5 Gia \u0111\u00ecnh v\u00e0 Tr\u1ebb em Illinois do Th\u1ed1ng \u0111\u1ed1c Pritzker b\u1ed5 nhi\u1ec7m, \u0111\u1ed3ng th\u1eddi l\u00e0 th\u00e0nh vi\u00ean H\u1ed9i \u0111\u1ed3ng Qu\u1ea3n tr\u1ecb t\u1ea1i Brightpoint.<\/p>\n<p>Nate l\u00e0 gi\u1ea3ng vi\u00ean ch\u01b0\u01a1ng tr\u00ecnh Gi\u00e1o d\u1ee5c v\u00e0 X\u00e3 h\u1ed9i t\u1ea1i \u0110\u1ea1i h\u1ecdc Chicago, c\u00f3 kinh nghi\u1ec7m l\u00e0m nh\u00e0 t\u01b0 v\u1ea5n ph\u00e1t tri\u1ec3n ch\u01b0\u01a1ng tr\u00ecnh l\u00e3nh \u0111\u1ea1o hi\u1ec7u tr\u01b0\u1edfng t\u1ea1i \u0110\u1ea1i h\u1ecdc Illinois \u1edf Chicago v\u00e0 ph\u1ee5c v\u1ee5 trong Ban C\u1ed1 v\u1ea5n cho D\u1ef1 \u00e1n To and Through c\u1ee7a \u0110\u1ea1i h\u1ecdc Chicago.<\/p>\n<p>\u00d4ng v\u00e0 v\u1ee3 s\u1ed1ng \u1edf khu Kenwood c\u1ee7a Chicago c\u00f9ng v\u1edbi ba c\u1eadu con trai.<\/p>\n\t\t\t\t<img decoding=\"async\" src=\"https:\/\/highjumpchicago.org\/wp-content\/uploads\/bb-plugin\/cache\/SR-Staff-square.jpg\" alt=\"SR-Staff\" title=\"Nh\u00e2n vi\u00ean SR\" itemprop=\"image\"\/>\n\t\t\t\t \n\t\t<h3>Shaz Rasul (anh \u1ea5y\/anh \u1ea5y)<\/h3>Gi\u00e1m \u0111\u1ed1c ch\u01b0\u01a1ng tr\u00ecnh\t\t\t\t\t\t\t\n\t\t\t\t<a href=\"https:\/\/www.linkedin.com\/in\/shazrasul\/\" target=\"_blank\" rel=\"noopener\">\t\t\t\t\n\t\t<\/a>\t\t\t\t \n\t\t\t<a href=\"mailto:srasul@highjumpchicago.org\" target=\"_self\">\n\t\t\t\t\t\tG\u1eedi email cho Shaz\n\t\t\t\t\t<\/a>\n\t\t\t\t\t<a href=\"#\"  id=\"fl-accordion--label-0\" tabindex=\"0\" aria-controls=\"fl-accordion--panel-0\">\u0110\u1ecdc th\u00eam v\u1ec1 Shaz<\/a>\n\t\t\t\t\t\t\t\t\t\t\t<a href=\"#\" id=\"fl-accordion--icon-0\" tabindex=\"-1\"><i title=\"M\u1edf r\u1ed9ng\">M\u1edf r\u1ed9ng<\/i><\/a>\n\t\t\t\t\t<p>Shaz Rasul l\u00e0 Gi\u00e1m \u0111\u1ed1c Ch\u01b0\u01a1ng tr\u00ecnh t\u1ea1i High Jump, n\u01a1i \u00f4ng l\u00e3nh \u0111\u1ea1o chi\u1ebfn l\u01b0\u1ee3c v\u00e0 tri\u1ec3n khai s\u00e1ng ki\u1ebfn m\u00f9a h\u00e8 d\u00e0nh cho H\u1ecdc gi\u1ea3, Ch\u01b0\u01a1ng tr\u00ecnh H\u1ecdc gi\u1ea3 C\u1ed9ng \u0111\u1ed3ng v\u00e0 Ch\u01b0\u01a1ng tr\u00ecnh H\u1ecdc gi\u1ea3 C\u1ef1u h\u1ecdc vi\u00ean, c\u0169ng nh\u01b0 c\u00e1c n\u1ed7 l\u1ef1c tuy\u1ec3n d\u1ee5ng \u01b0u ti\u00ean quy\u1ec1n ti\u1ebfp c\u1eadn c\u00f4ng b\u1eb1ng.<\/p>\n<p>\u00d4ng c\u00f3 h\u01a1n 20 n\u0103m kinh nghi\u1ec7m trong l\u0129nh v\u1ef1c gi\u00e1o d\u1ee5c v\u00e0 g\u1eafn k\u1ebft c\u1ed9ng \u0111\u1ed3ng, bao g\u1ed3m c\u00e1c vai tr\u00f2 l\u00e3nh \u0111\u1ea1o ch\u1ee7 ch\u1ed1t t\u1ea1i V\u0103n ph\u00f2ng G\u1eafn k\u1ebft C\u1ed9ng \u0111\u1ed3ng c\u1ee7a \u0110\u1ea1i h\u1ecdc Chicago. T\u1ea1i \u0111\u00e2y, \u00f4ng \u0111\u00e3 ch\u1ec9 \u0111\u1ea1o Ch\u01b0\u01a1ng tr\u00ecnh Tr\u01b0\u1eddng h\u1ecdc Khu ph\u1ed1, s\u00e1ng l\u1eadp Ch\u01b0\u01a1ng tr\u00ecnh T\u0103ng t\u1ed1c C\u1ed9ng \u0111\u1ed3ng v\u00e0 d\u1eabn d\u1eaft c\u00e1c s\u00e1ng ki\u1ebfn v\u1ec1 g\u1eafn k\u1ebft c\u1ed9ng \u0111\u1ed3ng cho h\u1ecdc sinh, x\u00e2y d\u1ef1ng n\u0103ng l\u1ef1c phi l\u1ee3i nhu\u1eadn, c\u00f4ng b\u1eb1ng k\u1ef9 thu\u1eadt s\u1ed1 v\u00e0 quan h\u1ec7 \u0111\u1ed1i t\u00e1c t\u1eeb b\u1eadc m\u1ea7m non \u0111\u1ebfn l\u1edbp 12.<\/p>\n<p>Tr\u01b0\u1edbc \u0111\u00f3, Shaz \u0111\u00e3 t\u1eebng l\u00e0m t\u00ecnh nguy\u1ec7n vi\u00ean cho \u0110o\u00e0n H\u00f2a b\u00ecnh Hoa K\u1ef3 t\u1ea1i Nam Phi, nh\u1eefng tr\u1ea3i nghi\u1ec7m n\u00e0y ti\u1ebfp t\u1ee5c nu\u00f4i d\u01b0\u1ee1ng cam k\u1ebft c\u1ee7a \u00f4ng \u0111\u1ed1i v\u1edbi c\u00f4ng b\u1eb1ng gi\u00e1o d\u1ee5c. L\u00e0 th\u00e0nh vi\u00ean c\u1ee7a ch\u01b0\u01a1ng tr\u00ecnh Leadership Greater Chicago n\u0103m 2019, \u00f4ng c\u0169ng tham gia ban qu\u1ea3n tr\u1ecb c\u1ee7a MetroSquash v\u00e0 EasterSeals ph\u1ee5c v\u1ee5 khu v\u1ef1c Chicagoland v\u00e0 Greater Rockford.<\/p>\n<p>\u00d4ng c\u00f3 b\u1eb1ng C\u1eed nh\u00e2n X\u00e3 h\u1ed9i h\u1ecdc v\u00e0 b\u1eb1ng Th\u1ea1c s\u0129 Khoa h\u1ecdc M\u00e1y t\u00ednh c\u1ee7a \u0110\u1ea1i h\u1ecdc Chicago.<\/p>\n\t\t\t\t<img decoding=\"async\" src=\"https:\/\/highjumpchicago.org\/wp-content\/uploads\/bb-plugin\/cache\/Molly-Gilbride-Headshot-square.jpg\" alt=\"Molly Gilbride Headshot\" title=\"\u1ea2nh ch\u1ee5p \u0111\u1ea7u Molly Gilbride\" itemprop=\"image\"\/>\n\t\t\t\t \n\t\t<h3>Molly Gilbride (c\u00f4 \u1ea5y\/c\u00f4 \u1ea5y)<\/h3>Gi\u00e1m \u0111\u1ed1c th\u0103ng ti\u1ebfn\t\t\t\t\t\t\t\n\t\t\t\t<a href=\"https:\/\/www.linkedin.com\/in\/molly-k-gilbride-7615378\/\" target=\"_blank\" rel=\"noopener\">\t\t\t\t\n\t\t<\/a>\t\t\t\t \n\t\t\t<a href=\"mailto:mgilbride@highjumpchicago.org\" target=\"_self\">\n\t\t\t\t\t\tG\u1eedi email cho Molly\n\t\t\t\t\t<\/a>\n\t\t\t\t\t<a href=\"#\"  id=\"fl-accordion--label-0\" tabindex=\"0\" aria-controls=\"fl-accordion--panel-0\">\u0110\u1ecdc th\u00eam v\u1ec1 Molly<\/a>\n\t\t\t\t\t\t\t\t\t\t\t<a href=\"#\" id=\"fl-accordion--icon-0\" tabindex=\"-1\"><i title=\"M\u1edf r\u1ed9ng\">M\u1edf r\u1ed9ng<\/i><\/a>\n\t\t\t\t\t<p>Molly Gilbride l\u00e0 Gi\u00e1m \u0111\u1ed1c Ph\u00e1t tri\u1ec3n c\u1ee7a High Jump, gia nh\u1eadp \u0111\u1ed9i ng\u0169 \u0111\u1ec3 d\u1eabn \u0111\u1ea7u chi\u1ebfn l\u01b0\u1ee3c ph\u00e1t tri\u1ec3n, ti\u1ebfp th\u1ecb v\u00e0 truy\u1ec1n th\u00f4ng. C\u00f4 l\u00e3nh \u0111\u1ea1o vi\u1ec7c l\u1eadp k\u1ebf ho\u1ea1ch v\u00e0 th\u1ef1c hi\u1ec7n c\u00e1c chi\u1ebfn d\u1ecbch g\u00e2y qu\u1ef9, l\u1eadp k\u1ebf ho\u1ea1ch t\u0103ng tr\u01b0\u1edfng nhi\u1ec1u n\u0103m, v\u00e0 h\u1ee3p t\u00e1c ch\u1eb7t ch\u1ebd v\u1edbi ban l\u00e3nh \u0111\u1ea1o c\u1ea5p cao v\u00e0 h\u1ed9i \u0111\u1ed3ng qu\u1ea3n tr\u1ecb \u0111\u1ec3 th\u00fac \u0111\u1ea9y s\u1ee9 m\u1ec7nh c\u1ee7a High Jump.<\/p>\n<p>L\u00e0 m\u1ed9t nh\u00e0 l\u00e3nh \u0111\u1ea1o d\u00e0y d\u1ea1n kinh nghi\u1ec7m trong l\u0129nh v\u1ef1c g\u00e2y qu\u1ef9 v\u00e0 k\u1ebft n\u1ed1i phi l\u1ee3i nhu\u1eadn, Molly mang \u0111\u1ebfn h\u01a1n hai th\u1eadp k\u1ef7 kinh nghi\u1ec7m - h\u01a1n m\u01b0\u1eddi n\u0103m c\u1ed1ng hi\u1ebfn cho c\u00e1c vai tr\u00f2 ph\u00e1t tri\u1ec3n, bao g\u1ed3m quan h\u1ec7 c\u1ef1u sinh vi\u00ean, ho\u1ea1t \u0111\u1ed9ng quy\u00ean g\u00f3p th\u01b0\u1eddng ni\u00ean, c\u00e1c kho\u1ea3n \u0111\u00f3ng g\u00f3p l\u1edbn v\u00e0 c\u00e1c ho\u1ea1t \u0111\u1ed9ng quy\u00ean g\u00f3p theo k\u1ebf ho\u1ea1ch. Kinh nghi\u1ec7m c\u1ee7a c\u00f4 tr\u1ea3i d\u00e0i qua c\u00e1c vai tr\u00f2 l\u00e3nh \u0111\u1ea1o t\u1ea1i Ronald McDonald House Charities of Chicagoland, Tr\u01b0\u1eddng Kinh doanh Booth thu\u1ed9c \u0110\u1ea1i h\u1ecdc Chicago v\u00e0 Tr\u01b0\u1eddng Y khoa thu\u1ed9c \u0110\u1ea1i h\u1ecdc Bang Ohio, n\u01a1i c\u00f4 x\u00e2y d\u1ef1ng m\u1ed1i quan h\u1ec7 v\u1edbi c\u00e1c nh\u00e0 t\u00e0i tr\u1ee3 v\u00e0 \u0111\u1ea3m b\u1ea3o c\u00e1c kho\u1ea3n \u0111\u00f3ng g\u00f3p mang t\u00ednh chuy\u1ec3n \u0111\u1ed5i th\u00f4ng qua ph\u01b0\u01a1ng ph\u00e1p ti\u1ebfp c\u1eadn h\u1ee3p t\u00e1c, d\u1ef1a tr\u00ean d\u1eef li\u1ec7u v\u00e0 k\u1ec3 chuy\u1ec7n.<\/p>\n<p>Ni\u1ec1m \u0111am m\u00ea ph\u1ee5c v\u1ee5 c\u1ed9ng \u0111\u1ed3ng c\u1ee7a c\u00f4 b\u1eaft \u0111\u1ea7u t\u1eeb khi l\u00e0 th\u00e0nh vi\u00ean AmeriCorps, tham gia c\u00e1c ch\u01b0\u01a1ng tr\u00ecnh x\u00f3a m\u00f9 ch\u1eef, \u0111\u1eb7t n\u1ec1n t\u1ea3ng cho cam k\u1ebft c\u1ee7a c\u00f4 \u0111\u1ed1i v\u1edbi gi\u00e1o d\u1ee5c v\u00e0 c\u00f4ng b\u1eb1ng. Chuy\u00ean m\u00f4n c\u1ee7a Molly trong vi\u1ec7c k\u1ebft h\u1ee3p l\u00f2ng h\u1ea3o t\u00e2m v\u1edbi c\u00e1c v\u1ecb tr\u00ed t\u00e1c \u0111\u1ed9ng \u0111\u00e3 gi\u00fap High Jump m\u1edf r\u1ed9ng kh\u1ea3 n\u0103ng ti\u1ebfp c\u1eadn v\u00e0 c\u01a1 h\u1ed9i cho h\u1ecdc sinh \u0111ang tr\u1ea3i qua nh\u1eefng giai \u0111o\u1ea1n chuy\u1ec3n ti\u1ebfp h\u1ecdc thu\u1eadt quan tr\u1ecdng.<\/p>\n                        <img loading=\"lazy\" decoding=\"async\" src=\"https:\/\/highjumpchicago.org\/wp-content\/uploads\/2023\/05\/Katie-Andorka.jpg\" alt=\"Please use the filename here\" itemprop=\"image\" height=\"2048\" width=\"1656\" title=\"Vui l\u00f2ng s\u1eed d\u1ee5ng t\u00ean t\u1ec7p \u1edf \u0111\u00e2y\"  \/>\n\t\t                    <h3>Katie Andorka (c\u00f4 \u1ea5y\/c\u00f4 \u1ea5y)<\/h3>\n                \t\t        \tGi\u00e1m \u0111\u1ed1c Ch\u01b0\u01a1ng tr\u00ecnh H\u1ecdc gi\u1ea3, Qu\u1ea3n l\u00fd C\u01a1 s\u1edf Latin\n            <ul>\n\t\t\t\t\t\t\t\t\t\t<li>\n\t\t\t\t\t\t\t<a href=\"mailto:kandorka@highjumpchicago.org\" target=\"_blank\" aria-label=\"E-mail\">\n\t\t\t\t\t\t\t\t\t\t\t\t\t\t\t<\/a>\n\t\t\t\t\t\t<\/li>\n\t\t\t\t\t\t            <\/ul>\n                        <img loading=\"lazy\" decoding=\"async\" src=\"https:\/\/highjumpchicago.org\/wp-content\/uploads\/2023\/01\/Max-Asaf.jpg\" alt=\"Max Asaf\" itemprop=\"image\" height=\"2048\" width=\"1638\" title=\"Max Asaf\"  \/>\n\t\t                    <h3>Max Asaf (anh \u1ea5y\/anh \u1ea5y)<\/h3>\n                \t\t        \t Gi\u00e1m \u0111\u1ed1c Ph\u00e1t tri\u1ec3n\n            <ul>\n\t\t\t\t\t\t\t\t\t\t<li>\n\t\t\t\t\t\t\t<a href=\"mailto:masaf@highjumpchicago.org\" target=\"_blank\" aria-label=\"E-mail\">\n\t\t\t\t\t\t\t\t\t\t\t\t\t\t\t<\/a>\n\t\t\t\t\t\t<\/li>\n\t\t\t\t\t\t            <\/ul>\n\t\t                    <h3>Allison Davis (c\u00f4 \u1ea5y\/c\u00f4 \u1ea5y)<\/h3>\n                \t\t        \tPh\u00f3 Gi\u00e1m \u0111\u1ed1c ph\u1ee5 tr\u00e1ch quan h\u1ec7 v\u1edbi c\u1eed tri\n            <ul>\n\t\t\t\t\t\t\t\t\t\t<li>\n\t\t\t\t\t\t\t<a href=\"mailto:adavis@highjumpchicago.org\" target=\"_blank\" aria-label=\"E-mail\">\n\t\t\t\t\t\t\t\t\t\t\t\t\t\t\t<\/a>\n\t\t\t\t\t\t<\/li>\n\t\t\t\t\t\t            <\/ul>\n                        <img loading=\"lazy\" decoding=\"async\" src=\"https:\/\/highjumpchicago.org\/wp-content\/uploads\/2023\/01\/Sanober-Kanjee.jpg\" alt=\"Sanober Kanjee\" itemprop=\"image\" height=\"2048\" width=\"1656\" title=\"Sanober Kanjee\"  \/>\n\t\t                    <h3>Sanober Kanjee (c\u00f4 \u1ea5y\/c\u00f4 \u1ea5y)<\/h3>\n                \t\t        \tGi\u00e1m \u0111\u1ed1c Ch\u01b0\u01a1ng tr\u00ecnh C\u1ef1u sinh vi\u00ean tr\u1ebb\n            <ul>\n\t\t\t\t\t\t\t\t\t\t<li>\n\t\t\t\t\t\t\t<a href=\"mailto:skanjee@highjumpchicago.org\" target=\"_blank\" aria-label=\"E-mail\">\n\t\t\t\t\t\t\t\t\t\t\t\t\t\t\t<\/a>\n\t\t\t\t\t\t<\/li>\n\t\t\t\t\t\t            <\/ul>\n\t\t                    <h3>Gabi Kizer (c\u00f4 \u1ea5y\/c\u00f4 \u1ea5y)<\/h3>\n                \t\t        \tTr\u1ee3 l\u00fd Gi\u00e1m \u0111\u1ed1c Ph\u00e1t tri\u1ec3n, V\u1eadn h\u00e0nh v\u00e0 H\u1ee3p t\u00e1c \n            <ul>\n\t\t\t\t\t\t\t\t\t\t<li>\n\t\t\t\t\t\t\t<a href=\"mailto:gkizer@highjumpchicago.org\" target=\"_blank\" aria-label=\"E-mail\">\n\t\t\t\t\t\t\t\t\t\t\t\t\t\t\t<\/a>\n\t\t\t\t\t\t<\/li>\n\t\t\t\t\t\t            <\/ul>\n                        <img loading=\"lazy\" decoding=\"async\" src=\"https:\/\/highjumpchicago.org\/wp-content\/uploads\/2023\/01\/Tammi-Longsjo.jpg\" alt=\"Tammi Longsjo\" itemprop=\"image\" height=\"2048\" width=\"1638\" title=\"tammi longsjo\"  \/>\n\t\t                    <h3>Tammi Longsjo (c\u00f4 \u1ea5y\/c\u00f4 \u1ea5y)<\/h3>\n                \t\t        \tTr\u1ee3 l\u00fd Gi\u00e1m \u0111\u1ed1c Truy\u1ec1n th\u00f4ng v\u00e0 Ti\u1ebfp th\u1ecb\n            <ul>\n\t\t\t\t\t\t\t\t\t\t<li>\n\t\t\t\t\t\t\t<a href=\"mailto:tlongsjo@highjumpchicago.org\" target=\"_blank\" aria-label=\"E-mail\">\n\t\t\t\t\t\t\t\t\t\t\t\t\t\t\t<\/a>\n\t\t\t\t\t\t<\/li>\n\t\t\t\t\t\t            <\/ul>\n\t\t                    <h3>Nashary Lopez (c\u00f4 \u1ea5y\/c\u00f4 \u1ea5y)<\/h3>\n                \t\t        \tTr\u1ee3 l\u00fd \u0111i\u1ec1u h\u00e0nh\n            <ul>\n\t\t\t\t\t\t\t\t\t\t<li>\n\t\t\t\t\t\t\t<a href=\"mailto:nasharylopez@highjumpchicago.org\" target=\"_blank\" aria-label=\"E-mail\">\n\t\t\t\t\t\t\t\t\t\t\t\t\t\t\t<\/a>\n\t\t\t\t\t\t<\/li>\n\t\t\t\t\t\t            <\/ul>\n                        <img loading=\"lazy\" decoding=\"async\" src=\"https:\/\/highjumpchicago.org\/wp-content\/uploads\/2023\/01\/Yasi-Nassiri.jpg\" alt=\"Yasi Nassiri\" itemprop=\"image\" height=\"2048\" width=\"1638\" title=\"Yasi Nassiri\"  \/>\n\t\t                    <h3>Yasi Nassiri (c\u00f4 \u1ea5y\/c\u00f4 \u1ea5y)<\/h3>\n                \t\t        \t Gi\u00e1m \u0111\u1ed1c ch\u01b0\u01a1ng tr\u00ecnh h\u1ecdc gi\u1ea3 c\u1ed9ng \u0111\u1ed3ng\n            <ul>\n\t\t\t\t\t\t\t\t\t\t<li>\n\t\t\t\t\t\t\t<a href=\"mailto:ynassiri@highjumpchicago.org\" target=\"_blank\" aria-label=\"E-mail\">\n\t\t\t\t\t\t\t\t\t\t\t\t\t\t\t<\/a>\n\t\t\t\t\t\t<\/li>\n\t\t\t\t\t\t            <\/ul>\n                        <img loading=\"lazy\" decoding=\"async\" src=\"https:\/\/highjumpchicago.org\/wp-content\/uploads\/2023\/01\/Alison-Hanold-Shah.jpg\" alt=\"Alison Hanold Shah\" itemprop=\"image\" height=\"2048\" width=\"1638\" title=\"Alison Hanold Shah\"  \/>\n\t\t                    <h3>Alison Hanold Shah (c\u00f4 \u1ea5y\/c\u00f4 \u1ea5y)<\/h3>\n                \t\t        \tNg\u01b0\u1eddi vi\u1ebft t\u00e0i tr\u1ee3\n            <ul>\n\t\t\t\t\t\t\t\t\t\t<li>\n\t\t\t\t\t\t\t<a href=\"mailto:ahanold@highjumpchicago.org\" target=\"_blank\" aria-label=\"E-mail\">\n\t\t\t\t\t\t\t\t\t\t\t\t\t\t\t<\/a>\n\t\t\t\t\t\t<\/li>\n\t\t\t\t\t\t            <\/ul>\n                        <img loading=\"lazy\" decoding=\"async\" src=\"https:\/\/highjumpchicago.org\/wp-content\/uploads\/2023\/01\/Amy-Tsegai.jpg\" alt=\"Amy Tsegai\" itemprop=\"image\" height=\"2048\" width=\"1656\" title=\"Amy Tsegai\"  \/>\n\t\t                    <h3>Amy Tsegai (c\u00f4 \u1ea5y\/c\u00f4 \u1ea5y)<\/h3>\n                \t\t        \t Qu\u1ea3n l\u00fd c\u01a1 s\u1edf Parker\n            <ul>\n\t\t\t\t\t\t\t\t\t\t<li>\n\t\t\t\t\t\t\t<a href=\"mailto:atsegai@highjumpchicago.org\" target=\"_blank\" aria-label=\"E-mail\">\n\t\t\t\t\t\t\t\t\t\t\t\t\t\t\t<\/a>\n\t\t\t\t\t\t<\/li>\n\t\t\t\t\t\t            <\/ul>\n                        <img loading=\"lazy\" decoding=\"async\" src=\"https:\/\/highjumpchicago.org\/wp-content\/uploads\/2023\/05\/Asia-Ana-Williams.jpg\" alt=\"Please use the filename here\" itemprop=\"image\" height=\"2048\" width=\"1656\" title=\"Vui l\u00f2ng s\u1eed d\u1ee5ng t\u00ean t\u1ec7p \u1edf \u0111\u00e2y\"  \/>\n\t\t                    <h3>Asia-Ana Williams (c\u00f4 \u1ea5y\/c\u00f4 \u1ea5y)<\/h3>\n                \t\t        \tQu\u1ea3n l\u00fd khu\u00f4n vi\u00ean ph\u00f2ng th\u00ed nghi\u1ec7m\n            <ul>\n\t\t\t\t\t\t\t\t\t\t<li>\n\t\t\t\t\t\t\t<a href=\"mailto:aawilliams@highjumpchicago.org\" target=\"_blank\" aria-label=\"E-mail\">\n\t\t\t\t\t\t\t\t\t\t\t\t\t\t\t<\/a>\n\t\t\t\t\t\t<\/li>\n\t\t\t\t\t\t            <\/ul>","protected":false},"excerpt":{"rendered":"<p>T\u00ecm hi\u1ec3u th\u00eam v\u1ec1 \u0111\u1ed9i ng\u0169 nh\u00e2n vi\u00ean t\u1eadn t\u00e2m t\u1ea1i High Jump, nh\u1eefng ng\u01b0\u1eddi h\u1ed7 tr\u1ee3 v\u00e0 truy\u1ec1n c\u1ea3m h\u1ee9ng \u0111\u1ec3 h\u1ecdc sinh c\u00f3 ti\u1ebfng n\u00f3i trong vi\u1ec7c h\u1ecdc t\u1eadp v\u00e0 t\u01b0\u01a1ng lai c\u1ee7a m\u00ecnh.<\/p>","protected":false},"author":1,"featured_media":0,"parent":50,"menu_order":5,"comment_status":"closed","ping_status":"closed","template":"","meta":{"_seopress_robots_primary_cat":"","_seopress_titles_title":"","_seopress_titles_desc":"","_seopress_robots_index":"","_seopress_analysis_target_kw":"","inline_featured_image":false,"footnotes":""},"class_list":["post-2836","page","type-page","status-publish","hentry"],"_links":{"self":[{"href":"https:\/\/highjumpchicago.org\/vi\/wp-json\/wp\/v2\/pages\/2836","targetHints":{"allow":["GET"]}}],"collection":[{"href":"https:\/\/highjumpchicago.org\/vi\/wp-json\/wp\/v2\/pages"}],"about":[{"href":"https:\/\/highjumpchicago.org\/vi\/wp-json\/wp\/v2\/types\/page"}],"author":[{"embeddable":true,"href":"https:\/\/highjumpchicago.org\/vi\/wp-json\/wp\/v2\/users\/1"}],"replies":[{"embeddable":true,"href":"https:\/\/highjumpchicago.org\/vi\/wp-json\/wp\/v2\/comments?post=2836"}],"version-history":[{"count":5,"href":"https:\/\/highjumpchicago.org\/vi\/wp-json\/wp\/v2\/pages\/2836\/revisions"}],"predecessor-version":[{"id":134426,"href":"https:\/\/highjumpchicago.org\/vi\/wp-json\/wp\/v2\/pages\/2836\/revisions\/134426"}],"up":[{"embeddable":true,"href":"https:\/\/highjumpchicago.org\/vi\/wp-json\/wp\/v2\/pages\/50"}],"wp:attachment":[{"href":"https:\/\/highjumpchicago.org\/vi\/wp-json\/wp\/v2\/media?parent=2836"}],"curies":[{"name":"wp","href":"https:\/\/api.w.org\/{rel}","templated":true}]}}