{"id":30,"date":"2018-10-08T01:56:40","date_gmt":"2018-10-08T06:56:40","guid":{"rendered":"https:\/\/d46e648428.nxcli.io\/?page_id=30"},"modified":"2026-02-09T14:02:42","modified_gmt":"2026-02-09T20:02:42","slug":"board-of-directors","status":"publish","type":"page","link":"https:\/\/highjumpchicago.org\/vi\/about\/board-of-directors\/","title":{"rendered":"Ban gi\u00e1m \u0111\u1ed1c"},"content":{"rendered":"<nav  aria-label=\"v\u1ee5n b\u00e1nh m\u00ec\"><ol itemscope itemtype=\"https:\/\/schema.org\/BreadcrumbList\"><li itemprop=\"itemListElement\" itemscope itemtype=\"https:\/\/schema.org\/ListItem\"><a itemscope itemtype=\"https:\/\/schema.org\/WebPage\" itemprop=\"item\" itemid=\"https:\/\/highjumpchicago.org\" href=\"https:\/\/highjumpchicago.org\/vi\/\">Nh\u00e0<\/a><meta itemprop=\"position\" content=\"1\"\/><\/li><li itemprop=\"itemListElement\" itemscope itemtype=\"https:\/\/schema.org\/ListItem\"><a itemscope itemtype=\"https:\/\/schema.org\/WebPage\" itemprop=\"item\" itemid=\"https:\/\/highjumpchicago.org\/about\/\" href=\"https:\/\/highjumpchicago.org\/vi\/about\/\">V\u1ec1 ch\u00fang t\u00f4i<\/a><meta itemprop=\"position\" content=\"2\"\/><\/li><li aria-current=\"page\" itemprop=\"itemListElement\" itemscope itemtype=\"https:\/\/schema.org\/ListItem\">Ban gi\u00e1m \u0111\u1ed1c<meta itemprop=\"position\" content=\"3\"\/><\/li><\/ol><\/nav>\n\t<p>H\u1ed9i \u0111\u1ed3ng qu\u1ea3n tr\u1ecb c\u1ee7a High Jump l\u00e0 <strong>m\u1ed9t nh\u00f3m \u0111a d\u1ea1ng d\u00e0nh ri\u00eang cho vi\u1ec7c m\u1edf r\u1ed9ng kh\u1ea3 n\u0103ng ti\u1ebfp c\u1eadn ch\u01b0\u01a1ng tr\u00ecnh l\u00e0m gi\u00e0u h\u1ecdc thu\u1eadt c\u1ee7a ch\u00fang t\u00f4i<\/strong> cho h\u1ecdc sinh trung h\u1ecdc c\u01a1 s\u1edf t\u00e0i n\u0103ng v\u00e0 n\u0103ng \u0111\u1ed9ng v\u1edbi thu nh\u1eadp gia \u0111\u00ecnh h\u1ea1n ch\u1ebf.<\/p>\n\t<h2>\n\t\t\t\tC\u00e1i gh\u1ebf:\n\t\t\t<\/h2>\n\t<p><b>Lena Jessen<\/b><\/p>\n\t<h2>\n\t\t\t\tCh\u1ee7 t\u1ecbch \u0111\u1eafc c\u1eed:\n\t\t\t<\/h2>\n\t<strong>C\u00c1NH MARY<\/strong><br \/>\nNg\u01b0\u1eddi s\u00e1ng l\u1eadp<br \/>\n<i>T\u01b0 v\u1ea5n Mary Fifield<\/i>\n\t<h2>\n\t\t\t\tPh\u00f3 T\u1ed5ng Th\u1ed1ng:\n\t\t\t<\/h2>\n\t<strong>L\u00c1 CH\u1eaeN NICK<\/strong>, Nh\u00f3m 6<br \/>\nPh\u00f3 Tham m\u01b0u tr\u01b0\u1edfng \u2013 Truy\u1ec1n th\u00f4ng<br \/>\n<i>V\u0103n ph\u00f2ng Ch\u1ee7 t\u1ecbch, Qu\u1eadn Cook<\/i>\n\t<h2>\n\t\t\t\t\u0110\u1ed3ng th\u1ee7 qu\u1ef9:\n\t\t\t<\/h2>\n\t<p><b>CINDY O&#039;CONNOR<\/b><\/p>\n<b>SOPHIA LADOUCEUR<\/b><br \/>\nPh\u00f3 Ch\u1ee7 t\u1ecbch, T\u00e0i ch\u00ednh doanh nghi\u1ec7p<br \/>\n<em>C\u00f4ng Ty C\u1ed5 Ph\u1ea7n Ventas<\/em>\n\t<h2>\n\t\t\t\tTh\u01b0 k\u00fd:\n\t\t\t<\/h2>\n\t<p><strong>Shelley Greenwood<\/strong><\/p>\n<h2>\n\t\t\t\u0110\u1ea1o di\u1ec5n\t<\/h2>\n\t<strong>JOHN AKALAONU<\/strong>, Nh\u00f3m 4<br \/>\nPh\u00f3 ch\u1ee7 t\u1ecbch, kh\u00e1ch h\u00e0ng Onboarding<br \/>\n<em>N\u01b0\u1edbng<\/em>\n<strong>SONY ANTOLEC<\/strong>, Nh\u00f3m 7<br \/>\nTh\u1ea9m ph\u00e1n,\u00a0<em>T\u00f2a \u00e1n Khi\u1ebfu n\u1ea1i Illinois<br \/>\n<\/em>T\u1ed5ng C\u1ed1 V\u1ea5n,\u00a0<em>Nh\u00f3m 1937<\/em>\n<strong>OMID BA\u00d1UELOS<\/strong>, Nh\u00f3m 10<br \/>\nT\u01b0 v\u1ea5n doanh nghi\u1ec7p<br \/>\n<em>Amazon.com Inc.<\/em>\n<p><strong>Th\u1ee3 c\u1eaft t\u00f3c KATIE<\/strong><\/p>\n<strong>JENNY BEKKERMAN<\/strong><br \/>\nLu\u1eadt s\u01b0 &amp; Chi\u1ebfn l\u01b0\u1ee3c gia<br \/>\n<em>Ngh\u0129 \u0111\u1ebfn JBA<\/em>\n<p><strong>ERICA CHANDRASEKHAR<\/strong><\/p>\n<p><strong>JYMME CHAOUKI<\/strong><\/p>\n<strong>PRAB CHAWLA<\/strong><br \/>\nGi\u00e1m \u0111\u1ed1c \u0111i\u1ec1u h\u00e0nh<br \/>\n<em>\u0110\u1ed1i t\u00e1c v\u1ed1n Linden<\/em>\n<strong>DAVID CHAZEN<\/strong><br \/>\nGi\u00e1m \u0111\u1ed1c \u0111i\u1ec1u h\u00e0nh<br \/>\n<em>\u0110\u1ed1i t\u00e1c v\u1ed1n Chazen<\/em>\n<p><strong>GIINA CHEN, <\/strong>Nh\u00f3m 13<\/p>\n<strong>YENY CIBOROWSKI<\/strong><br \/>\nPh\u00f3 T\u1ed5ng c\u1ed1 v\u1ea5n c\u1ea5p cao<br \/>\n<em>C\u00f4ng ty TNHH Enova Qu\u1ed1c t\u1ebf<\/em>\n<p><strong>SARAH COBB<\/strong><\/p>\n<p><strong>SARAH COGSWELL<\/strong><\/p>\n\t<p><strong>VINCENT COZZI<\/strong><\/p>\n<p><strong>KAREN DUNCA<\/strong><\/p>\n<strong>MEG FREY<br \/>\n<\/strong>C\u1ed9ng s\u1ef1<br \/>\n<em>Winston v\u00e0 Strawn<\/em>\n<strong>TIM FRIEDMAN<\/strong><br \/>\nHi\u1ec7u tr\u01b0\u1edfng<br \/>\n<em>C\u00f4ng Ty TNHH Heracles<\/em>\n<p><strong>ARLA GOMBERG<\/strong><\/p>\n<p><strong>PH\u1ea0M GORDON<\/strong><\/p>\n<b>CHRISTINA GREVISKES<\/b><br \/>\nGi\u00e1m \u0111\u1ed1c t\u00e0i kho\u1ea3n<br \/>\n<em>Google<\/em>\n<p><strong>MARIANA INGERSOLL<\/strong><\/p>\n<p><strong>KRISSAN JENNINGS<\/strong><\/p>\n<strong>VUA ERIK<\/strong><br \/>\nB\u00e1c s\u0129 ph\u1eabu thu\u1eadt ch\u1ec9nh h\u00ecnh nhi<br \/>\n<em>B\u1ec7nh vi\u1ec7n Nhi Ann &amp; Robert H. Lurie \u1edf Chicago<\/em>\n<p><strong>KERRIE MALONEY LAYTIN<\/strong><\/p>\n<strong>JOHN G. LEVI<\/strong><br \/>\nC\u1ed9ng s\u1ef1<br \/>\n<em>c\u00f4ng ty TNHH Sidley Austin<\/em>\n<strong><b>NICHOLE LOPEZ-TACKETT<\/b><\/strong><br \/>\nC\u1ed9ng s\u1ef1<br \/>\n<i>D\u00e2y th\u1eebng &amp; X\u00e1m<\/i>\n<strong><b>KIM L\u1ec6CH<br \/>\n<\/b><\/strong>T\u1ed5ng c\u1ed1 v\u1ea5n \u0111\u00e3 ngh\u1ec9 h\u01b0u<br \/>\n<i>\u0110\u1ed1i t\u00e1c T\u00e2y Monroe<\/i>\n\t<strong><b>NICOLE MANN<\/b><\/strong><i><strong><b><br \/>\n<\/b><\/strong><\/i>\n<strong>THOMAS MEYERS<br \/>\n<\/strong>SVP, Gi\u00e1m \u0111\u1ed1c c\u1ea5p cao v\u1ec1 \u0110\u1ea7u t\u01b0 v\u00e0 Ph\u00e1t tri\u1ec3n Chi\u1ebfn l\u01b0\u1ee3c<br \/>\n<em>\u0110\u1ec1n Franklin<\/em>\n<strong>S\u1eeeA DARA<br \/>\n<\/strong>T\u01b0 v\u1ea5n gi\u00e1o d\u1ee5c\n<strong>PHILIP NEVELS<\/strong>, Nh\u00f3m 5<strong><br \/>\n<\/strong>Gi\u00e1m \u0111\u1ed1c chi\u1ebfn l\u01b0\u1ee3c doanh nghi\u1ec7p<br \/>\n<em>AES<\/em>\n<strong>HEIDI ORTOLAZA-ALVEAR<\/strong>, Nh\u00f3m 10<br \/>\nT\u1ed5ng gi\u00e1m \u0111\u1ed1c \u0111i\u1ec1u h\u00e0nh<br \/>\n<em>S\u1ee9c kh\u1ecfe gia \u0111\u00ecnh IWS<\/em>\n<strong>GEORGY ANN PELUCHIWSKI<\/strong><br \/>\nC\u1ed9ng s\u1ef1<br \/>\n<em>\u0110\u1ed1i t\u00e1c L\u00e3nh \u0111\u1ea1o Greenwich<\/em>\n<strong>ABBY PHELPS<\/strong><br \/>\nNg\u01b0\u1eddi s\u1edf h\u1eefu<br \/>\n<em>C\u00e2u l\u1ea1c b\u1ed9 Pilates<\/em>\n<strong>STEPHANIE ROSS<\/strong><br \/>\nTr\u1ee3 l\u00fd gi\u00e1o s\u01b0 l\u00e2m s\u00e0ng<br \/>\n<em>\u0110\u1ea1i h\u1ecdc T\u00e2y B\u1eafc, Tr\u01b0\u1eddng Y khoa Feinberg<\/em>\n<strong>DIANE SALTOUN<\/strong><br \/>\nT\u1ed5ng thanh tra \u0111i\u1ec1u h\u00e0nh<br \/>\n<i>V\u0103n ph\u00f2ng T\u1ed5ng ch\u01b0\u1edfng l\u00fd Illinois<\/i>\n<strong>ERRETT VAN \u0110\u1eb8P<\/strong><br \/>\nGi\u00e1m \u0111\u1ed1c \u0111i\u1ec1u h\u00e0nh<br \/>\n<em>Qu\u1ea3n l\u00fd t\u00e0i s\u1ea3n t\u01b0 nh\u00e2n c\u1ee7a UBS<\/em>\n<p><strong>BI\u1ec6T TH\u1ef0 RAMONALPANDO<\/strong>, Nh\u00f3m 5<\/p>\n<h2>\n\t\t\tGi\u00e1m \u0111\u1ed1c danh d\u1ef1\t<\/h2>\n\t<p><strong>Diana Aixal\u00e1<\/strong><\/p>\n<p><strong>Richard J. Almeida<\/strong><\/p>\n<p><strong>H\u00f3a \u0111\u01a1n Barker<\/strong><\/p>\n<p><strong>H\u1ed9p Sally<\/strong><\/p>\n\t<p><strong>Paula H. V\u01b0\u01a1ng mi\u1ec7n<\/strong><\/p>\n<p><strong>Charles S.Gofen<\/strong><\/p>\n<p><strong>Priscilla Kersten<\/strong><\/p>\n<p><strong>Langdon D. Neal<\/strong><\/p>\n<p><strong>Annmarie Neumeier<\/strong><\/p>\n\t<p><strong>Eleanor Nicholson<\/strong><\/p>\n<p><strong>Richard Rothkopf<\/strong><\/p>\n<p><strong>Todd A. Smith<\/strong><\/p>\n<p><strong>Tina Wardrop<\/strong><\/p>","protected":false},"excerpt":{"rendered":"<p>Trang ch\u1ee7 Gi\u1edbi thi\u1ec7u H\u1ed9i \u0111\u1ed3ng qu\u1ea3n tr\u1ecb H\u1ed9i \u0111\u1ed3ng qu\u1ea3n tr\u1ecb c\u1ee7a High Jump l\u00e0 m\u1ed9t nh\u00f3m \u0111a d\u1ea1ng, t\u1eadn t\u00e2m v\u1edbi m\u1ee5c ti\u00eau m\u1edf r\u1ed9ng kh\u1ea3 n\u0103ng ti\u1ebfp c\u1eadn ch\u01b0\u01a1ng tr\u00ecnh b\u1ed3i d\u01b0\u1ee1ng h\u1ecdc thu\u1eadt c\u1ee7a ch\u00fang t\u00f4i cho c\u00e1c h\u1ecdc sinh trung h\u1ecdc c\u01a1 s\u1edf t\u00e0i n\u0103ng v\u00e0 c\u00f3 \u0111\u1ed9ng l\u1ef1c nh\u01b0ng c\u00f3 thu nh\u1eadp gia \u0111\u00ecnh h\u1ea1n ch\u1ebf. Ch\u1ee7 t\u1ecbch: Lena Jessen Ch\u1ee7 t\u1ecbch \u0111\u1eafc c\u1eed: MARY FIFIELD Nh\u00e0 s\u00e1ng l\u1eadp Mary Fifield Consulting Ph\u00f3 ch\u1ee7 t\u1ecbch: NICK SHIELDS, Nh\u00f3m 6 Ph\u00f3 gi\u00e1m \u0111\u1ed1c\u2026<\/p>","protected":false},"author":7,"featured_media":0,"parent":50,"menu_order":4,"comment_status":"closed","ping_status":"closed","template":"","meta":{"_seopress_robots_primary_cat":"","_seopress_titles_title":"","_seopress_titles_desc":"","_seopress_robots_index":"","inline_featured_image":false,"footnotes":""},"class_list":["post-30","page","type-page","status-publish","hentry"],"_links":{"self":[{"href":"https:\/\/highjumpchicago.org\/vi\/wp-json\/wp\/v2\/pages\/30","targetHints":{"allow":["GET"]}}],"collection":[{"href":"https:\/\/highjumpchicago.org\/vi\/wp-json\/wp\/v2\/pages"}],"about":[{"href":"https:\/\/highjumpchicago.org\/vi\/wp-json\/wp\/v2\/types\/page"}],"author":[{"embeddable":true,"href":"https:\/\/highjumpchicago.org\/vi\/wp-json\/wp\/v2\/users\/7"}],"replies":[{"embeddable":true,"href":"https:\/\/highjumpchicago.org\/vi\/wp-json\/wp\/v2\/comments?post=30"}],"version-history":[{"count":6,"href":"https:\/\/highjumpchicago.org\/vi\/wp-json\/wp\/v2\/pages\/30\/revisions"}],"predecessor-version":[{"id":165756,"href":"https:\/\/highjumpchicago.org\/vi\/wp-json\/wp\/v2\/pages\/30\/revisions\/165756"}],"up":[{"embeddable":true,"href":"https:\/\/highjumpchicago.org\/vi\/wp-json\/wp\/v2\/pages\/50"}],"wp:attachment":[{"href":"https:\/\/highjumpchicago.org\/vi\/wp-json\/wp\/v2\/media?parent=30"}],"curies":[{"name":"wp","href":"https:\/\/api.w.org\/{rel}","templated":true}]}}