{"id":32,"date":"2018-10-08T01:57:03","date_gmt":"2018-10-08T06:57:03","guid":{"rendered":"https:\/\/d46e648428.nxcli.io\/?page_id=32"},"modified":"2026-01-22T17:02:02","modified_gmt":"2026-01-22T23:02:02","slug":"careers","status":"publish","type":"page","link":"https:\/\/highjumpchicago.org\/vi\/about\/careers\/","title":{"rendered":"ngh\u1ec1 nghi\u1ec7p"},"content":{"rendered":"<nav  aria-label=\"v\u1ee5n b\u00e1nh m\u00ec\"><ol itemscope itemtype=\"https:\/\/schema.org\/BreadcrumbList\"><li itemprop=\"itemListElement\" itemscope itemtype=\"https:\/\/schema.org\/ListItem\"><a itemscope itemtype=\"https:\/\/schema.org\/WebPage\" itemprop=\"item\" itemid=\"https:\/\/highjumpchicago.org\" href=\"https:\/\/highjumpchicago.org\/vi\/\">Nh\u00e0<\/a><meta itemprop=\"position\" content=\"1\"\/><\/li><li itemprop=\"itemListElement\" itemscope itemtype=\"https:\/\/schema.org\/ListItem\"><a itemscope itemtype=\"https:\/\/schema.org\/WebPage\" itemprop=\"item\" itemid=\"https:\/\/highjumpchicago.org\/about\/\" href=\"https:\/\/highjumpchicago.org\/vi\/about\/\">V\u1ec1 ch\u00fang t\u00f4i<\/a><meta itemprop=\"position\" content=\"2\"\/><\/li><li aria-current=\"page\" itemprop=\"itemListElement\" itemscope itemtype=\"https:\/\/schema.org\/ListItem\">ngh\u1ec1 nghi\u1ec7p<meta itemprop=\"position\" content=\"3\"\/><\/li><\/ol><\/nav>\n\t<h1>H\u00e3y bi\u1ebfn ni\u1ec1m \u0111am m\u00ea gi\u00e1o d\u1ee5c c\u1ee7a b\u1ea1n th\u00e0nh c\u00f4ng vi\u1ec7c.<\/h1>\n<h2>C\u1ea3m \u01a1n b\u1ea1n \u0111\u00e3 gh\u00e9 th\u0103m trang Tuy\u1ec3n d\u1ee5ng c\u1ee7a High Jump. Ch\u00fang t\u00f4i t\u00ecm ki\u1ebfm nh\u1eefng c\u00e1 nh\u00e2n c\u00f3 ni\u1ec1m \u0111am m\u00ea m\u1edf r\u1ed9ng c\u01a1 h\u1ed9i ti\u1ebfp c\u1eadn gi\u00e1o d\u1ee5c v\u00e0 t\u1ea1o ra t\u00e1c \u0111\u1ed9ng t\u00edch c\u1ef1c, l\u00e2u d\u00e0i cho nh\u1eefng b\u1ed9 \u00f3c t\u00e0i n\u0103ng v\u00e0 c\u1ed9ng \u0111\u1ed3ng m\u00e0 ch\u00fang t\u00f4i ph\u1ee5c v\u1ee5.<\/h2>\n<h3>\n\t\t\tH\u00e3y l\u1eafng nghe chia s\u1ebb t\u1eeb m\u1ed9t hu\u1ea5n luy\u1ec7n vi\u00ean nh\u1ea3y cao.\t<\/h3>\n\t<iframe allowfullscreen allow=\"autoplay\" data-src=\"https:\/\/www.youtube.com\/embed\/rQtIbIoz4MQ?feature=oembed&amp;start&amp;end&amp;wmode=opaque&amp;loop=0&amp;controls=1&amp;mute=0&amp;rel=0&amp;modestbranding=1\"><\/iframe>\t\t\n\t\t\t\t\tPh\u00e1t video\n\t<p>Vui l\u00f2ng xem l\u1ea1i c\u00e1c v\u1ecb tr\u00ed \u0111ang m\u1edf v\u00e0 \u1ee9ng tuy\u1ec3n v\u00e0o nh\u1eefng v\u1ecb tr\u00ed ph\u00f9 h\u1ee3p v\u1edbi tr\u00ecnh \u0111\u1ed9 c\u1ee7a b\u1ea1n. E-mail <b><a href=\"mailto:careers@highjumpchicago.org\" target=\"_blank\" rel=\"noopener\"><u>careers@highjumpchicago.org<\/u><\/a><\/b> N\u1ebfu b\u1ea1n c\u00f3 b\u1ea5t k\u1ef3 c\u00e2u h\u1ecfi n\u00e0o. N\u1ebfu b\u1ea1n kh\u00f4ng t\u00ecm th\u1ea5y nh\u1eefng g\u00ec m\u00ecnh \u0111ang t\u00ecm ki\u1ebfm, h\u00e3y nh\u1edb theo d\u00f5i ch\u00fang t\u00f4i tr\u00ean <strong><a href=\"https:\/\/www.linkedin.com\/company\/high-jump\">LinkedIn<\/a><\/strong> l\u00e0 ng\u01b0\u1eddi \u0111\u1ea7u ti\u00ean t\u00ecm hi\u1ec3u v\u1ec1 c\u00e1c c\u01a1 h\u1ed9i trong t\u01b0\u01a1ng lai.<\/p>\n\t<h1>Ph\u00e1t tri\u1ec3n t\u00e1c \u0111\u1ed9ng c\u1ee7a ch\u00fang t\u00f4i<\/h1>\n\t<h2>L\u00e0 m\u1ed9t trong s\u1ed1 \u00edt ch\u01b0\u01a1ng tr\u00ecnh \u1edf Chicago cung c\u1ea5p ki\u1ebfn th\u1ee9c h\u1ecdc t\u1eadp phong ph\u00fa cho h\u1ecdc sinh trung h\u1ecdc c\u01a1 s\u1edf, nhu c\u1ea7u v\u1ec1 Nh\u1ea3y cao lu\u00f4n \u1edf m\u1ee9c cao nh\u1ea5t m\u1ecdi th\u1eddi \u0111\u1ea1i.<\/h2>\n\t\t<!-- Comment to fix spacing issue\n\t-->\n\t\t<h1>0+<\/h1>H\u1ecdc sinh \u0111\u1ee7 \u0111i\u1ec1u ki\u1ec7n m\u1ed7i n\u0103m\n\t<!-- Comment to fix spacing issue\n\t-->\t\n\t\t<!-- Comment to fix spacing issue\n\t-->\n\t\t<h1>0<\/h1>C\u00e1c \u1ee9ng d\u1ee5ng \u0111\u00e3 n\u1ed9p v\u00e0 sinh vi\u00ean \u0111\u01b0\u1ee3c ph\u1ecfng v\u1ea5n\n\t<!-- Comment to fix spacing issue\n\t-->\t\n\t\t<!-- Comment to fix spacing issue\n\t-->\n\t\t<h1>0<\/h1>H\u1ecdc gi\u1ea3 m\u1edbi \u0111\u01b0\u1ee3c ch\u1ea5p nh\u1eadn (Nh\u00f3m 35)\n\t<!-- Comment to fix spacing issue\n\t-->\t\n\t\t<!-- Comment to fix spacing issue\n\t-->\n\t\t<h1>0+<\/h1>T\u1ed5ng s\u1ed1 h\u1ecdc gi\u1ea3 \u0111\u00e3 \u0111\u0103ng k\u00fd\n\t<!-- Comment to fix spacing issue\n\t-->\t\n\t<h2>V\u1edbi s\u1ef1 gi\u00fap \u0111\u1ee1 c\u1ee7a b\u1ea1n, ch\u00fang t\u00f4i c\u00f3 th\u1ec3 \u0111\u00e1p \u1ee9ng nhu c\u1ea7u v\u00e0 t\u0103ng t\u00e1c \u0111\u1ed9ng c\u1ee7a ch\u00fang t\u00f4i theo c\u1ea5p s\u1ed1 nh\u00e2n.<\/h2>\n\t\t\t<a href =\"https:\/\/highjumpchicago.org\/vi\/donate\/ways-to-donate\/\" target=\"_self\"  aria-label=\"\u0110\u1ea7u t\u01b0 v\u00e0o c\u00e1c h\u1ecdc gi\u1ea3 c\u1ee7a ng\u00e0y mai \">\n\t\t\t\t\t\t\t\t\u0110\u1ea7u t\u01b0 v\u00e0o c\u00e1c h\u1ecdc gi\u1ea3 c\u1ee7a ng\u00e0y mai\t\t\t\t\t\t\t\n\t\t\t\t\t\t<\/a>","protected":false},"excerpt":{"rendered":"<p>Trang ch\u1ee7 V\u1ec1 ch\u00fang t\u00f4i Tuy\u1ec3n d\u1ee5ng H\u00e3y bi\u1ebfn ni\u1ec1m \u0111am m\u00ea gi\u00e1o d\u1ee5c c\u1ee7a b\u1ea1n th\u00e0nh h\u00e0nh \u0111\u1ed9ng. C\u1ea3m \u01a1n b\u1ea1n \u0111\u00e3 gh\u00e9 th\u0103m trang Tuy\u1ec3n d\u1ee5ng c\u1ee7a High Jump. Ch\u00fang t\u00f4i t\u00ecm ki\u1ebfm nh\u1eefng c\u00e1 nh\u00e2n \u0111am m\u00ea m\u1edf r\u1ed9ng c\u01a1 h\u1ed9i ti\u1ebfp c\u1eadn gi\u00e1o d\u1ee5c v\u00e0 t\u1ea1o ra t\u00e1c \u0111\u1ed9ng t\u00edch c\u1ef1c, l\u00e2u d\u00e0i cho nh\u1eefng b\u1ed9 \u00f3c th\u00f4ng minh v\u00e0 c\u1ed9ng \u0111\u1ed3ng m\u00e0 ch\u00fang t\u00f4i ph\u1ee5c v\u1ee5. Nghe chia s\u1ebb t\u1eeb gi\u00e1o vi\u00ean High Jump Xem video Vui l\u00f2ng xem l\u1ea1i\u2026<\/p>","protected":false},"author":7,"featured_media":49178,"parent":50,"menu_order":5,"comment_status":"closed","ping_status":"closed","template":"","meta":{"_seopress_robots_primary_cat":"","_seopress_titles_title":"","_seopress_titles_desc":"","_seopress_robots_index":"","inline_featured_image":false,"footnotes":""},"class_list":["post-32","page","type-page","status-publish","has-post-thumbnail","hentry"],"_links":{"self":[{"href":"https:\/\/highjumpchicago.org\/vi\/wp-json\/wp\/v2\/pages\/32","targetHints":{"allow":["GET"]}}],"collection":[{"href":"https:\/\/highjumpchicago.org\/vi\/wp-json\/wp\/v2\/pages"}],"about":[{"href":"https:\/\/highjumpchicago.org\/vi\/wp-json\/wp\/v2\/types\/page"}],"author":[{"embeddable":true,"href":"https:\/\/highjumpchicago.org\/vi\/wp-json\/wp\/v2\/users\/7"}],"replies":[{"embeddable":true,"href":"https:\/\/highjumpchicago.org\/vi\/wp-json\/wp\/v2\/comments?post=32"}],"version-history":[{"count":10,"href":"https:\/\/highjumpchicago.org\/vi\/wp-json\/wp\/v2\/pages\/32\/revisions"}],"predecessor-version":[{"id":159639,"href":"https:\/\/highjumpchicago.org\/vi\/wp-json\/wp\/v2\/pages\/32\/revisions\/159639"}],"up":[{"embeddable":true,"href":"https:\/\/highjumpchicago.org\/vi\/wp-json\/wp\/v2\/pages\/50"}],"wp:featuredmedia":[{"embeddable":true,"href":"https:\/\/highjumpchicago.org\/vi\/wp-json\/wp\/v2\/media\/49178"}],"wp:attachment":[{"href":"https:\/\/highjumpchicago.org\/vi\/wp-json\/wp\/v2\/media?parent=32"}],"curies":[{"name":"wp","href":"https:\/\/api.w.org\/{rel}","templated":true}]}}