{"id":327,"date":"2018-11-05T01:24:11","date_gmt":"2018-11-05T01:24:11","guid":{"rendered":"https:\/\/d46e648428.nxcli.io\/?page_id=327"},"modified":"2022-01-25T16:41:15","modified_gmt":"2022-01-25T22:41:15","slug":"career-day","status":"publish","type":"page","link":"https:\/\/highjumpchicago.org\/vi\/donate\/volunteer\/career-day\/","title":{"rendered":"ng\u00e0y h\u1ed9i ngh\u1ec1 nghi\u1ec7p"},"content":{"rendered":"<nav aria-label=\"v\u1ee5n b\u00e1nh m\u00ec\"><ol itemscope=\"\" itemtype=\"https:\/\/schema.org\/BreadcrumbList\"><li itemprop=\"itemListElement\" itemscope=\"\" itemtype=\"https:\/\/schema.org\/ListItem\"><a itemscope=\"\" itemtype=\"http:\/\/schema.org\/WebPage\" itemprop=\"item\" itemid=\"https:\/\/highjumpchicago.org\" href=\"https:\/\/highjumpchicago.org\/vi\/\">Nh\u00e0<\/a><meta itemprop=\"position\" content=\"1\"><\/li><li itemprop=\"itemListElement\" itemscope=\"\" itemtype=\"https:\/\/schema.org\/ListItem\"><a itemscope=\"\" itemtype=\"http:\/\/schema.org\/WebPage\" itemprop=\"item\" itemid=\"https:\/\/highjumpchicago.org\/volunteer\/\" href=\"https:\/\/highjumpchicago.org\/vi\/volunteer\/\">t\u00ecnh nguy\u1ec7n v\u1edbi ch\u00fang t\u00f4i<\/a><meta itemprop=\"position\" content=\"2\"><\/li><li aria-current=\"page\" itemprop=\"itemListElement\" itemscope=\"\" itemtype=\"https:\/\/schema.org\/ListItem\">Gi\u1edbi thi\u1ec7u &amp; K\u1ec3 chuy\u1ec7n ngh\u1ec1 nghi\u1ec7p<meta itemprop=\"position\" content=\"3\"><\/li><\/ol><\/nav>\n\t\t\t\t<img loading=\"lazy\" decoding=\"async\" src=\"https:\/\/highjumpchicago.org\/wp-content\/uploads\/2018\/11\/volunteer-2-1.jpg\" alt=\"students at a career show and tell event | High Jump Chicago\" itemprop=\"image\" height=\"267\" width=\"400\" title=\"Ngh\u1ec1 nghi\u1ec7p Hi\u1ec3n th\u1ecb &amp; K\u1ec3 | Nh\u1ea3y cao Chicago\" onerror=\"this.style.display='none'\">\n\tM\u00f9a xu\u00e2n<br>\nCam k\u1ebft t\u1ed1i thi\u1ec3u 3 gi\u1edd\n\t<p>S\u1ef1 ki\u1ec7n n\u00e0y nh\u1eb1m m\u1ee5c \u0111\u00edch h\u1ed7 tr\u1ee3 sinh vi\u00ean trong vi\u1ec7c n\u00f3i r\u00f5 m\u1ee5c ti\u00eau c\u1ee7a m\u00ecnh, cho d\u00f9 tr\u1edf th\u00e0nh b\u00e1c s\u0129 gi\u1ea3i ph\u1eabu th\u1ea7n kinh, k\u1ef9 s\u01b0 h\u00f3a h\u1ecdc hay lu\u1eadt s\u01b0 d\u00e2n quy\u1ec1n.<\/p>\n<p>Ch\u00fang t\u00f4i t\u00ecm ki\u1ebfm c\u00e1c t\u00ecnh nguy\u1ec7n vi\u00ean \u0111\u1ec3 thuy\u1ebft tr\u00ecnh b\u1ed1n l\u1ea7n trong 15 ph\u00fat cho c\u00e1c nh\u00f3m nh\u1ecf h\u1ecdc sinh. M\u1ee5c \u0111\u00edch c\u1ee7a ng\u00e0y h\u1ed9i ngh\u1ec1 nghi\u1ec7p l\u00e0 gi\u00fap h\u1ecdc sinh ti\u1ebfp x\u00fac v\u1edbi nh\u1eefng ngh\u1ec1 nghi\u1ec7p kh\u00e1c nhau m\u00e0 c\u00e1c em c\u00f3 th\u1ec3 theo \u0111u\u1ed5i v\u00e0 truy\u1ec1n c\u1ea3m h\u1ee9ng \u0111\u1ec3 c\u00e1c em tr\u1edf n\u00ean xu\u1ea5t s\u1eafc trong c\u00e1c l\u0129nh v\u1ef1c n\u00e0y.<\/p>\n<p>Xin vui l\u00f2ng <a href=\"https:\/\/highjumpchicago.org\/vi\/contact\/\">li\u00ean h\u1ec7 ch\u00fang t\u00f4i<\/a> cho ng\u00e0y v\u00e0 th\u1eddi gian t\u00ecnh nguy\u1ec7n c\u1ee5 th\u1ec3.<\/p>","protected":false},"excerpt":{"rendered":"<p>T\u1ea1i nh\u00e0 T\u00ecnh nguy\u1ec7n vi\u00ean v\u1edbi ch\u00fang t\u00f4i Tri\u1ec3n l\u00e3m ngh\u1ec1 nghi\u1ec7p &amp; K\u1ec3 m\u00f9a xu\u00e2n Cam k\u1ebft t\u1ed1i thi\u1ec3u 3 gi\u1edd S\u1ef1 ki\u1ec7n n\u00e0y nh\u1eb1m h\u1ed7 tr\u1ee3 sinh vi\u00ean n\u00eau r\u00f5 m\u1ee5c ti\u00eau c\u1ee7a m\u00ecnh, cho d\u00f9 tr\u1edf th\u00e0nh b\u00e1c s\u0129 gi\u1ea3i ph\u1eabu th\u1ea7n kinh, k\u1ef9 s\u01b0 h\u00f3a h\u1ecdc hay lu\u1eadt s\u01b0 d\u00e2n quy\u1ec1n. Ch\u00fang t\u00f4i t\u00ecm ki\u1ebfm t\u00ecnh nguy\u1ec7n vi\u00ean \u0111\u1ec3 thuy\u1ebft tr\u00ecnh b\u1ed1n b\u00e0i, m\u1ed7i b\u00e0i d\u00e0i 15 ph\u00fat cho c\u00e1c nh\u00f3m nh\u1ecf h\u1ecdc sinh. M\u1ee5c \u0111\u00edch c\u1ee7a ng\u00e0y s\u1ef1 nghi\u1ec7p l\u00e0\u2026<\/p>","protected":false},"author":7,"featured_media":0,"parent":63,"menu_order":2,"comment_status":"closed","ping_status":"closed","template":"","meta":{"_seopress_robots_primary_cat":"","_seopress_titles_title":"","_seopress_titles_desc":"","_seopress_robots_index":"","inline_featured_image":false,"footnotes":""},"class_list":["post-327","page","type-page","status-publish","hentry"],"_links":{"self":[{"href":"https:\/\/highjumpchicago.org\/vi\/wp-json\/wp\/v2\/pages\/327","targetHints":{"allow":["GET"]}}],"collection":[{"href":"https:\/\/highjumpchicago.org\/vi\/wp-json\/wp\/v2\/pages"}],"about":[{"href":"https:\/\/highjumpchicago.org\/vi\/wp-json\/wp\/v2\/types\/page"}],"author":[{"embeddable":true,"href":"https:\/\/highjumpchicago.org\/vi\/wp-json\/wp\/v2\/users\/7"}],"replies":[{"embeddable":true,"href":"https:\/\/highjumpchicago.org\/vi\/wp-json\/wp\/v2\/comments?post=327"}],"version-history":[{"count":5,"href":"https:\/\/highjumpchicago.org\/vi\/wp-json\/wp\/v2\/pages\/327\/revisions"}],"predecessor-version":[{"id":4317,"href":"https:\/\/highjumpchicago.org\/vi\/wp-json\/wp\/v2\/pages\/327\/revisions\/4317"}],"up":[{"embeddable":true,"href":"https:\/\/highjumpchicago.org\/vi\/wp-json\/wp\/v2\/pages\/63"}],"wp:attachment":[{"href":"https:\/\/highjumpchicago.org\/vi\/wp-json\/wp\/v2\/media?parent=327"}],"curies":[{"name":"wp","href":"https:\/\/api.w.org\/{rel}","templated":true}]}}