{"id":331,"date":"2018-11-05T01:26:40","date_gmt":"2018-11-05T01:26:40","guid":{"rendered":"https:\/\/d46e648428.nxcli.io\/?page_id=331"},"modified":"2022-01-25T16:46:00","modified_gmt":"2022-01-25T22:46:00","slug":"admissions-interviews","status":"publish","type":"page","link":"https:\/\/highjumpchicago.org\/vi\/donate\/volunteer\/admissions-interviews\/","title":{"rendered":"Ph\u1ecfng v\u1ea5n tuy\u1ec3n sinh"},"content":{"rendered":"<nav  aria-label=\"v\u1ee5n b\u00e1nh m\u00ec\"><ol itemscope itemtype=\"https:\/\/schema.org\/BreadcrumbList\"><li itemprop=\"itemListElement\" itemscope itemtype=\"https:\/\/schema.org\/ListItem\"><a itemscope itemtype=\"http:\/\/schema.org\/WebPage\" itemprop=\"item\" itemid=\"https:\/\/highjumpchicago.org\" href=\"https:\/\/highjumpchicago.org\/vi\/\">Nh\u00e0<\/a><meta itemprop=\"position\" content=\"1\" \/><\/li><li itemprop=\"itemListElement\" itemscope itemtype=\"https:\/\/schema.org\/ListItem\"><a itemscope itemtype=\"http:\/\/schema.org\/WebPage\" itemprop=\"item\" itemid=\"https:\/\/highjumpchicago.org\/volunteer\/\" href=\"https:\/\/highjumpchicago.org\/vi\/volunteer\/\">t\u00ecnh nguy\u1ec7n v\u1edbi ch\u00fang t\u00f4i<\/a><meta itemprop=\"position\" content=\"2\" \/><\/li><li aria-current=\"page\" itemprop=\"itemListElement\" itemscope itemtype=\"https:\/\/schema.org\/ListItem\">Ph\u1ecfng v\u1ea5n tuy\u1ec3n sinh<meta itemprop=\"position\" content=\"3\" \/><\/li><\/ol><\/nav>\n\t\t\t\t<img loading=\"lazy\" decoding=\"async\" src=\"https:\/\/highjumpchicago.org\/wp-content\/uploads\/2018\/11\/volunteer-3.jpg\" alt=\"A student and interviewer | High Jump Chicago\" itemprop=\"image\" height=\"267\" width=\"400\" title=\"Ph\u1ecfng V\u1ea5n Tuy\u1ec3n Sinh Nh\u1ea3y Cao | Nh\u1ea3y cao Chicago\" onerror=\"this.style.display='none'\"  \/>\n\tB\u01b0\u1edbc \u0111\u1ec1u<br \/>\nCam k\u1ebft t\u1ed1i thi\u1ec3u 3 gi\u1edd\n\t<p>S\u1ef1 ki\u1ec7n n\u00e0y cung c\u1ea5p cho sinh vi\u00ean th\u1ef1c h\u00e0nh tr\u1ef1c ti\u1ebfp \u0111\u1ec3 gi\u00fap h\u1ecd trau d\u1ed3i k\u1ef9 n\u0103ng ph\u1ecfng v\u1ea5n.<\/p>\n<p>C\u00e1c t\u00ecnh nguy\u1ec7n vi\u00ean s\u1ebd th\u1ef1c hi\u1ec7n ba \u0111\u1ebfn n\u0103m cu\u1ed9c ph\u1ecfng v\u1ea5n k\u00e9o d\u00e0i 15 ph\u00fat v\u00e0 \u0111\u01b0a ra ph\u1ea3n h\u1ed3i mang t\u00ednh x\u00e2y d\u1ef1ng m\u00e0 gi\u00e1o vi\u00ean s\u1ebd chia s\u1ebb v\u1edbi h\u1ecdc sinh \u0111\u1ec3 gi\u00fap c\u00e1c em chu\u1ea9n b\u1ecb cho quy tr\u00ecnh tuy\u1ec3n sinh trung h\u1ecdc \u0111\u1ea7y c\u1ea1nh tranh.<\/p>\n<p>Xin vui l\u00f2ng <a href=\"https:\/\/highjumpchicago.org\/vi\/contact\/\">li\u00ean h\u1ec7 ch\u00fang t\u00f4i<\/a> cho ng\u00e0y v\u00e0 th\u1eddi gian t\u00ecnh nguy\u1ec7n c\u1ee5 th\u1ec3.<\/p>","protected":false},"excerpt":{"rendered":"<p>Trang ch\u1ee7 T\u00ecnh nguy\u1ec7n vi\u00ean v\u1edbi ch\u00fang t\u00f4i Ph\u1ecfng v\u1ea5n tuy\u1ec3n sinh Th\u00e1ng 3 Cam k\u1ebft t\u1ed1i thi\u1ec3u 3 gi\u1edd S\u1ef1 ki\u1ec7n n\u00e0y cung c\u1ea5p cho sinh vi\u00ean c\u01a1 h\u1ed9i th\u1ef1c h\u00e0nh tr\u1ef1c ti\u1ebfp \u0111\u1ec3 gi\u00fap h\u1ecd trau d\u1ed3i k\u1ef9 n\u0103ng ph\u1ecfng v\u1ea5n. C\u00e1c t\u00ecnh nguy\u1ec7n vi\u00ean s\u1ebd th\u1ef1c hi\u1ec7n ba \u0111\u1ebfn n\u0103m cu\u1ed9c ph\u1ecfng v\u1ea5n, k\u00e9o d\u00e0i 15 ph\u00fat v\u00e0 \u0111\u01b0a ra nh\u1eefng ph\u1ea3n h\u1ed3i mang t\u00ednh x\u00e2y d\u1ef1ng m\u00e0 gi\u00e1o vi\u00ean s\u1ebd chia s\u1ebb v\u1edbi h\u1ecdc sinh \u0111\u1ec3 gi\u00fap c\u00e1c em chu\u1ea9n b\u1ecb cho qu\u00e1 tr\u00ecnh tuy\u1ec3n sinh trung h\u1ecdc \u0111\u1ea7y c\u1ea1nh tranh.\u2026<\/p>","protected":false},"author":7,"featured_media":0,"parent":63,"menu_order":3,"comment_status":"closed","ping_status":"closed","template":"","meta":{"_seopress_robots_primary_cat":"","_seopress_titles_title":"","_seopress_titles_desc":"","_seopress_robots_index":"","inline_featured_image":false,"footnotes":""},"class_list":["post-331","page","type-page","status-publish","hentry"],"_links":{"self":[{"href":"https:\/\/highjumpchicago.org\/vi\/wp-json\/wp\/v2\/pages\/331","targetHints":{"allow":["GET"]}}],"collection":[{"href":"https:\/\/highjumpchicago.org\/vi\/wp-json\/wp\/v2\/pages"}],"about":[{"href":"https:\/\/highjumpchicago.org\/vi\/wp-json\/wp\/v2\/types\/page"}],"author":[{"embeddable":true,"href":"https:\/\/highjumpchicago.org\/vi\/wp-json\/wp\/v2\/users\/7"}],"replies":[{"embeddable":true,"href":"https:\/\/highjumpchicago.org\/vi\/wp-json\/wp\/v2\/comments?post=331"}],"version-history":[{"count":5,"href":"https:\/\/highjumpchicago.org\/vi\/wp-json\/wp\/v2\/pages\/331\/revisions"}],"predecessor-version":[{"id":4324,"href":"https:\/\/highjumpchicago.org\/vi\/wp-json\/wp\/v2\/pages\/331\/revisions\/4324"}],"up":[{"embeddable":true,"href":"https:\/\/highjumpchicago.org\/vi\/wp-json\/wp\/v2\/pages\/63"}],"wp:attachment":[{"href":"https:\/\/highjumpchicago.org\/vi\/wp-json\/wp\/v2\/media?parent=331"}],"curies":[{"name":"wp","href":"https:\/\/api.w.org\/{rel}","templated":true}]}}