{"id":3441,"date":"2021-02-09T16:53:16","date_gmt":"2021-02-09T22:53:16","guid":{"rendered":"https:\/\/d46e648428.nxcli.io\/?page_id=3441"},"modified":"2023-10-06T11:15:39","modified_gmt":"2023-10-06T16:15:39","slug":"gift-of-high-jump","status":"publish","type":"page","link":"https:\/\/highjumpchicago.org\/vi\/donate\/ways-to-donate\/gift-of-high-jump\/","title":{"rendered":"Trao qu\u00e0 Nh\u1ea3y cao"},"content":{"rendered":"<img loading=\"lazy\" decoding=\"async\" src=\"https:\/\/highjumpchicago.org\/wp-content\/uploads\/2021\/02\/Gift-of-High-Jump-Banner.jpg\" alt=\"Gift-of-High-Jump-Banner\" itemprop=\"image\" height=\"600\" width=\"1950\" title=\"Qu\u00e0 T\u1eb7ng C\u1ee7a C\u1edd-Nh\u1ea3y Cao\" onerror=\"this.style.display='none'\">\n\t<nav aria-label=\"v\u1ee5n b\u00e1nh m\u00ec\"><ol itemscope=\"\" itemtype=\"https:\/\/schema.org\/BreadcrumbList\"><li itemprop=\"itemListElement\" itemscope=\"\" itemtype=\"https:\/\/schema.org\/ListItem\"><a itemscope=\"\" itemtype=\"http:\/\/schema.org\/WebPage\" itemprop=\"item\" itemid=\"https:\/\/highjumpchicago.org\" href=\"https:\/\/highjumpchicago.org\/vi\/\">Nh\u00e0<\/a><meta itemprop=\"position\" content=\"1\"><\/li><li itemprop=\"itemListElement\" itemscope=\"\" itemtype=\"https:\/\/schema.org\/ListItem\"><a itemscope=\"\" itemtype=\"http:\/\/schema.org\/WebPage\" itemprop=\"item\" itemid=\"https:\/\/highjumpchicago.org\/donate\/\" href=\"https:\/\/highjumpchicago.org\/vi\/donate\/\">Quy\u00ean t\u1eb7ng<\/a><meta itemprop=\"position\" content=\"2\"><\/li><li itemprop=\"itemListElement\" itemscope=\"\" itemtype=\"https:\/\/schema.org\/ListItem\"><a itemscope=\"\" itemtype=\"http:\/\/schema.org\/WebPage\" itemprop=\"item\" itemid=\"https:\/\/highjumpchicago.org\/donate\/ways-to-donate\/\" href=\"https:\/\/highjumpchicago.org\/vi\/donate\/ways-to-donate\/\">C\u00e1ch quy\u00ean g\u00f3p<\/a><meta itemprop=\"position\" content=\"3\"><\/li><li aria-current=\"page\" itemprop=\"itemListElement\" itemscope=\"\" itemtype=\"https:\/\/schema.org\/ListItem\">Trao qu\u00e0 Nh\u1ea3y cao<meta itemprop=\"position\" content=\"4\"><\/li><\/ol><\/nav><h2>\n\t\tH\u00e3y t\u1eb7ng m\u00f3n qu\u00e0 \u0111\u00e1p l\u1ea1i v\u00e0 t\u00f4n vinh nh\u1eefng ng\u01b0\u1eddi \u0111\u1eb7c bi\u1ec7t v\u1edbi b\u1ea1n!\n\t<\/h2>\n\t<p><strong>Khi b\u1ea1n t\u1eb7ng m\u1ed9t m\u00f3n qu\u00e0 \u0111\u1ec3 vinh danh ai \u0111\u00f3, b\u1ea1n c\u00f3 th\u1ec3 t\u1ea3i xu\u1ed1ng m\u1ed9t t\u1ea5m thi\u1ec7p c\u00f3 th\u1ec3 in \u0111\u01b0\u1ee3c \u0111\u1ec3 c\u00e1 nh\u00e2n h\u00f3a v\u00e0 g\u1eedi ho\u1eb7c h\u00ecnh \u1ea3nh \u0111\u1ec3 chia s\u1ebb qua email ho\u1eb7c v\u0103n b\u1ea3n. \u0110\u00f3 l\u00e0 m\u1ed9t c\u00e1ch tuy\u1ec7t v\u1eddi \u0111\u1ec3 cho b\u1ea1n b\u00e8 v\u00e0 gia \u0111\u00ecnh c\u1ee7a b\u1ea1n bi\u1ebft v\u1ec1 t\u00e1c \u0111\u1ed9ng c\u1ee7a m\u00f3n qu\u00e0 b\u1ea1n l\u00e0m mang t\u00ean h\u1ecd.<\/strong><\/p>\n<p><b>S\u1ef1 h\u1ed7 tr\u1ee3 c\u1ee7a b\u1ea1n s\u1ebd c\u00f3 t\u00e1c \u0111\u1ed9ng l\u00e2u d\u00e0i \u0111\u1ebfn cu\u1ed9c s\u1ed1ng c\u1ee7a sinh vi\u00ean<\/b> th\u00f4ng qua vi\u1ec7c trau d\u1ed3i h\u1ecdc thu\u1eadt mi\u1ec5n ph\u00ed v\u00e0 h\u1ed7 tr\u1ee3 v\u1ec1 m\u1eb7t x\u00e3 h\u1ed9i-t\u00ecnh c\u1ea3m m\u00e0 h\u1ecd c\u00f3 th\u1ec3 d\u1ef1a v\u00e0o.<\/p>\n\t\t\t\t<img loading=\"lazy\" decoding=\"async\" src=\"https:\/\/highjumpchicago.org\/wp-content\/uploads\/2021\/02\/gift-of-high-jump-card-pic.png\" alt=\"gift-of-high-jump-card-pic\" itemprop=\"image\" height=\"300\" width=\"300\" title=\"qu\u00e0-nh\u1ea3y-cao-th\u1ebb-pic\" onerror=\"this.style.display='none'\">\n\t<p><em>Sau khi x\u1eed l\u00fd kho\u1ea3n quy\u00ean g\u00f3p c\u1ee7a b\u1ea1n, b\u1ea1n s\u1ebd nh\u1eadn \u0111\u01b0\u1ee3c email x\u00e1c nh\u1eadn c\u00f3 li\u00ean k\u1ebft \u0111\u1ebfn th\u1ebb v\u00e0 h\u00ecnh \u1ea3nh c\u00f3 th\u1ec3 t\u1ea3i xu\u1ed1ng \u0111\u1ec3 chia s\u1ebb m\u00f3n qu\u00e0 c\u1ee7a b\u1ea1n b\u1eb1ng c\u00e1ch in ho\u1eb7c g\u1eedi d\u01b0\u1edbi d\u1ea1ng \u0111i\u1ec7n t\u1eed.&nbsp;<\/em><\/p>\n\n<h2>\n\t\t\u0110\u00f3ng g\u00f3p c\u1ee7a b\u1ea1n trong h\u00e0nh \u0111\u1ed9ng\n\t<\/h2>\n\t<ul>\n\t\t<li>\t\t\t\t\n\t\t<h3>L\u00e0m gi\u00e0u h\u1ecdc thu\u1eadt mi\u1ec5n ph\u00ed<\/h3><\/li><li>\t\t\t\t\n\t\t<h3>\u0110\u1ed3 \u0103n nh\u1eb9 v\u00e0 b\u1eefa \u0103n cho h\u1ecdc sinh<\/h3><\/li><li>\t\t\t\t\n\t\t<h3>Laptop v\u0129nh vi\u1ec5n cho sinh vi\u00ean<\/h3><\/li>\t<\/ul>\n\t<ul>\n\t\t<li>\t\t\t\t\n\t\t<h3>\u0110\u1ed9i ng\u0169 gi\u1ea3ng vi\u00ean v\u00e0 nh\u00e2n vi\u00ean t\u1eadn t\u00e2m<\/h3><\/li><li>\t\t\t\t\n\t\t<h3>H\u1ed7 tr\u1ee3 sinh vi\u00ean tr\u1ef1c ti\u1ebfp <\/h3><\/li><li>\t\t\t\t\n\t\t<h3>T\u1ea5t c\u1ea3 c\u00e1c t\u00e0i li\u1ec7u h\u1ecdc t\u1eadp \u0111\u01b0\u1ee3c cung c\u1ea5p<\/h3><\/li>\t<\/ul>","protected":false},"excerpt":{"rendered":"<p>Trang ch\u1ee7 Quy\u00ean g\u00f3p C\u00e1ch quy\u00ean g\u00f3p T\u1eb7ng qu\u00e0 nh\u1ea3y cao T\u1eb7ng m\u00f3n qu\u00e0 \u0111\u00e1p l\u1ea1i v\u00e0 vinh danh nh\u1eefng ng\u01b0\u1eddi \u0111\u1eb7c bi\u1ec7t \u0111\u1ed1i v\u1edbi b\u1ea1n! Khi b\u1ea1n t\u1eb7ng m\u1ed9t m\u00f3n qu\u00e0 \u0111\u1ec3 vinh danh ai \u0111\u00f3, b\u1ea1n c\u00f3 th\u1ec3 t\u1ea3i xu\u1ed1ng m\u1ed9t t\u1ea5m thi\u1ec7p c\u00f3 th\u1ec3 in \u0111\u01b0\u1ee3c \u0111\u1ec3 c\u00e1 nh\u00e2n h\u00f3a v\u00e0 g\u1eedi ho\u1eb7c h\u00ecnh \u1ea3nh \u0111\u1ec3 chia s\u1ebb qua email ho\u1eb7c v\u0103n b\u1ea3n. N\u00f3 l\u00e0 m\u1ed9t\u2026<\/p>","protected":false},"author":7,"featured_media":3445,"parent":1955,"menu_order":0,"comment_status":"closed","ping_status":"closed","template":"","meta":{"_seopress_robots_primary_cat":"","_seopress_titles_title":"","_seopress_titles_desc":"","_seopress_robots_index":"","inline_featured_image":false,"footnotes":""},"class_list":["post-3441","page","type-page","status-publish","has-post-thumbnail","hentry"],"_links":{"self":[{"href":"https:\/\/highjumpchicago.org\/vi\/wp-json\/wp\/v2\/pages\/3441","targetHints":{"allow":["GET"]}}],"collection":[{"href":"https:\/\/highjumpchicago.org\/vi\/wp-json\/wp\/v2\/pages"}],"about":[{"href":"https:\/\/highjumpchicago.org\/vi\/wp-json\/wp\/v2\/types\/page"}],"author":[{"embeddable":true,"href":"https:\/\/highjumpchicago.org\/vi\/wp-json\/wp\/v2\/users\/7"}],"replies":[{"embeddable":true,"href":"https:\/\/highjumpchicago.org\/vi\/wp-json\/wp\/v2\/comments?post=3441"}],"version-history":[{"count":5,"href":"https:\/\/highjumpchicago.org\/vi\/wp-json\/wp\/v2\/pages\/3441\/revisions"}],"predecessor-version":[{"id":20808,"href":"https:\/\/highjumpchicago.org\/vi\/wp-json\/wp\/v2\/pages\/3441\/revisions\/20808"}],"up":[{"embeddable":true,"href":"https:\/\/highjumpchicago.org\/vi\/wp-json\/wp\/v2\/pages\/1955"}],"wp:featuredmedia":[{"embeddable":true,"href":"https:\/\/highjumpchicago.org\/vi\/wp-json\/wp\/v2\/media\/3445"}],"wp:attachment":[{"href":"https:\/\/highjumpchicago.org\/vi\/wp-json\/wp\/v2\/media?parent=3441"}],"curies":[{"name":"wp","href":"https:\/\/api.w.org\/{rel}","templated":true}]}}