{"id":3546,"date":"2021-02-18T17:06:00","date_gmt":"2021-02-18T23:06:00","guid":{"rendered":"https:\/\/d46e648428.nxcli.io\/?page_id=3546"},"modified":"2026-05-06T14:15:34","modified_gmt":"2026-05-06T19:15:34","slug":"associate-board","status":"publish","type":"page","link":"https:\/\/highjumpchicago.org\/vi\/about\/associate-board\/","title":{"rendered":"H\u1ed9i \u0111\u1ed3ng li\u00ean k\u1ebft"},"content":{"rendered":"<h1>S\u1ee9 m\u1ec7nh c\u1ee7a ch\u00fang t\u00f4i<\/h1>\n<h3>Nh\u1eb1m quy t\u1ee5 nh\u1eefng nh\u00e0 l\u00e3nh \u0111\u1ea1o c\u00f3 t\u00e2m huy\u1ebft \u0111\u00f3ng g\u00f3p t\u00edch c\u1ef1c v\u00e0o s\u1ee9 m\u1ec7nh c\u1ee7a High Jump trong vi\u1ec7c m\u1edf r\u1ed9ng c\u01a1 h\u1ed9i ti\u1ebfp c\u1eadn gi\u00e1o d\u1ee5c t\u1ea1i Chicago b\u1eb1ng c\u00e1ch cam k\u1ebft th\u1ef1c hi\u1ec7n ba tr\u1ee5 c\u1ed9t c\u1ed1t l\u00f5i:<\/h3>\n\t<ul>\n\t\t<li>\t\t\t\t\n\t\t<h3>H\u1ed7 tr\u1ee3 g\u00e2y qu\u1ef9 chi\u1ebfn l\u01b0\u1ee3c<\/h3><\/li><li>\t\t\t\t\n\t\t<h3>G\u1eafn k\u1ebft c\u1ed9ng \u0111\u1ed3ng &amp; \u0110\u1ea1i s\u1ee9<\/h3><\/li><li>\t\t\t\t\n\t\t<h3>Ph\u00e1t tri\u1ec3n ngh\u1ec1 nghi\u1ec7p v\u00e0 x\u00e2y d\u1ef1ng m\u1ed1i quan h\u1ec7<\/h3><\/li>\t<\/ul>\n\t<h1>S\u1ef1 cam k\u1ebft<\/h1>\n\t\t\t\t\t\t<h3>Y\u00eau c\u1ea7u chung<\/h3>\n\t\t\t\t\t\t<ul><li>Cam k\u1ebft ph\u1ee5c v\u1ee5 trong h\u1ed9i \u0111\u1ed3ng qu\u1ea3n tr\u1ecb trong 2 n\u0103m.<\/li><li>Tham gia ho\u1ea1t \u0111\u1ed9ng t\u00ecnh nguy\u1ec7n hai l\u1ea7n m\u1ed9t n\u0103m v\u00e0 tham d\u1ef1 m\u1ed9t s\u1ef1 ki\u1ec7n g\u00e2y qu\u1ef9.<\/li><li>H\u00e3y d\u00e0nh 5-10 gi\u1edd m\u1ed7i th\u00e1ng cho c\u00e1c cu\u1ed9c h\u1ecdp h\u00e0ng qu\u00fd v\u00e0 tham gia \u00edt nh\u1ea5t 1 \u1ee7y ban.<\/li><\/ul>\n\t\t\t\t\t\t<!-- CTA -->\n\t\t\t\t\t\t<h3>H\u1ed7 tr\u1ee3 g\u00e2y qu\u1ef9 chi\u1ebfn l\u01b0\u1ee3c<\/h3>\n\t\t\t\t\t\t<ul><li>H\u00e3y \u1ee7ng h\u1ed9 c\u00e1c ho\u1ea1t \u0111\u1ed9ng g\u00e2y qu\u1ef9 c\u1ee7a High Jump trong su\u1ed1t c\u1ea3 n\u0103m.\u00a0<\/li><li>G\u00f3p ph\u1ea7n v\u00e0o vi\u1ec7c l\u1eadp k\u1ebf ho\u1ea1ch chi\u1ebfn l\u01b0\u1ee3c v\u00e0 th\u1ef1c hi\u1ec7n 2 s\u1ef1 ki\u1ec7n g\u00e2y qu\u1ef9 th\u01b0\u1eddng ni\u00ean c\u1ee7a AB.<\/li><li>H\u00e3y quy\u00ean g\u00f3p t\u1ed1i thi\u1ec3u $250 v\u00e0 g\u00e2y qu\u1ef9 \u00edt nh\u1ea5t $500 m\u1ed7i n\u0103m t\u00e0i ch\u00ednh.<\/li><\/ul>\n\t\t\t\t\t\t<!-- CTA -->\n\t\t\t\t\t\t<h3>G\u1eafn k\u1ebft c\u1ed9ng \u0111\u1ed3ng &amp; \u0110\u1ea1i s\u1ee9<\/h3>\n\t\t\t\t\t\t<ul>\n<li>Champion High Jump th\u1ec3 hi\u1ec7n c\u00e1c gi\u00e1 tr\u1ecb c\u1ee7a m\u00ecnh b\u1eb1ng c\u00e1ch h\u1ed7 tr\u1ee3 c\u00e1c chi\u1ebfn d\u1ecbch v\u00e0 s\u00e1ng ki\u1ebfn quan tr\u1ecdng.<\/li>\n<li>N\u00e2ng cao nh\u1eadn th\u1ee9c v\u00e0 kh\u01a1i g\u1ee3i s\u1ef1 quan t\u00e2m \u0111\u1ebfn m\u00f4n nh\u1ea3y cao trong m\u1ea1ng l\u01b0\u1edbi c\u00e1 nh\u00e2n v\u00e0 chuy\u00ean nghi\u1ec7p c\u1ee7a b\u1ea1n.<\/li>\n<\/ul>\n\t\t\t\t\t\t<!-- CTA -->\n\t\t\t\t\t\t<h3>Ph\u00e1t tri\u1ec3n ngh\u1ec1 nghi\u1ec7p v\u00e0 x\u00e2y d\u1ef1ng m\u1ed1i quan h\u1ec7<\/h3>\n\t\t\t\t\t\t<ul>\n<li>H\u00e3y t\u1eadn d\u1ee5ng c\u00e1c c\u01a1 h\u1ed9i \u0111\u1ec3 n\u00e2ng cao k\u1ef9 n\u0103ng chuy\u00ean m\u00f4n, bao g\u1ed3m c\u00e1c s\u1ef1 ki\u1ec7n k\u1ebft n\u1ed1i, ch\u01b0\u01a1ng tr\u00ecnh c\u1ed1 v\u1ea5n c\u1ee7a H\u1ed9i \u0111\u1ed3ng qu\u1ea3n tr\u1ecb, c\u00e1c vai tr\u00f2 l\u00e3nh \u0111\u1ea1o v\u00e0 nh\u1eefng c\u01a1 h\u1ed9i t\u00ecnh nguy\u1ec7n \u0111\u1eb7c bi\u1ec7t.\n\t\t\t\t\t\t<!-- CTA -->\n\t<h1>C\u00e1ch th\u1ee9c tham gia<\/h1>\n<figure itemscope itemtype=\"https:\/\/schema.org\/ImageObject\">\n\t\t\t\t<img decoding=\"async\" src=\"https:\/\/highjumpchicago.org\/wp-content\/uploads\/2026\/04\/IMG_2889-e1775079511493.jpeg\" alt=\"Associate Board - Event\" height=\"672\" width=\"1754\" title=\"Ban c\u1ed1 v\u1ea5n - S\u1ef1 ki\u1ec7n\" onerror=\"this.style.display='none'\" loading=\"lazy\" \/>\n\t<\/figure>\n\t<h1>B\u1ea1n c\u00f3 mu\u1ed1n tham gia ho\u1eb7c t\u00ecm hi\u1ec3u th\u00eam v\u1ec1 Ban qu\u1ea3n l\u00fd c\u1ed9ng t\u00e1c vi\u00ean c\u1ee7a High Jump kh\u00f4ng?<\/h1>\n<p>H\u1ed9i vi\u00ean \u0111\u01b0\u1ee3c m\u1edf r\u1ed9ng cho nh\u1eefng c\u00e1 nh\u00e2n th\u1ec3 hi\u1ec7n s\u1ef1 quan t\u00e2m \u0111\u1ebfn s\u1ee9 m\u1ec7nh c\u1ee7a High Jump v\u00e0 s\u1ebd t\u00edch c\u1ef1c tham gia v\u00e0o c\u00e1c ho\u1ea1t \u0111\u1ed9ng c\u1ee7a H\u1ed9i \u0111\u1ed3ng C\u1ed1 v\u1ea5n c\u0169ng nh\u01b0 tu\u00e2n th\u1ee7 c\u00e1c cam k\u1ebft. \u0110\u01a1n \u0111\u0103ng k\u00fd tham gia H\u1ed9i \u0111\u1ed3ng C\u1ed1 v\u1ea5n \u0111\u01b0\u1ee3c ch\u1ea5p nh\u1eadn hai l\u1ea7n m\u1ed9t n\u0103m, v\u00e0o m\u00f9a Xu\u00e2n (th\u00e1ng 3-th\u00e1ng 5) v\u00e0 m\u00f9a Thu (th\u00e1ng 9-th\u00e1ng 11).<\/p>\n<p>C\u00e1c th\u00e0nh vi\u00ean ti\u1ec1m n\u0103ng (t\u1eeb 21 tu\u1ed5i tr\u1edf l\u00ean) n\u00ean ho\u00e0n th\u00e0nh v\u00e0 n\u1ed9p \u0111\u01a1n \u0111\u0103ng k\u00fd, sau \u0111\u00f3 g\u1eedi email \u0111\u1ebfn Tr\u1ee3 l\u00fd Gi\u00e1m \u0111\u1ed1c Ph\u00e1t tri\u1ec3n c\u1ee7a ch\u00fang t\u00f4i., <strong><a href=\"mailto:gkizer@highjumpchicago.org?subject=Associate%20Board%20Statement%20of%20Interest\" rel=\"noopener\">Gabi Kizer<\/a><\/strong>, T\u00f4i s\u1ebd g\u1eedi k\u00e8m m\u1ed9t th\u01b0 b\u00e0y t\u1ecf s\u1ef1 quan t\u00e2m. Ch\u00fang t\u00f4i s\u1ebd s\u1eafp x\u1ebfp m\u1ed9t cu\u1ed9c g\u1eb7p m\u1eb7t ng\u1eafn \u0111\u1ec3 \u0111\u00e1nh gi\u00e1 xem li\u1ec7u ch\u00fang ta c\u00f3 ph\u00f9 h\u1ee3p v\u1edbi nhau hay kh\u00f4ng.<\/p>\n<p><strong>Ch\u00fang t\u00f4i r\u1ea5t mong \u0111\u01b0\u1ee3c g\u1eb7p b\u1ea1n v\u00e0 c\u00f9ng nhau t\u1ea1o n\u00ean nh\u1eefng t\u00e1c \u0111\u1ed9ng t\u00edch c\u1ef1c!<\/strong><\/p>\n\t\t\t<a href=\"https:\/\/docs.google.com\/forms\/d\/e\/1FAIpQLSfuoTzjgsZIz02D8porUS1ciGjSB4DohYe3gyos82KO58JA3w\/viewform\"  target=\"_blank\" rel=\"noopener\">\n\t\t\t\t\t\t\t\u0110\u0102NG K\u00dd T\u1ea0I \u0110\u00c2Y\n\t\t\t\t\t<\/a>\n\t<h1>G\u1eb7p g\u1ee1 Ban \u0111i\u1ec1u h\u00e0nh Hi\u1ec7p h\u1ed9i Nh\u1ea3y cao<\/h1>\n\t<h2>\n\t\t\t\tGh\u1ebf\n\t\t\t<\/h2>\n\t<strong>Shawn Manning<\/strong><br \/>\n<em>N\u01b0\u1edbng<\/em>\n\t<h2>\n\t\t\t\tTi\u1ec3u ban ch\u1ee7 t\u1ecbch\n\t\t\t<\/h2>\n\t<b>Emanuele Macchi<br \/>\n<\/b><em>H\u1ec7 th\u1ed1ng k\u00e9o<\/em>\n<b>Sara Kohler<br \/>\n<\/b><em>Blue Cross Blue Shield c\u1ee7a Illinois<\/em>\n<b>Michael Mont<br \/>\n<\/b><em>qu\u1ea3n l\u00fd ITE<\/em>\n\t<h2>\n\t\t\t\tC\u00e1c th\u00e0nh vi\u00ean\n\t\t\t<\/h2>\n\t<strong>John ng\u00e2n h\u00e0ng<\/strong><br \/>\n<em>\u0110\u1ed1i t\u00e1c v\u1ed1n JEB<\/em>\n<strong>Tevin Bowens<\/strong><br \/>\n<em>C\u00f4ng ty TNHH Adelman &amp; Gettleman<\/em>\n<strong>Nabid Hernandez<\/strong><br \/>\nPh\u00e8n nh\u1ea3y cao<br \/>\n<em>BMO Hoa K\u1ef3<\/em>\n<strong>Andrew Jessen<\/strong><em><br \/>\nWilliam Blair<\/em>\n<strong>Alec Klimowicz<\/strong><br \/>\n<em>Willkie Farr &amp; Gallagher<\/em>\n<strong>Dilara Nh\u1ecf H\u01a1n<\/strong><br \/>\nPh\u00e8n nh\u1ea3y cao<br \/>\n<em>d\u1ef1 \u00e1n44<\/em>\n\n\t<strong>Angelina L\u00fd<br \/>\n<\/strong>C\u1ea7n c\u1ea9u M\u1ef9\n<strong>Genesis Martinez<\/strong><br \/>\nPh\u00e8n nh\u1ea3y cao<br \/>\n<em>KPMG Hoa K\u1ef3<\/em>\n<strong>Richard Mbouombouo<\/strong><br \/>\nPh\u00e8n nh\u1ea3y cao<br \/>\n<em> S\u1ecdc<\/em>\n<strong>Brenda Olvera<\/strong><br \/>\n<em>V\u0103n ph\u00f2ng Lu\u1eadt s\u01b0 b\u00e0o ch\u1eefa c\u00f4ng c\u1ed9ng Qu\u1eadn Cook<\/em>\n<strong>Arianna Perez<br \/>\n<\/strong>Ph\u00e8n nh\u1ea3y cao<br \/>\n<em>Ng\u00e2n h\u00e0ng CIBC<\/em>\n<strong>Annas Rahman<\/strong><br \/>\nPh\u00e8n nh\u1ea3y cao<br \/>\n<em>Trung t\u00e2m y t\u1ebf Rush<\/em>\n\t<strong>Jason Riddell<\/strong><br \/>\n<em>T\u1eadp \u0111o\u00e0n t\u01b0 v\u1ea5n Boston<\/em>\n<strong>Jalen Ross<\/strong><br \/>\n<em>\u0111\u1ed1i t\u00e1c \u0111i\u1ec7n t\u1eed<br \/>\nT\u1eadp th\u1ec3 Cam<\/em>\n<strong>Karlie Stanton<\/strong><em><br \/>\nT\u01b0 v\u1ea5n Deloitte<\/em>\n<strong>James Tallis<\/strong><em><br \/>\nChapman v\u00e0 Cutler LLP<\/em>\n<b>Mike Tremeski<br \/>\n<\/b><i>Katten Manyin Rosenman<\/i>\n<strong>Nate Th\u1eafng<\/strong><br \/>\n<i>KPMG<\/i>\n\n\t<p><strong>B\u1ea1n c\u00f3 mu\u1ed1n tham gia ho\u1eb7c t\u00ecm hi\u1ec3u th\u00eam v\u1ec1 Ban qu\u1ea3n l\u00fd c\u1ed9ng t\u00e1c vi\u00ean c\u1ee7a High Jump kh\u00f4ng? <\/strong>Vui l\u00f2ng li\u00ean h\u1ec7 v\u1edbi Gabi Kizer theo \u0111\u1ecba ch\u1ec9 sau: <a href=\"mailto:gkizer@highjumpchicago.org?subject=Associate Board Inquiry\">gkizer@highjumpchicago.org<\/a><\/p>\n<\/li><\/ul>","protected":false},"excerpt":{"rendered":"<p>S\u1ee9 m\u1ec7nh c\u1ee7a ch\u00fang t\u00f4i: T\u1eadp h\u1ee3p nh\u1eefng nh\u00e0 l\u00e3nh \u0111\u1ea1o c\u00f3 ni\u1ec1m \u0111am m\u00ea \u0111\u00f3ng g\u00f3p t\u00edch c\u1ef1c cho s\u1ee9 m\u1ec7nh c\u1ee7a High Jump nh\u1eb1m m\u1edf r\u1ed9ng c\u01a1 h\u1ed9i ti\u1ebfp c\u1eadn gi\u00e1o d\u1ee5c t\u1ea1i Chicago b\u1eb1ng c\u00e1ch cam k\u1ebft th\u1ef1c hi\u1ec7n ba tr\u1ee5 c\u1ed9t c\u1ed1t l\u00f5i: H\u1ed7 tr\u1ee3 g\u00e2y qu\u1ef9 chi\u1ebfn l\u01b0\u1ee3c, G\u1eafn k\u1ebft c\u1ed9ng \u0111\u1ed3ng v\u00e0 vai tr\u00f2 \u0111\u1ea1i s\u1ee9, Ph\u00e1t tri\u1ec3n chuy\u00ean m\u00f4n v\u00e0 x\u00e2y d\u1ef1ng m\u1ed1i quan h\u1ec7, v\u00e0 Cam k\u1ebft. Y\u00eau c\u1ea7u chung: Cam k\u1ebft ph\u1ee5c v\u1ee5 trong h\u1ed9i \u0111\u1ed3ng qu\u1ea3n tr\u1ecb trong 2 n\u0103m. T\u00ecnh nguy\u1ec7n hai l\u1ea7n\u2026<\/p>","protected":false},"author":7,"featured_media":205496,"parent":50,"menu_order":0,"comment_status":"closed","ping_status":"closed","template":"","meta":{"_seopress_robots_primary_cat":"","_seopress_titles_title":"","_seopress_titles_desc":"","_seopress_robots_index":"","_seopress_analysis_target_kw":"","inline_featured_image":false,"footnotes":""},"class_list":["post-3546","page","type-page","status-publish","has-post-thumbnail","hentry"],"_links":{"self":[{"href":"https:\/\/highjumpchicago.org\/vi\/wp-json\/wp\/v2\/pages\/3546","targetHints":{"allow":["GET"]}}],"collection":[{"href":"https:\/\/highjumpchicago.org\/vi\/wp-json\/wp\/v2\/pages"}],"about":[{"href":"https:\/\/highjumpchicago.org\/vi\/wp-json\/wp\/v2\/types\/page"}],"author":[{"embeddable":true,"href":"https:\/\/highjumpchicago.org\/vi\/wp-json\/wp\/v2\/users\/7"}],"replies":[{"embeddable":true,"href":"https:\/\/highjumpchicago.org\/vi\/wp-json\/wp\/v2\/comments?post=3546"}],"version-history":[{"count":11,"href":"https:\/\/highjumpchicago.org\/vi\/wp-json\/wp\/v2\/pages\/3546\/revisions"}],"predecessor-version":[{"id":219957,"href":"https:\/\/highjumpchicago.org\/vi\/wp-json\/wp\/v2\/pages\/3546\/revisions\/219957"}],"up":[{"embeddable":true,"href":"https:\/\/highjumpchicago.org\/vi\/wp-json\/wp\/v2\/pages\/50"}],"wp:featuredmedia":[{"embeddable":true,"href":"https:\/\/highjumpchicago.org\/vi\/wp-json\/wp\/v2\/media\/205496"}],"wp:attachment":[{"href":"https:\/\/highjumpchicago.org\/vi\/wp-json\/wp\/v2\/media?parent=3546"}],"curies":[{"name":"wp","href":"https:\/\/api.w.org\/{rel}","templated":true}]}}