{"id":3775,"date":"2021-04-30T12:45:09","date_gmt":"2021-04-30T17:45:09","guid":{"rendered":"https:\/\/d46e648428.nxcli.io\/?page_id=3775"},"modified":"2025-10-14T16:51:39","modified_gmt":"2025-10-14T21:51:39","slug":"community-scholars","status":"publish","type":"page","link":"https:\/\/highjumpchicago.org\/vi\/our-programs\/community-scholars\/","title":{"rendered":"h\u1ecdc gi\u1ea3 c\u1ed9ng \u0111\u1ed3ng"},"content":{"rendered":"<nav  aria-label=\"v\u1ee5n b\u00e1nh m\u00ec\"><ol itemscope itemtype=\"https:\/\/schema.org\/BreadcrumbList\"><li itemprop=\"itemListElement\" itemscope itemtype=\"https:\/\/schema.org\/ListItem\"><a itemscope itemtype=\"https:\/\/schema.org\/WebPage\" itemprop=\"item\" itemid=\"https:\/\/highjumpchicago.org\" href=\"https:\/\/highjumpchicago.org\/vi\/\">Nh\u00e0<\/a><meta itemprop=\"position\" content=\"1\"\/><\/li><li itemprop=\"itemListElement\" itemscope itemtype=\"https:\/\/schema.org\/ListItem\"><a itemscope itemtype=\"https:\/\/schema.org\/WebPage\" itemprop=\"item\" itemid=\"https:\/\/highjumpchicago.org\/our-programs\/\" href=\"https:\/\/highjumpchicago.org\/vi\/our-programs\/\">ch\u01b0\u01a1ng tr\u00ecnh c\u1ee7a ch\u00fang t\u00f4i<\/a><meta itemprop=\"position\" content=\"2\"\/><\/li><li aria-current=\"page\" itemprop=\"itemListElement\" itemscope itemtype=\"https:\/\/schema.org\/ListItem\">h\u1ecdc gi\u1ea3 c\u1ed9ng \u0111\u1ed3ng<meta itemprop=\"position\" content=\"3\"\/><\/li><\/ol><\/nav>\n<h1>\n\t\t\tH\u1ecdc sinh-\u0110\u1ea7u ti\u00ean. Th\u1ef1c h\u00e0nh. D\u1ec5 ti\u1ebfp c\u1eadn h\u01a1n.\t<\/h1>\n\t<h3>High Jump Community Scholars l\u00e0 m\u1ed9t ch\u01b0\u01a1ng tr\u00ecnh mi\u1ec5n h\u1ecdc ph\u00ed v\u1edbi nh\u1eefng tr\u1ea3i nghi\u1ec7m c\u00f3 m\u1ed9t kh\u00f4ng hai, kh\u1ea3 n\u0103ng ti\u1ebfp c\u1eadn c\u00e1c ngu\u1ed3n l\u1ef1c v\u00e0 c\u01a1 h\u1ed9i gi\u00e1o d\u1ee5c.<\/h3>\n<p>H\u1ecdc sinh t\u00f2 m\u00f2 v\u1ec1 tr\u00ed tu\u1ec7 v\u00e0 c\u00f3 \u0111\u1ed9ng l\u1ef1c h\u1ecdc t\u1eadp, v\u00e0 c\u00e1c em t\u00ecm ki\u1ebfm tr\u1ea3i nghi\u1ec7m \u1edf tr\u01b0\u1eddng trung h\u1ecdc s\u1ebd th\u00e1ch th\u1ee9c c\u00e1c em v\u1ec1 m\u1eb7t x\u00e3 h\u1ed9i v\u00e0 h\u1ecdc thu\u1eadt. Ch\u01b0\u01a1ng tr\u00ecnh \u0111\u01b0\u1ee3c thi\u1ebft k\u1ebf \u0111\u1ec3 mang ch\u01b0\u01a1ng tr\u00ecnh \u0111\u1ebfn c\u00e1c tr\u01b0\u1eddng h\u1ecdc l\u00e2n c\u1eadn v\u00e0 ti\u1ebfp c\u1eadn nhi\u1ec1u h\u1ecdc sinh h\u01a1n tr\u00ean kh\u1eafp Chicago.<\/p>\n\t\t\t\t\t\t<h3>Ai c\u00f3 th\u1ec3 \u00e1p d\u1ee5ng?<\/h3>\n\t\t\t\t\t\t<ul><li><strong>T\u1ea5t c\u1ea3 h\u1ecdc sinh hi\u1ec7n \u0111ang h\u1ecdc l\u1edbp 6 \u0111ang theo h\u1ecdc t\u1ea1i m\u1ed9t trang web H\u1ecdc gi\u1ea3 C\u1ed9ng \u0111\u1ed3ng<\/strong><\/li><li>Sinh vi\u00ean <strong>c\u00f3 \u0111i\u1ec3m trung b\u00ecnh B tr\u1edf l\u00ean<\/strong><\/li><li>Nh\u1eefng, c\u00e1i \u0111\u00f3 <strong>nh\u1eefng ng\u01b0\u1eddi t\u00f2 m\u00f2 v\u1ec1 tr\u00ed tu\u1ec7 v\u00e0 c\u00f3 \u0111\u1ed9ng l\u1ef1c h\u1ecdc t\u1eadp<\/strong><\/li><li>H\u1ecdc sinh t\u00ecm ki\u1ebfm tr\u1ea3i nghi\u1ec7m \u1edf tr\u01b0\u1eddng trung h\u1ecdc s\u1ebd th\u00e1ch th\u1ee9c h\u1ecd v\u1ec1 m\u1eb7t x\u00e3 h\u1ed9i v\u00e0 h\u1ecdc t\u1eadp<\/li><li>Sinh vi\u00ean \u0111\u00e1p \u1ee9ng ng\u01b0\u1ee1ng thu nh\u1eadp b\u1eaft bu\u1ed9c<\/li><\/ul>\n\t\t\t\t\t\t<!-- CTA -->\n\t\t\t\t\t\t<h3>V\u1eadt li\u1ec7u v\u00e0 b\u1eefa \u0103n<\/h3>\n\t\t\t\t\t\t<p><strong>T\u1ea5t c\u1ea3 c\u00e1c t\u00e0i li\u1ec7u h\u1ecdc t\u1eadp cho ch\u01b0\u01a1ng tr\u00ecnh s\u1ebd \u0111\u01b0\u1ee3c cung c\u1ea5p.<\/strong> H\u1ecdc sinh c\u0169ng s\u1ebd nh\u1eadn \u0111\u01b0\u1ee3c <strong>\u0111\u1ed3 \u0103n nh\u1eb9 mi\u1ec5n ph\u00ed<\/strong> t\u1ea1i m\u1ed7i ng\u00e0y c\u1ee7a ch\u01b0\u01a1ng tr\u00ecnh h\u1ecd tham d\u1ef1.<\/p>\n\t\t\t\t\t\t<!-- CTA -->\n\t\t\t\t\t\t<h3>Tham gia Nh\u1ea3y cao \u1edf \u0111\u00e2u?<\/h3>\n\t\t\t\t\t\t<p>Community Scholars hi\u1ec7n \u0111\u01b0\u1ee3c l\u01b0u tr\u1eef t\u1ea1i:<\/p>\n<ul>\n<li><strong>Tr\u01b0\u1eddng ti\u1ec3u h\u1ecdc George B. Armstrong<\/strong>\u00a0<\/li>\n<li><strong>Tr\u01b0\u1eddng ti\u1ec3u h\u1ecdc m\u1ef9 thu\u1eadt Philip Rogers<\/strong><\/li>\n<\/ul>\n<p><strong>C\u00e1c h\u1ecdc gi\u1ea3 c\u1ed9ng \u0111\u1ed3ng tham d\u1ef1 ch\u01b0\u01a1ng tr\u00ecnh t\u1ea1i tr\u01b0\u1eddng c\u00f4ng l\u1eadp c\u1ee7a h\u1ecd. <\/strong>Ch\u01b0\u01a1ng tr\u00ecnh b\u1eaft \u0111\u1ea7u ngay sau khi tan h\u1ecdc v\u00e0 \u0111\u01b0\u1ee3c gi\u1ea3ng d\u1ea1y b\u1edfi c\u00e1c gi\u00e1o vi\u00ean t\u1eeb tr\u01b0\u1eddng c\u1ee7a h\u1ecd. Ch\u01b0\u01a1ng tr\u00ecnh b\u1eaft \u0111\u1ea7u ngay sau khi tan h\u1ecdc v\u00e0 \u0111\u01b0\u1ee3c gi\u1ea3ng d\u1ea1y b\u1edfi c\u00e1c gi\u00e1o vi\u00ean t\u1eeb tr\u01b0\u1eddng c\u1ee7a h\u1ecd.<\/p>\n\t\t\t\t\t\t<!-- CTA -->\n\t\t\t\t\t\t<h3>H\u1ed7 tr\u1ee3 tuy\u1ec3n ch\u1ecdn tr\u01b0\u1eddng trung h\u1ecdc<\/h3>\n\t\t\t\t\t\t<p>Khi h\u1ecdc l\u1edbp t\u00e1m, <strong>High Jump h\u1ed7 tr\u1ee3 h\u1ecdc sinh v\u00e0 gia \u0111\u00ecnh c\u1ee7a h\u1ecd v\u1edbi th\u00f4ng tin tuy\u1ec3n sinh trung h\u1ecdc, h\u1ed7 tr\u1ee3 t\u00e0i ch\u00ednh v\u00e0 h\u1ecdc b\u1ed5ng<\/strong> c\u00e1c em c\u1ea7n ph\u1ea3i chu\u1ea9n b\u1ecb cho b\u1eadc trung h\u1ecdc v\u00e0 cao h\u01a1n n\u1eefa.<\/p>\n\t\t\t\t\t\t<!-- CTA -->\n\t\t\t\t\t\t<h1>L\u00e0m th\u1ebf n\u00e0o \u0111\u1ec3 \u00e1p d\u1ee5ng?<\/h1>\n\t\t\t\t\t\t<p>Vi\u1ec7c tham gia hi\u1ec7n \u0111ang b\u1ecb h\u1ea1n ch\u1ebf v\u00e0 h\u1ecdc sinh s\u1ebd \u0111\u01b0\u1ee3c tr\u01b0\u1eddng \u0111\u1ec1 c\u1eed d\u1ef1a tr\u00ean c\u00e1c \u0111\u1ec1 xu\u1ea5t c\u1ee7a gi\u00e1o vi\u00ean, \u0111i\u1ec3m s\u1ed1, \u0111i\u1ec3m chuy\u00ean c\u1ea7n v\u00e0 \u0111i\u1ec3m ki\u1ec3m tra.<\/p>\n\t\t\t\t\t\t<!-- CTA -->","protected":false},"excerpt":{"rendered":"<p>Trang ch\u1ee7 Ch\u01b0\u01a1ng tr\u00ecnh H\u1ecdc gi\u1ea3 C\u1ed9ng \u0111\u1ed3ng H\u1ecdc gi\u1ea3 C\u1ed9ng \u0111\u1ed3ng H\u1ecdc gi\u1ea3 C\u1ed9ng \u0111\u1ed3ng Nh\u1ea3y Cao l\u00e0 m\u1ed9t ch\u01b0\u01a1ng tr\u00ecnh mi\u1ec5n h\u1ecdc ph\u00ed v\u1edbi nh\u1eefng tr\u1ea3i nghi\u1ec7m \u0111\u1ed9c \u0111\u00e1o, c\u01a1 h\u1ed9i ti\u1ebfp c\u1eadn t\u00e0i nguy\u00ean v\u00e0 c\u01a1 h\u1ed9i gi\u00e1o d\u1ee5c. H\u1ecdc sinh ham h\u1ecdc h\u1ecfi v\u00e0 c\u00f3 \u0111\u1ed9ng l\u1ef1c h\u1ecdc t\u1eadp, v\u00e0 c\u00e1c em t\u00ecm ki\u1ebfm m\u1ed9t tr\u1ea3i nghi\u1ec7m trung h\u1ecdc s\u1ebd th\u1eed th\u00e1ch c\u00e1c em v\u1ec1 m\u1eb7t x\u00e3 h\u1ed9i v\u00e0 h\u1ecdc thu\u1eadt. Ch\u01b0\u01a1ng tr\u00ecnh \u0111\u01b0\u1ee3c thi\u1ebft k\u1ebf \u0111\u1ec3 \u0111\u01b0a ch\u01b0\u01a1ng tr\u00ecnh h\u1ecdc \u0111\u1ebfn\u2026<\/p>","protected":false},"author":7,"featured_media":130274,"parent":52,"menu_order":0,"comment_status":"closed","ping_status":"closed","template":"","meta":{"_seopress_robots_primary_cat":"","_seopress_titles_title":"","_seopress_titles_desc":"","_seopress_robots_index":"","inline_featured_image":false,"footnotes":""},"class_list":["post-3775","page","type-page","status-publish","has-post-thumbnail","hentry"],"_links":{"self":[{"href":"https:\/\/highjumpchicago.org\/vi\/wp-json\/wp\/v2\/pages\/3775","targetHints":{"allow":["GET"]}}],"collection":[{"href":"https:\/\/highjumpchicago.org\/vi\/wp-json\/wp\/v2\/pages"}],"about":[{"href":"https:\/\/highjumpchicago.org\/vi\/wp-json\/wp\/v2\/types\/page"}],"author":[{"embeddable":true,"href":"https:\/\/highjumpchicago.org\/vi\/wp-json\/wp\/v2\/users\/7"}],"replies":[{"embeddable":true,"href":"https:\/\/highjumpchicago.org\/vi\/wp-json\/wp\/v2\/comments?post=3775"}],"version-history":[{"count":5,"href":"https:\/\/highjumpchicago.org\/vi\/wp-json\/wp\/v2\/pages\/3775\/revisions"}],"predecessor-version":[{"id":130276,"href":"https:\/\/highjumpchicago.org\/vi\/wp-json\/wp\/v2\/pages\/3775\/revisions\/130276"}],"up":[{"embeddable":true,"href":"https:\/\/highjumpchicago.org\/vi\/wp-json\/wp\/v2\/pages\/52"}],"wp:featuredmedia":[{"embeddable":true,"href":"https:\/\/highjumpchicago.org\/vi\/wp-json\/wp\/v2\/media\/130274"}],"wp:attachment":[{"href":"https:\/\/highjumpchicago.org\/vi\/wp-json\/wp\/v2\/media?parent=3775"}],"curies":[{"name":"wp","href":"https:\/\/api.w.org\/{rel}","templated":true}]}}